{"id":233,"date":"2015-03-04T12:01:00","date_gmt":"2015-03-04T17:01:00","guid":{"rendered":"http:\/\/www.myaquasense.com\/es\/?post_type=product&#038;p=233"},"modified":"2016-02-24T15:36:16","modified_gmt":"2016-02-24T20:36:16","slug":"asidero-de-cromo-estriado","status":"publish","type":"product","link":"http:\/\/www.myaquasense.com\/es\/productos\/asidero-de-cromo-estriado\/","title":{"rendered":"Asidero de Cromo Estriado"},"content":{"rendered":"<div id=\"attachment_448\" style=\"width: 160px\" class=\"wp-caption alignright\"><a href=\"\/en\/wp-content\/uploads\/2013\/06\/785-102-box.jpg\"><img loading=\"lazy\" decoding=\"async\" aria-describedby=\"caption-attachment-448\" src=\"\/en\/wp-content\/uploads\/2013\/06\/785-102-box-150x300.jpg\" alt=\"Asidero de Cromo Estriado, AquaSense\u00ae\" width=\"150\" height=\"300\" class=\"size-medium wp-image-448\" \/><\/a><p id=\"caption-attachment-448\" class=\"wp-caption-text\"><\/p>\n<div align=\"center\" style=\"line-height:normal;\">Asidero de Cromo Estriado, AquaSense\u00ae<\/div>\n<p><\/p><\/div>\n<h4>Haz que tu ba\u00f1o un lugar m\u00e1s seguro y vers\u00e1til a\u00f1adiendo barras de apoyo.<\/h4>\n<p>Asidero durable, de acero, con superficie de cromo estriado antiresbaladizo<\/p>\n<p>Distancia de la pared: 1\u00be\u00bb (4,4 cm.)<\/p>\n<ul>\n<li>Barra estriada para m\u00e1s seguridad<\/li>\n<li>Acabado de cromo inoxidable<\/li>\n<li>Completo con ferreter\u00eda de acero inoxidable<\/li>\n<li>Disponible en diferentes tama\u00f1os: 30,5 cm (12&#8243;), <\/ br><br \/>\n40,6 cm (16&#8243;), 45,7 cm (18&#8243;), 60,9 cm (24&#8243;), 81,3 cm (32&#8243;)<\/li>\n<\/ul>\n<div class=\"fusion-sep-clear\"><\/div><div class=\"fusion-separator fusion-full-width-sep sep-shadow\" style=\"background:radial-gradient(ellipse at 50% -50% , #e0dede 0px, rgba(255, 255, 255, 0) 80%) repeat scroll 0 0 rgba(0, 0, 0, 0);background:-webkit-radial-gradient(ellipse at 50% -50% , #e0dede 0px, rgba(255, 255, 255, 0) 80%) repeat scroll 0 0 rgba(0, 0, 0, 0);background:-moz-radial-gradient(ellipse at 50% -50% , #e0dede 0px, rgba(255, 255, 255, 0) 80%) repeat scroll 0 0 rgba(0, 0, 0, 0);background:-o-radial-gradient(ellipse at 50% -50% , #e0dede 0px, rgba(255, 255, 255, 0) 80%) repeat scroll 0 0 rgba(0, 0, 0, 0);margin-left: auto;margin-right: auto;margin-top:20px;margin-bottom:20px;\"><\/div>\n<h3>Garantia<\/h3>\n<p>Garant\u00eda limitada de 2 a\u00f1os<\/p>\n<div class=\"fusion-sep-clear\"><\/div><div class=\"fusion-separator fusion-full-width-sep sep-shadow\" style=\"background:radial-gradient(ellipse at 50% -50% , #e0dede 0px, rgba(255, 255, 255, 0) 80%) repeat scroll 0 0 rgba(0, 0, 0, 0);background:-webkit-radial-gradient(ellipse at 50% -50% , #e0dede 0px, rgba(255, 255, 255, 0) 80%) repeat scroll 0 0 rgba(0, 0, 0, 0);background:-moz-radial-gradient(ellipse at 50% -50% , #e0dede 0px, rgba(255, 255, 255, 0) 80%) repeat scroll 0 0 rgba(0, 0, 0, 0);background:-o-radial-gradient(ellipse at 50% -50% , #e0dede 0px, rgba(255, 255, 255, 0) 80%) repeat scroll 0 0 rgba(0, 0, 0, 0);margin-left: auto;margin-right: auto;margin-top:20px;margin-bottom:20px;\"><\/div>\n<h3>Datos del producto<\/h3>\n<p><strong>Asidero de Cromo Estriado, AquaSense\u00ae<\/strong><\/p>\n<p>Haz que tu ba\u00f1o un lugar m\u00e1s seguro y vers\u00e1til a\u00f1adiendo barras de apoyo<\/p>\n<p><strong>No. del art\u00edculo: 785-100, longitud: 30,5 cm (12&#8243;)<\/strong><br \/>\n<strong>No. del art\u00edculo: 785-102, longitud: 40,6 cm (16&#8243;)<\/strong><br \/>\n<strong>No. del art\u00edculo: 785-104, longitud: 45,7 cm (18&#8243;)<\/strong><br \/>\n<strong>No. del art\u00edculo: 785-106, longitud: 60,9 cm (24&#8243;)<\/strong><br \/>\n<strong>No. del art\u00edculo: 785-108, longitud: 81,3 cm (32&#8243;)<\/strong><\/p>\n<div class=\"fusion-sep-clear\"><\/div><div class=\"fusion-separator fusion-full-width-sep sep-shadow\" style=\"background:radial-gradient(ellipse at 50% -50% , #e0dede 0px, rgba(255, 255, 255, 0) 80%) repeat scroll 0 0 rgba(0, 0, 0, 0);background:-webkit-radial-gradient(ellipse at 50% -50% , #e0dede 0px, rgba(255, 255, 255, 0) 80%) repeat scroll 0 0 rgba(0, 0, 0, 0);background:-moz-radial-gradient(ellipse at 50% -50% , #e0dede 0px, rgba(255, 255, 255, 0) 80%) repeat scroll 0 0 rgba(0, 0, 0, 0);background:-o-radial-gradient(ellipse at 50% -50% , #e0dede 0px, rgba(255, 255, 255, 0) 80%) repeat scroll 0 0 rgba(0, 0, 0, 0);margin-left: auto;margin-right: auto;margin-top:20px;margin-bottom:20px;\"><\/div>\n<div id=\"attachment_447\" style=\"width: 690px\" class=\"wp-caption alignnone\"><a href=\"http:\/\/www.myaquasense.com\/en\/wp-content\/uploads\/2013\/06\/785-10x-in-bath.jpg\"><img loading=\"lazy\" decoding=\"async\" aria-describedby=\"caption-attachment-447\" src=\"http:\/\/www.myaquasense.com\/en\/wp-content\/uploads\/2013\/06\/785-10x-in-bath.jpg\" alt=\"Asidero de Cromo Estriado, AquaSense\u00ae\" width=\"680\" height=\"329\" class=\"size-full wp-image-447\" \/><\/a><p id=\"caption-attachment-447\" class=\"wp-caption-text\"><\/p>\n<div align=\"center\" style=\"line-height:normal;\">Asidero de Cromo Estriado, AquaSense\u00ae<\/div>\n<p><\/p><\/div>\n","protected":false},"excerpt":{"rendered":"<p>Haz que tu ba\u00f1o un lugar m\u00e1s seguro y vers\u00e1til a\u00f1adiendo barras de apoyo.<\/p>\n","protected":false},"featured_media":234,"comment_status":"open","ping_status":"closed","template":"","meta":[],"product_cat":[23],"product_tag":[],"class_list":{"0":"post-233","1":"product","2":"type-product","3":"status-publish","4":"has-post-thumbnail","6":"product_cat-agarraderas","8":"first","9":"instock","10":"shipping-taxable","11":"product-type-simple"},"_links":{"self":[{"href":"http:\/\/www.myaquasense.com\/es\/wp-json\/wp\/v2\/product\/233"}],"collection":[{"href":"http:\/\/www.myaquasense.com\/es\/wp-json\/wp\/v2\/product"}],"about":[{"href":"http:\/\/www.myaquasense.com\/es\/wp-json\/wp\/v2\/types\/product"}],"replies":[{"embeddable":true,"href":"http:\/\/www.myaquasense.com\/es\/wp-json\/wp\/v2\/comments?post=233"}],"wp:featuredmedia":[{"embeddable":true,"href":"http:\/\/www.myaquasense.com\/es\/wp-json\/wp\/v2\/media\/234"}],"wp:attachment":[{"href":"http:\/\/www.myaquasense.com\/es\/wp-json\/wp\/v2\/media?parent=233"}],"wp:term":[{"taxonomy":"product_cat","embeddable":true,"href":"http:\/\/www.myaquasense.com\/es\/wp-json\/wp\/v2\/product_cat?post=233"},{"taxonomy":"product_tag","embeddable":true,"href":"http:\/\/www.myaquasense.com\/es\/wp-json\/wp\/v2\/product_tag?post=233"}],"curies":[{"name":"wp","href":"https:\/\/api.w.org\/{rel}","templated":true}]}}