{"id":236,"date":"2015-03-04T12:12:13","date_gmt":"2015-03-04T17:12:13","guid":{"rendered":"http:\/\/www.myaquasense.com\/es\/?post_type=product&#038;p=236"},"modified":"2015-03-25T16:22:03","modified_gmt":"2015-03-25T16:22:03","slug":"asidero-ajustable-de-seguridad-para-bano-aquasense","status":"publish","type":"product","link":"http:\/\/www.myaquasense.com\/es\/productos\/asidero-ajustable-de-seguridad-para-bano-aquasense\/","title":{"rendered":"Asidero Ajustable de Seguridad para Ba\u00f1o, AquaSense\u00ae"},"content":{"rendered":"<div id=\"attachment_362\" style=\"width: 234px\" class=\"wp-caption alignright\"><a href=\"\/en\/wp-content\/uploads\/2013\/05\/785-340-box-rev2.jpg\"><img loading=\"lazy\" decoding=\"async\" aria-describedby=\"caption-attachment-362\" src=\"\/en\/wp-content\/uploads\/2013\/05\/785-340-box-rev2-224x300.jpg\" alt=\"Poign\u00e9e d\u2019appui multi-ajustable pour baignoire, par AquaSense\u00ae\" width=\"224\" height=\"300\" class=\"size-medium wp-image-362\" \/><\/a><p id=\"caption-attachment-362\" class=\"wp-caption-text\"><\/p>\n<div align=\"center\" style=\"line-height:normal;\">Asidero Ajustable de Seguridad para Ba\u00f1o, AquaSense\u00ae<\/div>\n<p><\/p><\/div>\n<h4>Proporciona la seguridad, la estabilidad y la comodidad en la entrada y en la salida de la ba\u00f1era.<\/h4>\n<p>Los asideros de seguridad para ba\u00f1o se sujetan  firmemente a la ba\u00f1era procurando una superficie segura donde agarrarse mientras se entra o sale del ba\u00f1o.<\/p>\n<ul>\n<li>Fabricado en acero inoxidable y aluminio resistente a la corrosi\u00f3n <\/li>\n<li>Se ajusta a paredes de ba\u00f1era de 3 a 7 pulgadas <\/li>\n<li>Almohadillas de goma, protectoras en todos los puntos de contacto con la ba\u00f1era <\/li>\n<li>Se instala sin herramientas <\/li>\n<li>Capacidad 300 lb. (136 Kg.) \u2022Patente pendiente <\/li>\n<li>Patente canadiense : 2622179 ;  <br \/>\n  chino : ZL200810086485.5 <\/li>\n<\/ul>\n<div class=\"fusion-sep-clear\"><\/div><div class=\"fusion-separator fusion-full-width-sep sep-shadow\" style=\"background:radial-gradient(ellipse at 50% -50% , #e0dede 0px, rgba(255, 255, 255, 0) 80%) repeat scroll 0 0 rgba(0, 0, 0, 0);background:-webkit-radial-gradient(ellipse at 50% -50% , #e0dede 0px, rgba(255, 255, 255, 0) 80%) repeat scroll 0 0 rgba(0, 0, 0, 0);background:-moz-radial-gradient(ellipse at 50% -50% , #e0dede 0px, rgba(255, 255, 255, 0) 80%) repeat scroll 0 0 rgba(0, 0, 0, 0);background:-o-radial-gradient(ellipse at 50% -50% , #e0dede 0px, rgba(255, 255, 255, 0) 80%) repeat scroll 0 0 rgba(0, 0, 0, 0);margin-left: auto;margin-right: auto;margin-top:20px;margin-bottom:20px;\"><\/div>\n<h3>Informaci\u00f3n del producto<\/h3>\n<p><strong>Asidero Ajustable de Seguridad para Ba\u00f1o, AquaSense\u00ae<\/strong><\/p>\n<p>Proporciona la seguridad, la estabilidad y la comodidad en la entrada y en la salida de la ba\u00f1era.<\/p>\n<p><strong>No. del art\u00edculo: 785-340<\/strong><\/p>\n<div class=\"fusion-sep-clear\"><\/div><div class=\"fusion-separator fusion-full-width-sep sep-shadow\" style=\"background:radial-gradient(ellipse at 50% -50% , #e0dede 0px, rgba(255, 255, 255, 0) 80%) repeat scroll 0 0 rgba(0, 0, 0, 0);background:-webkit-radial-gradient(ellipse at 50% -50% , #e0dede 0px, rgba(255, 255, 255, 0) 80%) repeat scroll 0 0 rgba(0, 0, 0, 0);background:-moz-radial-gradient(ellipse at 50% -50% , #e0dede 0px, rgba(255, 255, 255, 0) 80%) repeat scroll 0 0 rgba(0, 0, 0, 0);background:-o-radial-gradient(ellipse at 50% -50% , #e0dede 0px, rgba(255, 255, 255, 0) 80%) repeat scroll 0 0 rgba(0, 0, 0, 0);margin-left: auto;margin-right: auto;margin-top:20px;margin-bottom:20px;\"><\/div>\n<div id=\"attachment_369\" style=\"width: 690px\" class=\"wp-caption alignnone\"><a href=\"ht\/en\/wp-content\/uploads\/2013\/05\/785-340-LifeStyle-2.jpg\"><img loading=\"lazy\" decoding=\"async\" aria-describedby=\"caption-attachment-369\" src=\"\/en\/wp-content\/uploads\/2013\/05\/785-340-LifeStyle-2.jpg\" alt=\"Asidero Ajustable de Seguridad para Ba\u00f1o, AquaSense\u00ae\" width=\"680\" height=\"360\" class=\"size-full wp-image-369\" \/><\/a><p id=\"caption-attachment-369\" class=\"wp-caption-text\"><\/p>\n<div align=\"center\" style=\"line-height:normal;\">Asidero Ajustable de Seguridad para Ba\u00f1o, AquaSense\u00ae<\/div>\n<p><\/p><\/div>\n","protected":false},"excerpt":{"rendered":"<p>Proporciona la seguridad, la estabilidad y la comodidad en la entrada y en la salida de la ba\u00f1era.<\/p>\n","protected":false},"featured_media":237,"comment_status":"open","ping_status":"closed","template":"","meta":[],"product_cat":[24],"product_tag":[],"class_list":{"0":"post-236","1":"product","2":"type-product","3":"status-publish","4":"has-post-thumbnail","6":"product_cat-asideros","8":"first","9":"instock","10":"shipping-taxable","11":"product-type-simple"},"_links":{"self":[{"href":"http:\/\/www.myaquasense.com\/es\/wp-json\/wp\/v2\/product\/236"}],"collection":[{"href":"http:\/\/www.myaquasense.com\/es\/wp-json\/wp\/v2\/product"}],"about":[{"href":"http:\/\/www.myaquasense.com\/es\/wp-json\/wp\/v2\/types\/product"}],"replies":[{"embeddable":true,"href":"http:\/\/www.myaquasense.com\/es\/wp-json\/wp\/v2\/comments?post=236"}],"wp:featuredmedia":[{"embeddable":true,"href":"http:\/\/www.myaquasense.com\/es\/wp-json\/wp\/v2\/media\/237"}],"wp:attachment":[{"href":"http:\/\/www.myaquasense.com\/es\/wp-json\/wp\/v2\/media?parent=236"}],"wp:term":[{"taxonomy":"product_cat","embeddable":true,"href":"http:\/\/www.myaquasense.com\/es\/wp-json\/wp\/v2\/product_cat?post=236"},{"taxonomy":"product_tag","embeddable":true,"href":"http:\/\/www.myaquasense.com\/es\/wp-json\/wp\/v2\/product_tag?post=236"}],"curies":[{"name":"wp","href":"https:\/\/api.w.org\/{rel}","templated":true}]}}