{"id":110,"date":"2013-01-15T12:50:08","date_gmt":"2013-01-15T17:50:08","guid":{"rendered":"http:\/\/www.myaquasense.com\/fr\/?page_id=110"},"modified":"2015-02-27T15:36:57","modified_gmt":"2015-02-27T20:36:57","slug":"tapis-de-bain","status":"publish","type":"page","link":"http:\/\/www.myaquasense.com\/fr\/tapis-de-bain\/","title":{"rendered":"Tapis de bain"},"content":{"rendered":"<h3>Tapis de bain, par AquaSense\u00ae<\/h3>\n<p>Les tapis de bain AquaSense\u00ae procurent une base s\u00e9curitaire, stable et confortable lorsque vous \u00eates debout et peuvent vous \u00e9viter de glisser lorsque vous entrez ou sortez du bain ou de la douche.<\/p>\n<div class=\"fusion-one-half fusion-layout-column fusion-spacing-yes\" style=\"margin-top:0px;margin-bottom:20px;\"><div class=\"fusion-column-wrapper\">\n<div class=\"heading\" style=\"margin-bottom:0px;\">\n<h5><a href=\"\/fr\/produits\/tapis-de-bain-avec-zones-de-massages-par-aquasense\/\">Tapis de bain AquaSense\u00ae avec zones de massages<\/a><\/h5>\n<\/div>\n<p><div id=\"attachment_292\" style=\"width: 160px\" class=\"wp-caption alignleft\"><a href=\"\/fr\/produits\/tapis-de-bain-avec-zones-de-massages-par-aquasense\/\"><img loading=\"lazy\" decoding=\"async\" aria-describedby=\"caption-attachment-292\" src=\"\/en\/wp-content\/uploads\/2013\/05\/785-500-AquaSense-Bath-mat-150x150.jpg\" alt=\"Tapis de bain AquaSense\u00ae avec zones de massages\" width=\"150\" height=\"150\" class=\"size-thumbnail wp-image-292\" \/><\/a><p id=\"caption-attachment-292\" class=\"wp-caption-text\"><\/p>\n<div align=\"center\" style=\"line-height:normal;\">Tapis de bain AquaSense\u00ae avec zones de massages<\/div>\n<p><\/p><\/div><\/p>\n<p>Son design innovateur allie s\u00e9curit\u00e9 pour tous \u00e0 des zones de massages revigorants<br \/>\n<a href=\"\/fr\/produits\/tapis-de-bain-avec-zones-de-massages-par-aquasense\/\">Plus d&rsquo;info&#8230;<\/a><br \/>\n<div class=\"fusion-clearfix\"><\/div><\/div><\/div>\n<div class=\"fusion-one-half fusion-layout-column fusion-column-last fusion-spacing-yes\" style=\"margin-top:0px;margin-bottom:20px;\"><div class=\"fusion-column-wrapper\">\n<div class=\"heading\" style=\"margin-bottom:0px;\">\n<h5><a href=\"\/fr\/produits\/tapis-de-bain-avec-guide-de-temperature-par-aquasense\/\">Tapis de bain AquaSense\u00ae avec guide de temp\u00e9rature<\/a><\/h5>\n<\/div>\n<p><div id=\"attachment_298\" style=\"width: 160px\" class=\"wp-caption alignleft\"><a href=\"\/fr\/produits\/tapis-de-bain-avec-guide-de-temperature-par-aquasense\/\"><img loading=\"lazy\" decoding=\"async\" aria-describedby=\"caption-attachment-298\" src=\"\/en\/wp-content\/uploads\/2013\/05\/785-530_M_XL-150x150.jpg\" alt=\"Tapis de bain AquaSense\u00ae avec guide de temp\u00e9rature\" width=\"150\" height=\"150\" class=\"size-thumbnail wp-image-298\" \/><\/a><p id=\"caption-attachment-298\" class=\"wp-caption-text\"><\/p>\n<div align=\"center\" style=\"line-height:normal;\">Tapis de bain AquaSense\u00ae avec guide de temp\u00e9rature<\/div>\n<p><\/p><\/div><\/p>\n<p>Design innovateur combinant s\u00e9curit\u00e9 pour toute la famille avec un guide de temp\u00e9rature et plus encore\u2026<br \/>\n<a href=\"\/fr\/produits\/tapis-de-bain-avec-guide-de-temperature-par-aquasense\/\">Plus d&rsquo;info&#8230;<\/a><br \/>\n<div class=\"fusion-clearfix\"><\/div><\/div><\/div><div class=\"fusion-clearfix\"><\/div>\n<div class=\"fusion-one-half fusion-layout-column fusion-spacing-yes\" style=\"margin-top:0px;margin-bottom:20px;\"><div class=\"fusion-column-wrapper\">\n<div class=\"heading\" style=\"margin-bottom:0px;\">\n<h5><a href=\"\/fr\/produits\/tapis-de-bain-par-aquasense\/\">Tapis de bain AquaSense\u00ae<\/a><\/h5>\n<\/div>\n<p><div id=\"attachment_244\" style=\"width: 160px\" class=\"wp-caption alignleft\"><a href=\"\/fr\/produits\/tapis-de-bain-par-aquasense\/\"><img loading=\"lazy\" decoding=\"async\" aria-describedby=\"caption-attachment-244\" src=\"\/en\/wp-content\/uploads\/2013\/01\/785-410BathMat-680-150x150.jpg\" alt=\"Tapis de bain AquaSense\u00ae\" width=\"150\" height=\"150\" class=\"size-thumbnail wp-image-244\" \/><\/a><p id=\"caption-attachment-244\" class=\"wp-caption-text\"><\/p>\n<div align=\"center\" style=\"line-height:normal;\">Tapis de bain AquaSense\u00ae<\/div>\n<p><\/p><\/div><\/p>\n<p><em>91,4 cm x 36 cm <br \/>(36 po x 14 1\/2 po)<\/em><br \/>\nOffre une stabilit\u00e9 accrue, un meilleur contact avec la surface et une meilleure adh\u00e9rence pour plus de s\u00e9curit\u00e9<br \/>\n<a href=\"\/fr\/produits\/tapis-de-bain-par-aquasense\/\"><span>Plus d&rsquo;info&#8230;<\/a><br \/>\n<div class=\"fusion-clearfix\"><\/div><\/div><\/div>\n<div class=\"fusion-one-half fusion-layout-column fusion-column-last fusion-spacing-yes\" style=\"margin-top:0px;margin-bottom:20px;\"><div class=\"fusion-column-wrapper\">\n<div class=\"heading\" style=\"margin-bottom:0px;\">\n<h5><a href=\"\/fr\/produits\/tapis-de-bain-de-taille-standard-par-aquasense\/\">Tapis de bain AquaSense\u00ae \u2013 taille standard<\/a><\/h5>\n<\/div>\n<p><div id=\"attachment_236\" style=\"width: 160px\" class=\"wp-caption alignleft\"><a href=\"\/fr\/produits\/tapis-de-bain-de-taille-standard-par-aquasense\/\"><img loading=\"lazy\" decoding=\"async\" aria-describedby=\"caption-attachment-236\" src=\"\/en\/wp-content\/uploads\/2012\/12\/785-540SmallBathMat-680-150x150.jpg\" alt=\"Tapis de bain AquaSense\u00ae \u2013 taille standard\" width=\"150\" height=\"150\" class=\"size-thumbnail wp-image-236\" \/><\/a><p id=\"caption-attachment-236\" class=\"wp-caption-text\"><\/p>\n<div align=\"center\" style=\"line-height:normal;\">Tapis de bain AquaSense\u00ae \u2013 taille standard<\/div>\n<p><\/p><\/div><\/p>\n<p><em>80 cm x 40 cm <br \/>(31,5 po x 15,75 po)<\/em><br \/>\nCr\u00e9e une zone de s\u00e9curit\u00e9 confortable et antid\u00e9rapante pour toute la famille<br \/>\n<a href=\"\/fr\/produits\/tapis-de-bain-de-taille-standard-par-aquasense\/\">Plus d&rsquo;info&#8230;<\/a><br \/>\n<div class=\"fusion-clearfix\"><\/div><\/div><\/div><div class=\"fusion-clearfix\"><\/div>\n","protected":false},"excerpt":{"rendered":"<p>Tapis de bain, par AquaSense\u00ae Les tapis de bain AquaSense\u00ae procurent une base s\u00e9curitaire, stable et confortable lorsque vous \u00eates debout et peuvent vous \u00e9viter de glisser lorsque vous entrez ou sortez du bain ou de la douche.<\/p>\n","protected":false},"author":2,"featured_media":0,"parent":0,"menu_order":0,"comment_status":"open","ping_status":"open","template":"","meta":{"footnotes":""},"class_list":["post-110","page","type-page","status-publish","hentry"],"_links":{"self":[{"href":"http:\/\/www.myaquasense.com\/fr\/wp-json\/wp\/v2\/pages\/110"}],"collection":[{"href":"http:\/\/www.myaquasense.com\/fr\/wp-json\/wp\/v2\/pages"}],"about":[{"href":"http:\/\/www.myaquasense.com\/fr\/wp-json\/wp\/v2\/types\/page"}],"author":[{"embeddable":true,"href":"http:\/\/www.myaquasense.com\/fr\/wp-json\/wp\/v2\/users\/2"}],"replies":[{"embeddable":true,"href":"http:\/\/www.myaquasense.com\/fr\/wp-json\/wp\/v2\/comments?post=110"}],"version-history":[{"count":0,"href":"http:\/\/www.myaquasense.com\/fr\/wp-json\/wp\/v2\/pages\/110\/revisions"}],"wp:attachment":[{"href":"http:\/\/www.myaquasense.com\/fr\/wp-json\/wp\/v2\/media?parent=110"}],"curies":[{"name":"wp","href":"https:\/\/api.w.org\/{rel}","templated":true}]}}