{"id":159,"date":"2013-05-27T12:47:15","date_gmt":"2013-05-27T16:47:15","guid":{"rendered":"http:\/\/www.myaquasense.com\/fr\/?page_id=159"},"modified":"2015-02-27T15:41:42","modified_gmt":"2015-02-27T20:41:42","slug":"poignees-dappui-pour-baignoire","status":"publish","type":"page","link":"http:\/\/www.myaquasense.com\/fr\/poignees-dappui-pour-baignoire\/","title":{"rendered":"Poign\u00e9es d&rsquo;appui pour baignoire"},"content":{"rendered":"<h3>Poign\u00e9es d&rsquo;appui pour baignoire, par AquaSense\u00ae<\/h3>\n<p>Les poign\u00e9es d\u2019appui pour bain se fixent solidement aux parois du bain. Elles offrent, ainsi, un un point d\u2019appui sur lequel vous pouvez vous agripper lorsque vous entrez ou sortez du bain, ou lorsque vous en avez besoin pendant votre bain. Deux surfaces de contact ind\u00e9pendantes permettent aux poign\u00e9es d\u2019appui de s\u2019ajuster \u00e0 plusieurs types de baignoires.<\/p>\n<div class=\"fusion-one-half fusion-layout-column fusion-spacing-yes\" style=\"margin-top:0px;margin-bottom:20px;\"><div class=\"fusion-column-wrapper\">\n<div class=\"heading\" style=\"margin-bottom:0px;\">\n<h5><a href=\"\/fr\/produits\/poignee-dappui-multi-ajustable-pour-baignoire\/\">Poign\u00e9e d\u2019appui multi-ajustable pour baignoire, par AquaSense\u00ae<\/a><\/h5>\n<\/div>\n<p><div id=\"attachment_362\" style=\"width: 160px\" class=\"wp-caption alignleft\"><a href=\"\/fr\/produits\/poignee-dappui-multi-ajustable-pour-baignoire\/\"><img loading=\"lazy\" decoding=\"async\" aria-describedby=\"caption-attachment-362\" src=\"\/en\/wp-content\/uploads\/2013\/05\/785-340-box-rev2-150.jpg\" alt=\"Poign\u00e9e d\u2019appui multi-ajustable pour baignoire, par AquaSense\u00ae\" width=\"150\" height=\"150\" class=\"size-medium wp-image-362\" \/><\/a><p id=\"caption-attachment-362\" class=\"wp-caption-text\"><\/p>\n<div align=\"center\" style=\"line-height:normal;\">Poign\u00e9e d\u2019appui multi-ajustable pour baignoire, par AquaSense\u00ae<\/div>\n<p><\/p><\/div><\/p>\n<div class=\"espaceapres\"> <\/div>\n<p>Procure s\u00e9curit\u00e9, stabilit\u00e9 et confort \u00e0 l\u2019entr\u00e9e comme \u00e0 la sortie de la baignoire.<br \/>\n<a href=\"\/fr\/produits\/poignee-dappui-multi-ajustable-pour-baignoire\/\">Plus d&rsquo;info&#8230;<\/a><br \/>\n<div class=\"fusion-clearfix\"><\/div><\/div><\/div>\n<div class=\"fusion-one-half fusion-layout-column fusion-column-last fusion-spacing-yes\" style=\"margin-top:0px;margin-bottom:20px;\"><div class=\"fusion-column-wrapper\">\n<div class=\"heading\" style=\"margin-bottom:0px;\">\n<h5><a href=\"\/fr\/produits\/\/poignee-dappui-pour-baignoire-en-acier\/\">Poign\u00e9e d\u2019appui pour baignoire, en acier, par AquaSense\u00ae<\/a><\/h5>\n<\/div>\n<p><div id=\"attachment_354\" style=\"width: 160px\" class=\"wp-caption alignleft\"><a href=\"\/fr\/produits\/poignee-dappui-pour-baignoire-en-acier\/\"><img loading=\"lazy\" decoding=\"async\" aria-describedby=\"caption-attachment-354\" src=\"\/en\/wp-content\/uploads\/2013\/05\/785-350-Box-150.jpg\" alt=\"Poign\u00e9e d\u2019appui pour baignoire, en acier, par AquaSense\u00ae\" width=\"150\" height=\"150\" class=\"size-medium wp-image-354\" \/><\/a><p id=\"caption-attachment-354\" class=\"wp-caption-text\"><\/p>\n<div align=\"center\" style=\"line-height:normal;\">Poign\u00e9e d\u2019appui pour baignoire, en acier, par AquaSense\u00ae<\/div>\n<p><\/p><\/div><\/p>\n<p>En acier tr\u00e8s solide pour un soutien additionnel \u00e0 l\u2019entr\u00e9e et la sortie du bain<br \/>\n<a href=\"\/fr\/produits\/poignee-dappui-pour-baignoire-en-acier\/\">Plus d&rsquo;info&#8230;<\/a><br \/>\n<div class=\"fusion-clearfix\"><\/div><\/div><\/div><div class=\"fusion-clearfix\"><\/div>\n<div class=\"fusion-one-half fusion-layout-column fusion-spacing-yes\" style=\"margin-top:0px;margin-bottom:20px;\"><div class=\"fusion-column-wrapper\">\n<div class=\"heading\" style=\"margin-bottom:0px;\">\n<h5><a href=\"\/fr\/produits\/poignee-dappui-a-profil-eleve\/\">Poign\u00e9e d\u2019appui \u00e0 profil \u00e9lev\u00e9, par AquaSense\u00ae<\/a><\/h5>\n<\/div>\n<p><div id=\"attachment_244\" style=\"width: 160px\" class=\"wp-caption alignleft\"><a href=\"\/fr\/produits\/poignee-dappui-a-profil-eleve\/\"><img loading=\"lazy\" decoding=\"async\" aria-describedby=\"caption-attachment-244\" src=\"\/en\/wp-content\/uploads\/2013\/05\/785-370-box-150.jpg\" alt=\"Poign\u00e9e d\u2019appui \u00e0 profil \u00e9lev\u00e9, par AquaSense\u00ae\" width=\"150\" height=\"150\" class=\"size-thumbnail wp-image-244\" \/><\/a><p id=\"caption-attachment-244\" class=\"wp-caption-text\"><\/p>\n<div align=\"center\" style=\"line-height:normal;\">Poign\u00e9e d\u2019appui \u00e0 profil \u00e9lev\u00e9, par AquaSense\u00ae<\/div>\n<p><\/p><\/div><\/p>\n<p>Vous procure un soutien additionnel pour entrer et sortir du bain !<br \/>\n<a href=\"\/fr\/produits\/poignee-dappui-a-profil-eleve\/\">Plus d&rsquo;info&#8230;<\/a><br \/>\n<div class=\"fusion-clearfix\"><\/div><\/div><\/div>\n<div class=\"fusion-one-half fusion-layout-column fusion-column-last fusion-spacing-yes\" style=\"margin-top:0px;margin-bottom:20px;\"><div class=\"fusion-column-wrapper\">\n<div class=\"heading\" style=\"margin-bottom:0px;\">\n<h5><a href=\"\/fr\/produits\/poignee-dappui-a-profil-bas\/\">Poign\u00e9e d\u2019appui \u00e0 profil bas, par AquaSense\u00ae<\/a><\/h5>\n<\/div>\n<p><div id=\"attachment_244\" style=\"width: 160px\" class=\"wp-caption alignleft\"><a href=\"\/fr\/produits\/poignee-dappui-a-profil-bas\/\"><img loading=\"lazy\" decoding=\"async\" aria-describedby=\"caption-attachment-244\" src=\"\/en\/wp-content\/uploads\/2013\/05\/785-370-box-150.jpg\" alt=\"Poign\u00e9e d\u2019appui \u00e0 profil bas, par AquaSense\u00ae\" width=\"150\" height=\"150\" class=\"size-thumbnail wp-image-244\" \/><\/a><p id=\"caption-attachment-244\" class=\"wp-caption-text\"><\/p>\n<div align=\"center\" style=\"line-height:normal;\">Poign\u00e9e d\u2019appui \u00e0 profil bas, par AquaSense\u00ae<\/div>\n<p><\/p><\/div><\/p>\n<p>Vous donne un soutien additionnel pour entrer et sortir de votre bain !<br \/>\n<a href=\"\/fr\/produits\/poignee-dappui-a-profil-bas\/\">Plus d&rsquo;info&#8230;<\/a><br \/>\n<div class=\"fusion-clearfix\"><\/div><\/div><\/div><div class=\"fusion-clearfix\"><\/div>\n","protected":false},"excerpt":{"rendered":"<p>Poign\u00e9es d&rsquo;appui pour baignoire, par AquaSense\u00ae Les poign\u00e9es d\u2019appui pour bain se fixent solidement aux parois du bain. Elles offrent, ainsi, un un point d\u2019appui sur lequel vous pouvez vous agripper lorsque vous entrez ou sortez du bain, ou lorsque vous en avez besoin pendant votre bain. Deux surfaces de [&hellip;]<\/p>\n","protected":false},"author":2,"featured_media":0,"parent":0,"menu_order":0,"comment_status":"open","ping_status":"open","template":"","meta":{"footnotes":""},"class_list":["post-159","page","type-page","status-publish","hentry"],"_links":{"self":[{"href":"http:\/\/www.myaquasense.com\/fr\/wp-json\/wp\/v2\/pages\/159"}],"collection":[{"href":"http:\/\/www.myaquasense.com\/fr\/wp-json\/wp\/v2\/pages"}],"about":[{"href":"http:\/\/www.myaquasense.com\/fr\/wp-json\/wp\/v2\/types\/page"}],"author":[{"embeddable":true,"href":"http:\/\/www.myaquasense.com\/fr\/wp-json\/wp\/v2\/users\/2"}],"replies":[{"embeddable":true,"href":"http:\/\/www.myaquasense.com\/fr\/wp-json\/wp\/v2\/comments?post=159"}],"version-history":[{"count":0,"href":"http:\/\/www.myaquasense.com\/fr\/wp-json\/wp\/v2\/pages\/159\/revisions"}],"wp:attachment":[{"href":"http:\/\/www.myaquasense.com\/fr\/wp-json\/wp\/v2\/media?parent=159"}],"curies":[{"name":"wp","href":"https:\/\/api.w.org\/{rel}","templated":true}]}}