{"id":2,"date":"2012-09-28T19:13:33","date_gmt":"2012-09-28T19:13:33","guid":{"rendered":"http:\/\/www.myaquasense.com\/fr\/?page_id=2"},"modified":"2017-03-06T11:07:27","modified_gmt":"2017-03-06T11:07:27","slug":"pour-nous-joindre","status":"publish","type":"page","link":"http:\/\/www.myaquasense.com\/fr\/pour-nous-joindre\/","title":{"rendered":"Pour nous joindre"},"content":{"rendered":"<h1>Communiquez avec nous<\/h1>\n<h3>Support t\u00e9l\u00e9phonique en direct du lundi au vendredi: (866) 694-5085<\/h3>\n<p>Notre service \u00e0 la client\u00e8le est pr\u00eat \u00e0 r\u00e9pondre \u00e0 vos questions concernant tous les produits AquaSense.<\/p>\n<p>Vous pouvez \u00e9galement communiquer avec nous en utilisant le formulaire ci-dessous. Le temps de r\u00e9ponse est habituellement en-de\u00e7a de deux jours ouvrables.<\/p>\n<div class=\"fusion-sep-clear\"><\/div><div class=\"fusion-separator fusion-full-width-sep sep-shadow\" style=\"background:radial-gradient(ellipse at 50% -50% , #e0dede 0px, rgba(255, 255, 255, 0) 80%) repeat scroll 0 0 rgba(0, 0, 0, 0);background:-webkit-radial-gradient(ellipse at 50% -50% , #e0dede 0px, rgba(255, 255, 255, 0) 80%) repeat scroll 0 0 rgba(0, 0, 0, 0);background:-moz-radial-gradient(ellipse at 50% -50% , #e0dede 0px, rgba(255, 255, 255, 0) 80%) repeat scroll 0 0 rgba(0, 0, 0, 0);background:-o-radial-gradient(ellipse at 50% -50% , #e0dede 0px, rgba(255, 255, 255, 0) 80%) repeat scroll 0 0 rgba(0, 0, 0, 0);margin-left: auto;margin-right: auto;margin-top:20px;margin-bottom:20px;\"><\/div>\n\n<div class=\"wpcf7 no-js\" id=\"wpcf7-f393-o1\" lang=\"fr-FR\" dir=\"ltr\">\n<div class=\"screen-reader-response\"><p role=\"status\" aria-live=\"polite\" aria-atomic=\"true\"><\/p> <ul><\/ul><\/div>\n<form action=\"\/fr\/wp-json\/wp\/v2\/pages\/2#wpcf7-f393-o1\" method=\"post\" class=\"wpcf7-form init\" aria-label=\"Formulaire de contact\" novalidate=\"novalidate\" data-status=\"init\">\n<div style=\"display: none;\">\n<input type=\"hidden\" name=\"_wpcf7\" value=\"393\" \/>\n<input type=\"hidden\" name=\"_wpcf7_version\" value=\"5.9.8\" \/>\n<input type=\"hidden\" name=\"_wpcf7_locale\" value=\"fr_FR\" \/>\n<input type=\"hidden\" name=\"_wpcf7_unit_tag\" value=\"wpcf7-f393-o1\" \/>\n<input type=\"hidden\" name=\"_wpcf7_container_post\" value=\"0\" \/>\n<input type=\"hidden\" name=\"_wpcf7_posted_data_hash\" value=\"\" \/>\n<\/div>\n<p>Votre nom (obligatoire)\n<\/p>\n<p><span class=\"wpcf7-form-control-wrap\" data-name=\"your-name\"><input size=\"40\" maxlength=\"400\" class=\"wpcf7-form-control wpcf7-text wpcf7-validates-as-required\" aria-required=\"true\" aria-invalid=\"false\" value=\"\" type=\"text\" name=\"your-name\" \/><\/span>\n<\/p>\n<p>&nbsp;\n<\/p>\n<p>Votre email (obligatoire)\n<\/p>\n<p><span class=\"wpcf7-form-control-wrap\" data-name=\"your-email\"><input size=\"40\" maxlength=\"400\" class=\"wpcf7-form-control wpcf7-email wpcf7-validates-as-required wpcf7-text wpcf7-validates-as-email\" aria-required=\"true\" aria-invalid=\"false\" value=\"\" type=\"email\" name=\"your-email\" \/><\/span>\n<\/p>\n<p>&nbsp;\n<\/p>\n<p>Sujet (obligatoire)\n<\/p>\n<p><span class=\"wpcf7-form-control-wrap\" data-name=\"your-subject\"><input size=\"40\" maxlength=\"400\" class=\"wpcf7-form-control wpcf7-text wpcf7-validates-as-required\" aria-required=\"true\" aria-invalid=\"false\" value=\"\" type=\"text\" name=\"your-subject\" \/><\/span>\n<\/p>\n<p>&nbsp;\n<\/p>\n<p>Votre \u00e2ge (obligatoire)\n<\/p>\n<p><span class=\"wpcf7-form-control-wrap\" data-name=\"YourAge\"><input class=\"wpcf7-form-control wpcf7-number wpcf7-validates-as-required wpcf7-validates-as-number\" min=\"10\" max=\"120\" step=\"1\" aria-required=\"true\" aria-invalid=\"false\" value=\"\" type=\"number\" name=\"YourAge\" \/><\/span>\n<\/p>\n<p>&nbsp;\n<\/p>\n<p>Votre sexe (obligatoire)<br \/>\n<span class=\"wpcf7-form-control-wrap\" data-name=\"YourGender\"><span class=\"wpcf7-form-control wpcf7-checkbox wpcf7-validates-as-required\"><span class=\"wpcf7-list-item first\"><input type=\"checkbox\" name=\"YourGender[]\" value=\"M\" \/><span class=\"wpcf7-list-item-label\">M<\/span><\/span><span class=\"wpcf7-list-item last\"><input type=\"checkbox\" name=\"YourGender[]\" value=\"F\" \/><span class=\"wpcf7-list-item-label\">F<\/span><\/span><\/span><\/span>\n<\/p>\n<p>&nbsp;\n<\/p>\n<p>Votre message\n<\/p>\n<p><span class=\"wpcf7-form-control-wrap\" data-name=\"your-message\"><textarea cols=\"40\" rows=\"10\" maxlength=\"2000\" class=\"wpcf7-form-control wpcf7-textarea\" aria-invalid=\"false\" name=\"your-message\"><\/textarea><\/span>\n<\/p>\n<p>&nbsp;\n<\/p>\n<p><input class=\"wpcf7-form-control wpcf7-submit has-spinner\" type=\"submit\" value=\"Soumettre\" \/>\n<\/p><div class=\"wpcf7-response-output\" aria-hidden=\"true\"><\/div>\n<\/form>\n<\/div>\n\n","protected":false},"excerpt":{"rendered":"<p>Communiquez avec nous Support t\u00e9l\u00e9phonique en direct du lundi au vendredi: (866) 694-5085 Notre service \u00e0 la client\u00e8le est pr\u00eat \u00e0 r\u00e9pondre \u00e0 vos questions concernant tous les produits AquaSense. Vous pouvez \u00e9galement communiquer avec nous en utilisant le formulaire ci-dessous. Le temps de r\u00e9ponse est habituellement en-de\u00e7a de deux [&hellip;]<\/p>\n","protected":false},"author":2,"featured_media":0,"parent":0,"menu_order":1,"comment_status":"open","ping_status":"open","template":"","meta":{"footnotes":""},"class_list":["post-2","page","type-page","status-publish","hentry"],"_links":{"self":[{"href":"http:\/\/www.myaquasense.com\/fr\/wp-json\/wp\/v2\/pages\/2"}],"collection":[{"href":"http:\/\/www.myaquasense.com\/fr\/wp-json\/wp\/v2\/pages"}],"about":[{"href":"http:\/\/www.myaquasense.com\/fr\/wp-json\/wp\/v2\/types\/page"}],"author":[{"embeddable":true,"href":"http:\/\/www.myaquasense.com\/fr\/wp-json\/wp\/v2\/users\/2"}],"replies":[{"embeddable":true,"href":"http:\/\/www.myaquasense.com\/fr\/wp-json\/wp\/v2\/comments?post=2"}],"version-history":[{"count":4,"href":"http:\/\/www.myaquasense.com\/fr\/wp-json\/wp\/v2\/pages\/2\/revisions"}],"predecessor-version":[{"id":644,"href":"http:\/\/www.myaquasense.com\/fr\/wp-json\/wp\/v2\/pages\/2\/revisions\/644"}],"wp:attachment":[{"href":"http:\/\/www.myaquasense.com\/fr\/wp-json\/wp\/v2\/media?parent=2"}],"curies":[{"name":"wp","href":"https:\/\/api.w.org\/{rel}","templated":true}]}}