{"id":206,"date":"2013-05-29T15:24:16","date_gmt":"2013-05-29T19:24:16","guid":{"rendered":"http:\/\/www.myaquasense.com\/fr\/?page_id=206"},"modified":"2015-02-27T15:59:25","modified_gmt":"2015-02-27T20:59:25","slug":"bancs-et-sieges-pour-la-baignoire","status":"publish","type":"page","link":"http:\/\/www.myaquasense.com\/fr\/bancs-et-sieges-pour-la-baignoire\/","title":{"rendered":"Bancs et si\u00e8ges pour la baignoire"},"content":{"rendered":"<h3>Bancs et si\u00e8ges pour la baignoire, par AquaSense\u00ae<\/h3>\n<p>Les si\u00e8ges, les bancs et les planches de bain vous permettent de vous asseoir tout en prenant un bain ou une douche. Ils sont con\u00e7us pour vous aider \u00e0 utiliser votre salle de bains en toute s\u00e9curit\u00e9.<\/p>\n<p>Les si\u00e8ges de bain sont habituellement munis de petits trous de drainage qui permettent \u00e0 l\u2019eau de s\u2019\u00e9couler correctement tout en vous offrant une surface stable.<\/p>\n<div class=\"fusion-one-half fusion-layout-column fusion-spacing-yes\" style=\"margin-top:0px;margin-bottom:20px;\"><div class=\"fusion-column-wrapper\">\n<div class=\"heading\" style=\"margin-bottom:0px;\">\n<h5><a href=\"\/fr\/produits\/siege-de-transfert-pour-baignoire-par-aquasense\/\">Si\u00e8ge de transfert pour baignoire, par AquaSense\u00ae<\/a><\/h5>\n<\/div>\n<p><div id=\"attachment_255\" style=\"width: 160px\" class=\"wp-caption alignleft\"><a href=\"\/fr\/produits\/siege-de-transfert-pour-baignoire-par-aquasense\/\"><img loading=\"lazy\" decoding=\"async\" aria-describedby=\"caption-attachment-255\" src=\"\/en\/wp-content\/uploads\/2013\/05\/770-406-over-the-bath-150.jpg\" alt=\"Si\u00e8ge de transfert pour baignoire, par AquaSense\u00ae\" width=\"150\" height=\"150\" class=\"size-thumbnail wp-image-255\" \/><\/a><p id=\"caption-attachment-255\" class=\"wp-caption-text\"><\/p>\n<div align=\"center\" style=\"line-height:normal;\">Si\u00e8ge de transfert pour baignoire, par AquaSense\u00ae<\/div>\n<p><\/p><\/div><\/p>\n<p>Glissez sans effort par-dessus la paroi du bain avec votre si\u00e8ge de transfert ajustable, par AquaSense\u00ae.<br \/>\n<a href=\"\/fr\/produits\/siege-de-transfert-ajustable-pour-baignoire\/\">Plus d&rsquo;info&#8230;<\/a><br \/>\n<div class=\"fusion-clearfix\"><\/div><\/div><\/div>\n<div class=\"fusion-one-half fusion-layout-column fusion-column-last fusion-spacing-yes\" style=\"margin-top:0px;margin-bottom:20px;\"><div class=\"fusion-column-wrapper\">\n<div class=\"heading\" style=\"margin-bottom:0px;\">\n<h5><a href=\"\/fr\/produits\/siege-de-bain-pliable\/\">Si\u00e8ge de bain pliable, par AquaSense\u00ae<\/a><\/h5>\n<\/div>\n<p><div id=\"attachment_255\" style=\"width: 160px\" class=\"wp-caption alignleft\"><a href=\"\/fr\/produits\/siege-de-bain-pliable\/\"><img loading=\"lazy\" decoding=\"async\" aria-describedby=\"caption-attachment-255\" src=\"\/en\/wp-content\/uploads\/2013\/05\/Products770-525-150.jpg\" alt=\"Si\u00e8ge de bain pliable, par AquaSense\u00ae\" width=\"150\" height=\"150\" class=\"size-thumbnail wp-image-255\" \/><\/a><p id=\"caption-attachment-255\" class=\"wp-caption-text\"><\/p>\n<div align=\"center\" style=\"line-height:normal;\">Si\u00e8ge de bain pliable, par AquaSense\u00ae<\/div>\n<p><\/p><\/div><\/p>\n<p>Ce banc de bain prend peu de place lorsque pli\u00e9 et est facile \u00e0 ranger. Il procure un soutien pratique aux personnes qui ont besoin de s\u2019asseoir en prenant un bain ou une douche<br \/>\n<a href=\"\/fr\/produits\/siege-de-bain-pliable\/\">Plus d&rsquo;info&#8230;<\/a><br \/>\n<div class=\"fusion-clearfix\"><\/div><\/div><\/div><div class=\"fusion-clearfix\"><\/div>\n<div class=\"fusion-one-half fusion-layout-column fusion-spacing-yes\" style=\"margin-top:0px;margin-bottom:20px;\"><div class=\"fusion-column-wrapper\">\n<div class=\"heading\" style=\"margin-bottom:0px;\">\n<h5><a href=\"\/fr\/produits\/sieges-de-baignoire-ajustables-avec-dossier\/\">Si\u00e8ges de baignoire ajustables, avec dossier, par AquaSense\u00ae<\/a><\/h5>\n<\/div>\n<p><div id=\"attachment_255\" style=\"width: 160px\" class=\"wp-caption alignleft\"><a href=\"\/fr\/produits\/sieges-de-baignoire-ajustables-avec-dossier\/\"><img loading=\"lazy\" decoding=\"async\" aria-describedby=\"caption-attachment-255\" src=\"\/en\/wp-content\/uploads\/2013\/05\/770-510-150.jpg\" alt=\"Si\u00e8ges de baignoire ajustables, avec dossier, par AquaSense\u00ae\" width=\"150\" height=\"150\" class=\"size-thumbnail wp-image-255\" \/><\/a><p id=\"caption-attachment-255\" class=\"wp-caption-text\"><\/p>\n<div align=\"center\" style=\"line-height:normal;\">Si\u00e8ges de baignoire ajustables, avec dossier, par AquaSense\u00ae<\/div>\n<p><\/p><\/div><\/p>\n<p>Offre confort et s\u00e9curit\u00e9 lors de la douche ou du bain.<br \/>\n<a href=\"\/fr\/produits\/sieges-de-baignoire-ajustables-avec-dossier\/\">Plus d&rsquo;info&#8230;<\/a><br \/>\n<div class=\"fusion-clearfix\"><\/div><\/div><\/div>\n<div class=\"fusion-one-half fusion-layout-column fusion-column-last fusion-spacing-yes\" style=\"margin-top:0px;margin-bottom:20px;\"><div class=\"fusion-column-wrapper\">\n<div class=\"heading\" style=\"margin-bottom:0px;\">\n<h5><a href=\"\/fr\/produits\/sieges-de-bain-ergonomiques-avec-dossier\/\">Si\u00e8ges de bain ergonomiques avec dossier, par AquaSense\u00ae<\/a><\/h5>\n<\/div>\n<p><div id=\"attachment_255\" style=\"width: 160px\" class=\"wp-caption alignleft\"><a href=\"\/fr\/produits\/sieges-de-bain-ergonomiques-avec-dossier\/\"><img loading=\"lazy\" decoding=\"async\" aria-describedby=\"caption-attachment-255\" src=\"\/en\/wp-content\/uploads\/2013\/05\/770-537-150.jpg\" alt=\"Si\u00e8ges de bain ergonomiques avec dossier, par AquaSense\u00ae\" width=\"150\" height=\"150\" class=\"size-thumbnail wp-image-255\" \/><\/a><p id=\"caption-attachment-255\" class=\"wp-caption-text\"><\/p>\n<div align=\"center\" style=\"line-height:normal;\">Si\u00e8ges de bain ergonomiques avec dossier, par AquaSense\u00ae<\/div>\n<p><\/p><\/div><\/p>\n<p>Profitez de votre bain ou de votre douche bien assis sur votre Si\u00e8ge de bain ergonomique AquaSense\u00ae, aux formes enveloppantes plus confortables !<br \/>\n<a href=\"\/fr\/produits\/sieges-de-bain-ergonomiques-avec-dossier\/\">Plus d&rsquo;info&#8230;<\/a><br \/>\n<div class=\"fusion-clearfix\"><\/div><\/div><\/div><div class=\"fusion-clearfix\"><\/div>\n<div class=\"fusion-one-half fusion-layout-column fusion-spacing-yes\" style=\"margin-top:0px;margin-bottom:20px;\"><div class=\"fusion-column-wrapper\">\n<div class=\"heading\" style=\"margin-bottom:0px;\">\n<h5><a href=\"\/fr\/produits\/sieges-de-baignoire-ajustables-sans-dossier-par-aquasense\/\">Si\u00e8ges de baignoire ajustables, sans dossier, par AquaSense\u00ae<\/a><\/h5>\n<\/div>\n<p><div id=\"attachment_255\" style=\"width: 160px\" class=\"wp-caption alignleft\"><a href=\"\/fr\/produits\/sieges-de-baignoire-ajustables-sans-dossier-par-aquasense\/\"><img loading=\"lazy\" decoding=\"async\" aria-describedby=\"caption-attachment-255\" src=\"\/en\/wp-content\/uploads\/2013\/05\/770-500-150.jpg\" alt=\"Si\u00e8ges de baignoire ajustables, sans dossier, par AquaSense\u00ae\" width=\"150\" height=\"150\" class=\"size-thumbnail wp-image-255\" \/><\/a><p id=\"caption-attachment-255\" class=\"wp-caption-text\"><\/p>\n<div align=\"center\" style=\"line-height:normal;\">Si\u00e8ges de baignoire ajustables, sans dossier, par AquaSense\u00ae<\/div>\n<p><\/p><\/div><\/p>\n<p>Con\u00e7us pour offrir un soutien et un confort accrus lors du bain ou de la douche.<br \/>\n<a href=\"\/fr\/produits\/sieges-de-baignoire-ajustables-sans-dossier-par-aquasense\/\">Plus d&rsquo;info&#8230;<\/a><br \/>\n<div class=\"fusion-clearfix\"><\/div><\/div><\/div>\n<div class=\"fusion-one-half fusion-layout-column fusion-column-last fusion-spacing-yes\" style=\"margin-top:0px;margin-bottom:20px;\"><div class=\"fusion-column-wrapper\">\n<div class=\"heading\" style=\"margin-bottom:0px;\">\n<h5><a href=\"\/fr\/produits\/sieges-de-bain-ergonomiques-sans-dossier\/\">Si\u00e8ges de bain ergonomiques, sans dossier, par AquaSense\u00ae<\/a><\/h5>\n<\/div>\n<p><div id=\"attachment_255\" style=\"width: 160px\" class=\"wp-caption alignleft\"><a href=\"\/fr\/produits\/sieges-de-bain-ergonomiques-sans-dossier\/\"><img loading=\"lazy\" decoding=\"async\" aria-describedby=\"caption-attachment-255\" src=\"\/en\/wp-content\/uploads\/2013\/05\/770-535-150.jpg\" alt=\"Si\u00e8ges de bain ergonomiques, sans dossier, par AquaSense\u00ae\" width=\"150\" height=\"150\" class=\"size-thumbnail wp-image-255\" \/><\/a><p id=\"caption-attachment-255\" class=\"wp-caption-text\"><\/p>\n<div align=\"center\" style=\"line-height:normal;\">Si\u00e8ges de bain ergonomiques, sans dossier, par AquaSense\u00ae<\/div>\n<p><\/p><\/div><\/p>\n<p>Profitez de votre bain ou de votre douche bien assis sur votre Si\u00e8ge de bain ergonomique, sans dossier, par AquaSense\u00ae, aux formes enveloppantes plus confortables !<br \/>\n<a href=\"\/fr\/produits\/sieges-de-bain-ergonomiques-sans-dossier\/\">Plus d&rsquo;info&#8230;<\/a><br \/>\n<div class=\"fusion-clearfix\"><\/div><\/div><\/div><div class=\"fusion-clearfix\"><\/div>\n<div class=\"fusion-one-half fusion-layout-column fusion-spacing-yes\" style=\"margin-top:0px;margin-bottom:20px;\"><div class=\"fusion-column-wrapper\">\n<div class=\"heading\" style=\"margin-bottom:0px;\">\n<h5><a href=\"\/fr\/produits\/planche-de-bain\/\">Planche de bain avec poign\u00e9e, par AquaSense\u00ae<\/a><\/h5>\n<\/div>\n<p><div id=\"attachment_255\" style=\"width: 160px\" class=\"wp-caption alignleft\"><a href=\"\/fr\/produits\/planche-de-bain\/\"><img loading=\"lazy\" decoding=\"async\" aria-describedby=\"caption-attachment-255\" src=\"\/en\/wp-content\/uploads\/2013\/05\/770-420b.jpg\" alt=\"Planche de bain, par AquaSense\u00ae\" width=\"150\" height=\"150\" class=\"size-thumbnail wp-image-255\" \/><\/a><p id=\"caption-attachment-255\" class=\"wp-caption-text\"><\/p>\n<div align=\"center\" style=\"line-height:normal;\">Planche de bain, par AquaSense\u00ae<\/div>\n<p><\/p><\/div><\/p>\n<p>Fournit un appui solide de telle sorte qu\u2019on peut entrer dans le bain en utilisant la planche de bain pour s\u2019aider.<br \/>\n<a href=\"\/fr\/produits\/planche-de-bain\/\">Plus d&rsquo;info&#8230;<\/a><br \/>\n<div class=\"fusion-clearfix\"><\/div><\/div><\/div>\n<div class=\"fusion-one-half fusion-layout-column fusion-column-last fusion-spacing-yes\" style=\"margin-top:0px;margin-bottom:20px;\"><div class=\"fusion-column-wrapper\">\n<div class=\"heading\" style=\"margin-bottom:0px;\">\n<h5><a href=\"\/fr\/produits\/tabouret-pour-le-bain-et-pour-la-douche\/\">Tabouret pour le bain et pour la douche, par AquaSense\u00ae<\/a><\/h5>\n<\/div>\n<p><div id=\"attachment_255\" style=\"width: 160px\" class=\"wp-caption alignleft\"><a href=\"\/fr\/produits\/tabouret-pour-le-bain-et-pour-la-douche\/\"><img loading=\"lazy\" decoding=\"async\" aria-describedby=\"caption-attachment-255\" src=\"\/en\/wp-content\/uploads\/2013\/05\/Products770-514-150.jpg\" alt=\"Tabouret pour le bain et pour la douche, par AquaSense\u00ae\" width=\"150\" height=\"150\" class=\"size-thumbnail wp-image-255\" \/><\/a><p id=\"caption-attachment-255\" class=\"wp-caption-text\"><\/p>\n<div align=\"center\" style=\"line-height:normal;\">Tabouret pour le bain et pour la douche, par AquaSense\u00ae<\/div>\n<p><\/p><\/div><\/p>\n<p>Si rester debout pendant une p\u00e9riode prolong\u00e9e vous est difficile, un tabouret pour le bain est la solution id\u00e9ale pour vous offrir la s\u00e9curit\u00e9 et le confort, tant dans la douche que dans le bain.<br \/>\n<a href=\"\/fr\/produits\/tabouret-pour-le-bain-et-pour-la-douche\/\">Plus d&rsquo;info&#8230;<\/a><br \/>\n<div class=\"fusion-clearfix\"><\/div><\/div><\/div><div class=\"fusion-clearfix\"><\/div>\n","protected":false},"excerpt":{"rendered":"<p>Bancs et si\u00e8ges pour la baignoire, par AquaSense\u00ae Les si\u00e8ges, les bancs et les planches de bain vous permettent de vous asseoir tout en prenant un bain ou une douche. Ils sont con\u00e7us pour vous aider \u00e0 utiliser votre salle de bains en toute s\u00e9curit\u00e9. Les si\u00e8ges de bain sont [&hellip;]<\/p>\n","protected":false},"author":2,"featured_media":0,"parent":0,"menu_order":0,"comment_status":"open","ping_status":"open","template":"","meta":{"footnotes":""},"class_list":["post-206","page","type-page","status-publish","hentry"],"_links":{"self":[{"href":"http:\/\/www.myaquasense.com\/fr\/wp-json\/wp\/v2\/pages\/206"}],"collection":[{"href":"http:\/\/www.myaquasense.com\/fr\/wp-json\/wp\/v2\/pages"}],"about":[{"href":"http:\/\/www.myaquasense.com\/fr\/wp-json\/wp\/v2\/types\/page"}],"author":[{"embeddable":true,"href":"http:\/\/www.myaquasense.com\/fr\/wp-json\/wp\/v2\/users\/2"}],"replies":[{"embeddable":true,"href":"http:\/\/www.myaquasense.com\/fr\/wp-json\/wp\/v2\/comments?post=206"}],"version-history":[{"count":0,"href":"http:\/\/www.myaquasense.com\/fr\/wp-json\/wp\/v2\/pages\/206\/revisions"}],"wp:attachment":[{"href":"http:\/\/www.myaquasense.com\/fr\/wp-json\/wp\/v2\/media?parent=206"}],"curies":[{"name":"wp","href":"https:\/\/api.w.org\/{rel}","templated":true}]}}