{"id":265,"date":"2013-06-13T16:22:33","date_gmt":"2013-06-13T20:22:33","guid":{"rendered":"http:\/\/www.myaquasense.com\/fr\/?page_id=265"},"modified":"2015-02-27T16:09:03","modified_gmt":"2015-02-27T21:09:03","slug":"barres-dappui","status":"publish","type":"page","link":"http:\/\/www.myaquasense.com\/fr\/barres-dappui\/","title":{"rendered":"Barres d&rsquo;appui"},"content":{"rendered":"<h3>Barres d&rsquo;appui pour la salle de bains, par AquaSense\u00ae<\/h3>\n<p>Les barres d&rsquo;appui se fixent au mur et procurent un support suppl\u00e9mentaire \u00e0 l\u2019endroit voulu, ou un point d\u2019appui d\u2019urgence pour pr\u00e9venir une chute lorsque vous entrez ou sortez du bain ou de la douche.<\/p>\n<p>Elles fournissent un support accru en rendant l\u2019entr\u00e9e ou la sortie du bain, de la douche ou du si\u00e8ge de toilette plus facile, plus s\u00e9curitaire et plus confortable.<\/p>\n<div class=\"fusion-one-half fusion-layout-column fusion-spacing-yes\" style=\"margin-top:0px;margin-bottom:20px;\"><div class=\"fusion-column-wrapper\">\n<div class=\"heading\" style=\"margin-bottom:0px;\">\n<h5><a href=\"\/fr\/produits\/barres-dappui-striee-chromee\/\">Barres d\u2019appui stri\u00e9e chrom\u00e9e, par AquaSense\u00ae<\/a><\/h5>\n<\/div>\n<p><div id=\"attachment_255\" style=\"width: 160px\" class=\"wp-caption alignleft\"><a href=\"\/fr\/produits\/barres-dappui-striee-chromee\/\"><img loading=\"lazy\" decoding=\"async\" aria-describedby=\"caption-attachment-255\" src=\"\/en\/wp-content\/uploads\/2013\/05\/785-100-150.jpg\" alt=\"Barres d\u2019appui stri\u00e9e chrom\u00e9e, par AquaSense\u00ae\" width=\"150\" height=\"150\" class=\"size-thumbnail wp-image-255\" \/><\/a><p id=\"caption-attachment-255\" class=\"wp-caption-text\"><\/p>\n<div align=\"center\" style=\"line-height:normal;\">Barres d\u2019appui stri\u00e9e chrom\u00e9e, par AquaSense\u00ae<\/div>\n<p><\/p><\/div><\/p>\n<p>Faites de votre salle de bains un endroit plus s\u00e9curitaire et plus polyvalent en y ajoutant des barres d\u2019appui stri\u00e9es chrom\u00e9es.<br \/>\n<a href=\"\/fr\/produits\/barres-dappui-striee-chromee\/\">Plus d&rsquo;info&#8230;<\/a><br \/>\n<div class=\"fusion-clearfix\"><\/div><\/div><\/div>\n<div class=\"fusion-one-half fusion-layout-column fusion-column-last fusion-spacing-yes\" style=\"margin-top:0px;margin-bottom:20px;\"><div class=\"fusion-column-wrapper\">\n<div class=\"heading\" style=\"margin-bottom:0px;\">\n<h5><a href=\"\/fr\/produits\/barres-dappui-striees-chromees-avec-brides-pivotantes\/\">Barres d\u2019appui stri\u00e9e chrom\u00e9e avec brides pivotantes, par AquaSense\u00ae<\/a><\/h5>\n<\/div>\n<p><div id=\"attachment_255\" style=\"width: 160px\" class=\"wp-caption alignleft\"><a href=\"\/fr\/produits\/barres-dappui-striees-chromees-avec-brides-pivotantes\/\"><img loading=\"lazy\" decoding=\"async\" aria-describedby=\"caption-attachment-255\" src=\"\/en\/wp-content\/uploads\/2013\/05\/785-130-150.jpg\" alt=\"Barres d\u2019appui stri\u00e9e chrom\u00e9e avec brides pivotantes, par AquaSense\u00ae\" width=\"150\" height=\"150\" class=\"size-thumbnail wp-image-255\" \/><\/a><p id=\"caption-attachment-255\" class=\"wp-caption-text\"><\/p>\n<div align=\"center\" style=\"line-height:normal;\">Barres d\u2019appui stri\u00e9e chrom\u00e9e avec brides pivotantes, par AquaSense\u00ae<\/div>\n<p><\/p><\/div><\/p>\n<p>Surface stri\u00e9e antid\u00e9rapante en chrome pour une meilleur prise sur la barre d\u2019appui et brides pivotantes qui facilitent l\u2019installation.<br \/>\n<a href=\"\/fr\/produits\/barres-dappui-striees-chromees-avec-brides-pivotantes\/\">Plus d&rsquo;info&#8230;<\/a><br \/>\n<div class=\"fusion-clearfix\"><\/div><\/div><\/div><div class=\"fusion-clearfix\"><\/div>\n","protected":false},"excerpt":{"rendered":"<p>Barres d&rsquo;appui pour la salle de bains, par AquaSense\u00ae Les barres d&rsquo;appui se fixent au mur et procurent un support suppl\u00e9mentaire \u00e0 l\u2019endroit voulu, ou un point d\u2019appui d\u2019urgence pour pr\u00e9venir une chute lorsque vous entrez ou sortez du bain ou de la douche. Elles fournissent un support accru en [&hellip;]<\/p>\n","protected":false},"author":2,"featured_media":0,"parent":0,"menu_order":0,"comment_status":"open","ping_status":"open","template":"","meta":{"footnotes":""},"class_list":["post-265","page","type-page","status-publish","hentry"],"_links":{"self":[{"href":"http:\/\/www.myaquasense.com\/fr\/wp-json\/wp\/v2\/pages\/265"}],"collection":[{"href":"http:\/\/www.myaquasense.com\/fr\/wp-json\/wp\/v2\/pages"}],"about":[{"href":"http:\/\/www.myaquasense.com\/fr\/wp-json\/wp\/v2\/types\/page"}],"author":[{"embeddable":true,"href":"http:\/\/www.myaquasense.com\/fr\/wp-json\/wp\/v2\/users\/2"}],"replies":[{"embeddable":true,"href":"http:\/\/www.myaquasense.com\/fr\/wp-json\/wp\/v2\/comments?post=265"}],"version-history":[{"count":0,"href":"http:\/\/www.myaquasense.com\/fr\/wp-json\/wp\/v2\/pages\/265\/revisions"}],"wp:attachment":[{"href":"http:\/\/www.myaquasense.com\/fr\/wp-json\/wp\/v2\/media?parent=265"}],"curies":[{"name":"wp","href":"https:\/\/api.w.org\/{rel}","templated":true}]}}