{"id":278,"date":"2013-06-18T16:45:09","date_gmt":"2013-06-18T20:45:09","guid":{"rendered":"http:\/\/www.myaquasense.com\/fr\/?page_id=278"},"modified":"2015-02-27T16:13:48","modified_gmt":"2015-02-27T21:13:48","slug":"accessoires-pour-le-siege-de-toilette","status":"publish","type":"page","link":"http:\/\/www.myaquasense.com\/fr\/accessoires-pour-le-siege-de-toilette\/","title":{"rendered":"Accessoires pour le si\u00e8ge de toilette"},"content":{"rendered":"<h3>Accessoires pour le si\u00e8ge de toilette, par AquaSense\u00ae<\/h3>\n<p>Les si\u00e8ges de toilette sur\u00e9lev\u00e9s fournissent un appui suppl\u00e9mentaire qui rend plus facile, plus s\u00fbr et plus confortable le fait de s&rsquo;asseoir ou de se lever d\u2019un si\u00e8ge de toilette. Le confort et la motricit\u00e9 de l&rsquo;utilisateur (sa capacit\u00e9 \u00e0 tenir debout; sa fragilit\u00e9; sa condition g\u00e9n\u00e9rale) d\u00e9terminera la hauteur du si\u00e8ge \u00e0 utiliser. <\/p>\n<p>Les barres d\u2019appui pour si\u00e8ge de toilette sont des accessoires pratiques qui compl\u00e8tent l\u2019utilisation d\u2019un si\u00e8ge sur\u00e9lev\u00e9 en fournissant un point d\u2019appui \u00e0 longe surface afin d&rsquo;aider l&rsquo;utilisateur \u00e0 supporter son poids corporel et les mouvements occasionn\u00e9s lors de l\u2019entr\u00e9e ou de la sortie d\u2019un si\u00e8ge de toilette.<\/p>\n<div class=\"fusion-one-half fusion-layout-column fusion-spacing-yes\" style=\"margin-top:0px;margin-bottom:20px;\"><div class=\"fusion-column-wrapper\">\n<div class=\"heading\" style=\"margin-bottom:0px;\">\n<h5><a href=\"\/fr\/produits\/siege-de-toilette-sureleve-3-en-1\/\">Si\u00e8ge de toilette sur\u00e9lev\u00e9 3 en 1, par AquaSense\u00ae<\/a><\/h5>\n<\/div>\n<p><div id=\"attachment_255\" style=\"width: 160px\" class=\"wp-caption alignleft\"><a href=\"\/fr\/produits\/siege-de-toilette-sureleve-3-en-1\/\"><img loading=\"lazy\" decoding=\"async\" aria-describedby=\"caption-attachment-255\" src=\"\/en\/wp-content\/uploads\/2013\/05\/770-618_two_handles-150.jpg\" alt=\"Si\u00e8ge de toilette sur\u00e9lev\u00e9 3 en 1, par AquaSense\u00ae\" width=\"150\" height=\"150\" class=\"size-thumbnail wp-image-255\" \/><\/a><p id=\"caption-attachment-255\" class=\"wp-caption-text\"><\/p>\n<div align=\"center\" style=\"line-height:normal;\">Si\u00e8ge de toilette sur\u00e9lev\u00e9 3 en 1, par AquaSense\u00ae<\/div>\n<p><\/p><\/div><\/p>\n<p>S\u2019adapte aux besoins ergonomiques de l\u2019usager afin de lui permettre de s\u2019asseoir et de se lever plus facilement de la toilette<br \/>\n<a href=\"\/fr\/produits\/siege-de-toilette-sureleve-3-en-1\/\">Plus d&rsquo;info&#8230;<\/a><br \/>\n<div class=\"fusion-clearfix\"><\/div><\/div><\/div>\n<div class=\"fusion-one-half fusion-layout-column fusion-column-last fusion-spacing-yes\" style=\"margin-top:0px;margin-bottom:20px;\"><div class=\"fusion-column-wrapper\">\n<div class=\"heading\" style=\"margin-bottom:0px;\">\n<h5><a href=\"\/fr\/produits\/sieges-de-toilette-sureleves-avec-couvercle\/\">Si\u00e8ges de toilette sur\u00e9lev\u00e9s avec couvercle, par AquaSense\u00ae<\/a><\/h5>\n<\/div>\n<p><div id=\"attachment_255\" style=\"width: 160px\" class=\"wp-caption alignleft\"><a href=\"\/fr\/produits\/sieges-de-toilette-sureleves-avec-couvercle\/\"><img loading=\"lazy\" decoding=\"async\" aria-describedby=\"caption-attachment-255\" src=\"\/en\/wp-content\/uploads\/2013\/05\/Product-770-625-150.jpg\" alt=\"Si\u00e8ges de toilette sur\u00e9lev\u00e9s avec couvercle, par AquaSense\u00ae\" width=\"150\" height=\"150\" class=\"size-thumbnail wp-image-255\" \/><\/a><p id=\"caption-attachment-255\" class=\"wp-caption-text\"><\/p>\n<div align=\"center\" style=\"line-height:normal;\">Si\u00e8ges de toilette sur\u00e9lev\u00e9s avec couvercle, par AquaSense\u00ae<\/div>\n<p><\/p><\/div><\/p>\n<p>Con\u00e7us pour les personnes qui ont du mal \u00e0 s\u2019asseoir ou se lever de la toilette afin qu\u2019elles puissent le faire facilement<br \/>\n<a href=\"\/fr\/produits\/sieges-de-toilette-sureleves-avec-couvercle\/\">Plus d&rsquo;info&#8230;<\/a><br \/>\n<div class=\"fusion-clearfix\"><\/div><\/div><\/div><div class=\"fusion-clearfix\"><\/div>\n<div class=\"fusion-one-half fusion-layout-column fusion-spacing-yes\" style=\"margin-top:0px;margin-bottom:20px;\"><div class=\"fusion-column-wrapper\">\n<div class=\"heading\" style=\"margin-bottom:0px;\">\n<h5><a href=\"\/fr\/produits\/barre-dappui-pour-toilette\/\">Barre d\u2019appui pour toilette, par AquaSense\u00ae<\/a><\/h5>\n<\/div>\n<p><div id=\"attachment_255\" style=\"width: 160px\" class=\"wp-caption alignleft\"><a href=\"\/fr\/produits\/barre-dappui-pour-toilette\/\"><img loading=\"lazy\" decoding=\"async\" aria-describedby=\"caption-attachment-255\" src=\"\/en\/wp-content\/uploads\/2013\/05\/Products770-665-150.jpg\" alt=\"Barre d\u2019appui pour toilette, par AquaSense\u00ae\" width=\"150\" height=\"150\" class=\"size-thumbnail wp-image-255\" \/><\/a><p id=\"caption-attachment-255\" class=\"wp-caption-text\"><\/p>\n<div align=\"center\" style=\"line-height:normal;\">Barre d\u2019appui pour toilette, par AquaSense\u00ae<\/div>\n<p><\/p><\/div><\/p>\n<p>Permet de s\u2019asseoir sur la toilette et de s&rsquo;en relever en toute s\u00e9curit\u00e9<br \/>\n<a href=\"\/fr\/produits\/barre-dappui-pour-toilette\/\">Plus d&rsquo;info&#8230;<\/a><br \/>\n<div class=\"fusion-clearfix\"><\/div><\/div><\/div>\n<div class=\"fusion-one-half fusion-layout-column fusion-column-last fusion-spacing-yes\" style=\"margin-top:0px;margin-bottom:20px;\"><div class=\"fusion-column-wrapper\">\n<div class=\"heading\" style=\"margin-bottom:0px;\">\n<h5><a href=\"\/fr\/produits\/rehausseurs-pour-toilette-avec-charniere\/\">Rehausseurs pour toilette, avec charni\u00e8re, par AquaSense\u00ae<\/a><\/h5>\n<\/div>\n<p><div id=\"attachment_255\" style=\"width: 160px\" class=\"wp-caption alignleft\"><a href=\"\/fr\/produits\/rehausseurs-pour-toilette-avec-charniere\/\"><img loading=\"lazy\" decoding=\"async\" aria-describedby=\"caption-attachment-255\" src=\"\/en\/wp-content\/uploads\/2013\/05\/770-630-631-150.jpg\" alt=\"Rehausseurs pour toilette, avec charni\u00e8re, par AquaSense\u00ae\" width=\"150\" height=\"150\" class=\"size-thumbnail wp-image-255\" \/><\/a><p id=\"caption-attachment-255\" class=\"wp-caption-text\"><\/p>\n<div align=\"center\" style=\"line-height:normal;\">Rehausseurs pour toilette, avec charni\u00e8re, par AquaSense\u00ae<\/div>\n<p><\/p><\/div><\/p>\n<p>Rend plus facile le nettoyage et l\u2019hygi\u00e8ne pour tous. Ce r\u00e9hausseur est con\u00e7u pour faciliter l\u2019acc\u00e8s au si\u00e8ge de toilette de telle sorte que ce soit plus facile de s\u2019y asseoir et de s\u2019en lever.<br \/>\n<a href=\"\/fr\/produits\/rehausseurs-pour-toilette-avec-charniere\/\">Plus d&rsquo;info&#8230;<\/a><br \/>\n<div class=\"fusion-clearfix\"><\/div><\/div><\/div><div class=\"fusion-clearfix\"><\/div>\n<div class=\"fusion-one-half fusion-layout-column fusion-spacing-yes\" style=\"margin-top:0px;margin-bottom:20px;\"><div class=\"fusion-column-wrapper\">\n<div class=\"heading\" style=\"margin-bottom:0px;\">\n<h5><a href=\"\/fr\/produits\/rehausseurs-de-toilette\/\">R\u00e9hausseurs de toilette, par AquaSense\u00ae<\/a><\/h5>\n<\/div>\n<p><div id=\"attachment_255\" style=\"width: 160px\" class=\"wp-caption alignleft\"><a href=\"\/fr\/produits\/rehausseurs-de-toilette\/\"><img loading=\"lazy\" decoding=\"async\" aria-describedby=\"caption-attachment-255\" src=\"\/en\/wp-content\/uploads\/2013\/05\/770-601-150.jpg\" alt=\"R\u00e9hausseurs de toilette, par AquaSense\u00ae\" width=\"150\" height=\"150\" class=\"size-thumbnail wp-image-255\" \/><\/a><p id=\"caption-attachment-255\" class=\"wp-caption-text\"><\/p>\n<div align=\"center\" style=\"line-height:normal;\">R\u00e9hausseurs de toilette, par AquaSense\u00ae<\/div>\n<p><\/p><\/div><\/p>\n<p>Con\u00e7u pour faciliter l\u2019acc\u00e8s au si\u00e8ge de toilette de telle sorte que ce soit plus facile pour s\u2019asseoir et pour se relever de celui-ci<br \/>\n<a href=\"\/fr\/produits\/rehausseurs-de-toilette\/\">Plus d&rsquo;info&#8230;<\/a><br \/>\n<div class=\"fusion-clearfix\"><\/div><\/div><\/div>\n<div class=\"fusion-one-half fusion-layout-column fusion-column-last fusion-spacing-yes\" style=\"margin-top:0px;margin-bottom:20px;\"><div class=\"fusion-column-wrapper\">\n<div class=\"heading\" style=\"margin-bottom:0px;\">\n<h5><a href=\"\/fr\/produits\/siege-de-toilette-sureleve-economique\/\">Si\u00e8ge de toilette sur\u00e9lev\u00e9 \u00e9conomique, par AquaSense\u00ae<\/a><\/h5>\n<\/div>\n<p><div id=\"attachment_255\" style=\"width: 160px\" class=\"wp-caption alignleft\"><a href=\"\/fr\/produits\/siege-de-toilette-sureleve-economique\/\"><img loading=\"lazy\" decoding=\"async\" aria-describedby=\"caption-attachment-255\" src=\"\/en\/wp-content\/uploads\/2013\/05\/770-610-150.jpg\" alt=\"Si\u00e8ge de toilette sur\u00e9lev\u00e9 \u00e9conomique, par AquaSense\u00ae\" width=\"150\" height=\"150\" class=\"size-thumbnail wp-image-255\" \/><\/a><p id=\"caption-attachment-255\" class=\"wp-caption-text\"><\/p>\n<div align=\"center\" style=\"line-height:normal;\">Si\u00e8ge de toilette sur\u00e9lev\u00e9 \u00e9conomique, par AquaSense\u00ae<\/div>\n<p><\/p><\/div><\/p>\n<p>Universel, l\u00e9ger et enti\u00e8rement transportable, il convient \u00e0 la plupart des si\u00e8ges de toilette (cuvettes de wc)<br \/>\n<a href=\"\/fr\/produits\/siege-de-toilette-sureleve-economique\/\">Plus d&rsquo;info&#8230;<\/a><br \/>\n<div class=\"fusion-clearfix\"><\/div><\/div><\/div><div class=\"fusion-clearfix\"><\/div>\n","protected":false},"excerpt":{"rendered":"<p>Accessoires pour le si\u00e8ge de toilette, par AquaSense\u00ae Les si\u00e8ges de toilette sur\u00e9lev\u00e9s fournissent un appui suppl\u00e9mentaire qui rend plus facile, plus s\u00fbr et plus confortable le fait de s&rsquo;asseoir ou de se lever d\u2019un si\u00e8ge de toilette. Le confort et la motricit\u00e9 de l&rsquo;utilisateur (sa capacit\u00e9 \u00e0 tenir debout; [&hellip;]<\/p>\n","protected":false},"author":2,"featured_media":0,"parent":0,"menu_order":0,"comment_status":"open","ping_status":"open","template":"","meta":{"footnotes":""},"class_list":["post-278","page","type-page","status-publish","hentry"],"_links":{"self":[{"href":"http:\/\/www.myaquasense.com\/fr\/wp-json\/wp\/v2\/pages\/278"}],"collection":[{"href":"http:\/\/www.myaquasense.com\/fr\/wp-json\/wp\/v2\/pages"}],"about":[{"href":"http:\/\/www.myaquasense.com\/fr\/wp-json\/wp\/v2\/types\/page"}],"author":[{"embeddable":true,"href":"http:\/\/www.myaquasense.com\/fr\/wp-json\/wp\/v2\/users\/2"}],"replies":[{"embeddable":true,"href":"http:\/\/www.myaquasense.com\/fr\/wp-json\/wp\/v2\/comments?post=278"}],"version-history":[{"count":0,"href":"http:\/\/www.myaquasense.com\/fr\/wp-json\/wp\/v2\/pages\/278\/revisions"}],"wp:attachment":[{"href":"http:\/\/www.myaquasense.com\/fr\/wp-json\/wp\/v2\/media?parent=278"}],"curies":[{"name":"wp","href":"https:\/\/api.w.org\/{rel}","templated":true}]}}