{"id":328,"date":"2013-08-07T11:51:01","date_gmt":"2013-08-07T15:51:01","guid":{"rendered":"http:\/\/www.myaquasense.com\/fr\/?page_id=328"},"modified":"2015-03-02T09:40:28","modified_gmt":"2015-03-02T14:40:28","slug":"termes-legal","status":"publish","type":"page","link":"http:\/\/www.myaquasense.com\/fr\/termes-legal\/","title":{"rendered":"Termes &#8211; L\u00e9gal"},"content":{"rendered":"<h3>Conditions d\u2019utilisation \/ Termes<\/h3>\n<div id=\"attachment_438\" style=\"width: 252px\" class=\"wp-caption alignright\"><a href=\"\/en\/wp-content\/uploads\/2013\/06\/770-525-Lifestyle.jpg\"><img loading=\"lazy\" decoding=\"async\" aria-describedby=\"caption-attachment-438\" src=\"\/en\/wp-content\/uploads\/2013\/06\/770-525-Lifestyle-242x300.jpg\" alt=\"Si\u00e8ge de bain pliable, par AquaSense\u00ae\" width=\"242\" height=\"300\" class=\"size-medium wp-image-438\" \/><\/a><p id=\"caption-attachment-438\" class=\"wp-caption-text\"><\/p>\n<div align=\"center\" style=\"line-height:normal;\">Si\u00e8ge de bain pliable, par AquaSense\u00ae<\/div>\n<p><\/p><\/div>\n<p>Le contenu publi\u00e9 par AMG M\u00e9dical inc. sur ce site web ne peut \u00eatre utilis\u00e9 et\/ou copi\u00e9 qu\u2019\u00e0 titre personnel, pour information, en interne et dans un but non lucratif. Vous ne devez en aucun cas supprimer les droits d\u2019auteur et autres indications de propri\u00e9t\u00e9 que contiennent les documents et informations. Ces derniers ne peuvent \u00eatre modifi\u00e9s de quelque mani\u00e8re que ce soit. Sauf disposition explicite dans le pr\u00e9sent document, aucune partie des informations et documents du site ne peut \u00eatre reproduite sous quelque forme que ce soit et par quelque moyen que ce soit sans l\u2019autorisation \u00e9crite pr\u00e9alable d\u2019AMG M\u00e9dical inc. <\/p>\n<p>AMG M\u00e9dical inc. fera tous les efforts raisonnables pour inclure des informations pr\u00e9cises et \u00e0 jour sur www.myaquasense.com. Toutefois, AMG M\u00e9dical inc. ne fait aucune garantie ou pr\u00e9tentions quant \u00e0 son exactitude. Tout utilisateur du site web myaquasense.com reconna\u00eet que tout acc\u00e8s et toute utilisation du site et de son contenu est \u00e0 ses propres risques. <\/p>\n<p>En aucun cas AMG M\u00e9dical inc. et toute tierce partie impliqu\u00e9e dans la cr\u00e9ation, la production et la mise place du site web myaquasense.com ne seront responsables \u00e0 votre \u00e9gard ou celui de tiers de tous dommages directs, indirects, ou punitifs r\u00e9sultant directement ou indirectement de l\u2019utilisation du site ou tout autre site mentionn\u00e9 ou li\u00e9 \u00e0 ce site, ou de l\u2019inhabilit\u00e9 \u00e0 utiliser le site myaquasense.com, ou \u00e0 la suite de toute erreur ou omission dans son contenu. <\/p>\n<h3>L\u00e9gal<\/h3>\n<p>AMG M\u00e9dical inc. est le propri\u00e9taire des droits d\u2019auteur de ce site, incluant le texte, les images et le code. Tous droits r\u00e9serv\u00e9s, copyright \u00a9 AMG M\u00e9dical inc. <\/p>\n<p>AquaSense\u00ae est une marque de commerce d\u00e9pos\u00e9e de AMG Medical inc. Les marques d\u2019autres produits, services et noms d\u2019entreprises et\/ou compagnies cit\u00e9s dans les pages de ce site appartiennent \u00e0 leurs auteurs respectifs.<\/p>\n","protected":false},"excerpt":{"rendered":"<p>Conditions d\u2019utilisation \/ Termes Le contenu publi\u00e9 par AMG M\u00e9dical inc. sur ce site web ne peut \u00eatre utilis\u00e9 et\/ou copi\u00e9 qu\u2019\u00e0 titre personnel, pour information, en interne et dans un but non lucratif. Vous ne devez en aucun cas supprimer les droits d\u2019auteur et autres indications de propri\u00e9t\u00e9 que [&hellip;]<\/p>\n","protected":false},"author":2,"featured_media":0,"parent":0,"menu_order":0,"comment_status":"open","ping_status":"open","template":"","meta":{"footnotes":""},"class_list":["post-328","page","type-page","status-publish","hentry"],"_links":{"self":[{"href":"http:\/\/www.myaquasense.com\/fr\/wp-json\/wp\/v2\/pages\/328"}],"collection":[{"href":"http:\/\/www.myaquasense.com\/fr\/wp-json\/wp\/v2\/pages"}],"about":[{"href":"http:\/\/www.myaquasense.com\/fr\/wp-json\/wp\/v2\/types\/page"}],"author":[{"embeddable":true,"href":"http:\/\/www.myaquasense.com\/fr\/wp-json\/wp\/v2\/users\/2"}],"replies":[{"embeddable":true,"href":"http:\/\/www.myaquasense.com\/fr\/wp-json\/wp\/v2\/comments?post=328"}],"version-history":[{"count":0,"href":"http:\/\/www.myaquasense.com\/fr\/wp-json\/wp\/v2\/pages\/328\/revisions"}],"wp:attachment":[{"href":"http:\/\/www.myaquasense.com\/fr\/wp-json\/wp\/v2\/media?parent=328"}],"curies":[{"name":"wp","href":"https:\/\/api.w.org\/{rel}","templated":true}]}}