{"id":332,"date":"2013-08-07T12:14:36","date_gmt":"2013-08-07T16:14:36","guid":{"rendered":"http:\/\/www.myaquasense.com\/fr\/?page_id=332"},"modified":"2017-04-19T15:55:32","modified_gmt":"2017-04-19T15:55:32","slug":"politique-de-confidentialite","status":"publish","type":"page","link":"http:\/\/www.myaquasense.com\/fr\/politique-de-confidentialite\/","title":{"rendered":"Politique de confidentialit\u00e9"},"content":{"rendered":"<h3>Politique de confidentialit\u00e9<\/h3>\n<div id=\"attachment_438\" style=\"width: 252px\" class=\"wp-caption alignright\"><a href=\"\/en\/wp-content\/uploads\/2013\/06\/770-525-Lifestyle.jpg\"><img loading=\"lazy\" decoding=\"async\" aria-describedby=\"caption-attachment-438\" class=\"size-medium wp-image-438\" src=\"\/en\/wp-content\/uploads\/2013\/06\/770-525-Lifestyle-242x300.jpg\" alt=\"Si\u00e8ge de bain pliable, par AquaSense\u00ae\" width=\"242\" height=\"300\" \/><\/a><p id=\"caption-attachment-438\" class=\"wp-caption-text\"><\/p>\n<p><\/p>\n<div style=\"line-height: normal;\" align=\"center\">Si\u00e8ge de bain pliable, par AquaSense\u00ae<\/div>\n<p>&nbsp;<\/p>\n<p><\/p><\/div>\n<p>Merci pour votre visite du site AquaSense<sup>\u00ae<\/sup> au www.myaquasense.com. AMG M\u00e9dical inc. respecte vos valeurs et votre confiance et s\u2019engage \u00e0 prot\u00e9ger vos droits \u00e0 la vie priv\u00e9e et \u00e0 la s\u00e9curit\u00e9 de toute information que vous nous fournissez et que cette information ne sera utilis\u00e9e que comme expliqu\u00e9 dans cette politique de confidentialit\u00e9.<\/p>\n<p>Vous avez le droit de savoir exactement quelles informations personnelles sont recueillies, pourquoi nous les recueillons et l\u2019utilisation que nous pr\u00e9voyons en faire. AMG M\u00e9dical inc. ne vend pas et n\u2019a pas l\u2019intention de vendre ou de louer vos renseignements personnels \u00e0 qui que ce soit. L\u2019information que vous nous permettez de collecter n\u2019est utilis\u00e9e que pour nous aider \u00e0 mieux vous servir.<\/p>\n<h4>Quels renseignements sont recueillis et comment sont-ils utilis\u00e9s ?<\/h4>\n<p>Nous recueillons des renseignements personnels, tels que nom, adresse, no de t\u00e9l\u00e9phone, adresse de courriel, etc., que vous nous fournissez volontairement lors de votre utilisation du site www.myaquasense.com. Nous recueillons aussi des renseignements et statistiques sur l\u2019utilisation du site (comme le nombre de visiteurs, quelle pages sont les plus lues, etc.) De temps \u00e0 autre, nous menons des enqu\u00eates, des sondages et des concours via le site myaquasense.com, par courriel et d\u2019autres m\u00e9dias afin de recueillir des renseignements personnels.<\/p>\n<p>Notre but, en recueillant ces renseignements, est de vous fournir l\u2019information la plus personnalis\u00e9e possible. Nous recueillons et conservons les renseignements que vous nous fournissez volontairement, incluant ceux fournis par courriel, afin de r\u00e9pondre \u00e0 vos commentaires et vos demandes de renseignements. Nous pouvons \u00e9galement utiliser vos renseignements personnels afin de vous fournir des produits, des services et des offres qui correspondent \u00e0 vos besoins et qui r\u00e9pondent \u00e0 vos demandes.<\/p>\n<h4>Quand et avec qui nous partageons vos renseignements<\/h4>\n<p>Lorsque vous visitez notre site Web, nous pouvons utiliser des entreprises publicitaires tierces pour recueillir des donn\u00e9es et\/ou diffuser des annonces. Ces entreprises peuvent exploiter des informations (qui n\u2019inclut pas votre nom, l\u2019adresse, l&rsquo;adresse \u00e9lectronique ou le num\u00e9ro de t\u00e9l\u00e9phone) concernant vos visites sur ce site ainsi que sur d&rsquo;autres sites Web pour vous fournir des publicit\u00e9s de marchandises et les services d&rsquo;int\u00e9r\u00eat. Si vous souhaitez plus d&rsquo;informations \u00e0 ce sujet et d\u00e9sirez conna\u00eetre vos options si vous ne voulez que ces informations soient utilis\u00e9es par ces entreprises, vous devriez visiter <a href=\"http:\/\/networkadvertising.org\/\">http:\/\/networkadvertising.org\/<\/a> .<\/p>\n<h4>Vous pouvez d\u00e9cider de ne pas \u00eatre contact\u00e9 par nous<\/h4>\n<p>Si vous le d\u00e9cidez, AMG M\u00e9dical inc. peut parfois vous envoyer des courriels d\u00e9crivant de nouveaux produits, des renseignements sur des produits et des offres sp\u00e9ciales. Vous pouvez toujours nous demander de ne plus recevoir de courriels de notre part.<\/p>\n<h4>Hyperliens vers d\u2019autres sites<\/h4>\n<p>Cette politique de confidentialit\u00e9 ne s\u2019applique qu\u2019au site www.myaquasense.com d\u2019AMG M\u00e9dical inc. et exclut tout autre site web. Il est possible que nous placions des hyperliens vers d\u2019autres sites web qui pourraient vous int\u00e9resser. Ces sites web de tiers ne sont pas contr\u00f4l\u00e9s par AMG M\u00e9dical inc. Nous visons, toutefois, \u00e0 ce que ces sites web aient les plus hauts standards mais, vu la nature du web, AMG M\u00e9dical inc. ne peut garantir la qualit\u00e9 des standards de tous les sites web vers lesquels nous avons des hyperliens ou \u00eatre tenu responsable de leurs contenus. AMG M\u00e9dical inc. n&rsquo;est en rien responsable d&rsquo;autres sites web auxquels vous pourriez acc\u00e9der depuis son propre site.<\/p>\n<h4>La politique de confidentialit\u00e9 d\u2019AMG M\u00e9dical inc.<\/h4>\n<p>Cette politique de confidentialit\u00e9 a \u00e9t\u00e9 mise \u00e0 jour le 7 ao\u00fbt 2013. Nous nous r\u00e9servons le droit de la modifier et de l\u2019amender en tout temps et sans pr\u00e9avis. Si nous effectuons des changements significatifs \u00e0 cette politique, une note sera affich\u00e9e sur le site www.myaquasense.com pour une dur\u00e9e d\u2019au moins six mois apr\u00e8s le changement.<\/p>\n<p>En utilisant ce site web vous indiquez votre accord avec cette politique de confidentialit\u00e9 et vous adh\u00e9rez aux conditions d\u2019utilisation affich\u00e9es sur ce site web. Veuillez revenir \u00e0 cette page afin de v\u00e9rifier ses mises a jour possibles.<\/p>\n","protected":false},"excerpt":{"rendered":"<p>Politique de confidentialit\u00e9 Merci pour votre visite du site AquaSense\u00ae au www.myaquasense.com. AMG M\u00e9dical inc. respecte vos valeurs et votre confiance et s\u2019engage \u00e0 prot\u00e9ger vos droits \u00e0 la vie priv\u00e9e et \u00e0 la s\u00e9curit\u00e9 de toute information que vous nous fournissez et que cette information ne sera utilis\u00e9e que [&hellip;]<\/p>\n","protected":false},"author":2,"featured_media":0,"parent":0,"menu_order":0,"comment_status":"open","ping_status":"open","template":"","meta":{"footnotes":""},"class_list":["post-332","page","type-page","status-publish","hentry"],"_links":{"self":[{"href":"http:\/\/www.myaquasense.com\/fr\/wp-json\/wp\/v2\/pages\/332"}],"collection":[{"href":"http:\/\/www.myaquasense.com\/fr\/wp-json\/wp\/v2\/pages"}],"about":[{"href":"http:\/\/www.myaquasense.com\/fr\/wp-json\/wp\/v2\/types\/page"}],"author":[{"embeddable":true,"href":"http:\/\/www.myaquasense.com\/fr\/wp-json\/wp\/v2\/users\/2"}],"replies":[{"embeddable":true,"href":"http:\/\/www.myaquasense.com\/fr\/wp-json\/wp\/v2\/comments?post=332"}],"version-history":[{"count":3,"href":"http:\/\/www.myaquasense.com\/fr\/wp-json\/wp\/v2\/pages\/332\/revisions"}],"predecessor-version":[{"id":657,"href":"http:\/\/www.myaquasense.com\/fr\/wp-json\/wp\/v2\/pages\/332\/revisions\/657"}],"wp:attachment":[{"href":"http:\/\/www.myaquasense.com\/fr\/wp-json\/wp\/v2\/media?parent=332"}],"curies":[{"name":"wp","href":"https:\/\/api.w.org\/{rel}","templated":true}]}}