{"id":341,"date":"2013-08-08T12:00:15","date_gmt":"2013-08-08T16:00:15","guid":{"rendered":"http:\/\/www.myaquasense.com\/fr\/?page_id=341"},"modified":"2017-03-08T11:24:14","modified_gmt":"2017-03-08T11:24:14","slug":"ou-acheter","status":"publish","type":"page","link":"http:\/\/www.myaquasense.com\/fr\/ou-acheter\/","title":{"rendered":"O\u00f9 acheter"},"content":{"rendered":"<h3>O\u00f9 acheter &#8211; Canada<\/h3>\n<p><a style=\"line-height: 30px;\" href=\"\/fr\/contenu\/ou-acheter-canada\/\">Nos produits sont disponibles dans les pharmacies sp\u00e9cialis\u00e9es et chez les d\u00e9taillants de soins \u00e0 domicile, partout au Canada. Pour plus de renseignements, composez le\u00a0<strong>(866) 694-5085<\/strong><\/a> <a href=\"\/fr\/contenu\/ou-acheter-canada\/\">Plus d&rsquo;info<\/a><\/p>\n<h3>O\u00f9 acheter &#8211; \u00c9tats-Unis<\/h3>\n<p><a style=\"line-height: 30px;\" href=\"\/fr\/contenu\/ou-acheter-etats-unis\/\">Vous pouvez vous procurer des produits pour la salle de bains Aquasense\u00ae quand vous le voulez. Achetez en ligne chez nos partenaires de vente au d\u00e9tail aux \u00c9tats-Unis chez Amazon.com, Walmart.com, Walgreens.com etc.<\/a> <a href=\"\/fr\/contenu\/ou-acheter-etats-unis\/\">Plus d&rsquo;info&#8230;<\/a><\/p>\n","protected":false},"excerpt":{"rendered":"<p>O\u00f9 acheter &#8211; Canada Nos produits sont disponibles dans les pharmacies sp\u00e9cialis\u00e9es et chez les d\u00e9taillants de soins \u00e0 domicile, partout au Canada. Pour plus de renseignements, composez le\u00a0(866) 694-5085 Plus d&rsquo;info O\u00f9 acheter &#8211; \u00c9tats-Unis Vous pouvez vous procurer des produits pour la salle de bains Aquasense\u00ae quand vous [&hellip;]<\/p>\n","protected":false},"author":2,"featured_media":0,"parent":0,"menu_order":0,"comment_status":"open","ping_status":"open","template":"","meta":{"footnotes":""},"class_list":["post-341","page","type-page","status-publish","hentry"],"_links":{"self":[{"href":"http:\/\/www.myaquasense.com\/fr\/wp-json\/wp\/v2\/pages\/341"}],"collection":[{"href":"http:\/\/www.myaquasense.com\/fr\/wp-json\/wp\/v2\/pages"}],"about":[{"href":"http:\/\/www.myaquasense.com\/fr\/wp-json\/wp\/v2\/types\/page"}],"author":[{"embeddable":true,"href":"http:\/\/www.myaquasense.com\/fr\/wp-json\/wp\/v2\/users\/2"}],"replies":[{"embeddable":true,"href":"http:\/\/www.myaquasense.com\/fr\/wp-json\/wp\/v2\/comments?post=341"}],"version-history":[{"count":4,"href":"http:\/\/www.myaquasense.com\/fr\/wp-json\/wp\/v2\/pages\/341\/revisions"}],"predecessor-version":[{"id":648,"href":"http:\/\/www.myaquasense.com\/fr\/wp-json\/wp\/v2\/pages\/341\/revisions\/648"}],"wp:attachment":[{"href":"http:\/\/www.myaquasense.com\/fr\/wp-json\/wp\/v2\/media?parent=341"}],"curies":[{"name":"wp","href":"https:\/\/api.w.org\/{rel}","templated":true}]}}