{"id":4,"date":"2012-09-28T20:15:31","date_gmt":"2012-09-28T19:15:31","guid":{"rendered":"http:\/\/www.myaquasense.com\/fr\/?page_id=4"},"modified":"2015-03-02T09:37:38","modified_gmt":"2015-03-02T14:37:38","slug":"acceuil","status":"publish","type":"page","link":"http:\/\/www.myaquasense.com\/fr\/","title":{"rendered":"Accueil"},"content":{"rendered":"<h3> Produits novateurs qui rendent votre salle de bains plus s\u00e9curitaire pour vous et votre famille.<\/h3>\n<div class=\"fusion-one-sixth fusion-layout-column fusion-spacing-yes\" style=\"margin-top:0px;margin-bottom:20px;\"><div class=\"fusion-column-wrapper\">\n<a href=\"\/fr\/accessoires-de-douche\/\" alt=\"Accessoires de douche\" title=\"Accessoires de douche\"><img decoding=\"async\" src=\"\/aquasense-images\/icn1.png\" class=\"icn\" \/><\/a><\/p>\n<p><strong>Accessoires pour rendre la douche plus s\u00e9curitaire<\/strong><br \/>\n<a href=\"\/fr\/produits\/tringle-courbee\/\" style=\"text-decoration:underline;\">Tringle courb\u00e9e<\/a><br \/>\n<a href=\"\/fr\/produits\/douche-a-main\/\" style=\"text-decoration:underline;\">Douche \u00e0 main<\/a><br \/>\n<a href=\"\/fr\/accessoires-de-douche\/\">Plus d&rsquo;info&#8230;<\/a><\/p>\n<div class=\"fusion-clearfix\"><\/div><\/div><\/div>\n<div class=\"fusion-one-sixth fusion-layout-column fusion-spacing-yes\" style=\"margin-top:0px;margin-bottom:20px;\"><div class=\"fusion-column-wrapper\">\n<a href=\"\/fr\/tapis-de-bain\/\" alt=\"Tapis de bain\" title=\"Tapis de bain\"><img decoding=\"async\" src=\"\/aquasense-images\/icn2.png\" class=\"icn\" \/><\/a><\/p>\n<p><strong>Tapis de bain<\/strong><br \/>\nProcurent une base s\u00e9curitaire et confortable quand vous \u00eates debout.<br \/>\n<a href=\"\/fr\/tapis-de-bain\/\">Plus d&rsquo;info&#8230;<\/a><\/p>\n<div class=\"fusion-clearfix\"><\/div><\/div><\/div>\n<div class=\"fusion-one-sixth fusion-layout-column fusion-spacing-yes\" style=\"margin-top:0px;margin-bottom:20px;\"><div class=\"fusion-column-wrapper\">\n<a href=\"\/fr\/poignees-dappui-pour-baignoire\/\" alt=\"Poign\u00e9es d'appui pour baignoire\" title=\"Poign\u00e9es d'appui pour baignoire\"><img decoding=\"async\" src=\"\/aquasense-images\/icn3.png\" class=\"icn\" \/><\/a><\/p>\n<p><strong>Poign\u00e9es d&rsquo;appui pour baignoire<\/strong><br \/>\nAident \u00e0 entrer et sortir de la baignoire de fa\u00e7on s\u00e9curitaire.<br \/>\n<a href=\"\/fr\/poignees-dappui-pour-baignoire\/\">Plus d&rsquo;info&#8230;<\/a><\/p>\n<div class=\"fusion-clearfix\"><\/div><\/div><\/div>\n<div class=\"fusion-one-sixth fusion-layout-column fusion-spacing-yes\" style=\"margin-top:0px;margin-bottom:20px;\"><div class=\"fusion-column-wrapper\">\n<a href=\"\/fr\/bancs-et-sieges-pour-la-baignoire\/\"><img decoding=\"async\" src=\"\/aquasense-images\/icn4.png\" class=\"icn\"  alt=\"Bancs et si\u00e8ges pour la baignoire\" title=\"Bancs et si\u00e8ges pour la baignoire\" \/><\/a><\/p>\n<p><strong>Si\u00e8ges de bain<\/strong><br \/>\nPermettent de vous asseoir lorsque vous vous douchez et s\u00e9chez.<br \/>\n<a href=\"\/fr\/bancs-et-sieges-pour-la-baignoire\/\">Plus d&rsquo;info&#8230;<\/a><\/p>\n<div class=\"fusion-clearfix\"><\/div><\/div><\/div>\n<div class=\"fusion-one-sixth fusion-layout-column fusion-spacing-yes\" style=\"margin-top:0px;margin-bottom:20px;\"><div class=\"fusion-column-wrapper\">\n<a href=\"\/fr\/barres-dappui\/\"><img decoding=\"async\" src=\"\/aquasense-images\/icn5.png\" class=\"icn\" alt=\"Barres d'appui\" title=\"Barres d'appui\" \/><\/a><\/p>\n<p><strong>Barres  d&rsquo;appui<\/strong><br \/>\nProcurent un support suppl\u00e9mentaire pour pr\u00e9venir les chutes accidentelles<br \/>\n<a href=\"\/fr\/barres-dappui\/\">Plus d&rsquo;info&#8230;<\/a><\/p>\n<div class=\"fusion-clearfix\"><\/div><\/div><\/div>\n<div class=\"fusion-one-sixth fusion-layout-column fusion-column-last fusion-spacing-yes\" style=\"margin-top:0px;margin-bottom:20px;\"><div class=\"fusion-column-wrapper\">\n<a href=\"\/fr\/accessoires-pour-le-siege-de-toilette\/\"><img decoding=\"async\" src=\"\/aquasense-images\/icn6.png\" class=\"icn\" \/><\/a><\/p>\n<p><strong>Accessoires pour<br \/>\nle si\u00e8ge de toilette<\/strong><br \/>\nSi\u00e8ges de toilette sur\u00e9lev\u00e9s<br \/>\nBarres d&rsquo;appui<br \/>\n<a href=\"\/fr\/accessoires-pour-le-siege-de-toilette\/\">Plus d&rsquo;info&#8230;<\/a><\/p>\n<div class=\"fusion-clearfix\"><\/div><\/div><\/div><div class=\"fusion-clearfix\"><\/div>\n","protected":false},"excerpt":{"rendered":"<p>Produits novateurs qui rendent votre salle de bains plus s\u00e9curitaire pour vous et votre famille.<\/p>\n","protected":false},"author":2,"featured_media":0,"parent":0,"menu_order":0,"comment_status":"open","ping_status":"open","template":"","meta":{"footnotes":""},"class_list":["post-4","page","type-page","status-publish","hentry"],"_links":{"self":[{"href":"http:\/\/www.myaquasense.com\/fr\/wp-json\/wp\/v2\/pages\/4"}],"collection":[{"href":"http:\/\/www.myaquasense.com\/fr\/wp-json\/wp\/v2\/pages"}],"about":[{"href":"http:\/\/www.myaquasense.com\/fr\/wp-json\/wp\/v2\/types\/page"}],"author":[{"embeddable":true,"href":"http:\/\/www.myaquasense.com\/fr\/wp-json\/wp\/v2\/users\/2"}],"replies":[{"embeddable":true,"href":"http:\/\/www.myaquasense.com\/fr\/wp-json\/wp\/v2\/comments?post=4"}],"version-history":[{"count":0,"href":"http:\/\/www.myaquasense.com\/fr\/wp-json\/wp\/v2\/pages\/4\/revisions"}],"wp:attachment":[{"href":"http:\/\/www.myaquasense.com\/fr\/wp-json\/wp\/v2\/media?parent=4"}],"curies":[{"name":"wp","href":"https:\/\/api.w.org\/{rel}","templated":true}]}}