{"id":435,"date":"2014-06-19T10:08:51","date_gmt":"2014-06-19T14:08:51","guid":{"rendered":"http:\/\/www.myaquasense.com\/fr\/?page_id=435"},"modified":"2015-02-13T10:29:51","modified_gmt":"2015-02-13T15:29:51","slug":"videos","status":"publish","type":"page","link":"http:\/\/www.myaquasense.com\/fr\/videos\/","title":{"rendered":"Vid\u00e9os"},"content":{"rendered":"<h3>Vid\u00e9os<\/h3>\n<p>Vid\u00e9os de d\u00e9monstration et vid\u00e9os FAQ sur les produits AquaSense\u00ae pour la salle de bains.<\/p>\n<h2><a href=\"\/fr\/contenu\/comment-assembler-votre-siege-de-bain-pliable-aquasense\/\" style=\"color:#007BC5;\"><br \/>\n<img loading=\"lazy\" decoding=\"async\" class=\"imagesgauche\" style=\"padding-bottom:10px; position:relative; top:6px;\" alt=\"Comment assembler votre si\u00e8ge de bain pliable AquaSense 770-525\" src=\"\/aquasense-images\/770-525-How-to-Assemble-Video-120x90.jpg\" width=\"120\" height=\"90\" border=\"0\" \/>Comment assembler votre si\u00e8ge de bain pliable AquaSense\u00ae<\/a><\/h2>\n<p>Cette vid\u00e9o montre comment assembler votre si\u00e8ge de bain pliable AquaSense\u00ae.<\/p>\n","protected":false},"excerpt":{"rendered":"<p>Vid\u00e9os Vid\u00e9os de d\u00e9monstration et vid\u00e9os FAQ sur les produits AquaSense\u00ae pour la salle de bains. Comment assembler votre si\u00e8ge de bain pliable AquaSense\u00ae Cette vid\u00e9o montre comment assembler votre si\u00e8ge de bain pliable AquaSense\u00ae.<\/p>\n","protected":false},"author":2,"featured_media":0,"parent":0,"menu_order":0,"comment_status":"open","ping_status":"open","template":"","meta":{"footnotes":""},"class_list":["post-435","page","type-page","status-publish","hentry"],"_links":{"self":[{"href":"http:\/\/www.myaquasense.com\/fr\/wp-json\/wp\/v2\/pages\/435"}],"collection":[{"href":"http:\/\/www.myaquasense.com\/fr\/wp-json\/wp\/v2\/pages"}],"about":[{"href":"http:\/\/www.myaquasense.com\/fr\/wp-json\/wp\/v2\/types\/page"}],"author":[{"embeddable":true,"href":"http:\/\/www.myaquasense.com\/fr\/wp-json\/wp\/v2\/users\/2"}],"replies":[{"embeddable":true,"href":"http:\/\/www.myaquasense.com\/fr\/wp-json\/wp\/v2\/comments?post=435"}],"version-history":[{"count":0,"href":"http:\/\/www.myaquasense.com\/fr\/wp-json\/wp\/v2\/pages\/435\/revisions"}],"wp:attachment":[{"href":"http:\/\/www.myaquasense.com\/fr\/wp-json\/wp\/v2\/media?parent=435"}],"curies":[{"name":"wp","href":"https:\/\/api.w.org\/{rel}","templated":true}]}}