{"id":53,"date":"2012-11-20T12:41:43","date_gmt":"2012-11-20T17:41:43","guid":{"rendered":"http:\/\/www.myaquasense.com\/fr\/?page_id=53"},"modified":"2017-03-06T11:10:29","modified_gmt":"2017-03-06T11:10:29","slug":"info-detaillants","status":"publish","type":"page","link":"http:\/\/www.myaquasense.com\/fr\/info-detaillants\/","title":{"rendered":"Info d\u00e9taillants"},"content":{"rendered":"<h1>Informations pour les d\u00e9taillants<\/h1>\n<p>Des programmes de prix sp\u00e9ciaux sont disponibles pour les d\u00e9taillants de produits de soins \u00e0 domicile qui offrent des produits AquaSense. Pour plus de renseignements, veuillez communiquer avec le service \u00e0 la client\u00e8le d&rsquo;AquaSense au :<br \/>\n<strong> (866) 694-5085.<\/strong><\/p>\n","protected":false},"excerpt":{"rendered":"<p>Informations pour les d\u00e9taillants Des programmes de prix sp\u00e9ciaux sont disponibles pour les d\u00e9taillants de produits de soins \u00e0 domicile qui offrent des produits AquaSense. Pour plus de renseignements, veuillez communiquer avec le service \u00e0 la client\u00e8le d&rsquo;AquaSense au : (866) 694-5085.<\/p>\n","protected":false},"author":2,"featured_media":0,"parent":0,"menu_order":2,"comment_status":"open","ping_status":"open","template":"","meta":{"footnotes":""},"class_list":["post-53","page","type-page","status-publish","hentry"],"_links":{"self":[{"href":"http:\/\/www.myaquasense.com\/fr\/wp-json\/wp\/v2\/pages\/53"}],"collection":[{"href":"http:\/\/www.myaquasense.com\/fr\/wp-json\/wp\/v2\/pages"}],"about":[{"href":"http:\/\/www.myaquasense.com\/fr\/wp-json\/wp\/v2\/types\/page"}],"author":[{"embeddable":true,"href":"http:\/\/www.myaquasense.com\/fr\/wp-json\/wp\/v2\/users\/2"}],"replies":[{"embeddable":true,"href":"http:\/\/www.myaquasense.com\/fr\/wp-json\/wp\/v2\/comments?post=53"}],"version-history":[{"count":2,"href":"http:\/\/www.myaquasense.com\/fr\/wp-json\/wp\/v2\/pages\/53\/revisions"}],"predecessor-version":[{"id":645,"href":"http:\/\/www.myaquasense.com\/fr\/wp-json\/wp\/v2\/pages\/53\/revisions\/645"}],"wp:attachment":[{"href":"http:\/\/www.myaquasense.com\/fr\/wp-json\/wp\/v2\/media?parent=53"}],"curies":[{"name":"wp","href":"https:\/\/api.w.org\/{rel}","templated":true}]}}