{"id":85,"date":"2012-11-23T15:50:13","date_gmt":"2012-11-23T20:50:13","guid":{"rendered":"http:\/\/www.myaquasense.com\/fr\/?page_id=85"},"modified":"2015-02-27T15:18:49","modified_gmt":"2015-02-27T20:18:49","slug":"accessoires-de-douche","status":"publish","type":"page","link":"http:\/\/www.myaquasense.com\/fr\/accessoires-de-douche\/","title":{"rendered":"Accessoires de douche"},"content":{"rendered":"<h3>Accessoires pour la douche, par AquaSense\u00ae<\/h3>\n<p>Les accessoires pour la douche d&rsquo;AquaSense\u00ae aident \u00e0 rendre la salle de bains plus s\u00e9curitaire pour toute la famille.<\/p>\n<div class=\"fusion-one-half fusion-layout-column fusion-spacing-yes\" style=\"margin-top:0px;margin-bottom:20px;\"><div class=\"fusion-column-wrapper\">\n<div class=\"heading\" style=\"margin-bottom:0px;\">\n<h5><a href=\"\/fr\/produits\/douche-a-main\/\">Douche \u00e0 main AquaSense\u00ae<\/a><\/h5>\n<\/div>\n<p><div id=\"attachment_255\" style=\"width: 160px\" class=\"wp-caption alignleft\"><a href=\"\/fr\/produits\/douche-a-main\/\"><img loading=\"lazy\" decoding=\"async\" aria-describedby=\"caption-attachment-255\" src=\"\/en\/wp-content\/uploads\/2012\/12\/770-980_Lifestyle-680-329-150x150.jpg\" alt=\"Douche \u00e0 main, par AquaSense\u00ae\" width=\"150\" height=\"150\" class=\"size-thumbnail wp-image-255\" \/><\/a><p id=\"caption-attachment-255\" class=\"wp-caption-text\"><\/p>\n<div align=\"center\" style=\"line-height:normal;\">Douche \u00e0 main, par AquaSense\u00ae<\/div>\n<p><\/p><\/div><\/p>\n<p>Cette douche \u00e0 main, munie d\u2019un tuyau plus long et plus robuste, permet \u00e0 l&rsquo;utilisateur de s&rsquo;asseoir en toute s\u00e9curit\u00e9 pendant la douche; rendant son hygi\u00e8ne personnelle plus s\u00fbre et plus facile.<br \/>\n<a href=\"\/fr\/produits\/douche-a-main\/\">Plus d&rsquo;info&#8230;<\/a><br \/>\n<div class=\"fusion-clearfix\"><\/div><\/div><\/div>\n<div class=\"fusion-one-half fusion-layout-column fusion-column-last fusion-spacing-yes\" style=\"margin-top:0px;margin-bottom:20px;\"><div class=\"fusion-column-wrapper\">\n<div class=\"heading\" style=\"margin-bottom:0px;\">\n<h5><a href=\"\/fr\/produits\/tringle-courbee-pour-rideau-de-douche\/\">Tringle courb\u00e9e pour rideau de douche<\/a><\/h5>\n<\/div>\n<p><div id=\"attachment_256\" style=\"width: 160px\" class=\"wp-caption alignleft\"><a href=\"\/fr\/produits\/tringle-courbee-pour-rideau-de-douche\/\"><img loading=\"lazy\" decoding=\"async\" aria-describedby=\"caption-attachment-256\" src=\"\/en\/wp-content\/uploads\/2012\/11\/785-700ShowerRod680-329-150x150.jpg\" alt=\"Tringle courb\u00e9e pour rideau de douche, par AquaSense\u00ae\" width=\"150\" height=\"150\" class=\"size-thumbnail wp-image-256\" \/><\/a><p id=\"caption-attachment-256\" class=\"wp-caption-text\"><\/p>\n<div align=\"center\" style=\"line-height:normal;\">Tringle courb\u00e9e pour rideau de douche, par AquaSense\u00ae<\/div>\n<p><\/p><\/div><\/p>\n<p>La tringle \u00e0 rideau de douche courb\u00e9e AquaSense\u00ae augmente de 25 % l\u2019espace disponible au niveau des \u00e9paules lorsque vous prenez une douche !<br \/>\n<a href=\"\/fr\/produits\/tringle-courbee-pour-rideau-de-douche\/\">Plus d&rsquo;info<\/a><br \/>\n<div class=\"fusion-clearfix\"><\/div><\/div><\/div><div class=\"fusion-clearfix\"><\/div>\n","protected":false},"excerpt":{"rendered":"<p>Accessoires pour la douche, par AquaSense\u00ae Les accessoires pour la douche d&rsquo;AquaSense\u00ae aident \u00e0 rendre la salle de bains plus s\u00e9curitaire pour toute la famille.<\/p>\n","protected":false},"author":2,"featured_media":0,"parent":0,"menu_order":0,"comment_status":"open","ping_status":"open","template":"","meta":{"footnotes":""},"class_list":["post-85","page","type-page","status-publish","hentry"],"_links":{"self":[{"href":"http:\/\/www.myaquasense.com\/fr\/wp-json\/wp\/v2\/pages\/85"}],"collection":[{"href":"http:\/\/www.myaquasense.com\/fr\/wp-json\/wp\/v2\/pages"}],"about":[{"href":"http:\/\/www.myaquasense.com\/fr\/wp-json\/wp\/v2\/types\/page"}],"author":[{"embeddable":true,"href":"http:\/\/www.myaquasense.com\/fr\/wp-json\/wp\/v2\/users\/2"}],"replies":[{"embeddable":true,"href":"http:\/\/www.myaquasense.com\/fr\/wp-json\/wp\/v2\/comments?post=85"}],"version-history":[{"count":0,"href":"http:\/\/www.myaquasense.com\/fr\/wp-json\/wp\/v2\/pages\/85\/revisions"}],"wp:attachment":[{"href":"http:\/\/www.myaquasense.com\/fr\/wp-json\/wp\/v2\/media?parent=85"}],"curies":[{"name":"wp","href":"https:\/\/api.w.org\/{rel}","templated":true}]}}