{"id":471,"date":"2015-02-16T11:35:43","date_gmt":"2015-02-16T16:35:43","guid":{"rendered":"http:\/\/www.myaquasense.com\/fr\/?post_type=product&#038;p=471"},"modified":"2015-02-16T11:35:43","modified_gmt":"2015-02-16T16:35:43","slug":"tapis-de-bain-par-aquasense","status":"publish","type":"product","link":"http:\/\/www.myaquasense.com\/fr\/produits\/tapis-de-bain-par-aquasense\/","title":{"rendered":"Tapis de bain, par AquaSense\u00ae"},"content":{"rendered":"<div id=\"attachment_243\" style=\"width: 310px\" class=\"wp-caption alignright\"><a href=\"\/en\/wp-content\/uploads\/2013\/01\/785-410-Bath-Mat.jpg\"><img loading=\"lazy\" decoding=\"async\" aria-describedby=\"caption-attachment-243\" src=\"\/en\/wp-content\/uploads\/2013\/01\/785-410-Bath-Mat-300x100.jpg\" alt=\"Tapis de bain, par AquaSense\u00ae\" title=\"Tapis de bain, par AquaSense\u00ae\" width=\"300\" height=\"100\" class=\"size-medium wp-image-243\" \/><\/a><p id=\"caption-attachment-243\" class=\"wp-caption-text\"><\/p>\n<div align=\"center\" style=\"line-height:normal;\">Tapis de bain, par AquaSense\u00ae<\/div>\n<p><\/p><\/div>\n<h4>Offre une stabilit\u00e9 accrue, un meilleur contact avec la surface et une meilleure adh\u00e9rence pour plus de s\u00e9curit\u00e9<\/h4>\n<p>91.4 cm x 36 cm (36 po x 14 1\/2 po)<\/p>\n<ul>\n<li>Plus de 300 ventouses actives. Elles offrent une stabilit\u00e9 accrue, un meilleur contact avec la surface et une meilleure adh\u00e9rence pour plus de s\u00e9curit\u00e9<\/li>\n<li>Texture douce et \u00e0 profil bas pour plus de confort en position assise ou debout<\/li>\n<li>Contour profil\u00e9 afin ne va pas bloquer le drain<\/li>\n<li>Conception innovatrice qui permet d&rsquo;installer des si\u00e8ges de baignoire sans compromettre leur stabilit\u00e9<\/li>\n<li>Emballage en cellophane qui prend peu d&rsquo;espace 36 cm x 6 cm x 6 cm (14 frac14; po x 2 3\/8 pox 2 3\/8 po)<\/li>\n<li>Emballage attrayant pour la vente au d\u00e9tail<\/li>\n<li>Lavable \u00e0 la machine<\/li>\n<li>Longueur: 91.4 cm (36 po)<\/li>\n<li>Largeur: 36 cm (14 1\/2 po)<\/li>\n<\/ul>\n<h3>Garantie<\/h3>\n<p>Garantie limit\u00e9e d&rsquo;un an.<\/p>\n<hr>\n<h3>Informations sur le produit<\/h3>\n<p><strong>Tapis de bain AquaSense\u00ae<\/strong><br \/>\n91.4 cm x 36 cm (36 po x 14 1\/2 po)<\/p>\n<p>Offre une stabilit\u00e9 accrue, un meilleur contact avec la surface et une meilleure adh\u00e9rence pour plus de s\u00e9curit\u00e9.<\/p>\n<p><strong>Article no : 785-410<\/strong><\/p>\n<hr>\n<p><strong>Entretien :<\/strong> Utiliser un d\u00e9tergent doux non abrasif qui ne contient pas de javellisant<\/p>\n<p><strong>Veuillez noter :<\/strong> Ce tapis de bain est lavable \u00e0 la machine.<br \/>\nContient du caoutchouc naturel sec.<\/p>\n<div id=\"attachment_244\" style=\"width: 310px\" class=\"wp-caption alignright\"><a href=\"\/en\/wp-content\/uploads\/2013\/01\/785-410BathMat-680.jpg\"><img loading=\"lazy\" decoding=\"async\" aria-describedby=\"caption-attachment-244\" src=\"\/en\/wp-content\/uploads\/2013\/01\/785-410BathMat-680-300x145.jpg\" alt=\"Tapis de bain AquaSense\u00ae\" width=\"300\" height=\"145\" class=\"size-medium wp-image-244\" \/><\/a><p id=\"caption-attachment-244\" class=\"wp-caption-text\"><\/p>\n<div align=\"center\" style=\"line-height:normal;\">Tapis de bain AquaSense\u00ae<\/div>\n<p><\/p><\/div>\n<h3>Commentaires des clients<\/h3>\n<p><strong>Commentaires recueillis sur les cartes d\u2019enregistrement de produits ou lors de l\u2019enregistrement de produits en ligne :<\/strong><\/p>\n<div class=\"review male\"><blockquote><q style=\"background-color:;color:;\"><span class=\"fusion-dropcap dropcap\" style=\"color:#67b7e1;\">\u201c<\/span> tres bon produit .merci. tout simplement on devrait avoir un choix de couleur<br \/>\n&nbsp;<br \/>\n<\/q><\/blockquote><div class=\"author\" style=\"color:;\"><span class=\"testimonial-thumbnail doe\" style=\"color:;\"><\/span><span class=\"company-name\"><strong>Par : Marielle D.   De : laval<\/strong><\/span><\/div><\/div>\n<div class=\"review male\"><blockquote><q style=\"background-color:;color:;\"><span class=\"fusion-dropcap dropcap\" style=\"color:#67b7e1;\">\u201c<\/span> Je teste actuellement sa dur\u00e9e de vie, crit\u00e8re qui m&rsquo;a d\u00e9\u00e7ue chez les concurrents. J&rsquo;appr\u00e9cie le produit actuellement alors j&rsquo;esp\u00e8re qu&rsquo;il sera durable !<br \/>\n&nbsp;<br \/>\n<\/q><\/blockquote><div class=\"author\" style=\"color:;\"><span class=\"testimonial-thumbnail doe\" style=\"color:;\"><\/span><span class=\"company-name\"><strong>Par : Sophie J.  De : Pont-Rouge<\/strong><\/span><\/div><\/div>\n","protected":false},"excerpt":{"rendered":"<p>Offre une stabilit\u00e9 accrue, un meilleur contact avec la surface et une meilleure adh\u00e9rence pour plus de s\u00e9curit\u00e9<\/p>\n<p>91.4 cm x 36 cm (36 po x 14 1\/2 po)<\/p>\n","protected":false},"featured_media":116,"comment_status":"open","ping_status":"closed","template":"","meta":[],"product_cat":[70],"product_tag":[],"class_list":{"0":"post-471","1":"product","2":"type-product","3":"status-publish","4":"has-post-thumbnail","6":"product_cat-tapis-de-bain","8":"first","9":"instock","10":"shipping-taxable","11":"product-type-simple"},"_links":{"self":[{"href":"http:\/\/www.myaquasense.com\/fr\/wp-json\/wp\/v2\/product\/471"}],"collection":[{"href":"http:\/\/www.myaquasense.com\/fr\/wp-json\/wp\/v2\/product"}],"about":[{"href":"http:\/\/www.myaquasense.com\/fr\/wp-json\/wp\/v2\/types\/product"}],"replies":[{"embeddable":true,"href":"http:\/\/www.myaquasense.com\/fr\/wp-json\/wp\/v2\/comments?post=471"}],"wp:featuredmedia":[{"embeddable":true,"href":"http:\/\/www.myaquasense.com\/fr\/wp-json\/wp\/v2\/media\/116"}],"wp:attachment":[{"href":"http:\/\/www.myaquasense.com\/fr\/wp-json\/wp\/v2\/media?parent=471"}],"wp:term":[{"taxonomy":"product_cat","embeddable":true,"href":"http:\/\/www.myaquasense.com\/fr\/wp-json\/wp\/v2\/product_cat?post=471"},{"taxonomy":"product_tag","embeddable":true,"href":"http:\/\/www.myaquasense.com\/fr\/wp-json\/wp\/v2\/product_tag?post=471"}],"curies":[{"name":"wp","href":"https:\/\/api.w.org\/{rel}","templated":true}]}}