{"id":476,"date":"2015-02-16T14:10:28","date_gmt":"2015-02-16T19:10:28","guid":{"rendered":"http:\/\/www.myaquasense.com\/fr\/?post_type=product&#038;p=476"},"modified":"2015-02-16T14:10:28","modified_gmt":"2015-02-16T19:10:28","slug":"tapis-de-bain-avec-guide-de-temperature-par-aquasense","status":"publish","type":"product","link":"http:\/\/www.myaquasense.com\/fr\/produits\/tapis-de-bain-avec-guide-de-temperature-par-aquasense\/","title":{"rendered":"Tapis de bain avec guide de temp\u00e9rature, par AquaSense\u00ae"},"content":{"rendered":"<div id=\"attachment_297\" style=\"width: 310px\" class=\"wp-caption alignright\"><a href=\"\/en\/wp-content\/uploads\/2013\/05\/785-530_alt_1.jpg\"><img loading=\"lazy\" decoding=\"async\" aria-describedby=\"caption-attachment-297\" src=\"\/en\/wp-content\/uploads\/2013\/05\/785-530_alt_1-300x82.jpg\" alt=\"Tapis de bain AquaSense\u00ae avec guide de temp\u00e9rature\" width=\"300\" height=\"82\" class=\"size-medium wp-image-297\" \/><\/a><p id=\"caption-attachment-297\" class=\"wp-caption-text\"><\/p>\n<div align=\"center\" style=\"line-height:normal;\">Tapis de bain AquaSense\u00ae avec guide de temp\u00e9rature<\/div>\n<p><\/p><\/div>\n<h4>Design innovateur combinant s\u00e9curit\u00e9 pour toute la famille avec un guide de temp\u00e9rature et plus encore&#8230;<\/h4>\n<p>80 cm x 40 cm (31,5 po x 15,75 po) <\/p>\n<ul>\n<li><strong>S\u00e9curitaire<\/strong>\n<ul>\n<li>Guide de temp\u00e9rature int\u00e9gr\u00e9 comprenant 9 zones sensibles, vous indiquant si l&rsquo;eau est trop froide, confortable pour vous ou trop chaude.<\/li>\n<li>La pr\u00e9cision du guide de temp\u00e9rature est de 1 degr\u00e9 de la zone indiqu\u00e9e.<\/li>\n<li>Plus de 300 ventouses s&rsquo;agrippent \u00e0 la forme de votre bain, vous offrant ainsi un tapis stable et s\u00e9curitaire pour tous.<\/li>\n<li>Surface douce et textur\u00e9e, \u00e0 profil bas, offrant une bonne prise lorsque vous \u00eates debout.<\/li>\n<\/ul>\n<li><strong>Hygi\u00e9nique<\/strong>\n<ul>\n<li>Une formule antimicrobienne aide \u00e0 contr\u00f4ler la moisissure et les bact\u00e9ries<\/li>\n<\/ul>\n<li><strong>Polyvalent<\/strong>\n<ul>\n<li>Sa conception innovatrice permet d\u2019installer des si\u00e8ges de baignoire sans en compromettre la stabilit\u00e9<\/li>\n<li>Contour des extr\u00e9mit\u00e9s : permet de couvrir une plus grande surface de bain sans en bloquer le drain<\/li>\n<li>Une surface douce et textur\u00e9e, \u00e0 profil bas, offre une bonne prise lorsque vous \u00eates debout<\/li>\n<\/ul>\n<li> Brevet de dessin des \u00c9tats-Unis D562,161,S <br \/>\n  Brevet sur les dessins industriels canadiens no 109698<\/li>\n<\/ul>\n<h3>Garantie<\/h3>\n<p>Garantie limit\u00e9e d&rsquo;un an.<\/p>\n<hr>\n<h3>Informations sur le produit<\/h3>\n<p><strong>Tapis de bain AquaSense\u00ae avec guide de temp\u00e9rature<\/strong><br \/>\n80 cm x 40 cm (31,5 po x 15,75 po)<\/p>\n<p>Design innovateur combinant s\u00e9curit\u00e9 pour toute la famille avec un guide de temp\u00e9rature et plus encore&#8230;<\/p>\n<p><strong>Article no : 785-530<\/strong><\/p>\n<hr>\n<p><strong>Entretien :<\/strong> Utiliser un d\u00e9tergent doux non abrasif qui ne contient pas de javellisant<br \/>\n<strong>Veuillez noter :<\/strong> Contient du caoutchouc naturel sec. <\/p>\n<div class=\"espacedouble\"> <\/div>\n<div id=\"attachment_298\" style=\"width: 280px\" class=\"wp-caption alignright\"><a href=\"\/en\/wp-content\/uploads\/2013\/05\/785-530_M_XL.jpg\"><img loading=\"lazy\" decoding=\"async\" aria-describedby=\"caption-attachment-298\" src=\"\/en\/wp-content\/uploads\/2013\/05\/785-530_M_XL-270x300.jpg\" alt=\"Tapis de bain AquaSense\u00ae avec guide de temp\u00e9rature\" width=\"270\" height=\"300\" class=\"size-medium wp-image-298\" \/><\/a><p id=\"caption-attachment-298\" class=\"wp-caption-text\"><\/p>\n<div align=\"center\" style=\"line-height:normal;\">Tapis de bain AquaSense\u00ae avec guide de temp\u00e9rature<\/div>\n<p><\/p><\/div>\n<h3>Commentaires des clients<\/h3>\n<p><strong>Commentaires recueillis sur les cartes d\u2019enregistrement de produits ou lors de l\u2019enregistrement de produits en ligne :<\/strong><\/p>\n<div class=\"review male\"><blockquote><q style=\"background-color:;color:;\"><span class=\"fusion-dropcap dropcap\" style=\"color:#67b7e1;\">\u201c<\/span> Je suis tres satisfaite de vos produits. Ca nous aide beaucoup pour nous agee de 80 ans handicape. Nous apprecions beaucoup.<br \/>\n<\/q><\/blockquote><div class=\"author\" style=\"color:;\"><span class=\"testimonial-thumbnail doe\" style=\"color:;\"><\/span><span class=\"company-name\"><strong>Par : Claude & Mme Jacquelin G.  De : Lachute<\/strong><\/span><\/div><\/div>\n<div class=\"review male\"><blockquote><q style=\"background-color:;color:;\"><span class=\"fusion-dropcap dropcap\" style=\"color:#67b7e1;\">\u201c<\/span> Tres bien fait.<br \/>\n&nbsp;<br \/>\n<\/q><\/blockquote><div class=\"author\" style=\"color:;\"><span class=\"testimonial-thumbnail doe\" style=\"color:;\"><\/span><span class=\"company-name\"><strong>Par : Georgette O.   De : Sherbrooke<\/strong><\/span><\/div><\/div>\n<div class=\"review male\"><blockquote><q style=\"background-color:;color:;\"><span class=\"fusion-dropcap dropcap\" style=\"color:#67b7e1;\">\u201c<\/span> Excellent produit de securitaire pour personne d un certaqin age tres utile pour ceux avec mobilite reduite due a lage ou accident imprevue<br \/>\n<\/q><\/blockquote><div class=\"author\" style=\"color:;\"><span class=\"testimonial-thumbnail doe\" style=\"color:;\"><\/span><span class=\"company-name\"><strong>Par : thomas b.   De : gatineau<\/strong><\/span><\/div><\/div>\n<div class=\"review male\"><blockquote><q style=\"background-color:;color:;\"><span class=\"fusion-dropcap dropcap\" style=\"color:#67b7e1;\">\u201c<\/span> Facilit\u00e9 d&rsquo;installation. S\u00e9curit\u00e9 accrue en fonction des ventouses et de la longueur du tapis.<br \/>\n<\/q><\/blockquote><div class=\"author\" style=\"color:;\"><span class=\"testimonial-thumbnail doe\" style=\"color:;\"><\/span><span class=\"company-name\"><strong>Par : R\u00e9my B.   De : Trois-Rivi\u00e8res<\/strong><\/span><\/div><\/div>\n<div class=\"review male\"><blockquote><q style=\"background-color:;color:;\"><span class=\"fusion-dropcap dropcap\" style=\"color:#67b7e1;\">\u201c<\/span> Le tapis s&rsquo;est bien fix\u00e9 au bain et est rest\u00e9 bien en place.<br \/>\n&nbsp;<br \/>\n<\/q><\/blockquote><div class=\"author\" style=\"color:;\"><span class=\"testimonial-thumbnail doe\" style=\"color:;\"><\/span><span class=\"company-name\"><strong>Par : H\u00e9l\u00e8ne R.   De : Saint-Georges<\/strong><\/span><\/div><\/div>\n<div class=\"review male\"><blockquote><q style=\"background-color:;color:;\"><span class=\"fusion-dropcap dropcap\" style=\"color:#67b7e1;\">\u201c<\/span> tres bon tapis ne changer rien a sa fabriquation<br \/>\n&nbsp;<br \/>\n<\/q><\/blockquote><div class=\"author\" style=\"color:;\"><span class=\"testimonial-thumbnail doe\" style=\"color:;\"><\/span><span class=\"company-name\"><strong>Par : cecile r.   De : st-paulin<\/strong><\/span><\/div><\/div>\n","protected":false},"excerpt":{"rendered":"<p>Design innovateur combinant s\u00e9curit\u00e9 pour toute la famille avec un guide de temp\u00e9rature et plus encore&#8230;<\/p>\n<p>80 cm x 40 cm (31,5 po x 15,75 po) <\/p>\n","protected":false},"featured_media":477,"comment_status":"open","ping_status":"closed","template":"","meta":[],"product_cat":[70],"product_tag":[],"class_list":{"0":"post-476","1":"product","2":"type-product","3":"status-publish","4":"has-post-thumbnail","6":"product_cat-tapis-de-bain","8":"first","9":"instock","10":"shipping-taxable","11":"product-type-simple"},"_links":{"self":[{"href":"http:\/\/www.myaquasense.com\/fr\/wp-json\/wp\/v2\/product\/476"}],"collection":[{"href":"http:\/\/www.myaquasense.com\/fr\/wp-json\/wp\/v2\/product"}],"about":[{"href":"http:\/\/www.myaquasense.com\/fr\/wp-json\/wp\/v2\/types\/product"}],"replies":[{"embeddable":true,"href":"http:\/\/www.myaquasense.com\/fr\/wp-json\/wp\/v2\/comments?post=476"}],"wp:featuredmedia":[{"embeddable":true,"href":"http:\/\/www.myaquasense.com\/fr\/wp-json\/wp\/v2\/media\/477"}],"wp:attachment":[{"href":"http:\/\/www.myaquasense.com\/fr\/wp-json\/wp\/v2\/media?parent=476"}],"wp:term":[{"taxonomy":"product_cat","embeddable":true,"href":"http:\/\/www.myaquasense.com\/fr\/wp-json\/wp\/v2\/product_cat?post=476"},{"taxonomy":"product_tag","embeddable":true,"href":"http:\/\/www.myaquasense.com\/fr\/wp-json\/wp\/v2\/product_tag?post=476"}],"curies":[{"name":"wp","href":"https:\/\/api.w.org\/{rel}","templated":true}]}}