{"id":479,"date":"2015-02-16T15:17:45","date_gmt":"2015-02-16T20:17:45","guid":{"rendered":"http:\/\/www.myaquasense.com\/fr\/?post_type=product&#038;p=479"},"modified":"2015-02-16T15:17:45","modified_gmt":"2015-02-16T20:17:45","slug":"tapis-de-bain-avec-zones-de-massages-par-aquasense","status":"publish","type":"product","link":"http:\/\/www.myaquasense.com\/fr\/produits\/tapis-de-bain-avec-zones-de-massages-par-aquasense\/","title":{"rendered":"Tapis de bain avec zones de massages, par AquaSense\u00ae"},"content":{"rendered":"<div id=\"attachment_292\" style=\"width: 296px\" class=\"wp-caption alignright\"><a href=\"\/en\/wp-content\/uploads\/2013\/05\/785-500-AquaSense-Bath-mat.jpg\"><img loading=\"lazy\" decoding=\"async\" aria-describedby=\"caption-attachment-292\" src=\"\/en\/wp-content\/uploads\/2013\/05\/785-500-AquaSense-Bath-mat-286x300.jpg\" alt=\"Tapis de bain AquaSense\u00ae avec zones de massages\" width=\"286\" height=\"300\" class=\"size-medium wp-image-292\" \/><\/a><p id=\"caption-attachment-292\" class=\"wp-caption-text\"><\/p>\n<div align=\"center\" style=\"line-height:normal;\">Tapis de bain AquaSense\u00ae avec zones de massages<\/div>\n<p><\/p><\/div>\n<h4>Son design innovateur allie s\u00e9curit\u00e9 pour tous \u00e0 des zones de massages revigorants<\/h4>\n<p>100 x 40 cm (39 x 15,75 po)<\/p>\n<ul>\n<li>Tapis de bain pleine longueur avec zones de massages<\/li>\n<li><strong>S\u00e9curitaire<\/strong><br \/>\n  Plus de 400 ventouses s\u2019agrippent \u00e0 la forme de votre baignoire, vous offrant une prise stable et plus s\u00e9curitaire pour tous.<\/li>\n<li><strong>Hygi\u00e9nique<\/strong><br \/>\n  Une pr\u00e9paration antimicrobienne aide \u00e0 pr\u00e9venir moisissures et bact\u00e9ries. Solidement construit, il se lave aussi \u00e0 la machine.<\/li>\n<li><strong>Polyvalent<\/strong><br \/>\n  Sa conception innovatrice permet d\u2019installer des si\u00e8ges de baignoire sans en compromettre la stabilit\u00e9.<\/li>\n<li>Lavable \u00e0 la machine.<\/li>\n<li>Longueur : 100 cm (39 po)<\/li>\n<li>Largeur : 40 cm (15 3\/4 po)<\/li>\n<li>Brevet sur les dessins industriels canadiens no 109698.<\/li>\n<\/ul>\n<h3>Garantie<\/h3>\n<p>Garantie limit\u00e9e d&rsquo;un an.<\/p>\n<hr>\n<h3>Informations sur le produit<\/h3>\n<p><strong>Tapis de bain AquaSense\u00ae avec zones de massages<\/strong><br \/>\n100 x 40 cm (39 x 15,75 po)<\/p>\n<p>Son design innovateur allie s\u00e9curit\u00e9 pour tous \u00e0 des zones de massages revigorants<\/p>\n<p><strong>Article no : 785-500<\/strong><\/p>\n<hr>\n<p><strong>Entretien :<\/strong> Utiliser un d\u00e9tergent doux non abrasif qui ne contient pas de javellisant.<br \/>\n<strong>Veuillez noter : <\/strong>Ce tapis de bain est lavable \u00e0 la machine.<br \/>\nContient du caoutchouc naturel sec.<\/p>\n<div id=\"attachment_294\" style=\"width: 291px\" class=\"wp-caption alignright\"><a href=\"\/en\/wp-content\/uploads\/2013\/05\/785-500-in-Bath.jpg\"><img loading=\"lazy\" decoding=\"async\" aria-describedby=\"caption-attachment-294\" src=\"\/en\/wp-content\/uploads\/2013\/05\/785-500-in-Bath-281x300.jpg\" alt=\"Tapis de bain AquaSense\u00ae avec zones de massages, dans un bain\" width=\"281\" height=\"300\" class=\"size-medium wp-image-294\" \/><\/a><p id=\"caption-attachment-294\" class=\"wp-caption-text\"><\/p>\n<div align=\"center\" style=\"line-height:normal;\">Tapis de bain AquaSense\u00ae avec zones de massages, dans un bain<\/div>\n<p><\/p><\/div>\n<h3>Commentaires des clients<\/h3>\n<p><strong>Commentaires recueillis sur les cartes d\u2019enregistrement de produits ou lors de l\u2019enregistrement de produits en ligne :<\/strong><\/p>\n<div class=\"review male\"><blockquote><q style=\"background-color:;color:;\"><span class=\"fusion-dropcap dropcap\" style=\"color:#67b7e1;\">\u201c<\/span> je suis tr\u00e8s satisfaite quant \u00e0 la sensation de massage&#8230; surtout pour mes pieds endoloris apr\u00e8s une dure journ\u00e9e de travail.<br \/>\n<\/q><\/blockquote><div class=\"author\" style=\"color:;\"><span class=\"testimonial-thumbnail doe\" style=\"color:;\"><\/span><span class=\"company-name\"><strong>Par : Danelle L.  De : Laval<\/strong><\/span><\/div><\/div>\n<div class=\"review male\"><blockquote><q style=\"background-color:;color:;\"><span class=\"fusion-dropcap dropcap\" style=\"color:#67b7e1;\">\u201c<\/span> succion ferme bonne s\u00e9curit\u00e9 contre les chutes<br \/>\n&nbsp;<br \/>\n<\/q><\/blockquote><div class=\"author\" style=\"color:;\"><span class=\"testimonial-thumbnail doe\" style=\"color:;\"><\/span><span class=\"company-name\"><strong>Par : francine A.  De : otterburn park<\/strong><\/span><\/div><\/div>\n<div class=\"review male\"><blockquote><q style=\"background-color:;color:;\"><span class=\"fusion-dropcap dropcap\" style=\"color:#67b7e1;\">\u201c<\/span> Facilit\u00e9 d&rsquo;installation. S\u00e9curit\u00e9 accrue en fonction des ventouses et de la longueur du tapis.<br \/>\n&nbsp;<br \/>\n<\/q><\/blockquote><div class=\"author\" style=\"color:;\"><span class=\"testimonial-thumbnail doe\" style=\"color:;\"><\/span><span class=\"company-name\"><strong>Par : R\u00e9my B.  De : Trois-Rivi\u00e8res<\/strong><\/span><\/div><\/div>\n<div class=\"review male\"><blockquote><q style=\"background-color:;color:;\"><span class=\"fusion-dropcap dropcap\" style=\"color:#67b7e1;\">\u201c<\/span> Le tapis s&rsquo;est bien fix\u00e9 au bain et est rest\u00e9 bien en place.<br \/>\n&nbsp;<br \/>\n<\/q><\/blockquote><div class=\"author\" style=\"color:;\"><span class=\"testimonial-thumbnail doe\" style=\"color:;\"><\/span><span class=\"company-name\"><strong>Par : H\u00e9l\u00e8ne R.   De : Saint-Georges<\/strong><\/span><\/div><\/div>\n<div class=\"review male\"><blockquote><q style=\"background-color:;color:;\"><span class=\"fusion-dropcap dropcap\" style=\"color:#67b7e1;\">\u201c<\/span> je suis tr\u00e8s satisfait de mon tapis et je vais le recommender a d&rsquo;autre.<br \/>\n&nbsp;<br \/>\n<\/q><\/blockquote><div class=\"author\" style=\"color:;\"><span class=\"testimonial-thumbnail doe\" style=\"color:;\"><\/span><span class=\"company-name\"><strong>Par : martin D.  De : levis<\/strong><\/span><\/div><\/div>\n<div class=\"review male\"><blockquote><q style=\"background-color:;color:;\"><span class=\"fusion-dropcap dropcap\" style=\"color:#67b7e1;\">\u201c<\/span> J&rsquo;ai d\u00e9cid\u00e9 de me procurer ce tapis apr\u00e8s m&rsquo;\u00eatre fractur\u00e9 une c\u00f4te en glissant dans la baignoire. J&rsquo;aurais d\u00fb l&rsquo;acheter avant. Maintenant je n&rsquo;ai plus aucune crainte en prenant une douche. Merci<br \/>\n<\/q><\/blockquote><div class=\"author\" style=\"color:;\"><span class=\"testimonial-thumbnail doe\" style=\"color:;\"><\/span><span class=\"company-name\"><strong>Par : Claudette P.   De : Montr\u00e9al<\/strong><\/span><\/div><\/div>\n","protected":false},"excerpt":{"rendered":"<p>Son design innovateur allie s\u00e9curit\u00e9 pour tous \u00e0 des zones de massages revigorants<\/p>\n<p>100 x 40 cm (39 x 15,75 po)<\/p>\n","protected":false},"featured_media":480,"comment_status":"open","ping_status":"closed","template":"","meta":[],"product_cat":[70],"product_tag":[],"class_list":{"0":"post-479","1":"product","2":"type-product","3":"status-publish","4":"has-post-thumbnail","6":"product_cat-tapis-de-bain","8":"first","9":"instock","10":"shipping-taxable","11":"product-type-simple"},"_links":{"self":[{"href":"http:\/\/www.myaquasense.com\/fr\/wp-json\/wp\/v2\/product\/479"}],"collection":[{"href":"http:\/\/www.myaquasense.com\/fr\/wp-json\/wp\/v2\/product"}],"about":[{"href":"http:\/\/www.myaquasense.com\/fr\/wp-json\/wp\/v2\/types\/product"}],"replies":[{"embeddable":true,"href":"http:\/\/www.myaquasense.com\/fr\/wp-json\/wp\/v2\/comments?post=479"}],"wp:featuredmedia":[{"embeddable":true,"href":"http:\/\/www.myaquasense.com\/fr\/wp-json\/wp\/v2\/media\/480"}],"wp:attachment":[{"href":"http:\/\/www.myaquasense.com\/fr\/wp-json\/wp\/v2\/media?parent=479"}],"wp:term":[{"taxonomy":"product_cat","embeddable":true,"href":"http:\/\/www.myaquasense.com\/fr\/wp-json\/wp\/v2\/product_cat?post=479"},{"taxonomy":"product_tag","embeddable":true,"href":"http:\/\/www.myaquasense.com\/fr\/wp-json\/wp\/v2\/product_tag?post=479"}],"curies":[{"name":"wp","href":"https:\/\/api.w.org\/{rel}","templated":true}]}}