{"id":482,"date":"2015-02-19T12:37:22","date_gmt":"2015-02-19T17:37:22","guid":{"rendered":"http:\/\/www.myaquasense.com\/fr\/?post_type=product&#038;p=482"},"modified":"2015-02-19T12:41:27","modified_gmt":"2015-02-19T17:41:27","slug":"planche-de-bain-avec-poignee","status":"publish","type":"product","link":"http:\/\/www.myaquasense.com\/fr\/produits\/planche-de-bain-avec-poignee\/","title":{"rendered":"Planche de bain avec poign\u00e9e, par AquaSense\u00ae"},"content":{"rendered":"<div id=\"attachment_379\" style=\"width: 310px\" class=\"wp-caption alignright\"><a href=\"\/en\/wp-content\/uploads\/2013\/05\/770-420-box.jpg\"><img loading=\"lazy\" decoding=\"async\" aria-describedby=\"caption-attachment-379\" src=\"\/en\/wp-content\/uploads\/2013\/05\/770-420-box-300x164.jpg\" alt=\"Planche de bain, par AquaSense\u00ae\" width=\"300\" height=\"164\" class=\"size-medium wp-image-379\" \/><\/a><p id=\"caption-attachment-379\" class=\"wp-caption-text\"><\/p>\n<div align=\"center\" style=\"line-height:normal;\">Planche de bain, par AquaSense\u00ae<\/div>\n<p><\/p><\/div>\n<h4>Fournit un appui solide de telle sorte qu&rsquo;on peut entrer et sortir du bain en toute s\u00e9curit\u00e9 en utilisant la planche de bain pour s&rsquo;aider<\/h4>\n<p>Cette planche de bain s\u2019adapte \u00e0 la majorit\u00e9 des baignoires. De design ergonomique, elle s\u2019installe facilement, et sans outils. Elle est munie d\u2019une poign\u00e9e solide pour plus de securit\u00e9. Soutien jusqu\u2019\u00e0 150 kg (330 lbs).<\/p>\n<p>Une planche de bain est une planche de la largeur de la baignoire, qui prend appui sur les deux c\u00f4t\u00e9s de celle-ci. La planche de bain est utilis\u00e9e pour entrer dans la baignoire et en sortir, ainsi que pour s&rsquo;asseoir dessus. Sa texture anti-d\u00e9rapante, sa poign\u00e9e et ses but\u00e9es contre la paroi de la baignoire, aident l&rsquo;utilisateur \u00e0 se sentir en s\u00e9curit\u00e9 au moment du transfert vers le bain ou la salle de bains.<\/p>\n<ul>\n<li>Poign\u00e9e solide pour plus de s\u00e9curit\u00e9  <\/li>\n<li>S&rsquo;ajuste aux baignoires dont la largeur interne est entre 40,6 cm et 68 cm (16 po et 26 \u00be de po)  <\/li>\n<li>Installation facile et rapide, sans outils  <\/li>\n<li>Supporte jusqu&rsquo;\u00e0 150 kg (330 lb)<\/li>\n<\/ul>\n<div class=\"fusion-sep-clear\"><\/div><div class=\"fusion-separator fusion-full-width-sep sep-shadow\" style=\"background:radial-gradient(ellipse at 50% -50% , #e0dede 0px, rgba(255, 255, 255, 0) 80%) repeat scroll 0 0 rgba(0, 0, 0, 0);background:-webkit-radial-gradient(ellipse at 50% -50% , #e0dede 0px, rgba(255, 255, 255, 0) 80%) repeat scroll 0 0 rgba(0, 0, 0, 0);background:-moz-radial-gradient(ellipse at 50% -50% , #e0dede 0px, rgba(255, 255, 255, 0) 80%) repeat scroll 0 0 rgba(0, 0, 0, 0);background:-o-radial-gradient(ellipse at 50% -50% , #e0dede 0px, rgba(255, 255, 255, 0) 80%) repeat scroll 0 0 rgba(0, 0, 0, 0);margin-left: auto;margin-right: auto;margin-top:20px;margin-bottom:20px;\"><\/div>\n<h3>Mode d&#8217;emploi<\/h3>\n<p><a href=\"http:\/\/www.amgmedical.com\/site\/manuals\/770-420ins.pdf\">Manuel d&#8217;emploi pour la Planche de Bain d&rsquo;AquaSense\u00ae (ficheir pdf)<\/a><\/p>\n<div class=\"fusion-sep-clear\"><\/div><div class=\"fusion-separator fusion-full-width-sep sep-shadow\" style=\"background:radial-gradient(ellipse at 50% -50% , #e0dede 0px, rgba(255, 255, 255, 0) 80%) repeat scroll 0 0 rgba(0, 0, 0, 0);background:-webkit-radial-gradient(ellipse at 50% -50% , #e0dede 0px, rgba(255, 255, 255, 0) 80%) repeat scroll 0 0 rgba(0, 0, 0, 0);background:-moz-radial-gradient(ellipse at 50% -50% , #e0dede 0px, rgba(255, 255, 255, 0) 80%) repeat scroll 0 0 rgba(0, 0, 0, 0);background:-o-radial-gradient(ellipse at 50% -50% , #e0dede 0px, rgba(255, 255, 255, 0) 80%) repeat scroll 0 0 rgba(0, 0, 0, 0);margin-left: auto;margin-right: auto;margin-top:20px;margin-bottom:20px;\"><\/div>\n<h3>Garantie<\/h3>\n<p>Garantie limit\u00e9e \u00e0 vie.<\/p>\n<div class=\"fusion-sep-clear\"><\/div><div class=\"fusion-separator fusion-full-width-sep sep-shadow\" style=\"background:radial-gradient(ellipse at 50% -50% , #e0dede 0px, rgba(255, 255, 255, 0) 80%) repeat scroll 0 0 rgba(0, 0, 0, 0);background:-webkit-radial-gradient(ellipse at 50% -50% , #e0dede 0px, rgba(255, 255, 255, 0) 80%) repeat scroll 0 0 rgba(0, 0, 0, 0);background:-moz-radial-gradient(ellipse at 50% -50% , #e0dede 0px, rgba(255, 255, 255, 0) 80%) repeat scroll 0 0 rgba(0, 0, 0, 0);background:-o-radial-gradient(ellipse at 50% -50% , #e0dede 0px, rgba(255, 255, 255, 0) 80%) repeat scroll 0 0 rgba(0, 0, 0, 0);margin-left: auto;margin-right: auto;margin-top:20px;margin-bottom:20px;\"><\/div>\n<h3>Informations sur le produit<\/h3>\n<p><strong>Planche de bain, par AquaSense\u00ae<\/strong><\/p>\n<p>Fournit un appui solide de telle sorte qu&rsquo;on peut entrer et sortir du bain en toute s\u00e9curit\u00e9 en utilisant la planche de bain pour s&rsquo;aider<\/p>\n<p><strong>Article no : 770-420<\/strong><\/p>\n<div class=\"fusion-sep-clear\"><\/div><div class=\"fusion-separator fusion-full-width-sep sep-shadow\" style=\"background:radial-gradient(ellipse at 50% -50% , #e0dede 0px, rgba(255, 255, 255, 0) 80%) repeat scroll 0 0 rgba(0, 0, 0, 0);background:-webkit-radial-gradient(ellipse at 50% -50% , #e0dede 0px, rgba(255, 255, 255, 0) 80%) repeat scroll 0 0 rgba(0, 0, 0, 0);background:-moz-radial-gradient(ellipse at 50% -50% , #e0dede 0px, rgba(255, 255, 255, 0) 80%) repeat scroll 0 0 rgba(0, 0, 0, 0);background:-o-radial-gradient(ellipse at 50% -50% , #e0dede 0px, rgba(255, 255, 255, 0) 80%) repeat scroll 0 0 rgba(0, 0, 0, 0);margin-left: auto;margin-right: auto;margin-top:20px;margin-bottom:20px;\"><\/div>\n&nbsp;<br \/>\n<div id=\"attachment_380\" style=\"width: 690px\" class=\"wp-caption alignnone\"><a href=\"\/en\/wp-content\/uploads\/2013\/05\/770-420-Bath-Board.jpg\"><img loading=\"lazy\" decoding=\"async\" aria-describedby=\"caption-attachment-380\" src=\"\/en\/wp-content\/uploads\/2013\/05\/770-420-Bath-Board.jpg\" alt=\"Planche de bain, par AquaSense\u00ae, install\u00e9e sur le bain\" width=\"680\" height=\"356\" class=\"size-full wp-image-380\" \/><\/a><p id=\"caption-attachment-380\" class=\"wp-caption-text\"><\/p>\n<div align=\"center\" style=\"line-height:normal;\">Planche de bain, par AquaSense\u00ae, install\u00e9e sur le bain<\/div>\n<p><\/p><\/div><\/p>\n","protected":false},"excerpt":{"rendered":"<p>Fournit un appui solide de telle sorte qu&#039;on peut entrer et sortir du bain en toute s\u00e9curit\u00e9 en utilisant la planche de bain pour s&#039;aider<\/p>\n<p>Cette planche de bain s\u2019adapte \u00e0 la majorit\u00e9 des baignoires. De design ergonomique, elle s\u2019installe facilement, et sans outils. Elle est munie d\u2019une poign\u00e9e solide pour plus de securit\u00e9. Soutien jusqu\u2019\u00e0 150 kg (330 lives).<\/p>\n","protected":false},"featured_media":483,"comment_status":"open","ping_status":"closed","template":"","meta":[],"product_cat":[71],"product_tag":[],"class_list":{"0":"post-482","1":"product","2":"type-product","3":"status-publish","4":"has-post-thumbnail","6":"product_cat-sieges-de-bain","8":"first","9":"instock","10":"shipping-taxable","11":"product-type-simple"},"_links":{"self":[{"href":"http:\/\/www.myaquasense.com\/fr\/wp-json\/wp\/v2\/product\/482"}],"collection":[{"href":"http:\/\/www.myaquasense.com\/fr\/wp-json\/wp\/v2\/product"}],"about":[{"href":"http:\/\/www.myaquasense.com\/fr\/wp-json\/wp\/v2\/types\/product"}],"replies":[{"embeddable":true,"href":"http:\/\/www.myaquasense.com\/fr\/wp-json\/wp\/v2\/comments?post=482"}],"wp:featuredmedia":[{"embeddable":true,"href":"http:\/\/www.myaquasense.com\/fr\/wp-json\/wp\/v2\/media\/483"}],"wp:attachment":[{"href":"http:\/\/www.myaquasense.com\/fr\/wp-json\/wp\/v2\/media?parent=482"}],"wp:term":[{"taxonomy":"product_cat","embeddable":true,"href":"http:\/\/www.myaquasense.com\/fr\/wp-json\/wp\/v2\/product_cat?post=482"},{"taxonomy":"product_tag","embeddable":true,"href":"http:\/\/www.myaquasense.com\/fr\/wp-json\/wp\/v2\/product_tag?post=482"}],"curies":[{"name":"wp","href":"https:\/\/api.w.org\/{rel}","templated":true}]}}