{"id":486,"date":"2015-02-19T15:06:06","date_gmt":"2015-02-19T20:06:06","guid":{"rendered":"http:\/\/www.myaquasense.com\/fr\/?post_type=product&#038;p=486"},"modified":"2015-02-19T15:06:06","modified_gmt":"2015-02-19T20:06:06","slug":"tabouret-pour-le-bain-et-pour-la-douche-par-aquasense","status":"publish","type":"product","link":"http:\/\/www.myaquasense.com\/fr\/produits\/tabouret-pour-le-bain-et-pour-la-douche-par-aquasense\/","title":{"rendered":"Tabouret pour le bain et pour la douche, par AquaSense\u00ae"},"content":{"rendered":"<div id=\"attachment_412\" style=\"width: 310px\" class=\"wp-caption alignright\"><a href=\"http:\/\/www.myaquasense.com\/en\/wp-content\/uploads\/2013\/05\/770-514-shower-stool-box.jpg\"><img loading=\"lazy\" decoding=\"async\" aria-describedby=\"caption-attachment-412\" src=\"http:\/\/www.myaquasense.com\/en\/wp-content\/uploads\/2013\/05\/770-514-shower-stool-box-300x278.jpg\" alt=\"Tabouret pour le bain et pour la douche, par AquaSense\u00ae, dans son emballage pour la vente au d\u00e9tail\" width=\"300\" height=\"278\" class=\"size-medium wp-image-412\" \/><\/a><p id=\"caption-attachment-412\" class=\"wp-caption-text\"><\/p>\n<div align=\"center\" style=\"line-height:normal;\">Tabouret pour le bain et pour la douche, par AquaSense\u00ae, dans son emballage pour la vente au d\u00e9tail<\/div>\n<p><\/p><\/div>\n<h4>Si rester debout pendant une p\u00e9riode prolong\u00e9e vous est difficile, un tabouret pour le bain est la solution id\u00e9ale pour vous offrir la s\u00e9curit\u00e9 et le confort, tant dans la douche que dans le bain<\/h4>\n<p>Ce tabouret pour le bain ou pour la douche s&rsquo;ajuste facilement en hauteur. Il est id\u00e9al pour les cabines de douche et pour les baignoires \u00e9troites. Fait en aluminium l\u00e9ger avec si\u00e8ge en plastique moul\u00e9 par soufflage, il est dot\u00e9 d\u2019une surface textur\u00e9e et d\u2019embouts de pattes de s\u00e9curit\u00e9 antid\u00e9rapants en caoutchouc.<\/p>\n<ul>\n<li>Se place pratiquement n&rsquo;importe o\u00f9 ! (dans les cabines de douches ou dans les baignoires \u00e9troites.) \u2013 la place occup\u00e9e n&rsquo;est que de 46 cm x 46 cm (18 po x 18 po).  <\/li>\n<li>R\u00e9glage en hauteur pour un ajustement ad\u00e9quat et confortable: 5 niveaux de r\u00e9glage en hauteur. <\/li>\n<div id=\"attachment_413\" style=\"width: 303px\" class=\"wp-caption alignright\"><a href=\"http:\/\/www.myaquasense.com\/en\/wp-content\/uploads\/2013\/05\/770-514-unit.jpg\"><img loading=\"lazy\" decoding=\"async\" aria-describedby=\"caption-attachment-413\" src=\"http:\/\/www.myaquasense.com\/en\/wp-content\/uploads\/2013\/05\/770-514-unit-293x300.jpg\" alt=\"Tabouret pour le bain et la douche, par AquaSense\u00ae\" width=\"293\" height=\"300\" class=\"size-medium wp-image-413\" \/><\/a><p id=\"caption-attachment-413\" class=\"wp-caption-text\"><\/p>\n<div align=\"center\" style=\"line-height:normal;\">Tabouret pour le bain et la douche, par AquaSense\u00ae<\/div>\n<p><\/p><\/div>\n<li>Espace libre de 38 cm \u00e0 51 cm (15 po \u00e0 20 po). <\/li>\n<li>Surface textur\u00e9e antid\u00e9rapante. <\/li>\n<li>Structure en aluminium r\u00e9sistant \u00e0 la corrosion pour une durabilit\u00e9 accrue. <\/li>\n<li>Embouts en caoutchouc robuste.  <\/li>\n<li>S&rsquo;assemble sans outils : 5 boutons (il peut \u00eatre assembl\u00e9 en 5 minutes). <\/li>\n<li>Petite bo\u00eete avec poign\u00e9e, facile \u00e0 transporter.  <\/li>\n<li>Capacit\u00e9 de poids : 113 kg (250 livres). <\/li>\n<\/ul>\n<div class=\"fusion-sep-clear\"><\/div><div class=\"fusion-separator fusion-full-width-sep sep-shadow\" style=\"background:radial-gradient(ellipse at 50% -50% , #e0dede 0px, rgba(255, 255, 255, 0) 80%) repeat scroll 0 0 rgba(0, 0, 0, 0);background:-webkit-radial-gradient(ellipse at 50% -50% , #e0dede 0px, rgba(255, 255, 255, 0) 80%) repeat scroll 0 0 rgba(0, 0, 0, 0);background:-moz-radial-gradient(ellipse at 50% -50% , #e0dede 0px, rgba(255, 255, 255, 0) 80%) repeat scroll 0 0 rgba(0, 0, 0, 0);background:-o-radial-gradient(ellipse at 50% -50% , #e0dede 0px, rgba(255, 255, 255, 0) 80%) repeat scroll 0 0 rgba(0, 0, 0, 0);margin-left: auto;margin-right: auto;margin-top:20px;margin-bottom:20px;\"><\/div>\n<h3>Garantie<\/h3>\n<p>Garantie limit\u00e9e \u00e0 vie.<\/p>\n<div class=\"fusion-sep-clear\"><\/div><div class=\"fusion-separator fusion-full-width-sep sep-shadow\" style=\"background:radial-gradient(ellipse at 50% -50% , #e0dede 0px, rgba(255, 255, 255, 0) 80%) repeat scroll 0 0 rgba(0, 0, 0, 0);background:-webkit-radial-gradient(ellipse at 50% -50% , #e0dede 0px, rgba(255, 255, 255, 0) 80%) repeat scroll 0 0 rgba(0, 0, 0, 0);background:-moz-radial-gradient(ellipse at 50% -50% , #e0dede 0px, rgba(255, 255, 255, 0) 80%) repeat scroll 0 0 rgba(0, 0, 0, 0);background:-o-radial-gradient(ellipse at 50% -50% , #e0dede 0px, rgba(255, 255, 255, 0) 80%) repeat scroll 0 0 rgba(0, 0, 0, 0);margin-left: auto;margin-right: auto;margin-top:20px;margin-bottom:20px;\"><\/div>\n<h3>Informations sur le produit<\/h3>\n<p><strong>Tabouret pour le bain et pour la douche, par AquaSense\u00ae<\/strong><\/p>\n<p>Si rester debout pendant une p\u00e9riode prolong\u00e9e vous est difficile, un tabouret pour le bain est la solution id\u00e9ale pour vous offrir la s\u00e9curit\u00e9 et le confort, tant dans la douche que dans le bain<\/p>\n<p><strong>Article no : 770-514<\/strong><\/p>\n<div class=\"fusion-sep-clear\"><\/div><div class=\"fusion-separator fusion-full-width-sep sep-shadow\" style=\"background:radial-gradient(ellipse at 50% -50% , #e0dede 0px, rgba(255, 255, 255, 0) 80%) repeat scroll 0 0 rgba(0, 0, 0, 0);background:-webkit-radial-gradient(ellipse at 50% -50% , #e0dede 0px, rgba(255, 255, 255, 0) 80%) repeat scroll 0 0 rgba(0, 0, 0, 0);background:-moz-radial-gradient(ellipse at 50% -50% , #e0dede 0px, rgba(255, 255, 255, 0) 80%) repeat scroll 0 0 rgba(0, 0, 0, 0);background:-o-radial-gradient(ellipse at 50% -50% , #e0dede 0px, rgba(255, 255, 255, 0) 80%) repeat scroll 0 0 rgba(0, 0, 0, 0);margin-left: auto;margin-right: auto;margin-top:20px;margin-bottom:20px;\"><\/div>\n<h3>Commentaires des clients<\/h3>\n<p><strong>Commentaires recueillis sur les cartes d\u2019enregistrement de produits ou lors de l\u2019enregistrement de produits en ligne :<\/strong><\/p>\n<div class=\"review male\"><blockquote><q style=\"background-color:;color:;\"><span class=\"fusion-dropcap dropcap\" style=\"color:#67b7e1;\">\u201c<\/span> le produit est s\u00e9curitaire<br \/>\n&nbsp;<br \/>\n<\/q><\/blockquote><div class=\"author\" style=\"color:;\"><span class=\"testimonial-thumbnail doe\" style=\"color:;\"><\/span><span class=\"company-name\"><strong>Par : Dugas M.  De : Saint-Hippolyte<\/strong><\/span><\/div><\/div>\n<div class=\"review male\"><blockquote><q style=\"background-color:;color:;\"><span class=\"fusion-dropcap dropcap\" style=\"color:#67b7e1;\">\u201c<\/span> Ayant des problems respiratoire, avec le banc cela devient plus facile.<br \/>\n&nbsp;<br \/>\n<\/q><\/blockquote><div class=\"author\" style=\"color:;\"><span class=\"testimonial-thumbnail doe\" style=\"color:;\"><\/span><span class=\"company-name\"><strong>Par : Aline G.   De : Laval<\/strong><\/span><\/div><\/div>\n<div class=\"review male\"><blockquote><q style=\"background-color:;color:;\"><span class=\"fusion-dropcap dropcap\" style=\"color:#67b7e1;\">\u201c<\/span> Tres pratique dans le bain et aussi peut servir ailleurs dans la maison<br \/>\n&nbsp;<br \/>\n<\/q><\/blockquote><div class=\"author\" style=\"color:;\"><span class=\"testimonial-thumbnail doe\" style=\"color:;\"><\/span><span class=\"company-name\"><strong>Par : Estelle S.   De : rawdon<\/strong><\/span><\/div><\/div>\n<div class=\"review male\"><blockquote><q style=\"background-color:;color:;\"><span class=\"fusion-dropcap dropcap\" style=\"color:#67b7e1;\">\u201c<\/span> Je le trouve joli, pratique et pas trop gros. Ne prend pas beaucoup de place dans la baignoire.<br \/>\n&nbsp;<br \/>\n<\/q><\/blockquote><div class=\"author\" style=\"color:;\"><span class=\"testimonial-thumbnail doe\" style=\"color:;\"><\/span><span class=\"company-name\"><strong>Par : Pierrette Y.   De : Montreal<\/strong><\/span><\/div><\/div>\n<div class=\"review male\"><blockquote><q style=\"background-color:;color:;\"><span class=\"fusion-dropcap dropcap\" style=\"color:#67b7e1;\">\u201c<\/span> Tres belle apparence et desing.<br \/>\n&nbsp;<br \/>\n<\/q><\/blockquote><div class=\"author\" style=\"color:;\"><span class=\"testimonial-thumbnail doe\" style=\"color:;\"><\/span><span class=\"company-name\"><strong>Par : Liette H.  De : Montreal<\/strong><\/span><\/div><\/div>\n<div class=\"review male\"><blockquote><q style=\"background-color:;color:;\"><span class=\"fusion-dropcap dropcap\" style=\"color:#67b7e1;\">\u201c<\/span> Pratique, securitaire et moins encombrant que le siege de baignoire.<br \/>\n&nbsp;<br \/>\n<\/q><\/blockquote><div class=\"author\" style=\"color:;\"><span class=\"testimonial-thumbnail doe\" style=\"color:;\"><\/span><span class=\"company-name\"><strong>Par : Raymonde D.   De : Outremont (Montreal)<\/strong><\/span><\/div><\/div>\n<div class=\"review male\"><blockquote><q style=\"background-color:;color:;\"><span class=\"fusion-dropcap dropcap\" style=\"color:#67b7e1;\">\u201c<\/span> Facile a assemble, pas encombrant, 2 hauteurs, leger, solide, tres utile dans tou la maison. Merci<br \/>\n&nbsp;<br \/>\n<\/q><\/blockquote><div class=\"author\" style=\"color:;\"><span class=\"testimonial-thumbnail doe\" style=\"color:;\"><\/span><span class=\"company-name\"><strong>Par : Charles Edouard P.   De : Montreal<\/strong><\/span><\/div><\/div>\n<div class=\"fusion-sep-clear\"><\/div><div class=\"fusion-separator fusion-full-width-sep sep-shadow\" style=\"background:radial-gradient(ellipse at 50% -50% , #e0dede 0px, rgba(255, 255, 255, 0) 80%) repeat scroll 0 0 rgba(0, 0, 0, 0);background:-webkit-radial-gradient(ellipse at 50% -50% , #e0dede 0px, rgba(255, 255, 255, 0) 80%) repeat scroll 0 0 rgba(0, 0, 0, 0);background:-moz-radial-gradient(ellipse at 50% -50% , #e0dede 0px, rgba(255, 255, 255, 0) 80%) repeat scroll 0 0 rgba(0, 0, 0, 0);background:-o-radial-gradient(ellipse at 50% -50% , #e0dede 0px, rgba(255, 255, 255, 0) 80%) repeat scroll 0 0 rgba(0, 0, 0, 0);margin-left: auto;margin-right: auto;margin-top:20px;margin-bottom:20px;\"><\/div>\n<p>&nbsp;<br \/>\n<div id=\"attachment_414\" style=\"width: 690px\" class=\"wp-caption alignnone\"><a href=\"http:\/\/www.myaquasense.com\/en\/wp-content\/uploads\/2013\/05\/770-514-in-shower.jpg\"><img loading=\"lazy\" decoding=\"async\" aria-describedby=\"caption-attachment-414\" src=\"http:\/\/www.myaquasense.com\/en\/wp-content\/uploads\/2013\/05\/770-514-in-shower.jpg\" alt=\"Tabouret pour le bain et la douche, par AquaSense\u00ae, dans une baingnoire\" width=\"680\" height=\"425\" class=\"size-full wp-image-414\" \/><\/a><p id=\"caption-attachment-414\" class=\"wp-caption-text\"><\/p>\n<div align=\"center\" style=\"line-height:normal;\">Tabouret pour le bain et la douche, par AquaSense\u00ae, dans une baingnoire<\/div>\n<p><\/p><\/div><\/p>\n","protected":false},"excerpt":{"rendered":"<p>Si rester debout pendant une p\u00e9riode prolong\u00e9e vous est difficile, un tabouret pour le bain est la solution id\u00e9ale pour vous offrir la s\u00e9curit\u00e9 et le confort, tant dans la douche que dans le bain<\/p>\n<p>Ce tabouret pour le bain ou pour la douche s&rsquo;ajuste facilement en hauteur. Il est id\u00e9al pour les cabines de douche et pour les baignoires \u00e9troites. Fait en aluminium l\u00e9ger avec si\u00e8ge en plastique moul\u00e9 par soufflage, il est dot\u00e9 d\u2019une surface textur\u00e9e et d\u2019embouts de pattes de s\u00e9curit\u00e9 antid\u00e9rapants en caoutchouc.<\/p>\n","protected":false},"featured_media":487,"comment_status":"open","ping_status":"closed","template":"","meta":[],"product_cat":[71],"product_tag":[],"class_list":{"0":"post-486","1":"product","2":"type-product","3":"status-publish","4":"has-post-thumbnail","6":"product_cat-sieges-de-bain","8":"first","9":"instock","10":"shipping-taxable","11":"product-type-simple"},"_links":{"self":[{"href":"http:\/\/www.myaquasense.com\/fr\/wp-json\/wp\/v2\/product\/486"}],"collection":[{"href":"http:\/\/www.myaquasense.com\/fr\/wp-json\/wp\/v2\/product"}],"about":[{"href":"http:\/\/www.myaquasense.com\/fr\/wp-json\/wp\/v2\/types\/product"}],"replies":[{"embeddable":true,"href":"http:\/\/www.myaquasense.com\/fr\/wp-json\/wp\/v2\/comments?post=486"}],"wp:featuredmedia":[{"embeddable":true,"href":"http:\/\/www.myaquasense.com\/fr\/wp-json\/wp\/v2\/media\/487"}],"wp:attachment":[{"href":"http:\/\/www.myaquasense.com\/fr\/wp-json\/wp\/v2\/media?parent=486"}],"wp:term":[{"taxonomy":"product_cat","embeddable":true,"href":"http:\/\/www.myaquasense.com\/fr\/wp-json\/wp\/v2\/product_cat?post=486"},{"taxonomy":"product_tag","embeddable":true,"href":"http:\/\/www.myaquasense.com\/fr\/wp-json\/wp\/v2\/product_tag?post=486"}],"curies":[{"name":"wp","href":"https:\/\/api.w.org\/{rel}","templated":true}]}}