{"id":489,"date":"2015-02-19T15:14:35","date_gmt":"2015-02-19T20:14:35","guid":{"rendered":"http:\/\/www.myaquasense.com\/fr\/?post_type=product&#038;p=489"},"modified":"2015-02-19T15:15:58","modified_gmt":"2015-02-19T20:15:58","slug":"sieges-de-baignoire-ajustables-sans-dossier-par-aquasense","status":"publish","type":"product","link":"http:\/\/www.myaquasense.com\/fr\/produits\/sieges-de-baignoire-ajustables-sans-dossier-par-aquasense\/","title":{"rendered":"Si\u00e8ges de baignoire ajustables, sans dossier, par AquaSense\u00ae"},"content":{"rendered":"<div id=\"attachment_434\" style=\"width: 181px\" class=\"wp-caption alignright\"><a href=\"\/en\/wp-content\/uploads\/2013\/06\/770-500-box.jpg\"><img loading=\"lazy\" decoding=\"async\" aria-describedby=\"caption-attachment-434\" src=\"\/en\/wp-content\/uploads\/2013\/06\/770-500-box-171x300.jpg\" alt=\"Si\u00e8ge de baignoire ajustable avec dossier, blanc, par AquaSense\u00ae, bo\u00eete pour la vente au d\u00e9tail\" width=\"171\" height=\"300\" class=\"size-medium wp-image-434\" \/><\/a><p id=\"caption-attachment-434\" class=\"wp-caption-text\"><\/p>\n<div align=\"center\" style=\"line-height:normal;\">Si\u00e8ge de baignoire ajustable avec dossier, blanc, par AquaSense\u00ae, bo\u00eete pour la vente au d\u00e9tail<\/div>\n<p><\/p><\/div>\n<h4>Con\u00e7u pour offrir un soutien et un confort accrus lors du bain ou de la douche.<\/h4>\n<p>Ce si\u00e8ge pour le bain ou la douche est fabriqu\u00e9 en aluminium l\u00e9ger. Le si\u00e8ge est en plastique moul\u00e9 par soufflage. Celui-ci offre une surface textur\u00e9e avec des trous de drainage et est muni de poign\u00e9es int\u00e9gr\u00e9es au si\u00e8ge. Les embouts de pattes de s\u00e9curit\u00e9 sont antid\u00e9rapants et fabriqu\u00e9s en caoutchouc. Le si\u00e8ge est ajustable en hauteur.<\/p>\n<ul>\n<li>Ajustable en hauteur pour plus de confort. 8 niveaux d&rsquo;ajustement, de 36 cm \u00e0 53 cm (14 po \u00e0 21 po) <\/li>\n<li>Grandeur du si\u00e8ge : 53 cm x 30,5 cm (20 po x 12 po) <\/li>\n<li>Surface textur\u00e9e qui aide \u00e0 ne pas glisser <\/li>\n<li>Fabriqu\u00e9 en aluminium l\u00e9ger qui r\u00e9siste \u00e0 la corrosion <\/li>\n<li>Embouts de pattes de s\u00e9curit\u00e9 antid\u00e9rapants &#8211; sans latex <\/li>\n<li>Assemblage facile sans outils : 5 boutons bleus <\/li>\n<li>Capacit\u00e9 de poids : 136 kg (300 livres) <\/li>\n<\/ul>\n<div class=\"fusion-sep-clear\"><\/div><div class=\"fusion-separator fusion-full-width-sep sep-shadow\" style=\"background:radial-gradient(ellipse at 50% -50% , #e0dede 0px, rgba(255, 255, 255, 0) 80%) repeat scroll 0 0 rgba(0, 0, 0, 0);background:-webkit-radial-gradient(ellipse at 50% -50% , #e0dede 0px, rgba(255, 255, 255, 0) 80%) repeat scroll 0 0 rgba(0, 0, 0, 0);background:-moz-radial-gradient(ellipse at 50% -50% , #e0dede 0px, rgba(255, 255, 255, 0) 80%) repeat scroll 0 0 rgba(0, 0, 0, 0);background:-o-radial-gradient(ellipse at 50% -50% , #e0dede 0px, rgba(255, 255, 255, 0) 80%) repeat scroll 0 0 rgba(0, 0, 0, 0);margin-left: auto;margin-right: auto;margin-top:20px;margin-bottom:20px;\"><\/div>\n<h3>Mode d&#8217;emploi<\/h3>\n<p><a href=\"http:\/\/www.amgmedical.com\/site\/Manuals\/770-500a_ins.pdf\" target=\"_blank\">Pour le Si\u00e8ge de baignoire ajustable, sans dossier, par AquaSense\u00ae (fichier pdf)<\/a><\/p>\n<h3>Diagrammes d&rsquo;assemblage et listes de localisations des pi\u00e8ces<\/h3>\n<p><a href=\"http:\/\/www.amgmedical.com\/site\/parts\/770-500R1af.pdf\" target=\"_blank\">Pour le Si\u00e8ge de baignoire ajustable mod\u00e8le 770-500, Blanc, par AquaSense\u00ae (fichier pdf)<\/a><br \/>\n<a href=\"http:\/\/www.amgmedical.com\/site\/parts\/770-506R1f.pdf\" target=\"_blank\">Pour le Si\u00e8ge de baignoire ajustable mod\u00e8le 770-506, Bleu, par AquaSense\u00ae (fichier pdf)<\/a><br \/>\n<a href=\"http:\/\/www.amgmedical.com\/site\/parts\/770-507R1f.pdf\" target=\"_blank\">Pour le Si\u00e8ge de baignoire ajustable mod\u00e8le 770-507, Jaune, par AquaSense\u00ae (fichier pdf)<\/a><br \/>\n<a href=\"http:\/\/www.amgmedical.com\/site\/parts\/770-508R1f.pdf\" target=\"_blank\">Pour le Si\u00e8ge de baignoire ajustable mod\u00e8le 770-508, Taupe, par AquaSense\u00ae (fichier pdf)<\/a><\/p>\n<div class=\"fusion-sep-clear\"><\/div><div class=\"fusion-separator fusion-full-width-sep sep-shadow\" style=\"background:radial-gradient(ellipse at 50% -50% , #e0dede 0px, rgba(255, 255, 255, 0) 80%) repeat scroll 0 0 rgba(0, 0, 0, 0);background:-webkit-radial-gradient(ellipse at 50% -50% , #e0dede 0px, rgba(255, 255, 255, 0) 80%) repeat scroll 0 0 rgba(0, 0, 0, 0);background:-moz-radial-gradient(ellipse at 50% -50% , #e0dede 0px, rgba(255, 255, 255, 0) 80%) repeat scroll 0 0 rgba(0, 0, 0, 0);background:-o-radial-gradient(ellipse at 50% -50% , #e0dede 0px, rgba(255, 255, 255, 0) 80%) repeat scroll 0 0 rgba(0, 0, 0, 0);margin-left: auto;margin-right: auto;margin-top:20px;margin-bottom:20px;\"><\/div>\n<h3>Garantie<\/h3>\n<p>Garantie limit\u00e9e \u00e0 vie.<\/p>\n<div class=\"fusion-sep-clear\"><\/div><div class=\"fusion-separator fusion-full-width-sep sep-shadow\" style=\"background:radial-gradient(ellipse at 50% -50% , #e0dede 0px, rgba(255, 255, 255, 0) 80%) repeat scroll 0 0 rgba(0, 0, 0, 0);background:-webkit-radial-gradient(ellipse at 50% -50% , #e0dede 0px, rgba(255, 255, 255, 0) 80%) repeat scroll 0 0 rgba(0, 0, 0, 0);background:-moz-radial-gradient(ellipse at 50% -50% , #e0dede 0px, rgba(255, 255, 255, 0) 80%) repeat scroll 0 0 rgba(0, 0, 0, 0);background:-o-radial-gradient(ellipse at 50% -50% , #e0dede 0px, rgba(255, 255, 255, 0) 80%) repeat scroll 0 0 rgba(0, 0, 0, 0);margin-left: auto;margin-right: auto;margin-top:20px;margin-bottom:20px;\"><\/div>\n<h3>Informations sur le produit<\/h3>\n<p><strong>Si\u00e8ges de baignoire ajustable avec dossier, par AquaSense\u00ae<\/strong><\/p>\n<p>Con\u00e7us pour offrir un soutien et un confort accrus lors du bain ou de la douche.<br \/>\n<div class=\"fusion-one-half fusion-layout-column fusion-spacing-yes\" style=\"margin-top:0px;margin-bottom:20px;\"><div class=\"fusion-column-wrapper\">\n<div class=\"espaceapres\" style=\"margin-bottom:26px;\"> <\/div>\n<p><img loading=\"lazy\" decoding=\"async\" src=\"\/en\/wp-content\/uploads\/2013\/05\/770-500-s.jpg\" alt=\"Si\u00e8ge de baignoire ajustable, blanc\" title=\"Si\u00e8ge de baignoire ajustable, blanc\" width=\"100\" height=\"100\" class=\"imagesgauche\"><\/p>\n<p>Couleur : Blanc<br \/>\n<strong>Article no : 770-500<\/strong><\/p>\n<div class=\"espaceapres\" style=\"margin-bottom:78px;\"> <\/div>\n<p><img loading=\"lazy\" decoding=\"async\" src=\"\/en\/wp-content\/uploads\/2013\/05\/770-506-s.jpg\" alt=\"Si\u00e8ge de baignoire ajustable, bleu\" title=\"Si\u00e8ge de baignoire ajustable, bleu\" width=\"100\" height=\"100\" class=\"imagesgauche\"><\/p>\n<p>Couleur : Bleu<br \/>\n<strong>Article no : 770-506<\/strong><br \/>\n<div class=\"fusion-clearfix\"><\/div><\/div><\/div>\n<div class=\"fusion-one-half fusion-layout-column fusion-column-last fusion-spacing-yes\" style=\"margin-top:0px;margin-bottom:20px;\"><div class=\"fusion-column-wrapper\">\n<p><img loading=\"lazy\" decoding=\"async\" src=\"\/en\/wp-content\/uploads\/2013\/05\/770-507-s.jpg\" alt=\"Si\u00e8ge de baignoire ajustable, jaune\" title=\"Si\u00e8ge de baignoire ajustable, jaune\" width=\"100\" height=\"100\" class=\"imagesgauche\"><\/p>\n<p>Couleur : Jaune<br \/>\n<strong>Article no : 770-507<\/strong><\/p>\n<div class=\"espaceapres\" style=\"margin-bottom:78px;\"> <\/div>\n<p><img loading=\"lazy\" decoding=\"async\" src=\"\/en\/wp-content\/uploads\/2013\/05\/770-508-s.jpg\" alt=\"Si\u00e8ge de baignoire ajustable, Taupe\" title=\"Si\u00e8ge de baignoire ajustable, Taupe\" width=\"100\" height=\"100\" class=\"imagesgauche\"><\/p>\n<p>Couleur : Taupe<br \/>\n<strong>Article no : 770-508<\/strong><br \/>\n<div class=\"fusion-clearfix\"><\/div><\/div><\/div><div class=\"fusion-clearfix\"><\/div>\n<div class=\"fusion-sep-clear\"><\/div><div class=\"fusion-separator fusion-full-width-sep sep-shadow\" style=\"background:radial-gradient(ellipse at 50% -50% , #e0dede 0px, rgba(255, 255, 255, 0) 80%) repeat scroll 0 0 rgba(0, 0, 0, 0);background:-webkit-radial-gradient(ellipse at 50% -50% , #e0dede 0px, rgba(255, 255, 255, 0) 80%) repeat scroll 0 0 rgba(0, 0, 0, 0);background:-moz-radial-gradient(ellipse at 50% -50% , #e0dede 0px, rgba(255, 255, 255, 0) 80%) repeat scroll 0 0 rgba(0, 0, 0, 0);background:-o-radial-gradient(ellipse at 50% -50% , #e0dede 0px, rgba(255, 255, 255, 0) 80%) repeat scroll 0 0 rgba(0, 0, 0, 0);margin-left: auto;margin-right: auto;margin-top:20px;margin-bottom:20px;\"><\/div>\n<p>&nbsp;<br \/>\n<div id=\"attachment_427\" style=\"width: 690px\" class=\"wp-caption alignnone\"><a href=\"\/en\/wp-content\/uploads\/2013\/05\/770-500-with-colors.jpg\"><img loading=\"lazy\" decoding=\"async\" aria-describedby=\"caption-attachment-427\" src=\"\/en\/wp-content\/uploads\/2013\/05\/770-500-with-colors.jpg\" alt=\"Si\u00e8ge de baignoire ajustable, par AquaSense\u00ae\u00ae\" width=\"680\" height=\"329\" class=\"size-full wp-image-329\" \/><\/a><p id=\"caption-attachment-427\" class=\"wp-caption-text\"><\/p>\n<div align=\"center\" style=\"line-height:normal;\">Si\u00e8ge de baignoire ajustable, par AquaSense\u00ae<\/div>\n<p><\/p><\/div><\/p>\n","protected":false},"excerpt":{"rendered":"<p>Con\u00e7u pour offrir un soutien et un confort accrus lors du bain ou de la douche.<\/p>\n<p>Ce si\u00e8ge pour le bain ou la douche est fabriqu\u00e9 en aluminium l\u00e9ger. Le si\u00e8ge est en plastique moul\u00e9 par soufflage. Celui-ci offre une surface textur\u00e9e avec des trous de drainage et est muni de poign\u00e9es int\u00e9gr\u00e9es au si\u00e8ge. Les embouts de pattes de s\u00e9curit\u00e9 sont antid\u00e9rapants et fabriqu\u00e9s en caoutchouc. Le si\u00e8ge est ajustable en hauteur.<\/p>\n","protected":false},"featured_media":490,"comment_status":"open","ping_status":"closed","template":"","meta":[],"product_cat":[71],"product_tag":[],"class_list":{"0":"post-489","1":"product","2":"type-product","3":"status-publish","4":"has-post-thumbnail","6":"product_cat-sieges-de-bain","8":"first","9":"instock","10":"shipping-taxable","11":"product-type-simple"},"_links":{"self":[{"href":"http:\/\/www.myaquasense.com\/fr\/wp-json\/wp\/v2\/product\/489"}],"collection":[{"href":"http:\/\/www.myaquasense.com\/fr\/wp-json\/wp\/v2\/product"}],"about":[{"href":"http:\/\/www.myaquasense.com\/fr\/wp-json\/wp\/v2\/types\/product"}],"replies":[{"embeddable":true,"href":"http:\/\/www.myaquasense.com\/fr\/wp-json\/wp\/v2\/comments?post=489"}],"wp:featuredmedia":[{"embeddable":true,"href":"http:\/\/www.myaquasense.com\/fr\/wp-json\/wp\/v2\/media\/490"}],"wp:attachment":[{"href":"http:\/\/www.myaquasense.com\/fr\/wp-json\/wp\/v2\/media?parent=489"}],"wp:term":[{"taxonomy":"product_cat","embeddable":true,"href":"http:\/\/www.myaquasense.com\/fr\/wp-json\/wp\/v2\/product_cat?post=489"},{"taxonomy":"product_tag","embeddable":true,"href":"http:\/\/www.myaquasense.com\/fr\/wp-json\/wp\/v2\/product_tag?post=489"}],"curies":[{"name":"wp","href":"https:\/\/api.w.org\/{rel}","templated":true}]}}