{"id":493,"date":"2015-02-19T15:27:04","date_gmt":"2015-02-19T20:27:04","guid":{"rendered":"http:\/\/www.myaquasense.com\/fr\/?post_type=product&#038;p=493"},"modified":"2015-02-19T15:27:24","modified_gmt":"2015-02-19T20:27:24","slug":"sieges-de-baignoire-ajustables-avec-dossier","status":"publish","type":"product","link":"http:\/\/www.myaquasense.com\/fr\/produits\/sieges-de-baignoire-ajustables-avec-dossier\/","title":{"rendered":"Si\u00e8ges de baignoire ajustables, avec dossier, par AquaSense\u00ae"},"content":{"rendered":"<div id=\"attachment_426\" style=\"width: 225px\" class=\"wp-caption alignright\"><a href=\"\/en\/wp-content\/uploads\/2013\/05\/770-510-box.jpg\"><img loading=\"lazy\" decoding=\"async\" aria-describedby=\"caption-attachment-426\" src=\"\/en\/wp-content\/uploads\/2013\/05\/770-510-box-215x300.jpg\" alt=\"Si\u00e8ge de baignoire ajustable avec dossier, de couleur blanche, par AquaSense\u00ae, dans son emballage\" width=\"215\" height=\"300\" class=\"size-medium wp-image-426\" \/><\/a><p id=\"caption-attachment-426\" class=\"wp-caption-text\"><\/p>\n<div align=\"center\" style=\"line-height:normal;\">Si\u00e8ge de baignoire ajustable avec dossier, de couleur blanche, par AquaSense\u00ae, dans son emballage<\/div>\n<p><\/p><\/div>\n<h4>Offre confort et s\u00e9curit\u00e9 lors de la douche ou du bain.<\/h4>\n<p>Le si\u00e8ge de baignoire ajustable avec dossier, par AquaSense\u00ae offre confort et s\u00e9curit\u00e9 lors de la douche ou du bain. Le ch\u00e2ssis est fabriqu\u00e9 en aluminium l\u00e9ger tandis que le si\u00e8ge et le dossier sont en plastique moul\u00e9 par soufflage.<\/p>\n<p>Ce si\u00e8ge de baignoire offre une surface textur\u00e9e, de larges trous de drainage, des poign\u00e9es int\u00e9gr\u00e9es au si\u00e8ge et au dossier et des embouts de pattes de s\u00e9curit\u00e9 antid\u00e9rapants en caoutchouc. Le si\u00e8ge est ajustable en hauteur.<\/p>\n<ul>\n<li>Ajustable en hauteur pour plus de confort. 8 niveaux d&rsquo;ajustement, de 36 cm \u00e0 53 cm (14 po \u00e0 21 po) <\/li>\n<li>Grandeur du si\u00e8ge : 51 cm x 30,5 cm (20 po x 12 po) <\/li>\n<li>Grandeur du dossier : 51 cm x 30,5 cm (20 po x 12 po) <\/li>\n<li>Surface textur\u00e9e qui aide \u00e0 ne pas glisser <\/li>\n<li>Fabriqu\u00e9 en aluminium l\u00e9ger qui r\u00e9siste \u00e0 la corrosion <\/li>\n<li>Embouts de pattes de s\u00e9curit\u00e9 antid\u00e9rapants &#8211; sans latex <\/li>\n<li>Assemblage facile sans outils : 9 boutons bleus <\/li>\n<li>Capacit\u00e9 de poids : 136 kg (300 livres) <\/li>\n<\/ul>\n<div class=\"fusion-sep-clear\"><\/div><div class=\"fusion-separator fusion-full-width-sep sep-shadow\" style=\"background:radial-gradient(ellipse at 50% -50% , #e0dede 0px, rgba(255, 255, 255, 0) 80%) repeat scroll 0 0 rgba(0, 0, 0, 0);background:-webkit-radial-gradient(ellipse at 50% -50% , #e0dede 0px, rgba(255, 255, 255, 0) 80%) repeat scroll 0 0 rgba(0, 0, 0, 0);background:-moz-radial-gradient(ellipse at 50% -50% , #e0dede 0px, rgba(255, 255, 255, 0) 80%) repeat scroll 0 0 rgba(0, 0, 0, 0);background:-o-radial-gradient(ellipse at 50% -50% , #e0dede 0px, rgba(255, 255, 255, 0) 80%) repeat scroll 0 0 rgba(0, 0, 0, 0);margin-left: auto;margin-right: auto;margin-top:20px;margin-bottom:20px;\"><\/div>\n<h3>Mode d&#8217;emploi<\/h3>\n<p><a href=\"http:\/\/www.amgmedical.com\/site\/Manuals\/770-510a_ins.pdf\">Pour le Si\u00e8ge de baignoire ajustable avec dossier, par AquaSense\u00ae (fichier pdf)<\/a><\/p>\n<h3>Diagrammes d&rsquo;assemblage et listes de localisations des pi\u00e8ces (fichiers pdf)<\/h3>\n<p><a href=\"http:\/\/www.amgmedical.com\/site\/parts\/770-510R2f.pdf\">Pour le Si\u00e8ge de baignoire ajustable avec dossier, Blanc ; article no 770-510 (fichier pdf)<\/a><br \/>\n<a href=\"http:\/\/www.amgmedical.com\/site\/parts\/770-516R1f.pdf\">Pour le Si\u00e8ge de baignoire ajustable avec dossier, Bleu ; article no 770-516 (fichier pdf)<\/a><br \/>\n<a href=\"http:\/\/www.amgmedical.com\/site\/parts\/770-517R1f.pdf\">Pour le Si\u00e8ge de baignoire ajustable avec dossier, Jaune ; article no 770-517 (fichier pdf)<\/a><br \/>\n<a href=\"http:\/\/www.amgmedical.com\/site\/parts\/770-518R1f.pdf\">Pour le Si\u00e8ge de baignoire ajustable avec dossier, Taupe; article no 770-518 (fichier pdf)<\/a><\/p>\n<div class=\"fusion-sep-clear\"><\/div><div class=\"fusion-separator fusion-full-width-sep sep-shadow\" style=\"background:radial-gradient(ellipse at 50% -50% , #e0dede 0px, rgba(255, 255, 255, 0) 80%) repeat scroll 0 0 rgba(0, 0, 0, 0);background:-webkit-radial-gradient(ellipse at 50% -50% , #e0dede 0px, rgba(255, 255, 255, 0) 80%) repeat scroll 0 0 rgba(0, 0, 0, 0);background:-moz-radial-gradient(ellipse at 50% -50% , #e0dede 0px, rgba(255, 255, 255, 0) 80%) repeat scroll 0 0 rgba(0, 0, 0, 0);background:-o-radial-gradient(ellipse at 50% -50% , #e0dede 0px, rgba(255, 255, 255, 0) 80%) repeat scroll 0 0 rgba(0, 0, 0, 0);margin-left: auto;margin-right: auto;margin-top:20px;margin-bottom:20px;\"><\/div>\n<h3>Garantie<\/h3>\n<p>Garantie limit\u00e9e \u00e0 vie.<\/p>\n<div class=\"fusion-sep-clear\"><\/div><div class=\"fusion-separator fusion-full-width-sep sep-shadow\" style=\"background:radial-gradient(ellipse at 50% -50% , #e0dede 0px, rgba(255, 255, 255, 0) 80%) repeat scroll 0 0 rgba(0, 0, 0, 0);background:-webkit-radial-gradient(ellipse at 50% -50% , #e0dede 0px, rgba(255, 255, 255, 0) 80%) repeat scroll 0 0 rgba(0, 0, 0, 0);background:-moz-radial-gradient(ellipse at 50% -50% , #e0dede 0px, rgba(255, 255, 255, 0) 80%) repeat scroll 0 0 rgba(0, 0, 0, 0);background:-o-radial-gradient(ellipse at 50% -50% , #e0dede 0px, rgba(255, 255, 255, 0) 80%) repeat scroll 0 0 rgba(0, 0, 0, 0);margin-left: auto;margin-right: auto;margin-top:20px;margin-bottom:20px;\"><\/div>\n<h3>Informations sur le produit<\/h3>\n<p><strong>Si\u00e8ge de baignoire ajustable avec dossier, par AquaSense\u00ae<\/strong><\/p>\n<p>Offre confort et s\u00e9curit\u00e9 lors de la douche ou du bain..<br \/>\n<div class=\"fusion-one-half fusion-layout-column fusion-spacing-yes\" style=\"margin-top:0px;margin-bottom:20px;\"><div class=\"fusion-column-wrapper\">\n<div class=\"espaceapres\" style=\"margin-bottom:26px;\"> <\/div>\n<p><img loading=\"lazy\" decoding=\"async\" src=\"\/en\/wp-content\/uploads\/2013\/05\/770-510-s.jpg\" alt=\"Si\u00e8ge de baignoire ajustable avec dossier, par AquaSense\u00ae, Blanc\" title=\"Si\u00e8ge de baignoire ajustable avec dossier, par AquaSense\u00ae, Blanc\" width=\"100\" height=\"100\" class=\"imagesgauche\"><\/p>\n<p>Couleur : Blanc<br \/>\n<strong>Article no : 770-510<\/strong><\/p>\n<div class=\"espaceapres\" style=\"margin-bottom:78px;\"> <\/div>\n<p><img loading=\"lazy\" decoding=\"async\" src=\"\/en\/wp-content\/uploads\/2013\/05\/770-516-s.jpg\" alt=\"Si\u00e8ge de baignoire ajustable avec dossier, par AquaSense\u00ae, Bleu\" title=\"Si\u00e8ge de baignoire ajustable avec dossier, par AquaSense\u00ae, Bleu\" width=\"100\" height=\"100\" class=\"imagesgauche\"><\/p>\n<p>Couleur : Bleu<br \/>\n<strong>Article no : 770-516<\/strong><br \/>\n<div class=\"fusion-clearfix\"><\/div><\/div><\/div>\n<div class=\"fusion-one-half fusion-layout-column fusion-column-last fusion-spacing-yes\" style=\"margin-top:0px;margin-bottom:20px;\"><div class=\"fusion-column-wrapper\">\n<p><img loading=\"lazy\" decoding=\"async\" src=\"\/en\/wp-content\/uploads\/2013\/05\/770-517-s.jpg\" alt=\"Si\u00e8ge de baignoire ajustable avec dossier, par AquaSense\u00ae, jaune\" title=\"Si\u00e8ge de baignoire ajustable avec dossier, par AquaSense\u00ae, jaune\" width=\"100\" height=\"100\" class=\"imagesgauche\"><\/p>\n<p>Couleu : Jaune<br \/>\n<strong>Article no : 770-517<\/strong><\/p>\n<div class=\"espaceapres\" style=\"margin-bottom:78px;\"> <\/div>\n<p><img loading=\"lazy\" decoding=\"async\" src=\"\/en\/wp-content\/uploads\/2013\/05\/770-518-s.jpg\" alt=\"Si\u00e8ge de baignoire ajustable avec dossier, par AquaSense\u00ae, Taupe\" title=\"Si\u00e8ge de baignoire ajustable avec dossier, par AquaSense\u00ae, Taupe\" width=\"100\" height=\"100\" class=\"imagesgauche\"><\/p>\n<p>Couleur : Taupe<br \/>\n<strong>Article no : 770-518<\/strong><br \/>\n<div class=\"fusion-clearfix\"><\/div><\/div><\/div><div class=\"fusion-clearfix\"><\/div>\n<div class=\"fusion-sep-clear\"><\/div><div class=\"fusion-separator fusion-full-width-sep sep-shadow\" style=\"background:radial-gradient(ellipse at 50% -50% , #e0dede 0px, rgba(255, 255, 255, 0) 80%) repeat scroll 0 0 rgba(0, 0, 0, 0);background:-webkit-radial-gradient(ellipse at 50% -50% , #e0dede 0px, rgba(255, 255, 255, 0) 80%) repeat scroll 0 0 rgba(0, 0, 0, 0);background:-moz-radial-gradient(ellipse at 50% -50% , #e0dede 0px, rgba(255, 255, 255, 0) 80%) repeat scroll 0 0 rgba(0, 0, 0, 0);background:-o-radial-gradient(ellipse at 50% -50% , #e0dede 0px, rgba(255, 255, 255, 0) 80%) repeat scroll 0 0 rgba(0, 0, 0, 0);margin-left: auto;margin-right: auto;margin-top:20px;margin-bottom:20px;\"><\/div>\n<p>&nbsp;<br \/>\n<div id=\"attachment_427\" style=\"width: 690px\" class=\"wp-caption alignnone\"><a href=\"\/en\/wp-content\/uploads\/2013\/05\/770-510-with-colors.jpg\"><img loading=\"lazy\" decoding=\"async\" aria-describedby=\"caption-attachment-427\" src=\"\/en\/wp-content\/uploads\/2013\/05\/770-510-with-colors.jpg\" alt=\"Si\u00e8ge de baignoire ajustable avec dossier, par AquaSense\u00ae\" width=\"680\" height=\"421\" class=\"size-full wp-image-427\" \/><\/a><p id=\"caption-attachment-427\" class=\"wp-caption-text\"><\/p>\n<div align=\"center\" style=\"line-height:normal;\">Si\u00e8ge de baignoire ajustable avec dossier, par AquaSense\u00ae<\/div>\n<p><\/p><\/div><\/p>\n","protected":false},"excerpt":{"rendered":"<p>Offre confort et s\u00e9curit\u00e9 lors de la douche ou du bain.<\/p>\n<p>Le si\u00e8ge de baignoire ajustable avec dossier, par AquaSense\u00ae offre confort et s\u00e9curit\u00e9 lors de la douche ou du bain. Le ch\u00e2ssis est fabriqu\u00e9 en aluminium l\u00e9ger tandis que le si\u00e8ge et le dossier sont en plastique moul\u00e9 par soufflage<\/p>\n","protected":false},"featured_media":494,"comment_status":"open","ping_status":"closed","template":"","meta":[],"product_cat":[71],"product_tag":[],"class_list":{"0":"post-493","1":"product","2":"type-product","3":"status-publish","4":"has-post-thumbnail","6":"product_cat-sieges-de-bain","8":"first","9":"instock","10":"shipping-taxable","11":"product-type-simple"},"_links":{"self":[{"href":"http:\/\/www.myaquasense.com\/fr\/wp-json\/wp\/v2\/product\/493"}],"collection":[{"href":"http:\/\/www.myaquasense.com\/fr\/wp-json\/wp\/v2\/product"}],"about":[{"href":"http:\/\/www.myaquasense.com\/fr\/wp-json\/wp\/v2\/types\/product"}],"replies":[{"embeddable":true,"href":"http:\/\/www.myaquasense.com\/fr\/wp-json\/wp\/v2\/comments?post=493"}],"wp:featuredmedia":[{"embeddable":true,"href":"http:\/\/www.myaquasense.com\/fr\/wp-json\/wp\/v2\/media\/494"}],"wp:attachment":[{"href":"http:\/\/www.myaquasense.com\/fr\/wp-json\/wp\/v2\/media?parent=493"}],"wp:term":[{"taxonomy":"product_cat","embeddable":true,"href":"http:\/\/www.myaquasense.com\/fr\/wp-json\/wp\/v2\/product_cat?post=493"},{"taxonomy":"product_tag","embeddable":true,"href":"http:\/\/www.myaquasense.com\/fr\/wp-json\/wp\/v2\/product_tag?post=493"}],"curies":[{"name":"wp","href":"https:\/\/api.w.org\/{rel}","templated":true}]}}