{"id":496,"date":"2015-02-19T15:35:34","date_gmt":"2015-02-19T20:35:34","guid":{"rendered":"http:\/\/www.myaquasense.com\/fr\/?post_type=product&#038;p=496"},"modified":"2015-02-19T15:39:55","modified_gmt":"2015-02-19T20:39:55","slug":"sieges-de-bain-ergonomiques-sans-dossier-par-aquasense","status":"publish","type":"product","link":"http:\/\/www.myaquasense.com\/fr\/produits\/sieges-de-bain-ergonomiques-sans-dossier-par-aquasense\/","title":{"rendered":"Si\u00e8ges de bain ergonomiques, sans dossier, par AquaSense\u00ae"},"content":{"rendered":"<div id=\"attachment_422\" style=\"width: 238px\" class=\"wp-caption alignright\"><a href=\"\/en\/wp-content\/uploads\/2013\/05\/770-535-box.jpg\"><img loading=\"lazy\" decoding=\"async\" aria-describedby=\"caption-attachment-422\" src=\"\/en\/wp-content\/uploads\/2013\/05\/770-535-box-228x300.jpg\" alt=\"Si\u00e8ge de bain ergonomique blanc, sans dossier, par AquaSense\u00ae, dans son emballage pour la vente au d\u00e9tail\" width=\"228\" height=\"300\" class=\"size-medium wp-image-422\" \/><\/a><p id=\"caption-attachment-422\" class=\"wp-caption-text\"><\/p>\n<div align=\"center\" style=\"line-height:normal;\">Si\u00e8ge de bain ergonomique blanc, sans dossier, par AquaSense\u00ae, dans son emballage pour la vente au d\u00e9tail<\/div>\n<p><\/p><\/div>\n<h4>Profitez de votre bain ou de votre douche bien assis sur votre Si\u00e8ge de bain ergonomique, sans sossier, par AquaSense\u00ae, aux formes enveloppantes plus confortables !<\/h4>\n<p>Les si\u00e8ges ergonomiques pour baignoire d&rsquo;AquaSense\u00ae sont munis d\u2019une surface textur\u00e9e, de trous de drainage, de poign\u00e9es int\u00e9gr\u00e9es au si\u00e8ge et d\u2019embouts de pattes de s\u00e9curit\u00e9 antid\u00e9rapants en caoutchouc. Les si\u00e8ges sont ajustables en hauteur de 38 \u00e0 56 cm (15 \u00e0 22 po).<\/p>\n<ul>\n<li>4 couleurs : blanc, cascade, rayon de soleil et galets <\/li>\n<li>Forme ergonomique <\/li>\n<li>Un confort am\u00e9lior\u00e9 <\/li>\n<li>Surface textur\u00e9e antid\u00e9rapante <\/li>\n<li>R\u00e9siste \u00e0 la corrosion <\/li>\n<li>Hauteur ajustable de 38 cm \u00e0 56 cm (15 \u00e0 22 po) <\/li>\n<li>Convient \u00e0 la plupart des baignoires <\/li>\n<li>Embouts s\u00e9curitaires en caoutchouc <\/li>\n<li>S&rsquo;installe sans outils <\/li>\n<li>Brevet : ZL 201130315525.1<\/li>\n<li>L\u00e9ger, seulement 2 kg (4,4 livres)<\/li>\n<li>Si\u00e8ge de 51 cm x 31 cm (20 po x 12 po)<\/li>\n<li>Empreinte : Min 43 x 43 cm (17 po x 17 po); Max 51 x 43 cm (20 po x 17 po)<\/li>\n<li>Poids maximal : 136 kg (300 livres) <\/li>\n<\/ul>\n<div class=\"fusion-sep-clear\"><\/div><div class=\"fusion-separator fusion-full-width-sep sep-shadow\" style=\"background:radial-gradient(ellipse at 50% -50% , #e0dede 0px, rgba(255, 255, 255, 0) 80%) repeat scroll 0 0 rgba(0, 0, 0, 0);background:-webkit-radial-gradient(ellipse at 50% -50% , #e0dede 0px, rgba(255, 255, 255, 0) 80%) repeat scroll 0 0 rgba(0, 0, 0, 0);background:-moz-radial-gradient(ellipse at 50% -50% , #e0dede 0px, rgba(255, 255, 255, 0) 80%) repeat scroll 0 0 rgba(0, 0, 0, 0);background:-o-radial-gradient(ellipse at 50% -50% , #e0dede 0px, rgba(255, 255, 255, 0) 80%) repeat scroll 0 0 rgba(0, 0, 0, 0);margin-left: auto;margin-right: auto;margin-top:20px;margin-bottom:20px;\"><\/div>\n<h3>Manuel d&rsquo;instructions<\/h3>\n<p><a href=\"http:\/\/www.amgmedical.com\/site\/Manuals\/770-535_ins.pdf\">Manuel d&rsquo;instructions pour les si\u00e8ges de bain ergonomiques sans dossier, par AquaSense\u00ae (fichier pdf)<\/a><\/p>\n<div class=\"fusion-sep-clear\"><\/div><div class=\"fusion-separator fusion-full-width-sep sep-shadow\" style=\"background:radial-gradient(ellipse at 50% -50% , #e0dede 0px, rgba(255, 255, 255, 0) 80%) repeat scroll 0 0 rgba(0, 0, 0, 0);background:-webkit-radial-gradient(ellipse at 50% -50% , #e0dede 0px, rgba(255, 255, 255, 0) 80%) repeat scroll 0 0 rgba(0, 0, 0, 0);background:-moz-radial-gradient(ellipse at 50% -50% , #e0dede 0px, rgba(255, 255, 255, 0) 80%) repeat scroll 0 0 rgba(0, 0, 0, 0);background:-o-radial-gradient(ellipse at 50% -50% , #e0dede 0px, rgba(255, 255, 255, 0) 80%) repeat scroll 0 0 rgba(0, 0, 0, 0);margin-left: auto;margin-right: auto;margin-top:20px;margin-bottom:20px;\"><\/div>\n<h3>Diagrammes d&rsquo;assemblage et listes de localisations des pi\u00e8ces<\/h3>\n<p><a href=\"http:\/\/www.amgmedical.com\/site\/parts\/770-535R1f.pdf\">Pour le si\u00e8ge de baignoire blanc, sans dossier, 770-535 (fichier pdf)<\/a><br \/>\nPour les autres mod\u00e8les, veuillez communiquer avec notre service \u00e0 la client\u00e8le au 1-800-363-2381<\/p>\n<div class=\"fusion-sep-clear\"><\/div><div class=\"fusion-separator fusion-full-width-sep sep-shadow\" style=\"background:radial-gradient(ellipse at 50% -50% , #e0dede 0px, rgba(255, 255, 255, 0) 80%) repeat scroll 0 0 rgba(0, 0, 0, 0);background:-webkit-radial-gradient(ellipse at 50% -50% , #e0dede 0px, rgba(255, 255, 255, 0) 80%) repeat scroll 0 0 rgba(0, 0, 0, 0);background:-moz-radial-gradient(ellipse at 50% -50% , #e0dede 0px, rgba(255, 255, 255, 0) 80%) repeat scroll 0 0 rgba(0, 0, 0, 0);background:-o-radial-gradient(ellipse at 50% -50% , #e0dede 0px, rgba(255, 255, 255, 0) 80%) repeat scroll 0 0 rgba(0, 0, 0, 0);margin-left: auto;margin-right: auto;margin-top:20px;margin-bottom:20px;\"><\/div>\n<h3>Garantie<\/h3>\n<p>Garantie limit\u00e9e \u00e0 vie.<\/p>\n<div class=\"fusion-sep-clear\"><\/div><div class=\"fusion-separator fusion-full-width-sep sep-shadow\" style=\"background:radial-gradient(ellipse at 50% -50% , #e0dede 0px, rgba(255, 255, 255, 0) 80%) repeat scroll 0 0 rgba(0, 0, 0, 0);background:-webkit-radial-gradient(ellipse at 50% -50% , #e0dede 0px, rgba(255, 255, 255, 0) 80%) repeat scroll 0 0 rgba(0, 0, 0, 0);background:-moz-radial-gradient(ellipse at 50% -50% , #e0dede 0px, rgba(255, 255, 255, 0) 80%) repeat scroll 0 0 rgba(0, 0, 0, 0);background:-o-radial-gradient(ellipse at 50% -50% , #e0dede 0px, rgba(255, 255, 255, 0) 80%) repeat scroll 0 0 rgba(0, 0, 0, 0);margin-left: auto;margin-right: auto;margin-top:20px;margin-bottom:20px;\"><\/div>\n<h3>Informations sur le produit<\/h3>\n<p><strong>Si\u00e8ges de bain ergonomiques sans dossier, par AquaSense\u00ae<\/strong><\/p>\n<p>Profitez de votre bain ou de votre douche bien assis sur votre Si\u00e8ge de baignoire ergonomique aux formes enveloppantes plus confortables !<\/p>\n<div class=\"fusion-one-half fusion-layout-column fusion-spacing-yes\" style=\"margin-top:0px;margin-bottom:20px;\"><div class=\"fusion-column-wrapper\">\n<div class=\"espaceapres\" style=\"margin-bottom:27px;\"> <\/div>\n<p><img loading=\"lazy\" decoding=\"async\" src=\"\/en\/wp-content\/uploads\/2013\/05\/770-535-s.jpg\" alt=\"Si\u00e8ge de bain ergonomique sans dossier, par AquaSense\u00ae, blanc\" title=\"Si\u00e8ge de bain ergonomique sans dossier, par AquaSense\u00ae, blanc\" width=\"100\" height=\"100\" class=\"imagesgauche\"><\/p>\n<p>Couleur : Blanc<br \/>\n<strong>Article no: 770-535<\/strong><\/p>\n<div class=\"espaceapres\" style=\"margin-bottom:78px;\"> <\/div>\n<p><img loading=\"lazy\" decoding=\"async\" src=\"\/en\/wp-content\/uploads\/2013\/05\/770-533-s.jpg\" alt=\"Si\u00e8ge de bain ergonomique sans dossier, par AquaSense\u00ae, cascade\" title=\"Si\u00e8ge de bain ergonomique sans dossier, par AquaSense\u00ae, cascade\" width=\"100\" height=\"100\" class=\"imagesgauche\"><\/p>\n<p>Couleur : Cascade<br \/>\n<strong>Article no: 770-533<\/strong><br \/>\n<div class=\"fusion-clearfix\"><\/div><\/div><\/div>\n<div class=\"fusion-one-half fusion-layout-column fusion-column-last fusion-spacing-yes\" style=\"margin-top:0px;margin-bottom:20px;\"><div class=\"fusion-column-wrapper\">\n<div class=\"espaceapres\" style=\"margin-bottom:27px;\"> <\/div>\n<p><img loading=\"lazy\" decoding=\"async\" src=\"\/en\/wp-content\/uploads\/2013\/05\/770-534-s.jpg\" alt=\"Si\u00e8ge de bain ergonomique sans dossier, par AquaSense\u00ae, rayon de soleil\" title=\"Si\u00e8ge de bain ergonomique sans dossier, par AquaSense\u00ae, rayon de soleil\" width=\"100\" height=\"100\" class=\"imagesgauche\"><\/p>\n<p>Couleur : Rayon de soleil<br \/>\n<strong>Article no: 770-534<\/strong><\/p>\n<div class=\"espaceapres\" style=\"margin-bottom:78px;\"> <\/div>\n<p><img loading=\"lazy\" decoding=\"async\" src=\"\/en\/wp-content\/uploads\/2013\/05\/770-536-s.jpg\" alt=\"Si\u00e8ge de bain ergonomique sans dossier, par AquaSense\u00ae, galets\" title=\"Si\u00e8ge de bain ergonomique sans dossier, par AquaSense\u00ae, galets\" width=\"100\" height=\"100\" class=\"imagesgauche\"><\/p>\n<p>Couleur : Galets<br \/>\n<strong>Article no: 770-536<\/strong><br \/>\n<div class=\"fusion-clearfix\"><\/div><\/div><\/div><div class=\"fusion-clearfix\"><\/div>\n<div class=\"fusion-sep-clear\"><\/div><div class=\"fusion-separator fusion-full-width-sep sep-shadow\" style=\"background:radial-gradient(ellipse at 50% -50% , #e0dede 0px, rgba(255, 255, 255, 0) 80%) repeat scroll 0 0 rgba(0, 0, 0, 0);background:-webkit-radial-gradient(ellipse at 50% -50% , #e0dede 0px, rgba(255, 255, 255, 0) 80%) repeat scroll 0 0 rgba(0, 0, 0, 0);background:-moz-radial-gradient(ellipse at 50% -50% , #e0dede 0px, rgba(255, 255, 255, 0) 80%) repeat scroll 0 0 rgba(0, 0, 0, 0);background:-o-radial-gradient(ellipse at 50% -50% , #e0dede 0px, rgba(255, 255, 255, 0) 80%) repeat scroll 0 0 rgba(0, 0, 0, 0);margin-left: auto;margin-right: auto;margin-top:20px;margin-bottom:20px;\"><\/div>\n<h3>Commentaires des clients<\/h3>\n<p><strong>Commentaires recueillis sur les cartes d\u2019enregistrement de produits ou lors de l\u2019enregistrement de produits en ligne :<\/strong><\/p>\n<div class=\"review male\"><blockquote><q style=\"background-color:;color:;\"><span class=\"fusion-dropcap dropcap\" style=\"color:#67b7e1;\">\u201c<\/span> Meilleur produit<br \/>\n&nbsp;<br \/>\n<\/q><\/blockquote><div class=\"author\" style=\"color:;\"><span class=\"testimonial-thumbnail doe\" style=\"color:;\"><\/span><span class=\"company-name\"><strong>Par : ROBERT R R.    De : GATINEAU<\/strong><\/span><\/div><\/div>\n<div class=\"review male\"><blockquote><q style=\"background-color:;color:;\"><span class=\"fusion-dropcap dropcap\" style=\"color:#67b7e1;\">\u201c<\/span> Les produits que nous avons sont tres apprecies<br \/>\n&nbsp;<br \/>\n<\/q><\/blockquote><div class=\"author\" style=\"color:;\"><span class=\"testimonial-thumbnail doe\" style=\"color:;\"><\/span><span class=\"company-name\"><strong>Par : Yvon B.  De : huberdeau<\/strong><\/span><\/div><\/div>\n<div class=\"review male\"><blockquote><q style=\"background-color:;color:;\"><span class=\"fusion-dropcap dropcap\" style=\"color:#67b7e1;\">\u201c<\/span> Satisfaite de mon achat<br \/>\n&nbsp;<br \/>\n<\/q><\/blockquote><div class=\"author\" style=\"color:;\"><span class=\"testimonial-thumbnail doe\" style=\"color:;\"><\/span><span class=\"company-name\"><strong>Par : Lucille F.   De : Laval<\/strong><\/span><\/div><\/div>\n<div class=\"review male\"><blockquote><q style=\"background-color:;color:;\"><span class=\"fusion-dropcap dropcap\" style=\"color:#67b7e1;\">\u201c<\/span> Je commence a m\u2019en servir et je trouve ca tres pratique surtout quand on a dis pertes d\u2019equilibrie, et pour eviter les chutes. Merci<br \/>\n&nbsp;<br \/>\n<\/q><\/blockquote><div class=\"author\" style=\"color:;\"><span class=\"testimonial-thumbnail doe\" style=\"color:;\"><\/span><span class=\"company-name\"><strong>Par<\/strong><\/span><\/div><\/div>\n<div class=\"fusion-sep-clear\"><\/div><div class=\"fusion-separator fusion-full-width-sep sep-shadow\" style=\"background:radial-gradient(ellipse at 50% -50% , #e0dede 0px, rgba(255, 255, 255, 0) 80%) repeat scroll 0 0 rgba(0, 0, 0, 0);background:-webkit-radial-gradient(ellipse at 50% -50% , #e0dede 0px, rgba(255, 255, 255, 0) 80%) repeat scroll 0 0 rgba(0, 0, 0, 0);background:-moz-radial-gradient(ellipse at 50% -50% , #e0dede 0px, rgba(255, 255, 255, 0) 80%) repeat scroll 0 0 rgba(0, 0, 0, 0);background:-o-radial-gradient(ellipse at 50% -50% , #e0dede 0px, rgba(255, 255, 255, 0) 80%) repeat scroll 0 0 rgba(0, 0, 0, 0);margin-left: auto;margin-right: auto;margin-top:20px;margin-bottom:20px;\"><\/div>\n<p>&nbsp;<br \/>\n<div id=\"attachment_423\" style=\"width: 690px\" class=\"wp-caption alignnone\"><a href=\"\/en\/wp-content\/uploads\/2013\/05\/770-535-with-colors.jpg\"><img loading=\"lazy\" decoding=\"async\" aria-describedby=\"caption-attachment-423\" src=\"\/en\/wp-content\/uploads\/2013\/05\/770-535-with-colors.jpg\" alt=\"Si\u00e8ges de bain ergonomiques sans dossier, par AquaSense\u00ae\" width=\"680\" height=\"329\" class=\"size-full wp-image-423\" \/><\/a><p id=\"caption-attachment-423\" class=\"wp-caption-text\"><\/p>\n<div align=\"center\" style=\"line-height:normal;\">Si\u00e8ges de bain ergonomiques sans dossier, par AquaSense\u00ae<\/div>\n<p><\/p><\/div><\/p>\n","protected":false},"excerpt":{"rendered":"<p>Profitez de votre bain ou de votre douche bien assis sur votre Si\u00e8ge de bain ergonomique, sans sossier, par AquaSense\u00ae, aux formes enveloppantes plus confortables !<\/p>\n<p>Les si\u00e8ges ergonomiques pour baignoire d&#039;AquaSense\u00ae sont munis d\u2019une surface textur\u00e9e, de trous de drainage, de poign\u00e9es int\u00e9gr\u00e9es au si\u00e8ge et d\u2019embouts de pattes de s\u00e9curit\u00e9 antid\u00e9rapants en caoutchouc. Les si\u00e8ges sont ajustables en hauteur de 38 \u00e0 56 cm (15 \u00e0 22 po).<\/p>\n","protected":false},"featured_media":497,"comment_status":"open","ping_status":"closed","template":"","meta":[],"product_cat":[71],"product_tag":[],"class_list":{"0":"post-496","1":"product","2":"type-product","3":"status-publish","4":"has-post-thumbnail","6":"product_cat-sieges-de-bain","8":"first","9":"instock","10":"shipping-taxable","11":"product-type-simple"},"_links":{"self":[{"href":"http:\/\/www.myaquasense.com\/fr\/wp-json\/wp\/v2\/product\/496"}],"collection":[{"href":"http:\/\/www.myaquasense.com\/fr\/wp-json\/wp\/v2\/product"}],"about":[{"href":"http:\/\/www.myaquasense.com\/fr\/wp-json\/wp\/v2\/types\/product"}],"replies":[{"embeddable":true,"href":"http:\/\/www.myaquasense.com\/fr\/wp-json\/wp\/v2\/comments?post=496"}],"wp:featuredmedia":[{"embeddable":true,"href":"http:\/\/www.myaquasense.com\/fr\/wp-json\/wp\/v2\/media\/497"}],"wp:attachment":[{"href":"http:\/\/www.myaquasense.com\/fr\/wp-json\/wp\/v2\/media?parent=496"}],"wp:term":[{"taxonomy":"product_cat","embeddable":true,"href":"http:\/\/www.myaquasense.com\/fr\/wp-json\/wp\/v2\/product_cat?post=496"},{"taxonomy":"product_tag","embeddable":true,"href":"http:\/\/www.myaquasense.com\/fr\/wp-json\/wp\/v2\/product_tag?post=496"}],"curies":[{"name":"wp","href":"https:\/\/api.w.org\/{rel}","templated":true}]}}