{"id":502,"date":"2015-02-19T16:21:10","date_gmt":"2015-02-19T21:21:10","guid":{"rendered":"http:\/\/www.myaquasense.com\/fr\/?post_type=product&#038;p=502"},"modified":"2015-02-19T16:21:10","modified_gmt":"2015-02-19T21:21:10","slug":"siege-de-transfert-pour-baignoire-par-aquasense","status":"publish","type":"product","link":"http:\/\/www.myaquasense.com\/fr\/produits\/siege-de-transfert-pour-baignoire-par-aquasense\/","title":{"rendered":"Si\u00e8ge de transfert pour baignoire, par AquaSense\u00ae"},"content":{"rendered":"<div id=\"attachment_406\" style=\"width: 310px\" class=\"wp-caption alignright\"><a href=\"\/en\/wp-content\/uploads\/2013\/05\/770-406-box.jpg\"><img loading=\"lazy\" decoding=\"async\" aria-describedby=\"caption-attachment-406\" src=\"\/en\/wp-content\/uploads\/2013\/05\/770-406-box-300x296.jpg\" alt=\"Si\u00e8ge de transfert ajustable pour baignoire, par AquaSense\u00ae\" width=\"300\" height=\"296\" class=\"size-medium wp-image-406\" \/><\/a><p id=\"caption-attachment-406\" class=\"wp-caption-text\"><\/p>\n<div align=\"center\" style=\"line-height:normal;\">Si\u00e8ge de transfert pour baignoire, par AquaSense\u00ae<\/div>\n<p><\/p><\/div>\n<h4>Glissez sans effort par-dessus la paroi du bain avec votre si\u00e8ge de transfert ajustable, par AquaSense\u00ae<\/h4>\n<p>Ce si\u00e8ge de transfert moul\u00e9-souffl\u00e9 et ajustable est muni d&rsquo;un ch\u00e2ssis tr\u00e8s l\u00e9ger, anodis\u00e9 et antirouille. Le si\u00e8ge de transfert permet neuf (9) ajustements par pas de 1,2 cm (0,47 po), ce qui permet de l\u2019adapter \u00e0 la majorit\u00e9 des baignoires. <\/p>\n<p>L&rsquo;appuis-bras, muni d\u2019un bouton-poussoir, s&rsquo;installe et s&rsquo;enl\u00e8ve facilement, ce qui permet des transferts plus ais\u00e9s. Le si\u00e8ge et le dossier sont moul\u00e9s-souffl\u00e9s et textur\u00e9s, ce qui aide \u00e0 emp\u00eacher de glisser et permet un meilleur drainage de l\u2019eau. L&rsquo;ensemble dossier-si\u00e8ge est r\u00e9versible, ce qui permet des transferts soit par la droite, soit par la gauche. <\/p>\n<p>Ce si\u00e8ge de transfert ajustable est \u00e9galement muni de grands embouts antid\u00e9rapants qui offrent une excellente traction et assurent une tenue solide sur le plancher. S\u2019assemble sans outils. Sans latex. <\/p>\n<div id=\"attachment_408\" style=\"width: 199px\" class=\"wp-caption alignright\"><a href=\"\/en\/wp-content\/uploads\/2013\/05\/770-406-lifestyle.jpg\"><img loading=\"lazy\" decoding=\"async\" aria-describedby=\"caption-attachment-408\" src=\"\/en\/wp-content\/uploads\/2013\/05\/770-406-lifestyle-189x300.jpg\" alt=\"Si\u00e8ge de transfert pour baignoire, par AquaSense\u00ae, utilisation dans le bain\" width=\"189\" height=\"300\" class=\"size-medium wp-image-408\" \/><\/a><p id=\"caption-attachment-408\" class=\"wp-caption-text\"><\/p>\n<div align=\"center\" style=\"line-height:normal;\">Si\u00e8ge de transfert pour baignoire, par AquaSense\u00ae, utilisation dans le bain<\/div>\n<p><\/p><\/div>\n<ul>\n<li>Ajustable <\/li>\n<li>S&rsquo;assemble sans outils <\/li>\n<li>Facile \u00e0 nettoyer <\/li>\n<li>Si\u00e8ge moul\u00e9 solide et durable <\/li>\n<li>Trous d&rsquo;\u00e9gouttement <\/li>\n<li>Surface textur\u00e9e antid\u00e9rapante <\/li>\n<li>Capacit\u00e9 de poids de 113 kg (250 livres) <\/li>\n<li>Hauteur libre : 38,1 cm \u00e0 47,6 cm (15 po \u00e0 18 3\/4 po) <\/li>\n<li>Hauteur si\u00e8ge &#8211; plancher: 45,5 cm \u00e0 55,7 cm (18 po \u00e0 22 po) <\/li>\n<li>Hauteur: 76,5 cm \u00e0 86,7 cm (30 po \u00e0 34 po) <\/li>\n<li>Largeur: 74 cm (29 po) <\/li>\n<li>Profondeur: 43,5 cm (17 po) <\/li>\n<li>R\u00e9glage de la hauteur: 10,2 cm par incr\u00e9ments de 1,2 cm (4 pouces par incr\u00e9ments de 0,47 de po) <\/li>\n<li>Bo\u00eete ultra compacte: 44.5 cm x 48.9 cm x 26 cm (17 1\/2 po x 19 1\/4 po x 10 1\/4 po)<\/li>\n<\/ul>\n<div class=\"fusion-sep-clear\"><\/div><div class=\"fusion-separator fusion-full-width-sep sep-shadow\" style=\"background:radial-gradient(ellipse at 50% -50% , #e0dede 0px, rgba(255, 255, 255, 0) 80%) repeat scroll 0 0 rgba(0, 0, 0, 0);background:-webkit-radial-gradient(ellipse at 50% -50% , #e0dede 0px, rgba(255, 255, 255, 0) 80%) repeat scroll 0 0 rgba(0, 0, 0, 0);background:-moz-radial-gradient(ellipse at 50% -50% , #e0dede 0px, rgba(255, 255, 255, 0) 80%) repeat scroll 0 0 rgba(0, 0, 0, 0);background:-o-radial-gradient(ellipse at 50% -50% , #e0dede 0px, rgba(255, 255, 255, 0) 80%) repeat scroll 0 0 rgba(0, 0, 0, 0);margin-left: auto;margin-right: auto;margin-top:20px;margin-bottom:20px;\"><\/div>\n<h3>Feuillet informatif<\/h3>\n<p><a href=\"http:\/\/www.amgmedical.com\/site\/pdfs\/770-406_LSf.pdf\">Si\u00e8ge de transfert pour baignoire, par AquaSense\u00ae, feuillet informatif (pdf file)<\/a><\/p>\n<div class=\"fusion-sep-clear\"><\/div><div class=\"fusion-separator fusion-full-width-sep sep-shadow\" style=\"background:radial-gradient(ellipse at 50% -50% , #e0dede 0px, rgba(255, 255, 255, 0) 80%) repeat scroll 0 0 rgba(0, 0, 0, 0);background:-webkit-radial-gradient(ellipse at 50% -50% , #e0dede 0px, rgba(255, 255, 255, 0) 80%) repeat scroll 0 0 rgba(0, 0, 0, 0);background:-moz-radial-gradient(ellipse at 50% -50% , #e0dede 0px, rgba(255, 255, 255, 0) 80%) repeat scroll 0 0 rgba(0, 0, 0, 0);background:-o-radial-gradient(ellipse at 50% -50% , #e0dede 0px, rgba(255, 255, 255, 0) 80%) repeat scroll 0 0 rgba(0, 0, 0, 0);margin-left: auto;margin-right: auto;margin-top:20px;margin-bottom:20px;\"><\/div>\n<h3>Diagrammes d&rsquo;assemblage et listes de localisations des pi\u00e8ces<\/h3>\n<p><a href=\"http:\/\/www.amgmedical.com\/site\/parts\/770-406R1f.pdf\">Si\u00e8ge de transfert pour baignoire, par AquaSense\u00ae, diagrammes d&rsquo;assemblage et listes de localisations des pi\u00e8ces (fichier pdf)<\/a><\/p>\n<div class=\"fusion-sep-clear\"><\/div><div class=\"fusion-separator fusion-full-width-sep sep-shadow\" style=\"background:radial-gradient(ellipse at 50% -50% , #e0dede 0px, rgba(255, 255, 255, 0) 80%) repeat scroll 0 0 rgba(0, 0, 0, 0);background:-webkit-radial-gradient(ellipse at 50% -50% , #e0dede 0px, rgba(255, 255, 255, 0) 80%) repeat scroll 0 0 rgba(0, 0, 0, 0);background:-moz-radial-gradient(ellipse at 50% -50% , #e0dede 0px, rgba(255, 255, 255, 0) 80%) repeat scroll 0 0 rgba(0, 0, 0, 0);background:-o-radial-gradient(ellipse at 50% -50% , #e0dede 0px, rgba(255, 255, 255, 0) 80%) repeat scroll 0 0 rgba(0, 0, 0, 0);margin-left: auto;margin-right: auto;margin-top:20px;margin-bottom:20px;\"><\/div>\n<h3>Garantie<\/h3>\n<p>Garantie limit\u00e9e \u00e0 vie.<\/p>\n<div class=\"fusion-sep-clear\"><\/div><div class=\"fusion-separator fusion-full-width-sep sep-shadow\" style=\"background:radial-gradient(ellipse at 50% -50% , #e0dede 0px, rgba(255, 255, 255, 0) 80%) repeat scroll 0 0 rgba(0, 0, 0, 0);background:-webkit-radial-gradient(ellipse at 50% -50% , #e0dede 0px, rgba(255, 255, 255, 0) 80%) repeat scroll 0 0 rgba(0, 0, 0, 0);background:-moz-radial-gradient(ellipse at 50% -50% , #e0dede 0px, rgba(255, 255, 255, 0) 80%) repeat scroll 0 0 rgba(0, 0, 0, 0);background:-o-radial-gradient(ellipse at 50% -50% , #e0dede 0px, rgba(255, 255, 255, 0) 80%) repeat scroll 0 0 rgba(0, 0, 0, 0);margin-left: auto;margin-right: auto;margin-top:20px;margin-bottom:20px;\"><\/div>\n<h3>Informations sur le produit<\/h3>\n<p><strong>Si\u00e8ge de transfert pour baignoire, par AquaSense\u00ae<\/strong><\/p>\n<p>Glissez sans effort par-dessus la paroi du bain avec votre si\u00e8ge de transfert ajustable, par AquaSense\u00ae<\/p>\n<p><strong>Article no : 770-406<\/strong><\/p>\n<div class=\"fusion-sep-clear\"><\/div><div class=\"fusion-separator fusion-full-width-sep sep-shadow\" style=\"background:radial-gradient(ellipse at 50% -50% , #e0dede 0px, rgba(255, 255, 255, 0) 80%) repeat scroll 0 0 rgba(0, 0, 0, 0);background:-webkit-radial-gradient(ellipse at 50% -50% , #e0dede 0px, rgba(255, 255, 255, 0) 80%) repeat scroll 0 0 rgba(0, 0, 0, 0);background:-moz-radial-gradient(ellipse at 50% -50% , #e0dede 0px, rgba(255, 255, 255, 0) 80%) repeat scroll 0 0 rgba(0, 0, 0, 0);background:-o-radial-gradient(ellipse at 50% -50% , #e0dede 0px, rgba(255, 255, 255, 0) 80%) repeat scroll 0 0 rgba(0, 0, 0, 0);margin-left: auto;margin-right: auto;margin-top:20px;margin-bottom:20px;\"><\/div>\n<h3>Commentaires des clients<\/h3>\n<p><strong>Commentaires recueillis sur les cartes d\u2019enregistrement de produits ou lors de l\u2019enregistrement de produits en ligne :<\/strong><\/p>\n<div class=\"review male\"><blockquote><q style=\"background-color:;color:;\"><span class=\"fusion-dropcap dropcap\" style=\"color:#67b7e1;\">\u201c<\/span> Je suis satisfaite<br \/>\n&nbsp;<br \/>\n<\/q><\/blockquote><div class=\"author\" style=\"color:;\"><span class=\"testimonial-thumbnail doe\" style=\"color:;\"><\/span><span class=\"company-name\"><strong>Par : jeanne d arc M.   De : st gilles<\/strong><\/span><\/div><\/div>\n<div class=\"review male\"><blockquote><q style=\"background-color:;color:;\"><span class=\"fusion-dropcap dropcap\" style=\"color:#67b7e1;\">\u201c<\/span> svp ajouter une image (note) d&rsquo;enlever les bouchons qui permettent de mettre le dossier d&rsquo;un cote ou l&rsquo;autre. merci<br \/>\n&nbsp;<br \/>\n<\/q><\/blockquote><div class=\"author\" style=\"color:;\"><span class=\"testimonial-thumbnail doe\" style=\"color:;\"><\/span><span class=\"company-name\"><strong>Par : emilienne roy   De : lac-etchemin<\/strong><\/span><\/div><\/div>\n<div class=\"review male\"><blockquote><q style=\"background-color:;color:;\"><span class=\"fusion-dropcap dropcap\" style=\"color:#67b7e1;\">\u201c<\/span> Excellent!<br \/>\n&nbsp;<br \/>\n<\/q><\/blockquote><div class=\"author\" style=\"color:;\"><span class=\"testimonial-thumbnail doe\" style=\"color:;\"><\/span><span class=\"company-name\"><strong>Par : June Baker   De : Toronto<\/strong><\/span><\/div><\/div>\n<div class=\"fusion-sep-clear\"><\/div><div class=\"fusion-separator fusion-full-width-sep sep-shadow\" style=\"background:radial-gradient(ellipse at 50% -50% , #e0dede 0px, rgba(255, 255, 255, 0) 80%) repeat scroll 0 0 rgba(0, 0, 0, 0);background:-webkit-radial-gradient(ellipse at 50% -50% , #e0dede 0px, rgba(255, 255, 255, 0) 80%) repeat scroll 0 0 rgba(0, 0, 0, 0);background:-moz-radial-gradient(ellipse at 50% -50% , #e0dede 0px, rgba(255, 255, 255, 0) 80%) repeat scroll 0 0 rgba(0, 0, 0, 0);background:-o-radial-gradient(ellipse at 50% -50% , #e0dede 0px, rgba(255, 255, 255, 0) 80%) repeat scroll 0 0 rgba(0, 0, 0, 0);margin-left: auto;margin-right: auto;margin-top:20px;margin-bottom:20px;\"><\/div>\n<p>&nbsp;<br \/>\n<div id=\"attachment_407\" style=\"width: 690px\" class=\"wp-caption alignnone\"><a href=\"\/en\/wp-content\/uploads\/2013\/05\/770-406-over-the-bath.jpg\"><img loading=\"lazy\" decoding=\"async\" aria-describedby=\"caption-attachment-407\" src=\"\/en\/wp-content\/uploads\/2013\/05\/770-406-over-the-bath.jpg\" alt=\"Si\u00e8ge de transfert pour baignoire, par AquaSense\u00ae, au-dessus du bain\" width=\"680\" height=\"478\" class=\"size-full wp-image-407\" \/><\/a><p id=\"caption-attachment-407\" class=\"wp-caption-text\"><\/p>\n<div align=\"center\" style=\"line-height:normal;\">Si\u00e8ge de transfert pour baignoire, par AquaSense\u00ae, au-dessus du bain<\/div>\n<p><\/p><\/div><\/p>\n","protected":false},"excerpt":{"rendered":"<p>Glissez sans effort par-dessus la paroi du bain avec votre si\u00e8ge de transfert ajustable, par AquaSense\u00ae<\/p>\n<p>Ce si\u00e8ge de transfert moul\u00e9-souffl\u00e9 et ajustable est muni d&rsquo;un ch\u00e2ssis tr\u00e8s l\u00e9ger, anodis\u00e9 et antirouille. Le si\u00e8ge de transfert permet neuf (9) ajustements par pas de 1,2 cm (0,47 po), ce qui permet de l\u2019adapter \u00e0 la majorit\u00e9 des baignoires. <\/p>\n<p>L&rsquo;appuis-bras, muni d\u2019un bouton-poussoir, s&rsquo;installe et s&rsquo;enl\u00e8ve facilement, ce qui permet des transferts plus ais\u00e9s. Le si\u00e8ge et le dossier sont moul\u00e9s-souffl\u00e9s et textur\u00e9s, ce qui aide \u00e0 emp\u00eacher de glisser et permet un meilleur drainage de l\u2019eau. L&rsquo;ensemble dossier-si\u00e8ge est r\u00e9versible, ce qui permet des transferts soit par la droite, soit par la gauche. <\/p>\n","protected":false},"featured_media":503,"comment_status":"open","ping_status":"closed","template":"","meta":[],"product_cat":[71],"product_tag":[],"class_list":{"0":"post-502","1":"product","2":"type-product","3":"status-publish","4":"has-post-thumbnail","6":"product_cat-sieges-de-bain","8":"first","9":"instock","10":"shipping-taxable","11":"product-type-simple"},"_links":{"self":[{"href":"http:\/\/www.myaquasense.com\/fr\/wp-json\/wp\/v2\/product\/502"}],"collection":[{"href":"http:\/\/www.myaquasense.com\/fr\/wp-json\/wp\/v2\/product"}],"about":[{"href":"http:\/\/www.myaquasense.com\/fr\/wp-json\/wp\/v2\/types\/product"}],"replies":[{"embeddable":true,"href":"http:\/\/www.myaquasense.com\/fr\/wp-json\/wp\/v2\/comments?post=502"}],"wp:featuredmedia":[{"embeddable":true,"href":"http:\/\/www.myaquasense.com\/fr\/wp-json\/wp\/v2\/media\/503"}],"wp:attachment":[{"href":"http:\/\/www.myaquasense.com\/fr\/wp-json\/wp\/v2\/media?parent=502"}],"wp:term":[{"taxonomy":"product_cat","embeddable":true,"href":"http:\/\/www.myaquasense.com\/fr\/wp-json\/wp\/v2\/product_cat?post=502"},{"taxonomy":"product_tag","embeddable":true,"href":"http:\/\/www.myaquasense.com\/fr\/wp-json\/wp\/v2\/product_tag?post=502"}],"curies":[{"name":"wp","href":"https:\/\/api.w.org\/{rel}","templated":true}]}}