{"id":505,"date":"2015-02-20T09:13:17","date_gmt":"2015-02-20T14:13:17","guid":{"rendered":"http:\/\/www.myaquasense.com\/fr\/?post_type=product&#038;p=505"},"modified":"2015-03-06T15:17:25","modified_gmt":"2015-03-06T20:17:25","slug":"siege-de-bain-pliable","status":"publish","type":"product","link":"http:\/\/www.myaquasense.com\/fr\/produits\/siege-de-bain-pliable\/","title":{"rendered":"Si\u00e8ge de bain pliable, par AquaSense\u00ae"},"content":{"rendered":"<div id=\"attachment_439\" style=\"width: 690px\" class=\"wp-caption alignnone\"><a href=\"\/en\/wp-content\/uploads\/2013\/06\/770-525-being-stored.jpg\"><img loading=\"lazy\" decoding=\"async\" aria-describedby=\"caption-attachment-439\" src=\"\/en\/wp-content\/uploads\/2013\/06\/770-525-being-stored.jpg\" alt=\"Le Si\u00e8ge de bain pliable d'AquaSense\u00ae, prend peu de place et se range facilement\" width=\"680\" height=\"455\" class=\"size-full wp-image-439\" \/><\/a><p id=\"caption-attachment-439\" class=\"wp-caption-text\"><\/p>\n<div align=\"center\" style=\"line-height:normal;\">Le Si\u00e8ge de bain pliable d&rsquo;AquaSense\u00ae, prend peu de place et se range facilement<\/div>\n<p><\/p><\/div>\n<div id=\"attachment_437\" style=\"width: 232px\" class=\"wp-caption alignright\"><a href=\"\/en\/wp-content\/uploads\/2013\/06\/770-525-Folding-Bath-Seat-Retail-Box.jpg\"><img loading=\"lazy\" decoding=\"async\" aria-describedby=\"caption-attachment-437\" src=\"\/en\/wp-content\/uploads\/2013\/06\/770-525-Folding-Bath-Seat-Retail-Box-222x300.jpg\" alt=\"Si\u00e8ge de bain pliable, par AquaSense\u00ae, bo\u00eete pour la vente au d\u00e9tail\" width=\"222\" height=\"300\" class=\"size-medium wp-image-437\" \/><\/a><p id=\"caption-attachment-437\" class=\"wp-caption-text\"><\/p>\n<div align=\"center\" style=\"line-height:normal;\">Si\u00e8ge de bain pliable, par AquaSense\u00ae, bo\u00eete pour la vente au d\u00e9tail<\/div>\n<p><\/p><\/div>\n<p>&nbsp; <\/br><\/p>\n<h4>Ce banc de bain prend peu de place lorsque pli\u00e9 et est facile \u00e0 ranger. Il procure un soutien pratique aux personnes qui ont besoin de s&rsquo;asseoir en prenant un bain ou une douche<\/h4>\n<p>Le si\u00e8ge de bain pliable d&rsquo;AquaSense\u00ae m\u00e9rite la mention \u00ab&nbsp;meilleur de sa cat\u00e9gorie&nbsp;\u00bb gr\u00e2ce \u00e0 sa construction, son confort et ses caract\u00e9ristiques pratiques et versatiles!<\/p>\n<p>Ce si\u00e8ge procure une sensation de s\u00e9curit\u00e9 sans pareille car il a \u00e9t\u00e9 con\u00e7u en fonction de votre bien-\u00eatre : 7 ajustements en hauteur, embouts inclin\u00e9s assurant une meilleure prise et appui-dos \u00ab flex-confort \u00bb contribuent \u00e0 rendre votre exp\u00e9rience dans la baignoire ou dans la douche plus relaxante et s\u00e9curitaire.<\/p>\n<p>Ce si\u00e8ge ergonomique pour la douche ou le bain est con\u00e7u pour s\u2019adapter \u00e0 la majorit\u00e9 des baignoires. Il fournit un soutien aux personnes qui ont besoin de s&rsquo;asseoir tout en prenant un bain ou une douche. Il a \u00e9t\u00e9 con\u00e7u en ayant \u00e0 l&rsquo;esprit votre s\u00e9curit\u00e9 et votre confort. Le si\u00e8ge lui-m\u00eame a de nombreux petits trous pour laisser l&rsquo;eau s&rsquo;\u00e9couler correctement et pour vous aider \u00e0 ne pas glisser.<\/p>\n<div id=\"attachment_251\" style=\"width: 310px\" class=\"wp-caption alignright\"><a href=\"http:\/\/www.myaquasense.com\/fr\/wp-content\/uploads\/2013\/06\/Products770-525-2F-b.jpg\"><img loading=\"lazy\" decoding=\"async\" aria-describedby=\"caption-attachment-251\" src=\"http:\/\/www.myaquasense.com\/fr\/wp-content\/uploads\/2013\/06\/Products770-525-2F-b-300x194.jpg\" alt=\"Si\u00e8ge de bain pliable, par AquaSense\u00ae, sp\u00e9cifications\" width=\"300\" height=\"194\" class=\"size-medium wp-image-251\" srcset=\"http:\/\/www.myaquasense.com\/fr\/wp-content\/uploads\/2013\/06\/Products770-525-2F-b-300x194.jpg 300w, http:\/\/www.myaquasense.com\/fr\/wp-content\/uploads\/2013\/06\/Products770-525-2F-b-600x388.jpg 600w, http:\/\/www.myaquasense.com\/fr\/wp-content\/uploads\/2013\/06\/Products770-525-2F-b.jpg 680w\" sizes=\"(max-width: 300px) 100vw, 300px\" \/><\/a><p id=\"caption-attachment-251\" class=\"wp-caption-text\"><\/p>\n<div align=\"center\" style=\"line-height:normal;\">Si\u00e8ge de bain pliable, par AquaSense\u00ae, sp\u00e9cifications<\/div>\n<p><\/p><\/div>\n<ul>\n<li>Pliable ! Facile \u00e0 ranger. <\/li>\n<li>Ajustable en hauteur : 38 \u00e0 53 cm (15&nbsp;po \u00e0&nbsp;21&nbsp;po)<\/li>\n<li>S&rsquo;assemble sans outils  <\/li>\n<li>Sans latex  <\/li>\n<li>Trous d&rsquo;\u00e9gouttement  <\/li>\n<li>Poign\u00e9es versatiles int\u00e9gr\u00e9es<\/li>\n<li>Design brevet\u00e9<\/li>\n<li>Supporte jusqu&rsquo;\u00e0 113 kg (250 livres)<\/li>\n<\/ul>\n<h3><a href=\"\/fr\/contenu\/comment-assembler-votre-siege-de-bain-pliable-aquasense\/\" style=\"color:#007BC5;\"><br \/>\n<img loading=\"lazy\" decoding=\"async\" class=\"imagesgauche\" style=\"padding-bottom:10px; position:relative; top:6px;\" alt=\"Comment assembler votre si\u00e8ge de bain pliable AquaSense 770-525\" src=\"\/aquasense-images\/770-525-How-to-Assemble-Video-120x90.jpg\" width=\"120\" height=\"90\" border=\"0\" \/>Comment assembler votre si\u00e8ge de bain pliable AquaSense\u00ae<\/a><\/h3>\n<p>Cette vid\u00e9o montre comment assembler votre si\u00e8ge de bain pliable AquaSense\u00ae.<\/p>\n<p>&nbsp;<br \/>\n<div class=\"fusion-sep-clear\"><\/div><div class=\"fusion-separator fusion-full-width-sep sep-shadow\" style=\"background:radial-gradient(ellipse at 50% -50% , #e0dede 0px, rgba(255, 255, 255, 0) 80%) repeat scroll 0 0 rgba(0, 0, 0, 0);background:-webkit-radial-gradient(ellipse at 50% -50% , #e0dede 0px, rgba(255, 255, 255, 0) 80%) repeat scroll 0 0 rgba(0, 0, 0, 0);background:-moz-radial-gradient(ellipse at 50% -50% , #e0dede 0px, rgba(255, 255, 255, 0) 80%) repeat scroll 0 0 rgba(0, 0, 0, 0);background:-o-radial-gradient(ellipse at 50% -50% , #e0dede 0px, rgba(255, 255, 255, 0) 80%) repeat scroll 0 0 rgba(0, 0, 0, 0);margin-left: auto;margin-right: auto;margin-top:20px;margin-bottom:20px;\"><\/div>\n<h3>Mode d&#8217;emploi<\/h3>\n<p><a href=\"http:\/\/www.amgmedical.com\/site\/manuals\/770-525ins.pdf\" target=\"_blank\">Pour le Si\u00e8ge de bain pliable d&rsquo;AquaSense\u00ae no 770-525 (fichier pdf)<\/a><\/p>\n<div class=\"fusion-sep-clear\"><\/div><div class=\"fusion-separator fusion-full-width-sep sep-shadow\" style=\"background:radial-gradient(ellipse at 50% -50% , #e0dede 0px, rgba(255, 255, 255, 0) 80%) repeat scroll 0 0 rgba(0, 0, 0, 0);background:-webkit-radial-gradient(ellipse at 50% -50% , #e0dede 0px, rgba(255, 255, 255, 0) 80%) repeat scroll 0 0 rgba(0, 0, 0, 0);background:-moz-radial-gradient(ellipse at 50% -50% , #e0dede 0px, rgba(255, 255, 255, 0) 80%) repeat scroll 0 0 rgba(0, 0, 0, 0);background:-o-radial-gradient(ellipse at 50% -50% , #e0dede 0px, rgba(255, 255, 255, 0) 80%) repeat scroll 0 0 rgba(0, 0, 0, 0);margin-left: auto;margin-right: auto;margin-top:20px;margin-bottom:20px;\"><\/div>\n<h3>Diagrammes d&rsquo;assemblage et listes de localisations des pi\u00e8ces<\/h3>\n<p><a href=\"http:\/\/www.amgmedical.com\/site\/parts\/770-525R1f.pdf\" target=\"_blank\">Pour le Si\u00e8ge de bain pliable d&rsquo;AquaSense\u00ae no 770-525 (fichier pdf)<\/a><\/p>\n<div class=\"fusion-sep-clear\"><\/div><div class=\"fusion-separator fusion-full-width-sep sep-shadow\" style=\"background:radial-gradient(ellipse at 50% -50% , #e0dede 0px, rgba(255, 255, 255, 0) 80%) repeat scroll 0 0 rgba(0, 0, 0, 0);background:-webkit-radial-gradient(ellipse at 50% -50% , #e0dede 0px, rgba(255, 255, 255, 0) 80%) repeat scroll 0 0 rgba(0, 0, 0, 0);background:-moz-radial-gradient(ellipse at 50% -50% , #e0dede 0px, rgba(255, 255, 255, 0) 80%) repeat scroll 0 0 rgba(0, 0, 0, 0);background:-o-radial-gradient(ellipse at 50% -50% , #e0dede 0px, rgba(255, 255, 255, 0) 80%) repeat scroll 0 0 rgba(0, 0, 0, 0);margin-left: auto;margin-right: auto;margin-top:20px;margin-bottom:20px;\"><\/div>\n<h3>Garantie<\/h3>\n<p>Garantie limit\u00e9e de 5 ans.<\/p>\n<div class=\"fusion-sep-clear\"><\/div><div class=\"fusion-separator fusion-full-width-sep sep-shadow\" style=\"background:radial-gradient(ellipse at 50% -50% , #e0dede 0px, rgba(255, 255, 255, 0) 80%) repeat scroll 0 0 rgba(0, 0, 0, 0);background:-webkit-radial-gradient(ellipse at 50% -50% , #e0dede 0px, rgba(255, 255, 255, 0) 80%) repeat scroll 0 0 rgba(0, 0, 0, 0);background:-moz-radial-gradient(ellipse at 50% -50% , #e0dede 0px, rgba(255, 255, 255, 0) 80%) repeat scroll 0 0 rgba(0, 0, 0, 0);background:-o-radial-gradient(ellipse at 50% -50% , #e0dede 0px, rgba(255, 255, 255, 0) 80%) repeat scroll 0 0 rgba(0, 0, 0, 0);margin-left: auto;margin-right: auto;margin-top:20px;margin-bottom:20px;\"><\/div>\n<h3>Informations sur le produit<\/h3>\n<p><strong>Si\u00e8ge de bain pliable, par AquaSense\u00ae<\/strong><\/p>\n<p>Ce banc de bain prend peu de place lorsque pli\u00e9 et est facile \u00e0 ranger. Il procure un soutien pratique aux personnes qui ont besoin de s&rsquo;asseoir en prenant un bain ou une douche<\/p>\n<p>Couleur : Blanc<br \/>\n<strong>Article no : 770-525<\/strong><\/p>\n<div class=\"fusion-sep-clear\"><\/div><div class=\"fusion-separator fusion-full-width-sep sep-shadow\" style=\"background:radial-gradient(ellipse at 50% -50% , #e0dede 0px, rgba(255, 255, 255, 0) 80%) repeat scroll 0 0 rgba(0, 0, 0, 0);background:-webkit-radial-gradient(ellipse at 50% -50% , #e0dede 0px, rgba(255, 255, 255, 0) 80%) repeat scroll 0 0 rgba(0, 0, 0, 0);background:-moz-radial-gradient(ellipse at 50% -50% , #e0dede 0px, rgba(255, 255, 255, 0) 80%) repeat scroll 0 0 rgba(0, 0, 0, 0);background:-o-radial-gradient(ellipse at 50% -50% , #e0dede 0px, rgba(255, 255, 255, 0) 80%) repeat scroll 0 0 rgba(0, 0, 0, 0);margin-left: auto;margin-right: auto;margin-top:20px;margin-bottom:20px;\"><\/div>\n<h3>Commentaires des clients<\/h3>\n<p><strong>Commentaires recueillis sur les cartes d\u2019enregistrement de produits ou lors de l\u2019enregistrement de produits en ligne :<\/strong><\/p>\n<div class=\"review male\"><blockquote><q style=\"background-color:;color:;\"><span class=\"fusion-dropcap dropcap\" style=\"color:#67b7e1;\">\u201c<\/span> Excellent achat. J\u2019avais du avoir cette chais bien avant. Tres securitaire. Le fait qu\u2019elle soit pliante est aussi un bon a tout.<br \/>\n<\/q><\/blockquote><div class=\"author\" style=\"color:;\"><span class=\"testimonial-thumbnail doe\" style=\"color:;\"><\/span><span class=\"company-name\"><strong>Par : Jacqueline S.   De : Drummondville<\/strong><\/span><\/div><\/div>\n<div class=\"review male\"><blockquote><q style=\"background-color:;color:;\"><span class=\"fusion-dropcap dropcap\" style=\"color:#67b7e1;\">\u201c<\/span> Je vous felicite, car la chaise est tres confortable et pratique pour la personne malade comme pour la personne qui prend soins de malade. Je vous remercie enormement.<br \/>\n<\/q><\/blockquote><div class=\"author\" style=\"color:;\"><span class=\"testimonial-thumbnail doe\" style=\"color:;\"><\/span><span class=\"company-name\"><strong>Par : Gloria V.   De : Quebec <\/strong><\/span><\/div><\/div>\n<div class=\"review male\"><blockquote><q style=\"background-color:;color:;\"><span class=\"fusion-dropcap dropcap\" style=\"color:#67b7e1;\">\u201c<\/span> Parfaitement comfortable dans une salle de bains tres petite la fabrication et la qualite des materiaux ainsi que le design m\u00a0\u00bbont satisfaite ainsi que le comfort<br \/>\n<\/q><\/blockquote><div class=\"author\" style=\"color:;\"><span class=\"testimonial-thumbnail doe\" style=\"color:;\"><\/span><span class=\"company-name\"><strong>Par: lise L   De : Laval<\/strong><\/span><\/div><\/div>\n<div class=\"review male\"><blockquote><q style=\"background-color:;color:;\"><span class=\"fusion-dropcap dropcap\" style=\"color:#67b7e1;\">\u201c<\/span> Suite a une operation, j&rsquo;ai besoin de ce banc de bain pour prendre ma douche, care je ne peux pas rester debout longtemps.<br \/>\n<\/q><\/blockquote><div class=\"author\" style=\"color:;\"><span class=\"testimonial-thumbnail doe\" style=\"color:;\"><\/span><span class=\"company-name\"><strong>Par : Francine M.     De : Chateauguay<\/strong><\/span><\/div><\/div>\n<div id=\"attachment_438\" style=\"width: 252px\" class=\"wp-caption alignright\"><a href=\"\/en\/wp-content\/uploads\/2013\/06\/770-525-Lifestyle.jpg\"><img loading=\"lazy\" decoding=\"async\" aria-describedby=\"caption-attachment-438\" src=\"\/en\/wp-content\/uploads\/2013\/06\/770-525-Lifestyle-242x300.jpg\" alt=\"Si\u00e8ge de bain pliable, par AquaSense\u00ae\" width=\"242\" height=\"300\" class=\"size-medium wp-image-438\" \/><\/a><p id=\"caption-attachment-438\" class=\"wp-caption-text\"><\/p>\n<div align=\"center\" style=\"line-height:normal;\">Si\u00e8ge de bain pliable, par AquaSense\u00ae<\/div>\n<p><\/p><\/div>\n<div class=\"review male\"><blockquote><q style=\"background-color:;color:;\"><span class=\"fusion-dropcap dropcap\" style=\"color:#67b7e1;\">\u201c<\/span> Jutiliserai le produit pour ma m\u00e8re de 83 ans qui a besoin de support lors de sa toilettes. \u00c9tant moi-m\u00eame en fauteuil roulant, \u00e7a me servira \u00e0 moi aussi, et j&rsquo;ai le fait que \u00e7a soit portable, je pourrai l&rsquo;utiliser lors de mes voyages dans des endroits pas n\u00e9c\u00e9ssairement \u00ab\u00a0adapt\u00e9e\u00a0\u00bb.<br \/>\n<\/q><\/blockquote><div class=\"author\" style=\"color:;\"><span class=\"testimonial-thumbnail doe\" style=\"color:;\"><\/span><span class=\"company-name\"><strong>Par : Nicolas R.     De : Sherbrooke<\/strong><\/span><\/div><\/div>\n<div class=\"review male\"><blockquote><q style=\"background-color:;color:;\"><span class=\"fusion-dropcap dropcap\" style=\"color:#67b7e1;\">\u201c<\/span> Tres bien cette chaise, tres necessaire aux gens avec difficultes a se mouvoir, facile a nettoyer, tres satisfait.<br \/>\n&nbsp;<br \/>\n<\/q><\/blockquote><div class=\"author\" style=\"color:;\"><span class=\"testimonial-thumbnail doe\" style=\"color:;\"><\/span><span class=\"company-name\"><strong>Par : Jacques V.  De : Montreal<\/strong><\/span><\/div><\/div>\n<div class=\"review male\"><blockquote><q style=\"background-color:;color:;\"><span class=\"fusion-dropcap dropcap\" style=\"color:#67b7e1;\">\u201c<\/span> va etre bien pratique<br \/>\n&nbsp;<br \/>\n<\/q><\/blockquote><div class=\"author\" style=\"color:;\"><span class=\"testimonial-thumbnail doe\" style=\"color:;\"><\/span><span class=\"company-name\"><strong>Par : C. D.     De : Le Gardeur, QC<\/strong><\/span><\/div><\/div>\n<div class=\"review male\"><blockquote><q style=\"background-color:;color:;\"><span class=\"fusion-dropcap dropcap\" style=\"color:#67b7e1;\">\u201c<\/span> J&rsquo;aime bien son design innovateur.<br \/>\n&nbsp;<br \/>\n<\/q><\/blockquote><div class=\"author\" style=\"color:;\"><span class=\"testimonial-thumbnail doe\" style=\"color:;\"><\/span><span class=\"company-name\"><strong>Par : Carole T.     De : Saint-Eustache<\/strong><\/span><\/div><\/div>\n<div class=\"review male\"><blockquote><q style=\"background-color:;color:;\"><span class=\"fusion-dropcap dropcap\" style=\"color:#67b7e1;\">\u201c<\/span> C&rsquo;\u00e9tait indispensable pour \u00e9viter de glisser et de tomber.<br \/>\n&nbsp;<br \/>\n<\/q><\/blockquote><div class=\"author\" style=\"color:;\"><span class=\"testimonial-thumbnail doe\" style=\"color:;\"><\/span><span class=\"company-name\"><strong>Par : Lucien D.     De : Saint-Laurent<\/strong><\/span><\/div><\/div>\n<div class=\"review male\"><blockquote><q style=\"background-color:;color:;\"><span class=\"fusion-dropcap dropcap\" style=\"color:#67b7e1;\">\u201c<\/span> Pour mon epouse.<br \/>\n&nbsp;<br \/>\n<\/q><\/blockquote><div class=\"author\" style=\"color:;\"><span class=\"testimonial-thumbnail doe\" style=\"color:;\"><\/span><span class=\"company-name\"><strong>Par : Gilles T.     De : La Salle<\/strong><\/span><\/div><\/div>\n<div class=\"fusion-sep-clear\"><\/div><div class=\"fusion-separator fusion-full-width-sep sep-shadow\" style=\"background:radial-gradient(ellipse at 50% -50% , #e0dede 0px, rgba(255, 255, 255, 0) 80%) repeat scroll 0 0 rgba(0, 0, 0, 0);background:-webkit-radial-gradient(ellipse at 50% -50% , #e0dede 0px, rgba(255, 255, 255, 0) 80%) repeat scroll 0 0 rgba(0, 0, 0, 0);background:-moz-radial-gradient(ellipse at 50% -50% , #e0dede 0px, rgba(255, 255, 255, 0) 80%) repeat scroll 0 0 rgba(0, 0, 0, 0);background:-o-radial-gradient(ellipse at 50% -50% , #e0dede 0px, rgba(255, 255, 255, 0) 80%) repeat scroll 0 0 rgba(0, 0, 0, 0);margin-left: auto;margin-right: auto;margin-top:20px;margin-bottom:20px;\"><\/div>\n&nbsp;<\/p>\n<div id=\"attachment_440\" style=\"width: 690px\" class=\"wp-caption alignnone\"><a href=\"en\/wp-content\/uploads\/2013\/06\/770-525-leg-shaving.jpg\"><img loading=\"lazy\" decoding=\"async\" aria-describedby=\"caption-attachment-440\" src=\"\/en\/wp-content\/uploads\/2013\/06\/770-525-leg-shaving.jpg\" alt=\"On peut utiliser le Si\u00e8ge de bain pliable, d'AquaSense\u00ae pour s'aider \u00e0 se raser les jambes\" width=\"680\" height=\"499\" class=\"size-full wp-image-440\" \/><\/a><p id=\"caption-attachment-440\" class=\"wp-caption-text\"><\/p>\n<div align=\"center\" style=\"line-height:normal;\">On peut utiliser le Si\u00e8ge de bain pliable, d&rsquo;AquaSense\u00ae pour s&rsquo;aider \u00e0 se raser les jambes<\/div>\n<p><\/p><\/div>\n","protected":false},"excerpt":{"rendered":"<p>Ce banc de bain prend peu de place lorsque pli\u00e9 et est facile \u00e0 ranger. Il procure un soutien pratique aux personnes qui ont besoin de s&#039;asseoir en prenant un bain ou une douche.<\/p>\n<p>Ce si\u00e8ge procure une sensation de s\u00e9curit\u00e9 sans pareille car il a \u00e9t\u00e9 con\u00e7u en fonction de votre bien-\u00eatre : 7 ajustements en hauteur, embouts inclin\u00e9s assurant une meilleure prise et appui-dos \u00ab flex-confort \u00bb contribuent \u00e0 rendre votre exp\u00e9rience dans la baignoire ou dans la douche plus relaxante et s\u00e9curitaire.<\/p>\n","protected":false},"featured_media":506,"comment_status":"open","ping_status":"closed","template":"","meta":[],"product_cat":[71],"product_tag":[],"class_list":{"0":"post-505","1":"product","2":"type-product","3":"status-publish","4":"has-post-thumbnail","6":"product_cat-sieges-de-bain","8":"first","9":"instock","10":"shipping-taxable","11":"product-type-simple"},"_links":{"self":[{"href":"http:\/\/www.myaquasense.com\/fr\/wp-json\/wp\/v2\/product\/505"}],"collection":[{"href":"http:\/\/www.myaquasense.com\/fr\/wp-json\/wp\/v2\/product"}],"about":[{"href":"http:\/\/www.myaquasense.com\/fr\/wp-json\/wp\/v2\/types\/product"}],"replies":[{"embeddable":true,"href":"http:\/\/www.myaquasense.com\/fr\/wp-json\/wp\/v2\/comments?post=505"}],"wp:featuredmedia":[{"embeddable":true,"href":"http:\/\/www.myaquasense.com\/fr\/wp-json\/wp\/v2\/media\/506"}],"wp:attachment":[{"href":"http:\/\/www.myaquasense.com\/fr\/wp-json\/wp\/v2\/media?parent=505"}],"wp:term":[{"taxonomy":"product_cat","embeddable":true,"href":"http:\/\/www.myaquasense.com\/fr\/wp-json\/wp\/v2\/product_cat?post=505"},{"taxonomy":"product_tag","embeddable":true,"href":"http:\/\/www.myaquasense.com\/fr\/wp-json\/wp\/v2\/product_tag?post=505"}],"curies":[{"name":"wp","href":"https:\/\/api.w.org\/{rel}","templated":true}]}}