{"id":510,"date":"2015-02-20T15:07:15","date_gmt":"2015-02-20T20:07:15","guid":{"rendered":"http:\/\/www.myaquasense.com\/fr\/?post_type=product&#038;p=510"},"modified":"2015-02-20T15:07:30","modified_gmt":"2015-02-20T20:07:30","slug":"poignee-dappui-a-profil-bas","status":"publish","type":"product","link":"http:\/\/www.myaquasense.com\/fr\/produits\/poignee-dappui-a-profil-bas\/","title":{"rendered":"Poign\u00e9e d&rsquo;appui \u00e0 profil bas, par AquaSense\u00ae"},"content":{"rendered":"<div id=\"attachment_333\" style=\"width: 212px\" class=\"wp-caption alignright\"><a href=\"\/en\/wp-content\/uploads\/2013\/05\/785-360-box.jpg\"><img loading=\"lazy\" decoding=\"async\" aria-describedby=\"caption-attachment-333\" src=\"\/en\/wp-content\/uploads\/2013\/05\/785-360-box-202x300.jpg\" alt=\"Poign\u00e9e d'appui pour baignoire, \u00e0 profil bas, par AquaSense\u00ae\" width=\"202\" height=\"300\" class=\"size-medium wp-image-333\" \/><\/a><p id=\"caption-attachment-333\" class=\"wp-caption-text\"><\/p>\n<div align=\"center\" style=\"line-height:normal;\">Poign\u00e9e d&rsquo;appui pour baignoire, \u00e0 profil bas, par AquaSense\u00ae<\/div>\n<p><\/p><\/div>\n<h4>Offre un soutien additionnel pour entrer et sortir de son bain !<\/h4>\n<p>Cette poign\u00e9e d\u2019appui pour baignoire vous offre stabilit\u00e9 et confort \u00e0 l\u2019entr\u00e9e et \u00e0 la sortie du bain. Construite de poly\u00e9thyl\u00e8ne de forte \u00e9paisseur, cette poign\u00e9e d&rsquo;appui pour le bain est facile \u00e0 nettoyer et s\u2019installe rapidement et solidement sans outil sur la paroi du bain.<\/p>\n<ul>\n<li>Prise textur\u00e9e confortable <\/li>\n<li>Les points de contact sont munis de coussinets antirayures en caoutchouc pour une prise solide sans endommager la surface de votre baignoire. <\/li>\n<li>Levier  d&rsquo;ajustement r\u00e9tractable pour une installation facile et sans outils. <\/li>\n<li>Deux surfaces de contact ind\u00e9pendantes permettent \u00e0 cette poign\u00e9e d&rsquo;appui de s&rsquo;ajuster \u00e0 plusieurs types de baignoires. <\/li>\n<li>Construction robuste en poly\u00e9thyl\u00e8ne, offrant un soutien solide et fiable lors de l&rsquo;entr\u00e9e ou de la sortie du bain. <\/li>\n<li>Surface facile d&rsquo;entretien et r\u00e9sistante \u00e0 la moisissure. <\/li>\n<li>S&rsquo;adapte aux parois de bain de 7,6 \u00e0 15,2 cm (3 \u00e0 6 po) de largeur <\/li>\n<p><div id=\"attachment_334\" style=\"width: 173px\" class=\"wp-caption alignright\"><a href=\"\/en\/wp-content\/uploads\/2013\/05\/785-360-Low-Profile.jpg\"><img loading=\"lazy\" decoding=\"async\" aria-describedby=\"caption-attachment-334\" src=\"\/en\/wp-content\/uploads\/2013\/05\/785-360-Low-Profile-163x300.jpg\" alt=\"Poign\u00e9e d'appui pour baignoire, \u00e0 profil bas\" width=\"163\" height=\"300\" class=\"size-medium wp-image-334\" \/><\/a><p id=\"caption-attachment-334\" class=\"wp-caption-text\"><\/p>\n<div align=\"center\" style=\"line-height:normal;\">Poign\u00e9e d&rsquo;appui pour baignoire, \u00e0 profil bas<\/div>\n<p><\/p><\/div>\n<\/ul>\n<style>\n#buzz table\n{\nborder-collapse:collapse;\n}\n#buzz table, #buzz td, #buzz th\n{\nborder:1px solid black;\nline-height:1.4em;\n}\n#buzz td, #buzz th\n{\npadding:8px;\n}\n<\/style>\n<table width=\"430px\" border=\"1\" cellspacing=\"0\" cellpadding=\"5\" id=\"buzz\">\n<tr>\n<th bgcolor=\"#007BC5\" scope=\"col\" style=\"color:#FFF;\">Hauteur au-dessus<br \/>\n    du bain<\/th>\n<th bgcolor=\"#007BC5\" scope=\"col\" style=\"color:#FFF;\">Hauteur<br \/>\n    totale<\/th>\n<th bgcolor=\"#007BC5\" scope=\"col\" style=\"color:#FFF;\">Largeur<br \/>\n    totale<\/th>\n<th bgcolor=\"#007BC5\" scope=\"col\" style=\"color:#FFF;\">Fixation<br \/>\n    ajustable de<\/th>\n<\/tr>\n<tr>\n<td>\n<div align=\"center\">30,5 cm<br \/>\n      12 po\n    <\/div>\n<\/td>\n<td>\n<div align=\"center\">44,5 cm<br \/>\n      17,5 po\n    <\/div>\n<\/td>\n<td>\n<div align=\"center\">16,5 cm<br \/>\n      6,5 po\n    <\/div>\n<\/td>\n<td>\n<div align=\"center\">6,4 &#8211; 15,2 cm<br \/>\n      2,5 &#8211; 6 po\n    <\/div>\n<\/td>\n<\/tr>\n<\/table>\n<h3>Mode d&#8217;emploi<\/h3>\n<p><a href=\"http:\/\/www.amgmedical.com\/site\/manuals\/785-360Insf.pdf\">Mode d&#8217;emploi pour la Poign\u00e9e d&rsquo;appui \u00e0 profil bas, par AquaSense\u00ae (fichier pdf)<\/a><\/p>\n<h3>Garantie<\/h3>\n<p>Garantie limit\u00e9e \u00e0 vie.<\/p>\n<div class=\"fusion-sep-clear\"><\/div><div class=\"fusion-separator fusion-full-width-sep sep-shadow\" style=\"background:radial-gradient(ellipse at 50% -50% , #e0dede 0px, rgba(255, 255, 255, 0) 80%) repeat scroll 0 0 rgba(0, 0, 0, 0);background:-webkit-radial-gradient(ellipse at 50% -50% , #e0dede 0px, rgba(255, 255, 255, 0) 80%) repeat scroll 0 0 rgba(0, 0, 0, 0);background:-moz-radial-gradient(ellipse at 50% -50% , #e0dede 0px, rgba(255, 255, 255, 0) 80%) repeat scroll 0 0 rgba(0, 0, 0, 0);background:-o-radial-gradient(ellipse at 50% -50% , #e0dede 0px, rgba(255, 255, 255, 0) 80%) repeat scroll 0 0 rgba(0, 0, 0, 0);margin-left: auto;margin-right: auto;margin-top:20px;margin-bottom:20px;\"><\/div>\n<h3>Informations sur le produit<\/h3>\n<p><strong>Poign\u00e9e d&rsquo;appui \u00e0 profil bas, par AquaSense\u00ae<\/strong><\/p>\n<p>Offre un soutien additionnel pour entrer et sortir de son bain !<\/p>\n<p><strong>Article no : 785-360<\/strong><\/p>\n<div class=\"fusion-sep-clear\"><\/div><div class=\"fusion-separator fusion-full-width-sep sep-shadow\" style=\"background:radial-gradient(ellipse at 50% -50% , #e0dede 0px, rgba(255, 255, 255, 0) 80%) repeat scroll 0 0 rgba(0, 0, 0, 0);background:-webkit-radial-gradient(ellipse at 50% -50% , #e0dede 0px, rgba(255, 255, 255, 0) 80%) repeat scroll 0 0 rgba(0, 0, 0, 0);background:-moz-radial-gradient(ellipse at 50% -50% , #e0dede 0px, rgba(255, 255, 255, 0) 80%) repeat scroll 0 0 rgba(0, 0, 0, 0);background:-o-radial-gradient(ellipse at 50% -50% , #e0dede 0px, rgba(255, 255, 255, 0) 80%) repeat scroll 0 0 rgba(0, 0, 0, 0);margin-left: auto;margin-right: auto;margin-top:20px;margin-bottom:20px;\"><\/div>\n&nbsp;<\/p>\n<div id=\"attachment_98\" style=\"width: 690px\" class=\"wp-caption alignnone\"><a href=\"\/es\/wp-content\/uploads\/2013\/05\/Products785-360_v2_L-2.jpg\"><img loading=\"lazy\" decoding=\"async\" aria-describedby=\"caption-attachment-98\" src=\"\/es\/wp-content\/uploads\/2013\/05\/Products785-360_v2_L-2.jpg\" alt=\"Poign\u00e9e d'appui pour baignoire, \u00e0 profil bas, par AquaSense\u00ae\" width=\"680\" height=\"329\" class=\"size-full wp-image-98\" \/><\/a><p id=\"caption-attachment-98\" class=\"wp-caption-text\"><\/p>\n<div align=\"center\" style=\"line-height:normal;\">Poign\u00e9e d&rsquo;appui pour baignoire, \u00e0 profil bas, par AquaSense\u00ae<\/div>\n<p><\/p><\/div>\n","protected":false},"excerpt":{"rendered":"<p>Offre un soutien additionnel pour entrer et sortir de son bain !<\/p>\n<p>Cette poign\u00e9e d\u2019appui pour baignoire vous offre stabilit\u00e9 et confort \u00e0 l\u2019entr\u00e9e et \u00e0 la sortie du bain. Construite de poly\u00e9thyl\u00e8ne de forte \u00e9paisseur, cette poign\u00e9e d&#039;appui pour le bain est facile \u00e0 nettoyer et s\u2019installe rapidement et solidement sans outil sur la paroi du bain.<\/p>\n","protected":false},"featured_media":511,"comment_status":"open","ping_status":"closed","template":"","meta":[],"product_cat":[72],"product_tag":[],"class_list":{"0":"post-510","1":"product","2":"type-product","3":"status-publish","4":"has-post-thumbnail","6":"product_cat-poignees-dappui","8":"first","9":"instock","10":"shipping-taxable","11":"product-type-simple"},"_links":{"self":[{"href":"http:\/\/www.myaquasense.com\/fr\/wp-json\/wp\/v2\/product\/510"}],"collection":[{"href":"http:\/\/www.myaquasense.com\/fr\/wp-json\/wp\/v2\/product"}],"about":[{"href":"http:\/\/www.myaquasense.com\/fr\/wp-json\/wp\/v2\/types\/product"}],"replies":[{"embeddable":true,"href":"http:\/\/www.myaquasense.com\/fr\/wp-json\/wp\/v2\/comments?post=510"}],"wp:featuredmedia":[{"embeddable":true,"href":"http:\/\/www.myaquasense.com\/fr\/wp-json\/wp\/v2\/media\/511"}],"wp:attachment":[{"href":"http:\/\/www.myaquasense.com\/fr\/wp-json\/wp\/v2\/media?parent=510"}],"wp:term":[{"taxonomy":"product_cat","embeddable":true,"href":"http:\/\/www.myaquasense.com\/fr\/wp-json\/wp\/v2\/product_cat?post=510"},{"taxonomy":"product_tag","embeddable":true,"href":"http:\/\/www.myaquasense.com\/fr\/wp-json\/wp\/v2\/product_tag?post=510"}],"curies":[{"name":"wp","href":"https:\/\/api.w.org\/{rel}","templated":true}]}}