{"id":525,"date":"2015-02-20T16:31:13","date_gmt":"2015-02-20T21:31:13","guid":{"rendered":"http:\/\/www.myaquasense.com\/fr\/?post_type=product&#038;p=525"},"modified":"2015-02-20T16:38:39","modified_gmt":"2015-02-20T21:38:39","slug":"barres-dappui-striee-chromee","status":"publish","type":"product","link":"http:\/\/www.myaquasense.com\/fr\/produits\/barres-dappui-striee-chromee\/","title":{"rendered":"Barres d&rsquo;appui stri\u00e9e chrom\u00e9e, par AquaSense\u00ae"},"content":{"rendered":"<div id=\"attachment_448\" style=\"width: 160px\" class=\"wp-caption alignright\"><a href=\"\/en\/wp-content\/uploads\/2013\/06\/785-102-box.jpg\"><img loading=\"lazy\" decoding=\"async\" aria-describedby=\"caption-attachment-448\" src=\"\/en\/wp-content\/uploads\/2013\/06\/785-102-box-150x300.jpg\" alt=\"Barre d'appui stri\u00e9e chrom\u00e9e, par AquaSense\u00ae, bo\u00eete pour la vente au d\u00e9tail\" width=\"150\" height=\"300\" class=\"size-medium wp-image-448\" \/><\/a><p id=\"caption-attachment-448\" class=\"wp-caption-text\"><\/p>\n<div align=\"center\" style=\"line-height:normal;\">Barre d&rsquo;appui stri\u00e9e chrom\u00e9e, par AquaSense\u00ae, bo\u00eete pour la vente au d\u00e9tail<\/div>\n<p><\/p><\/div>\n<h4>Faites de votre salle de bains un endroit plus s\u00e9curitaire et plus polyvalent en y ajoutant des barres d&rsquo;appui stri\u00e9es chrom\u00e9es.<\/h4>\n<p>Que ce soit pour votre baignoire ou votre douche, les barres d&rsquo;appui offrent une s\u00e9curit\u00e9 suppl\u00e9mentaire, surtout lorsque le plancher de la salle de bains, de la baignoire ou de la douche est glissant.<\/p>\n<p>Les barres d\u2019appui aident \u00e0 pr\u00e9venir les chutes accidentelles. Elles se placent sur le mur qui longe le bain ou la douche. En fait, elles s&rsquo;installent partout o\u00f9 un soutien peut \u00eatre n\u00e9cessaire, pr\u00e8s de la toilette, d\u2019un \u00e9vier ou le long d\u2019un mur dans un couloir par exemple.<\/p>\n<p>Les barres d\u2019appui d&rsquo;AquaSense sont fabriqu\u00e9es en acier durable et ont une surface stri\u00e9e en chrome. Elles sont r\u00e9sistantes \u00e0 la corrosion. Le vis en acier et les instructions sont incluses avec chaque barre d&rsquo;appui stri\u00e9e chrom\u00e9e d&rsquo;AquaSense\u00ae.<\/p>\n<p>Espace entre le mur et la barre : 4,4 cm (1 3\/4&Prime;)<\/p>\n<ul>\n<li>Molet\u00e9e pour une prise ferme <\/li>\n<li>Fini antirouille <\/li>\n<li>Quincaillerie en acier inoxydable incluse<\/li>\n<li>Disponibles en diff\u00e9rentes grandeurs : 30,5 cm (12 po), <\/ br><br \/>\n40,6 cm (16&nbsp;po), 45,7 cm (18 po), 60,9 cm (24 po) ou 81,3 cm (32 po)<\/li>\n<\/ul>\n<div class=\"fusion-sep-clear\"><\/div><div class=\"fusion-separator fusion-full-width-sep sep-shadow\" style=\"background:radial-gradient(ellipse at 50% -50% , #e0dede 0px, rgba(255, 255, 255, 0) 80%) repeat scroll 0 0 rgba(0, 0, 0, 0);background:-webkit-radial-gradient(ellipse at 50% -50% , #e0dede 0px, rgba(255, 255, 255, 0) 80%) repeat scroll 0 0 rgba(0, 0, 0, 0);background:-moz-radial-gradient(ellipse at 50% -50% , #e0dede 0px, rgba(255, 255, 255, 0) 80%) repeat scroll 0 0 rgba(0, 0, 0, 0);background:-o-radial-gradient(ellipse at 50% -50% , #e0dede 0px, rgba(255, 255, 255, 0) 80%) repeat scroll 0 0 rgba(0, 0, 0, 0);margin-left: auto;margin-right: auto;margin-top:20px;margin-bottom:20px;\"><\/div>\n<h3>Mode d&#8217;emploi &#8211; Instructions<\/h3>\n<p><a href=\"http:\/\/www.amgmedical.com\/site\/manuals\/785-10xIns.pdf\" target=\"_blank\">Pour les Barres d&rsquo;appui stri\u00e9e chrom\u00e9e, par AquaSense\u00ae (fichier pdf)<\/a><\/p>\n<div class=\"fusion-sep-clear\"><\/div><div class=\"fusion-separator fusion-full-width-sep sep-shadow\" style=\"background:radial-gradient(ellipse at 50% -50% , #e0dede 0px, rgba(255, 255, 255, 0) 80%) repeat scroll 0 0 rgba(0, 0, 0, 0);background:-webkit-radial-gradient(ellipse at 50% -50% , #e0dede 0px, rgba(255, 255, 255, 0) 80%) repeat scroll 0 0 rgba(0, 0, 0, 0);background:-moz-radial-gradient(ellipse at 50% -50% , #e0dede 0px, rgba(255, 255, 255, 0) 80%) repeat scroll 0 0 rgba(0, 0, 0, 0);background:-o-radial-gradient(ellipse at 50% -50% , #e0dede 0px, rgba(255, 255, 255, 0) 80%) repeat scroll 0 0 rgba(0, 0, 0, 0);margin-left: auto;margin-right: auto;margin-top:20px;margin-bottom:20px;\"><\/div>\n<h3>Garantie<\/h3>\n<p>Garantie limit\u00e9e de 2 ans.<\/p>\n<div class=\"fusion-sep-clear\"><\/div><div class=\"fusion-separator fusion-full-width-sep sep-shadow\" style=\"background:radial-gradient(ellipse at 50% -50% , #e0dede 0px, rgba(255, 255, 255, 0) 80%) repeat scroll 0 0 rgba(0, 0, 0, 0);background:-webkit-radial-gradient(ellipse at 50% -50% , #e0dede 0px, rgba(255, 255, 255, 0) 80%) repeat scroll 0 0 rgba(0, 0, 0, 0);background:-moz-radial-gradient(ellipse at 50% -50% , #e0dede 0px, rgba(255, 255, 255, 0) 80%) repeat scroll 0 0 rgba(0, 0, 0, 0);background:-o-radial-gradient(ellipse at 50% -50% , #e0dede 0px, rgba(255, 255, 255, 0) 80%) repeat scroll 0 0 rgba(0, 0, 0, 0);margin-left: auto;margin-right: auto;margin-top:20px;margin-bottom:20px;\"><\/div>\n<h3>Informations sur le produit<\/h3>\n<p><strong>Barres d&rsquo;appui stri\u00e9e chrom\u00e9e, par AquaSense\u00ae<\/strong><\/p>\n<p>Barres d\u2019appui en acier durable avec surface stri\u00e9e en chrome<\/p>\n<p><strong>Article no : 785-100, longueur : 30,5 cm (12 po)<\/strong><br \/>\n<strong>Article no : 785-102, longueur : 40,6 cm (16 po)<\/strong><br \/>\n<strong>Article no : 785-104, longueur : 45,7 cm (18 po)<\/strong><br \/>\n<strong>Article no : 785-106, longueur : 60,9 cm (24 po)<\/strong><br \/>\n<strong>Article no : 785-108, longueur : 81,3 cm (32 po)<\/strong><\/p>\n<div class=\"fusion-sep-clear\"><\/div><div class=\"fusion-separator fusion-full-width-sep sep-shadow\" style=\"background:radial-gradient(ellipse at 50% -50% , #e0dede 0px, rgba(255, 255, 255, 0) 80%) repeat scroll 0 0 rgba(0, 0, 0, 0);background:-webkit-radial-gradient(ellipse at 50% -50% , #e0dede 0px, rgba(255, 255, 255, 0) 80%) repeat scroll 0 0 rgba(0, 0, 0, 0);background:-moz-radial-gradient(ellipse at 50% -50% , #e0dede 0px, rgba(255, 255, 255, 0) 80%) repeat scroll 0 0 rgba(0, 0, 0, 0);background:-o-radial-gradient(ellipse at 50% -50% , #e0dede 0px, rgba(255, 255, 255, 0) 80%) repeat scroll 0 0 rgba(0, 0, 0, 0);margin-left: auto;margin-right: auto;margin-top:20px;margin-bottom:20px;\"><\/div>\n&nbsp;<\/p>\n<div id=\"attachment_447\" style=\"width: 690px\" class=\"wp-caption alignnone\"><a href=\"http:\/\/www.myaquasense.com\/en\/wp-content\/uploads\/2013\/06\/785-10x-in-bath.jpg\"><img loading=\"lazy\" decoding=\"async\" aria-describedby=\"caption-attachment-447\" src=\"http:\/\/www.myaquasense.com\/en\/wp-content\/uploads\/2013\/06\/785-10x-in-bath.jpg\" alt=\"Barre d'appui stri\u00e9e chrom\u00e9e, par AquaSense\u00ae, sur un mur\" width=\"680\" height=\"329\" class=\"size-full wp-image-447\" \/><\/a><p id=\"caption-attachment-447\" class=\"wp-caption-text\"><\/p>\n<div align=\"center\" style=\"line-height:normal;\">Barre d&rsquo;appui stri\u00e9e chrom\u00e9e, par AquaSense\u00ae, sur un mur<\/div>\n<p><\/p><\/div>\n","protected":false},"excerpt":{"rendered":"<p>Faites de votre salle de bains un endroit plus s\u00e9curitaire et plus polyvalent en y ajoutant des barres d&#039;appui stri\u00e9es chrom\u00e9es.<\/p>\n<p>Les barres d\u2019appui d&#039;AquaSense sont fabriqu\u00e9es en acier durable et ont une surface stri\u00e9e en chrome. Elles sont r\u00e9sistantes \u00e0 la corrosion. Le vis en acier et les instructions sont incluses avec chaque barre d&#039;appui stri\u00e9e chrom\u00e9e d&#039;AquaSense\u00ae.<\/p>\n<p>Espace entre le mur et la barre : 4,4 cm (1 3\/4 pouces)<\/p>\n","protected":false},"featured_media":526,"comment_status":"open","ping_status":"closed","template":"","meta":[],"product_cat":[73],"product_tag":[],"class_list":{"0":"post-525","1":"product","2":"type-product","3":"status-publish","4":"has-post-thumbnail","6":"product_cat-barres-dappui","8":"first","9":"instock","10":"shipping-taxable","11":"product-type-simple"},"_links":{"self":[{"href":"http:\/\/www.myaquasense.com\/fr\/wp-json\/wp\/v2\/product\/525"}],"collection":[{"href":"http:\/\/www.myaquasense.com\/fr\/wp-json\/wp\/v2\/product"}],"about":[{"href":"http:\/\/www.myaquasense.com\/fr\/wp-json\/wp\/v2\/types\/product"}],"replies":[{"embeddable":true,"href":"http:\/\/www.myaquasense.com\/fr\/wp-json\/wp\/v2\/comments?post=525"}],"wp:featuredmedia":[{"embeddable":true,"href":"http:\/\/www.myaquasense.com\/fr\/wp-json\/wp\/v2\/media\/526"}],"wp:attachment":[{"href":"http:\/\/www.myaquasense.com\/fr\/wp-json\/wp\/v2\/media?parent=525"}],"wp:term":[{"taxonomy":"product_cat","embeddable":true,"href":"http:\/\/www.myaquasense.com\/fr\/wp-json\/wp\/v2\/product_cat?post=525"},{"taxonomy":"product_tag","embeddable":true,"href":"http:\/\/www.myaquasense.com\/fr\/wp-json\/wp\/v2\/product_tag?post=525"}],"curies":[{"name":"wp","href":"https:\/\/api.w.org\/{rel}","templated":true}]}}