{"id":530,"date":"2015-02-20T16:41:58","date_gmt":"2015-02-20T21:41:58","guid":{"rendered":"http:\/\/www.myaquasense.com\/fr\/?post_type=product&#038;p=530"},"modified":"2015-02-20T16:43:56","modified_gmt":"2015-02-20T21:43:56","slug":"barres-dappui-striees-chromees-avec-brides-pivotantes","status":"publish","type":"product","link":"http:\/\/www.myaquasense.com\/fr\/produits\/barres-dappui-striees-chromees-avec-brides-pivotantes\/","title":{"rendered":"Barres d\u2019appui stri\u00e9es chrom\u00e9es avec brides pivotantes, par AquaSense\u00ae"},"content":{"rendered":"<div id=\"attachment_450\" style=\"width: 160px\" class=\"wp-caption alignright\"><a href=\"http:\/\/www.myaquasense.com\/en\/wp-content\/uploads\/2013\/06\/785-130-box.jpg\"><img loading=\"lazy\" decoding=\"async\" aria-describedby=\"caption-attachment-450\" src=\"http:\/\/www.myaquasense.com\/en\/wp-content\/uploads\/2013\/06\/785-130-box-150x300.jpg\" alt=\"Barre d\u2019appui stri\u00e9e chrom\u00e9e avec bride pivotante, par AquaSense\u00ae, bo\u00eete pour la vente au d\u00e9tail\" width=\"150\" height=\"300\" class=\"size-medium wp-image-450\" \/><\/a><p id=\"caption-attachment-450\" class=\"wp-caption-text\"><\/p>\n<div align=\"center\" style=\"line-height:normal;\">Barre d\u2019appui stri\u00e9e chrom\u00e9e avec bride pivotants, par AquaSense\u00ae, bo\u00eete pour la vente au d\u00e9tail<\/div>\n<p><\/p><\/div>\n<h4>Surface stri\u00e9e antid\u00e9rapante en chrome pour une meilleur prise sur la barre d&rsquo;appui et brides pivotantes qui facilitent l&rsquo;installation.<\/h4>\n<p>Les barres d&rsquo;appui stri\u00e9es chrom\u00e9es avec brides pivotantes, par AquaSense\u00ae, sont parfaites l\u00e0 o\u00f9 un soutien suppl\u00e9mentaire est n\u00e9cessaire dans la salle de bains. Elles aident \u00e0 pr\u00e9venir les accidents, comme ceux que l&rsquo;on risque d&rsquo;avoir en glissant ou en tombant dans la salle de bains.<\/p>\n<p>Cette barre d&rsquo;appui stri\u00e9e chrom\u00e9e est munie de brides pivotantes, ce qui en facilite l&rsquo;installation sur un mur pr\u00e8s de la baignoire, le mur de la douche ou pr\u00e8s d&rsquo;une toilette ou d&rsquo;un \u00e9vier. La rotation des brides de la barre d&rsquo;appui permet une installation plus personnalis\u00e9e. La barre d&rsquo;appui peut \u00eatre mont\u00e9e verticalement, horizontalement ou en diagonale.<\/p>\n<p>Les barres d\u2019appui aident \u00e0 pr\u00e9venir les chutes accidentelles. Elles se placent sur le mur qui longe le bain ou la douche. En fait, elles s&rsquo;installent partout o\u00f9 un soutien peut \u00eatre n\u00e9cessaire, pr\u00e8s de la toilette, d\u2019un \u00e9vier ou le long d\u2019un mur dans un couloir par exemple.<\/p>\n<p>Les barres d&rsquo;appui pour la salle de bains, par AquaSense\u00ae, r\u00e9sistent \u00e0 la rouille et sont livr\u00e9es avec des instructions inscrites sur la bo\u00eete et les vis et le mat\u00e9riel d&rsquo;installation en acier inoxydable.<\/p>\n<p>Espace entre le mur et la barre : 6,3 cm (2 1\/2 pouces)<\/p>\n<ul>\n<li>Supports de montage r\u00e9glables (brides pivotantes)<\/li>\n<li>Stri\u00e9e pour une prise ferme <\/li>\n<li>Fini antirouille <\/li>\n<li>Quincaillerie en acier inoxydable incluse<\/li>\n<li>Disponibles en diff\u00e9rentes grandeurs : 30,5 cm (12 po), <\/ br><br \/>\n40,6 cm (16&nbsp;po), 45,7 cm (18 po), 60,9 cm (24 po) ou 81,3 cm (32 po)<\/li>\n<\/ul>\n<div class=\"fusion-sep-clear\"><\/div><div class=\"fusion-separator fusion-full-width-sep sep-shadow\" style=\"background:radial-gradient(ellipse at 50% -50% , #e0dede 0px, rgba(255, 255, 255, 0) 80%) repeat scroll 0 0 rgba(0, 0, 0, 0);background:-webkit-radial-gradient(ellipse at 50% -50% , #e0dede 0px, rgba(255, 255, 255, 0) 80%) repeat scroll 0 0 rgba(0, 0, 0, 0);background:-moz-radial-gradient(ellipse at 50% -50% , #e0dede 0px, rgba(255, 255, 255, 0) 80%) repeat scroll 0 0 rgba(0, 0, 0, 0);background:-o-radial-gradient(ellipse at 50% -50% , #e0dede 0px, rgba(255, 255, 255, 0) 80%) repeat scroll 0 0 rgba(0, 0, 0, 0);margin-left: auto;margin-right: auto;margin-top:20px;margin-bottom:20px;\"><\/div>\n<h3>Mode d&#8217;emploi &#8211; Instructions<\/h3>\n<p><a href=\"http:\/\/www.amgmedical.com\/site\/manuals\/785-13xIns.pdf\" target=\"_blank\">Pour les Barres d&rsquo;appui stri\u00e9e chrom\u00e9e avec brides pivotantes, par AquaSense\u00ae (fichier pdf)<\/a><\/p>\n<div class=\"fusion-sep-clear\"><\/div><div class=\"fusion-separator fusion-full-width-sep sep-shadow\" style=\"background:radial-gradient(ellipse at 50% -50% , #e0dede 0px, rgba(255, 255, 255, 0) 80%) repeat scroll 0 0 rgba(0, 0, 0, 0);background:-webkit-radial-gradient(ellipse at 50% -50% , #e0dede 0px, rgba(255, 255, 255, 0) 80%) repeat scroll 0 0 rgba(0, 0, 0, 0);background:-moz-radial-gradient(ellipse at 50% -50% , #e0dede 0px, rgba(255, 255, 255, 0) 80%) repeat scroll 0 0 rgba(0, 0, 0, 0);background:-o-radial-gradient(ellipse at 50% -50% , #e0dede 0px, rgba(255, 255, 255, 0) 80%) repeat scroll 0 0 rgba(0, 0, 0, 0);margin-left: auto;margin-right: auto;margin-top:20px;margin-bottom:20px;\"><\/div>\n<h3>Garantie<\/h3>\n<p>Garantie limit\u00e9e de 2 ans.<\/p>\n<div class=\"fusion-sep-clear\"><\/div><div class=\"fusion-separator fusion-full-width-sep sep-shadow\" style=\"background:radial-gradient(ellipse at 50% -50% , #e0dede 0px, rgba(255, 255, 255, 0) 80%) repeat scroll 0 0 rgba(0, 0, 0, 0);background:-webkit-radial-gradient(ellipse at 50% -50% , #e0dede 0px, rgba(255, 255, 255, 0) 80%) repeat scroll 0 0 rgba(0, 0, 0, 0);background:-moz-radial-gradient(ellipse at 50% -50% , #e0dede 0px, rgba(255, 255, 255, 0) 80%) repeat scroll 0 0 rgba(0, 0, 0, 0);background:-o-radial-gradient(ellipse at 50% -50% , #e0dede 0px, rgba(255, 255, 255, 0) 80%) repeat scroll 0 0 rgba(0, 0, 0, 0);margin-left: auto;margin-right: auto;margin-top:20px;margin-bottom:20px;\"><\/div>\n<h3>Informations sur le produit<\/h3>\n<p><strong>Barres d\u2019appui stri\u00e9es chrom\u00e9es avec brides pivotantes, par AquaSense\u00ae<\/strong><\/p>\n<p>Surface stri\u00e9e antid\u00e9rapante en chrome pour une meilleur prise sur la barre d&rsquo;appui et brides pivotantes qui facilitent l&rsquo;installation<\/p>\n<p><strong>Article no : 785-130, longueur : 30,5 cm (12 po)<\/strong><br \/>\n<strong>Article no : 785-132, longueur : 40,6 cm (16 po)<\/strong><br \/>\n<strong>Article no : 785-134, longueur : 45,7 cm (18 po)<\/strong><br \/>\n<strong>Article no : 785-136, longueur : 60,9 cm (24 po)<\/strong><br \/>\n<strong>Article no : 785-138, longueur : 81,3 cm (32 po)<\/strong><\/p>\n<div class=\"fusion-sep-clear\"><\/div><div class=\"fusion-separator fusion-full-width-sep sep-shadow\" style=\"background:radial-gradient(ellipse at 50% -50% , #e0dede 0px, rgba(255, 255, 255, 0) 80%) repeat scroll 0 0 rgba(0, 0, 0, 0);background:-webkit-radial-gradient(ellipse at 50% -50% , #e0dede 0px, rgba(255, 255, 255, 0) 80%) repeat scroll 0 0 rgba(0, 0, 0, 0);background:-moz-radial-gradient(ellipse at 50% -50% , #e0dede 0px, rgba(255, 255, 255, 0) 80%) repeat scroll 0 0 rgba(0, 0, 0, 0);background:-o-radial-gradient(ellipse at 50% -50% , #e0dede 0px, rgba(255, 255, 255, 0) 80%) repeat scroll 0 0 rgba(0, 0, 0, 0);margin-left: auto;margin-right: auto;margin-top:20px;margin-bottom:20px;\"><\/div>\n&nbsp;<\/p>\n<div id=\"attachment_453\" style=\"width: 690px\" class=\"wp-caption alignnone\"><a href=\"http:\/\/www.myaquasense.com\/en\/wp-content\/uploads\/2013\/06\/785-13x-Rotating-Flange-Grab-Bar-in-bath.jpg\"><img loading=\"lazy\" decoding=\"async\" aria-describedby=\"caption-attachment-453\" src=\"http:\/\/www.myaquasense.com\/en\/wp-content\/uploads\/2013\/06\/785-13x-Rotating-Flange-Grab-Bar-in-bath.jpg\" alt=\"Barre d\u2019appui stri\u00e9e chrom\u00e9e avec brides pivotantes, par AquaSense\u00ae, install\u00e9e sur un mur dans la salle de bains\" width=\"680\" height=\"329\" class=\"size-full wp-image-453\" \/><\/a><p id=\"caption-attachment-453\" class=\"wp-caption-text\"><\/p>\n<div align=\"center\" style=\"line-height:normal;\">Barre d\u2019appui stri\u00e9e chrom\u00e9e avec brides pivotantes, par AquaSense\u00ae,<br \/>\n<br \/>install\u00e9e sur un mur dans la salle de bains.<\/div>\n<p><\/p><\/div>\n","protected":false},"excerpt":{"rendered":"<p>Surface stri\u00e9e antid\u00e9rapante en chrome pour une meilleur prise sur la barre d&rsquo;appui et brides pivotantes qui facilitent l&rsquo;installation.<\/p>\n<p>Cette barre d&rsquo;appui stri\u00e9e chrom\u00e9e est munie de brides pivotantes, ce qui en facilite l&rsquo;installation sur un mur pr\u00e8s de la baignoire, le mur de la douche ou pr\u00e8s d&rsquo;une toilette ou d&rsquo;un \u00e9vier. La rotation des brides de la barre d&rsquo;appui permet une installation plus personnalis\u00e9e. La barre d&rsquo;appui peut \u00eatre mont\u00e9e verticalement, horizontalement ou en diagonale.<\/p>\n<p>Espace entre le mur et la barre : 6,3 cm (2 1\/2 pouces)<\/p>\n","protected":false},"featured_media":531,"comment_status":"open","ping_status":"closed","template":"","meta":[],"product_cat":[73],"product_tag":[],"class_list":{"0":"post-530","1":"product","2":"type-product","3":"status-publish","4":"has-post-thumbnail","6":"product_cat-barres-dappui","8":"first","9":"instock","10":"shipping-taxable","11":"product-type-simple"},"_links":{"self":[{"href":"http:\/\/www.myaquasense.com\/fr\/wp-json\/wp\/v2\/product\/530"}],"collection":[{"href":"http:\/\/www.myaquasense.com\/fr\/wp-json\/wp\/v2\/product"}],"about":[{"href":"http:\/\/www.myaquasense.com\/fr\/wp-json\/wp\/v2\/types\/product"}],"replies":[{"embeddable":true,"href":"http:\/\/www.myaquasense.com\/fr\/wp-json\/wp\/v2\/comments?post=530"}],"wp:featuredmedia":[{"embeddable":true,"href":"http:\/\/www.myaquasense.com\/fr\/wp-json\/wp\/v2\/media\/531"}],"wp:attachment":[{"href":"http:\/\/www.myaquasense.com\/fr\/wp-json\/wp\/v2\/media?parent=530"}],"wp:term":[{"taxonomy":"product_cat","embeddable":true,"href":"http:\/\/www.myaquasense.com\/fr\/wp-json\/wp\/v2\/product_cat?post=530"},{"taxonomy":"product_tag","embeddable":true,"href":"http:\/\/www.myaquasense.com\/fr\/wp-json\/wp\/v2\/product_tag?post=530"}],"curies":[{"name":"wp","href":"https:\/\/api.w.org\/{rel}","templated":true}]}}