{"id":539,"date":"2015-02-23T12:22:23","date_gmt":"2015-02-23T17:22:23","guid":{"rendered":"http:\/\/www.myaquasense.com\/fr\/?post_type=product&#038;p=539"},"modified":"2015-10-22T15:00:32","modified_gmt":"2015-10-22T19:00:32","slug":"douche-a-main","status":"publish","type":"product","link":"http:\/\/www.myaquasense.com\/fr\/produits\/douche-a-main\/","title":{"rendered":"Douche \u00e0 main, par AquaSense\u00ae"},"content":{"rendered":"<div id=\"attachment_213\" style=\"width: 184px\" class=\"wp-caption alignright\"><a href=\"http:\/\/www.myaquasense.com\/en\/wp-content\/uploads\/2012\/12\/770-980_Shower-Spray-Box.jpg\" target=\"_blank\"><img loading=\"lazy\" decoding=\"async\" aria-describedby=\"caption-attachment-213\" src=\"http:\/\/www.myaquasense.com\/en\/wp-content\/uploads\/2012\/12\/770-980_Shower-Spray-Box-174x300.jpg\" alt=\"Douche \u00e0 main AquaSense\u00ae, bo\u00eete\" title=\"Douche \u00e0 main AquaSense\u00ae, bo\u00eete\" width=\"174\" height=\"300\" class=\"size-medium wp-image-213\" \/><\/a><p id=\"caption-attachment-213\" class=\"wp-caption-text\"><\/p>\n<div align=\"center\" style=\"line-height:normal;\">Douche \u00e0 main AquaSense\u00ae, bo\u00eete<\/div>\n<p><\/p><\/div>\n<h4>Douche \u00e0 main AquaSense\u00ae<\/h4>\n<p><strong>Douchez-vous en toute s\u00e9curit\u00e9, avec ind\u00e9pendance et confort !<\/strong><\/p>\n<p>Cette douche \u00e0 main est munie d\u2019un tuyau plus long et plus robuste, ce qui permet \u00e0 l&rsquo;utilisateur de s&rsquo;asseoir en toute s\u00e9curit\u00e9 pendant la douche; rendant son hygi\u00e8ne personnelle plus s\u00fbre \u2013 elle rend \u00e9galement plus facile la t\u00e2che d\u2019aider \u00e0 prendre un bain \u00e0 un professionnel de la sant\u00e9. <\/p>\n<p>Un interrupteur marche \/ arr\u00eat d&rsquo;eau fournit un contr\u00f4le suppl\u00e9mentaire pour interrompre momentan\u00e9ment et red\u00e9marrer le jet d\u2019eau tout en maintenant la temp\u00e9rature de l&rsquo;eau \u00e0 la temp\u00e9rature d\u00e9sir\u00e9e.<\/p>\n<ul>\n<li>Un s\u00e9lecteur facile \u00e0 tourner vous donne acc\u00e8s \u00e0 un choix de 3 jets diff\u00e9rents<\/li>\n<li>Choix de changements de jet : \u00e9troit; large; et r\u00e9gulier<\/li>\n<li>Un interrupteur d\u2019eau vous permet de contr\u00f4ler facilement le d\u00e9bit<\/li>\n<li>Un boyau ultra-long de 203 cm (80 po), en acier inoxydable, vous permet de prendre une douche m\u00eame assis. De plus, il ne s\u2019emm\u00ealera pas ! <\/li>\n<li>S\u2019assemble sans outils !<\/li>\n<li>Interrupteur d\u2019eau facile \u00e0 contr\u00f4ler<\/li>\n<li>R\u00e9siste \u00e0 la corrosion<\/li>\n<li>Changement de jet facile \u00e0 tourner<\/li>\n<li>Support inclus<\/li>\n<\/ul>\n<div class=\"fusion-sep-clear\"><\/div><div class=\"fusion-separator fusion-full-width-sep sep-shadow\" style=\"background:radial-gradient(ellipse at 50% -50% , #e0dede 0px, rgba(255, 255, 255, 0) 80%) repeat scroll 0 0 rgba(0, 0, 0, 0);background:-webkit-radial-gradient(ellipse at 50% -50% , #e0dede 0px, rgba(255, 255, 255, 0) 80%) repeat scroll 0 0 rgba(0, 0, 0, 0);background:-moz-radial-gradient(ellipse at 50% -50% , #e0dede 0px, rgba(255, 255, 255, 0) 80%) repeat scroll 0 0 rgba(0, 0, 0, 0);background:-o-radial-gradient(ellipse at 50% -50% , #e0dede 0px, rgba(255, 255, 255, 0) 80%) repeat scroll 0 0 rgba(0, 0, 0, 0);margin-left: auto;margin-right: auto;margin-top:20px;margin-bottom:20px;\"><\/div>\n<h3>Mode d&#8217;emploi (fichier pdf)<\/h3>\n<p><a href=\"http:\/\/www.amgmedical.com\/site\/Manuals\/770-980_Ins_Rev_4.pdf\" target=\"_blank\">Mode d&#8217;emploi pour la Douche \u00e0 main AquaSense\u00ae 770-980<\/a> <\/p>\n<div class=\"fusion-sep-clear\"><\/div><div class=\"fusion-separator fusion-full-width-sep sep-shadow\" style=\"background:radial-gradient(ellipse at 50% -50% , #e0dede 0px, rgba(255, 255, 255, 0) 80%) repeat scroll 0 0 rgba(0, 0, 0, 0);background:-webkit-radial-gradient(ellipse at 50% -50% , #e0dede 0px, rgba(255, 255, 255, 0) 80%) repeat scroll 0 0 rgba(0, 0, 0, 0);background:-moz-radial-gradient(ellipse at 50% -50% , #e0dede 0px, rgba(255, 255, 255, 0) 80%) repeat scroll 0 0 rgba(0, 0, 0, 0);background:-o-radial-gradient(ellipse at 50% -50% , #e0dede 0px, rgba(255, 255, 255, 0) 80%) repeat scroll 0 0 rgba(0, 0, 0, 0);margin-left: auto;margin-right: auto;margin-top:20px;margin-bottom:20px;\"><\/div>\n<h3>Garantie<\/h3>\n<p>Garantie limit\u00e9e de 2 ans.<\/p>\n<div class=\"fusion-sep-clear\"><\/div><div class=\"fusion-separator fusion-full-width-sep sep-shadow\" style=\"background:radial-gradient(ellipse at 50% -50% , #e0dede 0px, rgba(255, 255, 255, 0) 80%) repeat scroll 0 0 rgba(0, 0, 0, 0);background:-webkit-radial-gradient(ellipse at 50% -50% , #e0dede 0px, rgba(255, 255, 255, 0) 80%) repeat scroll 0 0 rgba(0, 0, 0, 0);background:-moz-radial-gradient(ellipse at 50% -50% , #e0dede 0px, rgba(255, 255, 255, 0) 80%) repeat scroll 0 0 rgba(0, 0, 0, 0);background:-o-radial-gradient(ellipse at 50% -50% , #e0dede 0px, rgba(255, 255, 255, 0) 80%) repeat scroll 0 0 rgba(0, 0, 0, 0);margin-left: auto;margin-right: auto;margin-top:20px;margin-bottom:20px;\"><\/div>\n<h3>Informations sur le produit<\/h3>\n<p><strong>Douche \u00e0 main AquaSense\u00ae<\/strong><\/p>\n<p>Douchez-vous en toute s\u00e9curit\u00e9, avec ind\u00e9pendance et confort !<\/p>\n<p><strong>Article no : 770-980<\/strong><\/p>\n<div class=\"fusion-sep-clear\"><\/div><div class=\"fusion-separator fusion-full-width-sep sep-shadow\" style=\"background:radial-gradient(ellipse at 50% -50% , #e0dede 0px, rgba(255, 255, 255, 0) 80%) repeat scroll 0 0 rgba(0, 0, 0, 0);background:-webkit-radial-gradient(ellipse at 50% -50% , #e0dede 0px, rgba(255, 255, 255, 0) 80%) repeat scroll 0 0 rgba(0, 0, 0, 0);background:-moz-radial-gradient(ellipse at 50% -50% , #e0dede 0px, rgba(255, 255, 255, 0) 80%) repeat scroll 0 0 rgba(0, 0, 0, 0);background:-o-radial-gradient(ellipse at 50% -50% , #e0dede 0px, rgba(255, 255, 255, 0) 80%) repeat scroll 0 0 rgba(0, 0, 0, 0);margin-left: auto;margin-right: auto;margin-top:20px;margin-bottom:20px;\"><\/div>\n<div id=\"attachment_255\" style=\"width: 310px\" class=\"wp-caption alignright\"><a href=\"http:\/\/www.myaquasense.com\/en\/wp-content\/uploads\/2012\/12\/770-980_Lifestyle-680-329.jpg\"><img loading=\"lazy\" decoding=\"async\" aria-describedby=\"caption-attachment-255\" src=\"http:\/\/www.myaquasense.com\/en\/wp-content\/uploads\/2012\/12\/770-980_Lifestyle-680-329-300x145.jpg\" alt=\"Douche \u00e0 main AquaSense\u00ae\" width=\"300\" height=\"145\" class=\"size-medium wp-image-255\" \/><\/a><p id=\"caption-attachment-255\" class=\"wp-caption-text\"><\/p>\n<div align=\"center\" style=\"line-height:normal;\">Douche \u00e0 main AquaSense\u00ae<\/div>\n<p><\/p><\/div>\n<h3>Commentaires des clients<\/h3>\n<p><strong>Commentaires recueillis sur les cartes d\u2019enregistrement de produits ou lors de l\u2019enregistrement de produits en ligne :<\/strong><\/p>\n<div class=\"review male\"><blockquote><q style=\"background-color:;color:;\"><span class=\"fusion-dropcap dropcap\" style=\"color:#67b7e1;\">\u201c<\/span> Ce la est un tres bon produit pour une personne age de 89 ans. Vu que pres du manche de la douche ont peut fermer l\u2019eau. Sons fermer le robinet. Merci.<br \/>\n&nbsp;<br \/>\n<\/q><\/blockquote><div class=\"author\" style=\"color:;\"><span class=\"testimonial-thumbnail doe\" style=\"color:;\"><\/span><span class=\"company-name\"><strong>Par : Gisele M. A.  De : Amqui<\/strong><\/span><\/div><\/div>\n<div class=\"review male\"><blockquote><q style=\"background-color:;color:;\"><span class=\"fusion-dropcap dropcap\" style=\"color:#67b7e1;\">\u201c<\/span> Tres pratique,beaucoup plus efficacement, pratique aussi pour des objets dans le bain.<br \/>\n&nbsp;<br \/>\n<\/q><\/blockquote><div class=\"author\" style=\"color:;\"><span class=\"testimonial-thumbnail doe\" style=\"color:;\"><\/span><span class=\"company-name\"><strong>Par : Danielle C.   De : Drummondville<\/strong><\/span><\/div><\/div>\n<div class=\"review male\"><blockquote><q style=\"background-color:;color:;\"><span class=\"fusion-dropcap dropcap\" style=\"color:#67b7e1;\">\u201c<\/span> Assemblage tres facile arret d eau tres commode leger petit jolie jets d\u00a0\u00bbeau bien agreable facile dentretien<br \/>\n&nbsp;<br \/>\n<\/q><\/blockquote><div class=\"author\" style=\"color:;\"><span class=\"testimonial-thumbnail doe\" style=\"color:;\"><\/span><span class=\"company-name\"><strong>Par : raymonde L.   De : roberval lac st jean<\/strong><\/span><\/div><\/div>\n<div class=\"review male\"><blockquote><q style=\"background-color:;color:;\"><span class=\"fusion-dropcap dropcap\" style=\"color:#67b7e1;\">\u201c<\/span> Douche tr\u00e8s utile pour les personnes malades et \u00e0 mobilit\u00e9 restreinte. Merci.<br \/>\n&nbsp;<br \/>\n<\/q><\/blockquote><div class=\"author\" style=\"color:;\"><span class=\"testimonial-thumbnail doe\" style=\"color:;\"><\/span><span class=\"company-name\"><strong>Par : Yvonne G.  De: Laval<\/strong><\/span><\/div><\/div>\n<div class=\"review male\"><blockquote><q style=\"background-color:;color:;\"><span class=\"fusion-dropcap dropcap\" style=\"color:#67b7e1;\">\u201c<\/span> J\u2019aime bien cette douche a main. J\u2019ai achete 2 barres d\u2019appui chromee aussi, le banc me procure securite.<br \/>\n&nbsp;<br \/>\n<\/q><\/blockquote><div class=\"author\" style=\"color:;\"><span class=\"testimonial-thumbnail doe\" style=\"color:;\"><\/span><span class=\"company-name\"><strong>Par : Louise P.   De : St-Hubert<\/strong><\/span><\/div><\/div>\n<div class=\"review male\"><blockquote><q style=\"background-color:;color:;\"><span class=\"fusion-dropcap dropcap\" style=\"color:#67b7e1;\">\u201c<\/span> Merci. J\u2019adore ma doucher, tres satisfaite. J\u2019aime la longueur de tuyaux boiyau Securitaire changement de jet me plait beaucoup.<br \/>\n&nbsp;<br \/>\n<\/q><\/blockquote><div class=\"author\" style=\"color:;\"><span class=\"testimonial-thumbnail doe\" style=\"color:;\"><\/span><span class=\"company-name\"><strong>Par : Suzanne L.   De : Montreal<\/strong><\/span><\/div><\/div>\n<div class=\"review male\"><blockquote><q style=\"background-color:;color:;\"><span class=\"fusion-dropcap dropcap\" style=\"color:#67b7e1;\">\u201c<\/span> Le boyau est plus long que les autres marques que j\u2019ai eu. Cette douche a main est facile a poser et est tres bien pour changer le jet d\u2019eau que l\u2019on veut.<br \/>\n&nbsp;<br \/>\n<\/q><\/blockquote><div class=\"author\" style=\"color:;\"><span class=\"testimonial-thumbnail doe\" style=\"color:;\"><\/span><span class=\"company-name\"><strong>Par : Marthe D.   De : Montreal<\/strong><\/span><\/div><\/div>\n<div class=\"review male\"><blockquote><q style=\"background-color:;color:;\"><span class=\"fusion-dropcap dropcap\" style=\"color:#67b7e1;\">\u201c<\/span> Esthetique Tiens bien dans la main.<br \/>\n&nbsp;<br \/>\n<\/q><\/blockquote><div class=\"author\" style=\"color:;\"><span class=\"testimonial-thumbnail doe\" style=\"color:;\"><\/span><span class=\"company-name\"><strong>Par : Edgar J. L.   De : New Richmond<\/strong><\/span><\/div><\/div>\n","protected":false},"excerpt":{"rendered":"<p>Cette douche \u00e0 main est munie d\u2019un tuyau plus long et plus robuste, ce qui permet \u00e0 l&#039;utilisateur de s&#039;asseoir en toute s\u00e9curit\u00e9 pendant la douche; rendant son hygi\u00e8ne personnelle plus s\u00fbre \u2013 elle rend \u00e9galement plus facile la t\u00e2che d\u2019aider \u00e0 prendre un bain \u00e0 un professionnel de la sant\u00e9. <\/p>\n<p>Un interrupteur marche \/ arr\u00eat d&#039;eau fournit un contr\u00f4le suppl\u00e9mentaire pour interrompre momentan\u00e9ment et red\u00e9marrer le jet d\u2019eau tout en maintenant la temp\u00e9rature de l&#039;eau \u00e0 la temp\u00e9rature d\u00e9sir\u00e9e.<\/p>\n","protected":false},"featured_media":100,"comment_status":"open","ping_status":"closed","template":"","meta":[],"product_cat":[74],"product_tag":[],"class_list":{"0":"post-539","1":"product","2":"type-product","3":"status-publish","4":"has-post-thumbnail","6":"product_cat-douche","8":"first","9":"instock","10":"shipping-taxable","11":"product-type-simple"},"_links":{"self":[{"href":"http:\/\/www.myaquasense.com\/fr\/wp-json\/wp\/v2\/product\/539"}],"collection":[{"href":"http:\/\/www.myaquasense.com\/fr\/wp-json\/wp\/v2\/product"}],"about":[{"href":"http:\/\/www.myaquasense.com\/fr\/wp-json\/wp\/v2\/types\/product"}],"replies":[{"embeddable":true,"href":"http:\/\/www.myaquasense.com\/fr\/wp-json\/wp\/v2\/comments?post=539"}],"wp:featuredmedia":[{"embeddable":true,"href":"http:\/\/www.myaquasense.com\/fr\/wp-json\/wp\/v2\/media\/100"}],"wp:attachment":[{"href":"http:\/\/www.myaquasense.com\/fr\/wp-json\/wp\/v2\/media?parent=539"}],"wp:term":[{"taxonomy":"product_cat","embeddable":true,"href":"http:\/\/www.myaquasense.com\/fr\/wp-json\/wp\/v2\/product_cat?post=539"},{"taxonomy":"product_tag","embeddable":true,"href":"http:\/\/www.myaquasense.com\/fr\/wp-json\/wp\/v2\/product_tag?post=539"}],"curies":[{"name":"wp","href":"https:\/\/api.w.org\/{rel}","templated":true}]}}