{"id":548,"date":"2015-02-24T15:46:38","date_gmt":"2015-02-24T20:46:38","guid":{"rendered":"http:\/\/www.myaquasense.com\/fr\/?post_type=product&#038;p=548"},"modified":"2015-02-24T15:49:10","modified_gmt":"2015-02-24T20:49:10","slug":"siege-de-toilette-sureleve-economique","status":"publish","type":"product","link":"http:\/\/www.myaquasense.com\/fr\/produits\/siege-de-toilette-sureleve-economique\/","title":{"rendered":"Si\u00e8ge de toilette sur\u00e9lev\u00e9 \u00e9conomique, par AquaSense\u00ae"},"content":{"rendered":"<div id=\"attachment_485\" style=\"width: 310px\" class=\"wp-caption alignright\"><a href=\"http:\/\/www.myaquasense.com\/en\/wp-content\/uploads\/2013\/06\/770-610-Box.jpg\"><img loading=\"lazy\" decoding=\"async\" aria-describedby=\"caption-attachment-485\" src=\"http:\/\/www.myaquasense.com\/en\/wp-content\/uploads\/2013\/06\/770-610-Box-300x285.jpg\" alt=\"Si\u00e8ge de toilette sur\u00e9lev\u00e9 \u00e9conomique, par AquaSense\u00ae, bo\u00eete pour la vente au d\u00e9tail\" width=\"300\" height=\"285\" class=\"size-medium wp-image-485\" \/><\/a><p id=\"caption-attachment-485\" class=\"wp-caption-text\"><\/p>\n<div align=\"center\" style=\"line-height:normal;\">Si\u00e8ge de toilette sur\u00e9lev\u00e9 \u00e9conomique, par AquaSense\u00ae, bo\u00eete pour la vente au d\u00e9tail<\/div>\n<p><\/p><\/div>\n<h4>Universel, l\u00e9ger et enti\u00e8rement transportable, il convient \u00e0 la plupart des si\u00e8ges de toilette (cuvettes de wc)<\/h4>\n<p>Les si\u00e8ges de toilette sur\u00e9lev\u00e9s, par AquaSense \u00ae sont sp\u00e9cifiquement con\u00e7us pour permettre \u00e0 l&rsquo;utilisateur d&rsquo;utiliser en toute s\u00e9curit\u00e9 et en toute confiance les toilettes sans aide et sans douleur.<\/p>\n<p>Le Si\u00e8ge de toilette sur\u00e9lev\u00e9 \u00e9conomique d&rsquo;AquaSense\u00ae, est universel et l\u00e9ger, enti\u00e8rement transportable et convient \u00e0 la plupart des si\u00e8ges. Il r\u00e9hausse le si\u00e8ge de 10,2 cm (4 po). Construction monopi\u00e8ce en poly\u00e9thyl\u00e8ne facile \u00e0 nettoyer. <\/p>\n<ul>\n<li>S&rsquo;utilise avec le si\u00e8ge existant <\/li>\n<li>Ajoute 10,2 cm (4 po) \u00e0 la hauteur du si\u00e8ge de toilette <\/li>\n<li>Construction monopi\u00e8ce en poly\u00e9thyl\u00e8ne <\/li>\n<li>Facile \u00e0 nettoyer <\/li>\n<li>Capacit\u00e9 maximale de  181 kg (400 livres) <\/li>\n<\/ul>\n<div class=\"fusion-sep-clear\"><\/div><div class=\"fusion-separator fusion-full-width-sep sep-shadow\" style=\"background:radial-gradient(ellipse at 50% -50% , #e0dede 0px, rgba(255, 255, 255, 0) 80%) repeat scroll 0 0 rgba(0, 0, 0, 0);background:-webkit-radial-gradient(ellipse at 50% -50% , #e0dede 0px, rgba(255, 255, 255, 0) 80%) repeat scroll 0 0 rgba(0, 0, 0, 0);background:-moz-radial-gradient(ellipse at 50% -50% , #e0dede 0px, rgba(255, 255, 255, 0) 80%) repeat scroll 0 0 rgba(0, 0, 0, 0);background:-o-radial-gradient(ellipse at 50% -50% , #e0dede 0px, rgba(255, 255, 255, 0) 80%) repeat scroll 0 0 rgba(0, 0, 0, 0);margin-left: auto;margin-right: auto;margin-top:20px;margin-bottom:20px;\"><\/div>\n<h3>Garantie<\/h3>\n<p>Garantie limit\u00e9e \u00e0 vie<\/p>\n<div class=\"fusion-sep-clear\"><\/div><div class=\"fusion-separator fusion-full-width-sep sep-shadow\" style=\"background:radial-gradient(ellipse at 50% -50% , #e0dede 0px, rgba(255, 255, 255, 0) 80%) repeat scroll 0 0 rgba(0, 0, 0, 0);background:-webkit-radial-gradient(ellipse at 50% -50% , #e0dede 0px, rgba(255, 255, 255, 0) 80%) repeat scroll 0 0 rgba(0, 0, 0, 0);background:-moz-radial-gradient(ellipse at 50% -50% , #e0dede 0px, rgba(255, 255, 255, 0) 80%) repeat scroll 0 0 rgba(0, 0, 0, 0);background:-o-radial-gradient(ellipse at 50% -50% , #e0dede 0px, rgba(255, 255, 255, 0) 80%) repeat scroll 0 0 rgba(0, 0, 0, 0);margin-left: auto;margin-right: auto;margin-top:20px;margin-bottom:20px;\"><\/div>\n<h3>Informations sur le produit<\/h3>\n<p><strong>Si\u00e8ge de toilette sur\u00e9lev\u00e9 \u00e9conomique, par AquaSense\u00ae<\/strong><\/p>\n<p>Universel, l\u00e9ger et enti\u00e8rement transportable, il convient \u00e0 la plupart des si\u00e8ges de toilette (cuvettes de wc).<\/p>\n<p><strong>Article no: 770-610<\/strong><\/p>\n<div class=\"fusion-sep-clear\"><\/div><div class=\"fusion-separator fusion-full-width-sep sep-shadow\" style=\"background:radial-gradient(ellipse at 50% -50% , #e0dede 0px, rgba(255, 255, 255, 0) 80%) repeat scroll 0 0 rgba(0, 0, 0, 0);background:-webkit-radial-gradient(ellipse at 50% -50% , #e0dede 0px, rgba(255, 255, 255, 0) 80%) repeat scroll 0 0 rgba(0, 0, 0, 0);background:-moz-radial-gradient(ellipse at 50% -50% , #e0dede 0px, rgba(255, 255, 255, 0) 80%) repeat scroll 0 0 rgba(0, 0, 0, 0);background:-o-radial-gradient(ellipse at 50% -50% , #e0dede 0px, rgba(255, 255, 255, 0) 80%) repeat scroll 0 0 rgba(0, 0, 0, 0);margin-left: auto;margin-right: auto;margin-top:20px;margin-bottom:20px;\"><\/div>\n&nbsp;<\/p>\n<div id=\"attachment_481\" style=\"width: 690px\" class=\"wp-caption alignnone\"><a href=\"http:\/\/www.myaquasense.com\/en\/wp-content\/uploads\/2013\/06\/760-610-raised-toilet-seat.jpg\"><img loading=\"lazy\" decoding=\"async\" aria-describedby=\"caption-attachment-481\" src=\"http:\/\/www.myaquasense.com\/en\/wp-content\/uploads\/2013\/06\/760-610-raised-toilet-seat.jpg\" alt=\"Si\u00e8ge de toilette sur\u00e9lev\u00e9 \u00e9conomique, par AquaSense\u00ae\" width=\"680\" height=\"732\" class=\"size-full wp-image-481\" \/><\/a><p id=\"caption-attachment-481\" class=\"wp-caption-text\"><\/p>\n<div align=\"center\" style=\"line-height:normal;\">Si\u00e8ge de toilette sur\u00e9lev\u00e9 \u00e9conomique, par AquaSense\u00ae<\/div>\n<p><\/p><\/div>\n","protected":false},"excerpt":{"rendered":"<p>Universel, l\u00e9ger et enti\u00e8rement transportable, il convient \u00e0 la plupart des si\u00e8ges de toilette (cuvettes de wc).<\/p>\n<p>Le Si\u00e8ge de toilette sur\u00e9lev\u00e9 \u00e9conomique d&rsquo;AquaSense\u00ae, est universel et l\u00e9ger, enti\u00e8rement transportable et convient \u00e0 la plupart des si\u00e8ges. Il r\u00e9hausse le si\u00e8ge de 10,2 cm (4 po). Construction monopi\u00e8ce en poly\u00e9thyl\u00e8ne facile \u00e0 nettoyer. <\/p>\n","protected":false},"featured_media":549,"comment_status":"open","ping_status":"closed","template":"","meta":[],"product_cat":[75],"product_tag":[],"class_list":{"0":"post-548","1":"product","2":"type-product","3":"status-publish","4":"has-post-thumbnail","6":"product_cat-toilette","8":"first","9":"instock","10":"shipping-taxable","11":"product-type-simple"},"_links":{"self":[{"href":"http:\/\/www.myaquasense.com\/fr\/wp-json\/wp\/v2\/product\/548"}],"collection":[{"href":"http:\/\/www.myaquasense.com\/fr\/wp-json\/wp\/v2\/product"}],"about":[{"href":"http:\/\/www.myaquasense.com\/fr\/wp-json\/wp\/v2\/types\/product"}],"replies":[{"embeddable":true,"href":"http:\/\/www.myaquasense.com\/fr\/wp-json\/wp\/v2\/comments?post=548"}],"wp:featuredmedia":[{"embeddable":true,"href":"http:\/\/www.myaquasense.com\/fr\/wp-json\/wp\/v2\/media\/549"}],"wp:attachment":[{"href":"http:\/\/www.myaquasense.com\/fr\/wp-json\/wp\/v2\/media?parent=548"}],"wp:term":[{"taxonomy":"product_cat","embeddable":true,"href":"http:\/\/www.myaquasense.com\/fr\/wp-json\/wp\/v2\/product_cat?post=548"},{"taxonomy":"product_tag","embeddable":true,"href":"http:\/\/www.myaquasense.com\/fr\/wp-json\/wp\/v2\/product_tag?post=548"}],"curies":[{"name":"wp","href":"https:\/\/api.w.org\/{rel}","templated":true}]}}