{"id":553,"date":"2015-02-24T15:58:31","date_gmt":"2015-02-24T20:58:31","guid":{"rendered":"http:\/\/www.myaquasense.com\/fr\/?post_type=product&#038;p=553"},"modified":"2015-02-24T15:59:52","modified_gmt":"2015-02-24T20:59:52","slug":"rehausseurs-de-toilette","status":"publish","type":"product","link":"http:\/\/www.myaquasense.com\/fr\/produits\/rehausseurs-de-toilette\/","title":{"rendered":"R\u00e9hausseurs de toilette, par AquaSense\u00ae"},"content":{"rendered":"<div id=\"attachment_501\" style=\"width: 289px\" class=\"wp-caption alignright\"><a href=\"http:\/\/www.myaquasense.com\/en\/wp-content\/uploads\/2013\/06\/770-601-Box.jpg\"><img loading=\"lazy\" decoding=\"async\" aria-describedby=\"caption-attachment-501\" src=\"http:\/\/www.myaquasense.com\/en\/wp-content\/uploads\/2013\/06\/770-601-Box-279x300.jpg\" alt=\"R\u00e9hausseur de toilette, par AquaSense\u00ae, bo\u00eete pour la vente au d\u00e9tail\" width=\"279\" height=\"300\" class=\"size-medium wp-image-501\" \/><\/a><p id=\"caption-attachment-501\" class=\"wp-caption-text\"><\/p>\n<div align=\"center\" style=\"line-height:normal;\">R\u00e9hausseur de toilette, par AquaSense\u00ae, bo\u00eete pour la vente au d\u00e9tail<\/div>\n<p><\/p><\/div>\n<h4>Con\u00e7u pour faciliter l&rsquo;acc\u00e8s au si\u00e8ge de toilette de telle sorte que ce soit plus facile pour s&rsquo;asseoir et pour se relever de celui-ci.<\/h4>\n<p>Une des am\u00e9liorations les plus efficaces que vous pouvez entreprendre \u00e0 la maison pour augmenter la s\u00e9curit\u00e9 dans la salle de bains consiste en l&rsquo;installation d&rsquo;un si\u00e8ge de toilette sur\u00e9lev\u00e9, soit en utilisant un si\u00e8ge qui s&rsquo;adapte bien au-dessus de la cuvette des toilettes et qui remplace votre si\u00e8ge r\u00e9gulier ou en utilisant un si\u00e8ge de toilette sur\u00e9lev\u00e9 ou  un r\u00e9hausseur de toilette qui est pris en sandwich entre le bol et votre si\u00e8ge existant pour l&rsquo;\u00e9lever.<\/p>\n<ul>\n<li>S&rsquo;utilise avec le si\u00e8ge existant &#8211; s&rsquo;int\u00e8gre facilement au d\u00e9cor de la salle de bains <\/li>\n<li>Ajoute 8,9 cm (3 \u00bd po) \u00e0 la hauteur du si\u00e8ge de toilette <\/li>\n<li>Plastique moul\u00e9-souffl\u00e9, solide et durable <\/li>\n<li>Position fixe; sans penture <\/li>\n<li>Quincaillerie fournie : vis en acier inoxydable de 15 cm (6 po) <\/li>\n<li>Facile \u00e0 installer  <\/li>\n<li>Facile \u00e0 nettoyer &#8211; fini lisse; sans texture <\/li>\n<li>Capacit\u00e9 de poids maximale: 136 kg (300 livres)<\/li>\n<\/ul>\n<div class=\"fusion-sep-clear\"><\/div><div class=\"fusion-separator fusion-full-width-sep sep-shadow\" style=\"background:radial-gradient(ellipse at 50% -50% , #e0dede 0px, rgba(255, 255, 255, 0) 80%) repeat scroll 0 0 rgba(0, 0, 0, 0);background:-webkit-radial-gradient(ellipse at 50% -50% , #e0dede 0px, rgba(255, 255, 255, 0) 80%) repeat scroll 0 0 rgba(0, 0, 0, 0);background:-moz-radial-gradient(ellipse at 50% -50% , #e0dede 0px, rgba(255, 255, 255, 0) 80%) repeat scroll 0 0 rgba(0, 0, 0, 0);background:-o-radial-gradient(ellipse at 50% -50% , #e0dede 0px, rgba(255, 255, 255, 0) 80%) repeat scroll 0 0 rgba(0, 0, 0, 0);margin-left: auto;margin-right: auto;margin-top:20px;margin-bottom:20px;\"><\/div>\n<h3>Garantie<\/h3>\n<p>Garantie limit\u00e9e \u00e0 vie<\/p>\n<div class=\"fusion-sep-clear\"><\/div><div class=\"fusion-separator fusion-full-width-sep sep-shadow\" style=\"background:radial-gradient(ellipse at 50% -50% , #e0dede 0px, rgba(255, 255, 255, 0) 80%) repeat scroll 0 0 rgba(0, 0, 0, 0);background:-webkit-radial-gradient(ellipse at 50% -50% , #e0dede 0px, rgba(255, 255, 255, 0) 80%) repeat scroll 0 0 rgba(0, 0, 0, 0);background:-moz-radial-gradient(ellipse at 50% -50% , #e0dede 0px, rgba(255, 255, 255, 0) 80%) repeat scroll 0 0 rgba(0, 0, 0, 0);background:-o-radial-gradient(ellipse at 50% -50% , #e0dede 0px, rgba(255, 255, 255, 0) 80%) repeat scroll 0 0 rgba(0, 0, 0, 0);margin-left: auto;margin-right: auto;margin-top:20px;margin-bottom:20px;\"><\/div>\n<h3>Informations sur le produit<\/h3>\n<p><strong>R\u00e9hausseurs de toilette, par AquaSense\u00ae<\/strong><\/p>\n<p>Con\u00e7u pour faciliter l&rsquo;acc\u00e8s au si\u00e8ge de toilette de telle sorte que ce soit plus facile pour s&rsquo;asseoir et pour se lever de celui-ci<\/p>\n<p><strong>Article no : 770-601<\/strong><br \/>\npour une toilette ayant une cuvette r\u00e9guli\u00e8re <\/p>\n<p><strong>Article no : 770-602<\/strong><br \/>\npour une toilette ayant une cuvette allong\u00e9e<\/p>\n<div class=\"fusion-sep-clear\"><\/div><div class=\"fusion-separator fusion-full-width-sep sep-shadow\" style=\"background:radial-gradient(ellipse at 50% -50% , #e0dede 0px, rgba(255, 255, 255, 0) 80%) repeat scroll 0 0 rgba(0, 0, 0, 0);background:-webkit-radial-gradient(ellipse at 50% -50% , #e0dede 0px, rgba(255, 255, 255, 0) 80%) repeat scroll 0 0 rgba(0, 0, 0, 0);background:-moz-radial-gradient(ellipse at 50% -50% , #e0dede 0px, rgba(255, 255, 255, 0) 80%) repeat scroll 0 0 rgba(0, 0, 0, 0);background:-o-radial-gradient(ellipse at 50% -50% , #e0dede 0px, rgba(255, 255, 255, 0) 80%) repeat scroll 0 0 rgba(0, 0, 0, 0);margin-left: auto;margin-right: auto;margin-top:20px;margin-bottom:20px;\"><\/div>\n&nbsp;<\/p>\n<div id=\"attachment_500\" style=\"width: 690px\" class=\"wp-caption alignnone\"><a href=\"http:\/\/www.myaquasense.com\/en\/wp-content\/uploads\/2013\/06\/770-601-in-bathroom.jpg\"><img loading=\"lazy\" decoding=\"async\" aria-describedby=\"caption-attachment-500\" src=\"http:\/\/www.myaquasense.com\/en\/wp-content\/uploads\/2013\/06\/770-601-in-bathroom.jpg\" alt=\"R\u00e9hausseur de toilette, par AquaSense\u00ae, dans la salle de bains\" width=\"680\" height=\"329\" class=\"size-full wp-image-500\" \/><\/a><p id=\"caption-attachment-500\" class=\"wp-caption-text\"><\/p>\n<div align=\"center\" style=\"line-height:normal;\">R\u00e9hausseur de toilette, par AquaSense\u00ae, dans la salle de bains<\/div>\n<p><\/p><\/div>\n","protected":false},"excerpt":{"rendered":"<p>Con\u00e7u pour faciliter l&#039;acc\u00e8s au si\u00e8ge de toilette de telle sorte que ce soit plus facile pour s&#039;asseoir et pour se relever de celui-ci.<\/p>\n<p>Une des am\u00e9liorations les plus efficaces que vous pouvez entreprendre \u00e0 la maison pour augmenter la s\u00e9curit\u00e9 dans la salle de bains consiste en l&#039;installation d&#039;un si\u00e8ge de toilette sur\u00e9lev\u00e9, soit en utilisant un si\u00e8ge qui s&#039;adapte bien au-dessus de la cuvette des toilettes et qui remplace votre si\u00e8ge r\u00e9gulier ou en utilisant un si\u00e8ge de toilette sur\u00e9lev\u00e9 ou  un r\u00e9hausseur de toilette qui est pris en sandwich entre le bol et votre si\u00e8ge existant pour l&#039;\u00e9lever.<\/p>\n","protected":false},"featured_media":554,"comment_status":"open","ping_status":"closed","template":"","meta":[],"product_cat":[75],"product_tag":[],"class_list":{"0":"post-553","1":"product","2":"type-product","3":"status-publish","4":"has-post-thumbnail","6":"product_cat-toilette","8":"first","9":"instock","10":"shipping-taxable","11":"product-type-simple"},"_links":{"self":[{"href":"http:\/\/www.myaquasense.com\/fr\/wp-json\/wp\/v2\/product\/553"}],"collection":[{"href":"http:\/\/www.myaquasense.com\/fr\/wp-json\/wp\/v2\/product"}],"about":[{"href":"http:\/\/www.myaquasense.com\/fr\/wp-json\/wp\/v2\/types\/product"}],"replies":[{"embeddable":true,"href":"http:\/\/www.myaquasense.com\/fr\/wp-json\/wp\/v2\/comments?post=553"}],"wp:featuredmedia":[{"embeddable":true,"href":"http:\/\/www.myaquasense.com\/fr\/wp-json\/wp\/v2\/media\/554"}],"wp:attachment":[{"href":"http:\/\/www.myaquasense.com\/fr\/wp-json\/wp\/v2\/media?parent=553"}],"wp:term":[{"taxonomy":"product_cat","embeddable":true,"href":"http:\/\/www.myaquasense.com\/fr\/wp-json\/wp\/v2\/product_cat?post=553"},{"taxonomy":"product_tag","embeddable":true,"href":"http:\/\/www.myaquasense.com\/fr\/wp-json\/wp\/v2\/product_tag?post=553"}],"curies":[{"name":"wp","href":"https:\/\/api.w.org\/{rel}","templated":true}]}}