{"id":556,"date":"2015-02-24T16:02:55","date_gmt":"2015-02-24T21:02:55","guid":{"rendered":"http:\/\/www.myaquasense.com\/fr\/?post_type=product&#038;p=556"},"modified":"2015-02-24T16:04:07","modified_gmt":"2015-02-24T21:04:07","slug":"rehausseurs-pour-toilette-avec-charniere","status":"publish","type":"product","link":"http:\/\/www.myaquasense.com\/fr\/produits\/rehausseurs-pour-toilette-avec-charniere\/","title":{"rendered":"Rehausseurs pour toilette, avec charni\u00e8re, par AquaSense\u00ae"},"content":{"rendered":"<div id=\"attachment_511\" style=\"width: 310px\" class=\"wp-caption alignright\"><a href=\"http:\/\/www.myaquasense.com\/en\/wp-content\/uploads\/2013\/06\/770-630-Box.jpg\"><img loading=\"lazy\" decoding=\"async\" aria-describedby=\"caption-attachment-511\" src=\"http:\/\/www.myaquasense.com\/en\/wp-content\/uploads\/2013\/06\/770-630-Box-300x284.jpg\" alt=\"Rehausseur pour toilette, avec charni\u00e8re, par AquaSense\u00ae, bo\u00eete pour la vente au d\u00e9tail\" width=\"300\" height=\"284\" class=\"size-medium wp-image-511\" \/><\/a><p id=\"caption-attachment-511\" class=\"wp-caption-text\"><\/p>\n<div align=\"center\" style=\"line-height:normal;\">Rehausseur pour toilette, avec charni\u00e8re, par AquaSense\u00ae, bo\u00eete pour la vente au d\u00e9tail<\/div>\n<p><\/p><\/div>\n<h4>Rend plus facile le nettoyage et l&rsquo;hygi\u00e8ne pour tous. Ce r\u00e9hausseur est con\u00e7u pour faciliter l\u2019acc\u00e8s au si\u00e8ge de toilette de telle sorte que ce soit plus facile de s\u2019y asseoir et de s&rsquo;en lever.<\/h4>\n<p>En plus de donner plus d&rsquo;ind\u00e9pendance, plus de dignit\u00e9 et plus de confiance \u00e0 l&rsquo;utilisateur ou son aide, en lui permettant de monter et de descendre de la toilette plus facilement \u2013 le rehausseur pour toilettes (wc) d&rsquo;AquaSense\u00ae facilite le nettoyage et l&rsquo;hygi\u00e8ne pour tous. Lorsque le rehausseur pour wc adulte d&rsquo;AquaSense est plac\u00e9 en position relev\u00e9e, il offre un espace non-obstru\u00e9 tr\u00e8s appr\u00e9ci\u00e9 par les hommes.<\/p>\n<ul>\n<li>Ajoute 8,9 cm (3 \u00bd po) \u00e0 la hauteur du si\u00e8ge de toilette  <\/li>\n<li>Charni\u00e8re pour faciliter le nettoyage et la facilit\u00e9 d&rsquo;utilisation; la partie mobile peut \u00eatre d\u00e9mont\u00e9e ou lev\u00e9e  <\/li>\n<li>Utilis\u00e9 sous le si\u00e8ge existant &#8211; discret, peut passer inaper\u00e7u dans la salle de bains de l&rsquo;utilisateur <\/li>\n<li>Robuste en plastique moul\u00e9  <\/li>\n<li>Mat\u00e9riel inclus: boulons de 15 cm (6 po)<\/li>\n<li>Facile \u00e0 installer  <\/li>\n<li>Capacit\u00e9 de poids: 136 kg (300 livres)<\/li>\n<li>S&rsquo;adapte \u00e0 la plupart des toilettes r\u00e9guli\u00e8res<\/li>\n<\/ul>\n<div class=\"fusion-sep-clear\"><\/div><div class=\"fusion-separator fusion-full-width-sep sep-shadow\" style=\"background:radial-gradient(ellipse at 50% -50% , #e0dede 0px, rgba(255, 255, 255, 0) 80%) repeat scroll 0 0 rgba(0, 0, 0, 0);background:-webkit-radial-gradient(ellipse at 50% -50% , #e0dede 0px, rgba(255, 255, 255, 0) 80%) repeat scroll 0 0 rgba(0, 0, 0, 0);background:-moz-radial-gradient(ellipse at 50% -50% , #e0dede 0px, rgba(255, 255, 255, 0) 80%) repeat scroll 0 0 rgba(0, 0, 0, 0);background:-o-radial-gradient(ellipse at 50% -50% , #e0dede 0px, rgba(255, 255, 255, 0) 80%) repeat scroll 0 0 rgba(0, 0, 0, 0);margin-left: auto;margin-right: auto;margin-top:20px;margin-bottom:20px;\"><\/div>\n<h3>Garantie<\/h3>\n<p>Garantie limit\u00e9e \u00e0 vie<\/p>\n<div class=\"fusion-sep-clear\"><\/div><div class=\"fusion-separator fusion-full-width-sep sep-shadow\" style=\"background:radial-gradient(ellipse at 50% -50% , #e0dede 0px, rgba(255, 255, 255, 0) 80%) repeat scroll 0 0 rgba(0, 0, 0, 0);background:-webkit-radial-gradient(ellipse at 50% -50% , #e0dede 0px, rgba(255, 255, 255, 0) 80%) repeat scroll 0 0 rgba(0, 0, 0, 0);background:-moz-radial-gradient(ellipse at 50% -50% , #e0dede 0px, rgba(255, 255, 255, 0) 80%) repeat scroll 0 0 rgba(0, 0, 0, 0);background:-o-radial-gradient(ellipse at 50% -50% , #e0dede 0px, rgba(255, 255, 255, 0) 80%) repeat scroll 0 0 rgba(0, 0, 0, 0);margin-left: auto;margin-right: auto;margin-top:20px;margin-bottom:20px;\"><\/div>\n<h3>Informations sur le produit<\/h3>\n<p><strong>Rehausseurs pour toilette, avec charni\u00e8re, par AquaSense\u00ae<\/strong><\/p>\n<p>Rendent plus facile le nettoyage et l&rsquo;hygi\u00e8ne pour tous. Ces r\u00e9hausseurs sont con\u00e7us pour faciliter l\u2019acc\u00e8s au si\u00e8ge de toilette de telle sorte que ce soit plus facile de s\u2019y asseoir et de s&rsquo;en lever<\/p>\n<p><strong>Article no : 770-630<\/strong><br \/>\npour une toilette ayant une cuvette r\u00e9guli\u00e8re<\/p>\n<p><strong>Article no : 770-631<\/strong><br \/>\npour une toilette ayant une cuvette allong\u00e9e<\/p>\n<div class=\"fusion-sep-clear\"><\/div><div class=\"fusion-separator fusion-full-width-sep sep-shadow\" style=\"background:radial-gradient(ellipse at 50% -50% , #e0dede 0px, rgba(255, 255, 255, 0) 80%) repeat scroll 0 0 rgba(0, 0, 0, 0);background:-webkit-radial-gradient(ellipse at 50% -50% , #e0dede 0px, rgba(255, 255, 255, 0) 80%) repeat scroll 0 0 rgba(0, 0, 0, 0);background:-moz-radial-gradient(ellipse at 50% -50% , #e0dede 0px, rgba(255, 255, 255, 0) 80%) repeat scroll 0 0 rgba(0, 0, 0, 0);background:-o-radial-gradient(ellipse at 50% -50% , #e0dede 0px, rgba(255, 255, 255, 0) 80%) repeat scroll 0 0 rgba(0, 0, 0, 0);margin-left: auto;margin-right: auto;margin-top:20px;margin-bottom:20px;\"><\/div>\n&nbsp;<\/p>\n<div id=\"attachment_512\" style=\"width: 690px\" class=\"wp-caption alignnone\"><a href=\"http:\/\/www.myaquasense.com\/en\/wp-content\/uploads\/2013\/06\/770-630-631-on-toilet.jpg\"><img loading=\"lazy\" decoding=\"async\" aria-describedby=\"caption-attachment-512\" src=\"http:\/\/www.myaquasense.com\/en\/wp-content\/uploads\/2013\/06\/770-630-631-on-toilet.jpg\" alt=\"Rehausseur pour toilette, avec charni\u00e8re, par AquaSense\u00ae, sur la toilette\" width=\"680\" height=\"431\" class=\"size-full wp-image-512\" \/><\/a><p id=\"caption-attachment-512\" class=\"wp-caption-text\"><\/p>\n<div align=\"center\" style=\"line-height:normal;\">Rehausseur pour toilette, avec charni\u00e8re, par AquaSense\u00ae, sur la toilette<\/div>\n<p><\/p><\/div>\n","protected":false},"excerpt":{"rendered":"<p>Rend plus facile le nettoyage et l&rsquo;hygi\u00e8ne pour tous. Ce r\u00e9hausseur est con\u00e7u pour faciliter l\u2019acc\u00e8s au si\u00e8ge de toilette de telle sorte que ce soit plus facile de s\u2019y asseoir et de s&rsquo;en lever.<\/p>\n<p>En plus de donner plus d&rsquo;ind\u00e9pendance, plus de dignit\u00e9 et plus de confiance \u00e0 l&rsquo;utilisateur ou son aide, en lui permettant de monter et de descendre de la toilette plus facilement \u2013 le rehausseur pour toilettes (wc) d&rsquo;AquaSense\u00ae facilite le nettoyage et l&rsquo;hygi\u00e8ne pour tous. Lorsque le rehausseur pour wc adulte d&rsquo;AquaSense est plac\u00e9 en position relev\u00e9e, il offre un espace non-obstru\u00e9 tr\u00e8s appr\u00e9ci\u00e9 par les hommes.<\/p>\n","protected":false},"featured_media":557,"comment_status":"open","ping_status":"closed","template":"","meta":[],"product_cat":[75],"product_tag":[],"class_list":{"0":"post-556","1":"product","2":"type-product","3":"status-publish","4":"has-post-thumbnail","6":"product_cat-toilette","8":"first","9":"instock","10":"shipping-taxable","11":"product-type-simple"},"_links":{"self":[{"href":"http:\/\/www.myaquasense.com\/fr\/wp-json\/wp\/v2\/product\/556"}],"collection":[{"href":"http:\/\/www.myaquasense.com\/fr\/wp-json\/wp\/v2\/product"}],"about":[{"href":"http:\/\/www.myaquasense.com\/fr\/wp-json\/wp\/v2\/types\/product"}],"replies":[{"embeddable":true,"href":"http:\/\/www.myaquasense.com\/fr\/wp-json\/wp\/v2\/comments?post=556"}],"wp:featuredmedia":[{"embeddable":true,"href":"http:\/\/www.myaquasense.com\/fr\/wp-json\/wp\/v2\/media\/557"}],"wp:attachment":[{"href":"http:\/\/www.myaquasense.com\/fr\/wp-json\/wp\/v2\/media?parent=556"}],"wp:term":[{"taxonomy":"product_cat","embeddable":true,"href":"http:\/\/www.myaquasense.com\/fr\/wp-json\/wp\/v2\/product_cat?post=556"},{"taxonomy":"product_tag","embeddable":true,"href":"http:\/\/www.myaquasense.com\/fr\/wp-json\/wp\/v2\/product_tag?post=556"}],"curies":[{"name":"wp","href":"https:\/\/api.w.org\/{rel}","templated":true}]}}