{"id":560,"date":"2015-02-24T16:10:55","date_gmt":"2015-02-24T21:10:55","guid":{"rendered":"http:\/\/www.myaquasense.com\/fr\/?post_type=product&#038;p=560"},"modified":"2015-02-24T16:17:10","modified_gmt":"2015-02-24T21:17:10","slug":"barre-dappui-ajustable-pour-toilette","status":"publish","type":"product","link":"http:\/\/www.myaquasense.com\/fr\/produits\/barre-dappui-ajustable-pour-toilette\/","title":{"rendered":"Barre d\u2019appui ajustable pour toilette, par AquaSense\u00ae"},"content":{"rendered":"<div id=\"attachment_518\" style=\"width: 310px\" class=\"wp-caption alignright\"><a href=\"http:\/\/www.myaquasense.com\/en\/wp-content\/uploads\/2013\/07\/770-665_toilet-safety-rails-retail-box.jpg\"><img loading=\"lazy\" decoding=\"async\" aria-describedby=\"caption-attachment-518\" src=\"http:\/\/www.myaquasense.com\/en\/wp-content\/uploads\/2013\/07\/770-665_toilet-safety-rails-retail-box-300x202.jpg\" alt=\"Barre d\u2019appui pour toilette, par AquaSense\u00ae, dans la bo\u00eete pour vente au d\u00e9tail\" width=\"300\" height=\"202\" class=\"size-medium wp-image-518\" \/><\/a><p id=\"caption-attachment-518\" class=\"wp-caption-text\"><\/p>\n<div align=\"center\" style=\"line-height:normal;\">Barre d\u2019appui pour toilette, par AquaSense\u00ae, dans la bo\u00eete pour vente au d\u00e9tail<\/div>\n<p><\/p><\/div>\n<h4>Permet de s\u2019asseoir sur le si\u00e8ge de toilette et de s&rsquo;en relever en toute s\u00e9curit\u00e9<\/h4>\n<p>Le cadre d&rsquo;appui pour toilette AquaSense\u00ae rend plus s\u00fbr et plus facile le fait de s\u2019asseoir et de se relever de la toilette, il est esth\u00e9tiquement agr\u00e9able \u00e0 regarder et tr\u00e8s facile \u00e0 assembler.<\/p>\n<ul>\n<li>Hauteur r\u00e9glable pour un ajustement ad\u00e9quat et de confort : 5 niveaux -71,1 cm \u00e0 81,3 cm (28 po \u00e0 32 po) <\/li>\n<li>Largeur entre les bras: 45,7 cm ou 53,3 cm (18 po ou 21 po) <\/li>\n<li>L\u00e9ger, ch\u00e2ssis en aluminium r\u00e9sistant \u00e0 la corrosion <\/li>\n<li>Accoudoirs pleine longueur en plastique <\/li>\n<li>Surface textur\u00e9e antid\u00e9rapante sur les accoudoirs <\/li>\n<li>Embouts robustes en caoutchouc <\/li>\n<li>S&rsquo;assemble sans outil (poign\u00e9es de man\u0153uvre et boutons-poussoir) <\/li>\n<li>Peut \u00eatre lev\u00e9 afin de permettre un meilleur acc\u00e8s pour le nettoyage <\/li>\n<li>Capacit\u00e9 de poids: 113,4 kg (250 livres) <\/li>\n<\/ul>\n<div class=\"fusion-sep-clear\"><\/div><div class=\"fusion-separator fusion-full-width-sep sep-shadow\" style=\"background:radial-gradient(ellipse at 50% -50% , #e0dede 0px, rgba(255, 255, 255, 0) 80%) repeat scroll 0 0 rgba(0, 0, 0, 0);background:-webkit-radial-gradient(ellipse at 50% -50% , #e0dede 0px, rgba(255, 255, 255, 0) 80%) repeat scroll 0 0 rgba(0, 0, 0, 0);background:-moz-radial-gradient(ellipse at 50% -50% , #e0dede 0px, rgba(255, 255, 255, 0) 80%) repeat scroll 0 0 rgba(0, 0, 0, 0);background:-o-radial-gradient(ellipse at 50% -50% , #e0dede 0px, rgba(255, 255, 255, 0) 80%) repeat scroll 0 0 rgba(0, 0, 0, 0);margin-left: auto;margin-right: auto;margin-top:20px;margin-bottom:20px;\"><\/div>\n<table border=\"1\" cellspacing=\"0\" cellpadding=\"5\" style=\"border-collapse:collapse; border:1px solid black;\">\n<tr style=\"font-weight:bold;\">\n<th scope=\"col\" style=\"padding:5px; border:1px solid black;\">Num\u00e9ro<br \/>\n      d&rsquo;article<\/th>\n<th scope=\"col\" style=\"padding:5px; border:1px solid black;\">Poids<\/th>\n<th scope=\"col\" style=\"padding:5px; border:1px solid black;\">Hauteur ajustable<br \/>\n      des bras<\/th>\n<th scope=\"col\" style=\"padding:5px; border:1px solid black;\">Largeur<br \/>\n      totale<\/th>\n<th scope=\"col\" style=\"padding:5px; border:1px solid black;\">Largeur<br \/>\n      entre les bras<\/th>\n<\/tr>\n<tr style=\"padding:5px; border:1px solid black;\">\n<td bgcolor=\"#FFFF99\" style=\"padding:5px; border:1px solid black;\">\n<div align=\"center\">770-665<\/div>\n<\/td>\n<td bgcolor=\"#FFFF99\" style=\"padding:5px; border:1px solid black;\">\n<div align=\"center\">1,2 kg<\/div>\n<\/td>\n<td bgcolor=\"#FFFF99\" style=\"padding:5px; border:1px solid black;\">\n<div align=\"center\">28&Prime; &#8211; 32&Prime;<br \/>\n        71,1 &#8211; 81,3 cm<\/div>\n<\/td>\n<td bgcolor=\"#FFFF99\" style=\"padding:5px; border:1px solid black;\">\n<div align=\"center\">21.5&Prime; &#8211; 24.5&Prime;<br \/>\n      54,6 &#8211; 62,2 cm<\/div>\n<\/td>\n<td bgcolor=\"#FFFF99\" style=\"padding:5px; border:1px solid black;\">\n<div align=\"center\">18&Prime; &#8211; 21&Prime;<br \/>\n      45,7 &#8211; 53,3 cm<\/div>\n<\/td>\n<\/tr>\n<\/table>\n<p>&nbsp;<\/p>\n<p><a href=\"http:\/\/www.amgmedical.com\/site\/parts\/770-665R2f.pdf\" target=\"_blank\">Diagrammes d&rsquo;assemblage et listes de localisations des pi\u00e8ces (fichier pdf)<\/a><\/p>\n<p><a href=\"http:\/\/www.amgmedical.com\/site\/Manuals\/770-665_ins.pdf\" target=\"_blank\">Mode d&#8217;emploi (fichier pdf)<\/a><\/p>\n<div class=\"fusion-sep-clear\"><\/div><div class=\"fusion-separator fusion-full-width-sep sep-shadow\" style=\"background:radial-gradient(ellipse at 50% -50% , #e0dede 0px, rgba(255, 255, 255, 0) 80%) repeat scroll 0 0 rgba(0, 0, 0, 0);background:-webkit-radial-gradient(ellipse at 50% -50% , #e0dede 0px, rgba(255, 255, 255, 0) 80%) repeat scroll 0 0 rgba(0, 0, 0, 0);background:-moz-radial-gradient(ellipse at 50% -50% , #e0dede 0px, rgba(255, 255, 255, 0) 80%) repeat scroll 0 0 rgba(0, 0, 0, 0);background:-o-radial-gradient(ellipse at 50% -50% , #e0dede 0px, rgba(255, 255, 255, 0) 80%) repeat scroll 0 0 rgba(0, 0, 0, 0);margin-left: auto;margin-right: auto;margin-top:20px;margin-bottom:20px;\"><\/div>\n<h3>Garantie<\/h3>\n<p>Garantie limit\u00e9e \u00e0 vie.<\/p>\n<div class=\"fusion-sep-clear\"><\/div><div class=\"fusion-separator fusion-full-width-sep sep-shadow\" style=\"background:radial-gradient(ellipse at 50% -50% , #e0dede 0px, rgba(255, 255, 255, 0) 80%) repeat scroll 0 0 rgba(0, 0, 0, 0);background:-webkit-radial-gradient(ellipse at 50% -50% , #e0dede 0px, rgba(255, 255, 255, 0) 80%) repeat scroll 0 0 rgba(0, 0, 0, 0);background:-moz-radial-gradient(ellipse at 50% -50% , #e0dede 0px, rgba(255, 255, 255, 0) 80%) repeat scroll 0 0 rgba(0, 0, 0, 0);background:-o-radial-gradient(ellipse at 50% -50% , #e0dede 0px, rgba(255, 255, 255, 0) 80%) repeat scroll 0 0 rgba(0, 0, 0, 0);margin-left: auto;margin-right: auto;margin-top:20px;margin-bottom:20px;\"><\/div>\n<h3>Informations sur le produit<\/h3>\n<p><strong>Barre d\u2019appui pour toilette, par AquaSense\u00ae<\/strong><br \/>\nPermet de s\u2019asseoir sur le si\u00e8ge de toilette et de s&rsquo;en relever en toute s\u00e9curit\u00e9<\/p>\n<p><strong>Article no : 770-665<\/strong><\/p>\n<div class=\"fusion-sep-clear\"><\/div><div class=\"fusion-separator fusion-full-width-sep sep-shadow\" style=\"background:radial-gradient(ellipse at 50% -50% , #e0dede 0px, rgba(255, 255, 255, 0) 80%) repeat scroll 0 0 rgba(0, 0, 0, 0);background:-webkit-radial-gradient(ellipse at 50% -50% , #e0dede 0px, rgba(255, 255, 255, 0) 80%) repeat scroll 0 0 rgba(0, 0, 0, 0);background:-moz-radial-gradient(ellipse at 50% -50% , #e0dede 0px, rgba(255, 255, 255, 0) 80%) repeat scroll 0 0 rgba(0, 0, 0, 0);background:-o-radial-gradient(ellipse at 50% -50% , #e0dede 0px, rgba(255, 255, 255, 0) 80%) repeat scroll 0 0 rgba(0, 0, 0, 0);margin-left: auto;margin-right: auto;margin-top:20px;margin-bottom:20px;\"><\/div>\n&nbsp;<\/p>\n<div id=\"attachment_519\" style=\"width: 690px\" class=\"wp-caption alignnone\"><a href=\"http:\/\/www.myaquasense.com\/en\/wp-content\/uploads\/2013\/07\/770-665-Adjustable-Toilet-Safety-Rails.jpg\"><img loading=\"lazy\" decoding=\"async\" aria-describedby=\"caption-attachment-519\" src=\"http:\/\/www.myaquasense.com\/en\/wp-content\/uploads\/2013\/07\/770-665-Adjustable-Toilet-Safety-Rails.jpg\" alt=\"Barre d\u2019appui pour toilette, par AquaSense\u00ae\" width=\"680\" height=\"380\" class=\"size-full wp-image-519\" \/><\/a><p id=\"caption-attachment-519\" class=\"wp-caption-text\"><\/p>\n<div align=\"center\" style=\"line-height:normal;\">Barre d\u2019appui pour toilette, par AquaSense\u00ae<\/div>\n<p><\/p><\/div>\n","protected":false},"excerpt":{"rendered":"<p>Permet de s\u2019asseoir sur le si\u00e8ge de toilette et de s&#039;en relever en toute s\u00e9curit\u00e9.<\/p>\n<p>Le cadre d&#039;appui pour toilette AquaSense\u00ae rend plus s\u00fbr et plus facile le fait de s\u2019asseoir et de se relever de la toilette, il est esth\u00e9tiquement agr\u00e9able \u00e0 regarder et tr\u00e8s facile \u00e0 assembler.<\/p>\n","protected":false},"featured_media":561,"comment_status":"open","ping_status":"closed","template":"","meta":[],"product_cat":[73,75],"product_tag":[],"class_list":{"0":"post-560","1":"product","2":"type-product","3":"status-publish","4":"has-post-thumbnail","6":"product_cat-barres-dappui","7":"product_cat-toilette","9":"first","10":"instock","11":"shipping-taxable","12":"product-type-simple"},"_links":{"self":[{"href":"http:\/\/www.myaquasense.com\/fr\/wp-json\/wp\/v2\/product\/560"}],"collection":[{"href":"http:\/\/www.myaquasense.com\/fr\/wp-json\/wp\/v2\/product"}],"about":[{"href":"http:\/\/www.myaquasense.com\/fr\/wp-json\/wp\/v2\/types\/product"}],"replies":[{"embeddable":true,"href":"http:\/\/www.myaquasense.com\/fr\/wp-json\/wp\/v2\/comments?post=560"}],"wp:featuredmedia":[{"embeddable":true,"href":"http:\/\/www.myaquasense.com\/fr\/wp-json\/wp\/v2\/media\/561"}],"wp:attachment":[{"href":"http:\/\/www.myaquasense.com\/fr\/wp-json\/wp\/v2\/media?parent=560"}],"wp:term":[{"taxonomy":"product_cat","embeddable":true,"href":"http:\/\/www.myaquasense.com\/fr\/wp-json\/wp\/v2\/product_cat?post=560"},{"taxonomy":"product_tag","embeddable":true,"href":"http:\/\/www.myaquasense.com\/fr\/wp-json\/wp\/v2\/product_tag?post=560"}],"curies":[{"name":"wp","href":"https:\/\/api.w.org\/{rel}","templated":true}]}}