{"id":564,"date":"2015-02-24T16:21:59","date_gmt":"2015-02-24T21:21:59","guid":{"rendered":"http:\/\/www.myaquasense.com\/fr\/?post_type=product&#038;p=564"},"modified":"2015-02-24T16:23:45","modified_gmt":"2015-02-24T21:23:45","slug":"siege-de-toilette-allonge-et-sureleve-avec-couvercle","status":"publish","type":"product","link":"http:\/\/www.myaquasense.com\/fr\/produits\/siege-de-toilette-allonge-et-sureleve-avec-couvercle\/","title":{"rendered":"Si\u00e8ge de toilette allong\u00e9 et sur\u00e9lev\u00e9, avec couvercle, par AquaSense\u00ae"},"content":{"rendered":"<div id=\"attachment_747\" style=\"width: 310px\" class=\"wp-caption alignright\"><a href=\"http:\/\/www.myaquasense.com\/en\/wp-content\/uploads\/2013\/12\/770-629_retail-box.jpg\"><img loading=\"lazy\" decoding=\"async\" aria-describedby=\"caption-attachment-747\" src=\"http:\/\/www.myaquasense.com\/en\/wp-content\/uploads\/2013\/12\/770-629_retail-box-300x300.jpg\" alt=\"Si\u00e8ge de toilette allong\u00e9 et sur\u00e9lev\u00e9, avec couvercle, par AquaSense\u00ae, bo\u00eete pour la vente au d\u00e9tail\" width=\"300\" height=\"300\" class=\"size-medium wp-image-747\" \/><\/a><p id=\"caption-attachment-747\" class=\"wp-caption-text\"><\/p>\n<div align=\"center\" style=\"line-height:normal;\">Si\u00e8ge de toilette allong\u00e9 et sur\u00e9lev\u00e9, avec couvercle, par AquaSense\u00ae, bo\u00eete pour la vente au d\u00e9tail<\/div>\n<p><\/p><\/div>\n<h4>Con\u00e7u pour que les personnes qui ont du mal \u00e0 s&rsquo;asseoir ou se lever du si\u00e8ge de toilette puissent le faire facilement<\/h4>\n<p>Ce si\u00e8ge de toilette allong\u00e9 et sur\u00e9lev\u00e9, avec couvercle facilite la mont\u00e9e et la descente du si\u00e8ge de la toilette en mettant celui-ci 10 cm (4 pouces) plus haut. Le si\u00e8ge \u00e9tant sur\u00e9lev\u00e9, il est donc plus facile de s&rsquo;y asseoir ou d&rsquo;en descendre.<\/p>\n<p>Id\u00e9al pour ceux qui ont des probl\u00e8mes de mobilit\u00e9, ce si\u00e8ge de toilette est facile \u00e0 nettoyer et offre une installation rapide et facile sans outil.<\/p>\n<ul>\n<li>S&rsquo;adapte \u00e0 la majorit\u00e9 des toilettes allong\u00e9es <\/li>\n<li>Avec couvercle pour plus de discr\u00e9tion<\/li>\n<li>Ajoute 10,2 cm (4 po) de plus en hauteur par rapport \u00e0 un si\u00e8ge de toilette r\u00e9gulier <\/li>\n<li>Surface facile \u00e0 nettoyer <\/li>\n<li>Se fixe solidement \u00e0 la plupart des cuvettes de toilette <\/li>\n<li>Plastique souffl\u00e9 solide<\/li>\n<li>Installation sans outils<\/li>\n<li>Design de contours solides <\/li>\n<li>Supporte jusqu\u2019\u00e0 136 kg (300 livres) <\/li>\n<\/ul>\n<div class=\"fusion-sep-clear\"><\/div><div class=\"fusion-separator fusion-full-width-sep sep-shadow\" style=\"background:radial-gradient(ellipse at 50% -50% , #e0dede 0px, rgba(255, 255, 255, 0) 80%) repeat scroll 0 0 rgba(0, 0, 0, 0);background:-webkit-radial-gradient(ellipse at 50% -50% , #e0dede 0px, rgba(255, 255, 255, 0) 80%) repeat scroll 0 0 rgba(0, 0, 0, 0);background:-moz-radial-gradient(ellipse at 50% -50% , #e0dede 0px, rgba(255, 255, 255, 0) 80%) repeat scroll 0 0 rgba(0, 0, 0, 0);background:-o-radial-gradient(ellipse at 50% -50% , #e0dede 0px, rgba(255, 255, 255, 0) 80%) repeat scroll 0 0 rgba(0, 0, 0, 0);margin-left: auto;margin-right: auto;margin-top:20px;margin-bottom:20px;\"><\/div>\n<h3>Mode d&#8217;emploi<\/h3>\n<p><a href=\"http:\/\/www.amgmedical.com\/site\/Manuals\/770-625-770-626-770-629ins.pdf\" target=\"_blank\">Mode d&#8217;emploi pour le si\u00e8ge de toilette allong\u00e9 et sur\u00e9lev\u00e9, avec couvercle, num\u00e9ro 770-629<\/a><\/p>\n<div class=\"fusion-sep-clear\"><\/div><div class=\"fusion-separator fusion-full-width-sep sep-shadow\" style=\"background:radial-gradient(ellipse at 50% -50% , #e0dede 0px, rgba(255, 255, 255, 0) 80%) repeat scroll 0 0 rgba(0, 0, 0, 0);background:-webkit-radial-gradient(ellipse at 50% -50% , #e0dede 0px, rgba(255, 255, 255, 0) 80%) repeat scroll 0 0 rgba(0, 0, 0, 0);background:-moz-radial-gradient(ellipse at 50% -50% , #e0dede 0px, rgba(255, 255, 255, 0) 80%) repeat scroll 0 0 rgba(0, 0, 0, 0);background:-o-radial-gradient(ellipse at 50% -50% , #e0dede 0px, rgba(255, 255, 255, 0) 80%) repeat scroll 0 0 rgba(0, 0, 0, 0);margin-left: auto;margin-right: auto;margin-top:20px;margin-bottom:20px;\"><\/div>\n<h3>Pi\u00e8ces de remplacement<\/h3>\n<p>\u00c9trier de fixation, no AMG: A03-490<\/p>\n<div class=\"fusion-sep-clear\"><\/div><div class=\"fusion-separator fusion-full-width-sep sep-shadow\" style=\"background:radial-gradient(ellipse at 50% -50% , #e0dede 0px, rgba(255, 255, 255, 0) 80%) repeat scroll 0 0 rgba(0, 0, 0, 0);background:-webkit-radial-gradient(ellipse at 50% -50% , #e0dede 0px, rgba(255, 255, 255, 0) 80%) repeat scroll 0 0 rgba(0, 0, 0, 0);background:-moz-radial-gradient(ellipse at 50% -50% , #e0dede 0px, rgba(255, 255, 255, 0) 80%) repeat scroll 0 0 rgba(0, 0, 0, 0);background:-o-radial-gradient(ellipse at 50% -50% , #e0dede 0px, rgba(255, 255, 255, 0) 80%) repeat scroll 0 0 rgba(0, 0, 0, 0);margin-left: auto;margin-right: auto;margin-top:20px;margin-bottom:20px;\"><\/div>\n<h3>Garantie<\/h3>\n<p>Garantie limit\u00e9e \u00e0 vie.<\/p>\n<div class=\"fusion-sep-clear\"><\/div><div class=\"fusion-separator fusion-full-width-sep sep-shadow\" style=\"background:radial-gradient(ellipse at 50% -50% , #e0dede 0px, rgba(255, 255, 255, 0) 80%) repeat scroll 0 0 rgba(0, 0, 0, 0);background:-webkit-radial-gradient(ellipse at 50% -50% , #e0dede 0px, rgba(255, 255, 255, 0) 80%) repeat scroll 0 0 rgba(0, 0, 0, 0);background:-moz-radial-gradient(ellipse at 50% -50% , #e0dede 0px, rgba(255, 255, 255, 0) 80%) repeat scroll 0 0 rgba(0, 0, 0, 0);background:-o-radial-gradient(ellipse at 50% -50% , #e0dede 0px, rgba(255, 255, 255, 0) 80%) repeat scroll 0 0 rgba(0, 0, 0, 0);margin-left: auto;margin-right: auto;margin-top:20px;margin-bottom:20px;\"><\/div>\n<h3>Informations sur le produit<\/h3>\n<p><strong>Si\u00e8ge de toilette allong\u00e9 et sur\u00e9lev\u00e9, avec couvercle, par AquaSense\u00ae<\/strong><br \/>\nCon\u00e7u pour que les personnes qui ont du mal \u00e0 s&rsquo;asseoir ou se lever d&rsquo;un si\u00e8ge de toilette puissent le faire plus facilement.<\/p>\n<p><strong>Article no: 770-629<\/strong><br \/>\nSur\u00e9l\u00e8ve le si\u00e8ge de toilette de 10 cm (4 pouces)<\/p>\n<div class=\"fusion-sep-clear\"><\/div><div class=\"fusion-separator fusion-full-width-sep sep-shadow\" style=\"background:radial-gradient(ellipse at 50% -50% , #e0dede 0px, rgba(255, 255, 255, 0) 80%) repeat scroll 0 0 rgba(0, 0, 0, 0);background:-webkit-radial-gradient(ellipse at 50% -50% , #e0dede 0px, rgba(255, 255, 255, 0) 80%) repeat scroll 0 0 rgba(0, 0, 0, 0);background:-moz-radial-gradient(ellipse at 50% -50% , #e0dede 0px, rgba(255, 255, 255, 0) 80%) repeat scroll 0 0 rgba(0, 0, 0, 0);background:-o-radial-gradient(ellipse at 50% -50% , #e0dede 0px, rgba(255, 255, 255, 0) 80%) repeat scroll 0 0 rgba(0, 0, 0, 0);margin-left: auto;margin-right: auto;margin-top:20px;margin-bottom:20px;\"><\/div>\n&nbsp;<\/p>\n<div id=\"attachment_722\" style=\"width: 690px\" class=\"wp-caption alignnone\"><a href=\"http:\/\/www.myaquasense.com\/en\/wp-content\/uploads\/2013\/12\/770-629_in_toilet.jpg\"><img loading=\"lazy\" decoding=\"async\" aria-describedby=\"caption-attachment-722\" src=\"http:\/\/www.myaquasense.com\/en\/wp-content\/uploads\/2013\/12\/770-629_in_toilet.jpg\" alt=\"Si\u00e8ge de toilette allong\u00e9 et sur\u00e9lev\u00e9, avec couvercle, par AquaSense\u00ae\" width=\"680\" height=\"459\" class=\"size-full wp-image-722\" \/><\/a><p id=\"caption-attachment-722\" class=\"wp-caption-text\"><\/p>\n<div align=\"center\" style=\"line-height:normal;\">Si\u00e8ge de toilette allong\u00e9 et sur\u00e9lev\u00e9, avec couvercle, par AquaSense\u00ae<\/div>\n<p><\/p><\/div>\n","protected":false},"excerpt":{"rendered":"<p>Con\u00e7u pour que les personnes qui ont du mal \u00e0 s&#039;asseoir ou se lever du si\u00e8ge de toilette puissent le faire facilement<\/p>\n<p>Ce si\u00e8ge de toilette allong\u00e9 et sur\u00e9lev\u00e9, avec couvercle facilite la mont\u00e9e et la descente du si\u00e8ge de la toilette en mettant celui-ci 10 cm (4 pouces) plus haut. Le si\u00e8ge \u00e9tant sur\u00e9lev\u00e9, il est donc plus facile de s&#039;y asseoir ou d&#039;en descendre.<\/p>\n","protected":false},"featured_media":565,"comment_status":"open","ping_status":"closed","template":"","meta":[],"product_cat":[75],"product_tag":[],"class_list":{"0":"post-564","1":"product","2":"type-product","3":"status-publish","4":"has-post-thumbnail","6":"product_cat-toilette","8":"first","9":"instock","10":"shipping-taxable","11":"product-type-simple"},"_links":{"self":[{"href":"http:\/\/www.myaquasense.com\/fr\/wp-json\/wp\/v2\/product\/564"}],"collection":[{"href":"http:\/\/www.myaquasense.com\/fr\/wp-json\/wp\/v2\/product"}],"about":[{"href":"http:\/\/www.myaquasense.com\/fr\/wp-json\/wp\/v2\/types\/product"}],"replies":[{"embeddable":true,"href":"http:\/\/www.myaquasense.com\/fr\/wp-json\/wp\/v2\/comments?post=564"}],"wp:featuredmedia":[{"embeddable":true,"href":"http:\/\/www.myaquasense.com\/fr\/wp-json\/wp\/v2\/media\/565"}],"wp:attachment":[{"href":"http:\/\/www.myaquasense.com\/fr\/wp-json\/wp\/v2\/media?parent=564"}],"wp:term":[{"taxonomy":"product_cat","embeddable":true,"href":"http:\/\/www.myaquasense.com\/fr\/wp-json\/wp\/v2\/product_cat?post=564"},{"taxonomy":"product_tag","embeddable":true,"href":"http:\/\/www.myaquasense.com\/fr\/wp-json\/wp\/v2\/product_tag?post=564"}],"curies":[{"name":"wp","href":"https:\/\/api.w.org\/{rel}","templated":true}]}}