{"id":567,"date":"2015-02-24T16:26:58","date_gmt":"2015-02-24T21:26:58","guid":{"rendered":"http:\/\/www.myaquasense.com\/fr\/?post_type=product&#038;p=567"},"modified":"2015-02-24T16:28:41","modified_gmt":"2015-02-24T21:28:41","slug":"sieges-de-toilette-sureleves-avec-couvercle","status":"publish","type":"product","link":"http:\/\/www.myaquasense.com\/fr\/produits\/sieges-de-toilette-sureleves-avec-couvercle\/","title":{"rendered":"Si\u00e8ges de toilette sur\u00e9lev\u00e9s avec couvercle, par AquaSense\u00ae"},"content":{"rendered":"<div id=\"attachment_524\" style=\"width: 273px\" class=\"wp-caption alignright\"><a href=\"http:\/\/www.myaquasense.com\/en\/wp-content\/uploads\/2013\/07\/770-625-box.jpg\"><img loading=\"lazy\" decoding=\"async\" aria-describedby=\"caption-attachment-524\" src=\"http:\/\/www.myaquasense.com\/en\/wp-content\/uploads\/2013\/07\/770-625-box-263x300.jpg\" alt=\"Si\u00e8ges de toilette sur\u00e9lev\u00e9s avec couvercle, par AquaSense\u00ae, dans la bo\u00eete pour la vente au d\u00e9tail\" width=\"263\" height=\"300\" class=\"size-medium wp-image-524\" \/><\/a><p id=\"caption-attachment-524\" class=\"wp-caption-text\"><\/p>\n<div align=\"center\" style=\"line-height:normal;\">Si\u00e8ges de toilette sur\u00e9lev\u00e9s avec couvercle, par AquaSense\u00ae, dans la bo\u00eete pour la vente au d\u00e9tail<\/div>\n<p><\/p><\/div>\n<h4>Con\u00e7us pour les personnes qui ont du mal \u00e0 s&rsquo;asseoir ou se lever de la toilette afin qu&rsquo;elles puissent le faire facilement<\/h4>\n<p>Le si\u00e8ge de toilette sur\u00e9lev\u00e9 avec couvercle AquaSense\u00ae vous permet de vous asseoir et vous lever plus facilement de la toilette. Le si\u00e8ge sera plus \u00e9lev\u00e9 de 5 cm ( 2&Prime;) (770-625) ou 10 cm (4\u201d) (770-626).<\/p>\n<p>Id\u00e9al pour ceux qui ont des probl\u00e8mes de mobilit\u00e9, ce si\u00e8ge de toilette est facile \u00e0 nettoyer et s&rsquo;installe rapidement et facilement sans outils.<\/p>\n<ul>\n<li>Couvercle discret <\/li>\n<li>Ajoute 5 cm (2 po) ou 10 cm (4 po) de plus en hauteur qu&rsquo;un si\u00e8ge de toilette r\u00e9gulier <\/li>\n<li>Surface facile \u00e0 nettoyer <\/li>\n<li>Se fixe solidement \u00e0 la plupart des cuvettes r\u00e9guli\u00e8res<\/li>\n<li>Prise d&rsquo;installation solide et ajustable<\/li>\n<li>Installation facile sans outils<\/li>\n<li>Si\u00e8ge ergonomique profil\u00e9<\/li>\n<li>Plastique solide et durable<\/li>\n<li>Supporte jusqu&rsquo;\u00e0 136 kg (300 livres)<\/li>\n<\/ul>\n<div class=\"fusion-sep-clear\"><\/div><div class=\"fusion-separator fusion-full-width-sep sep-shadow\" style=\"background:radial-gradient(ellipse at 50% -50% , #e0dede 0px, rgba(255, 255, 255, 0) 80%) repeat scroll 0 0 rgba(0, 0, 0, 0);background:-webkit-radial-gradient(ellipse at 50% -50% , #e0dede 0px, rgba(255, 255, 255, 0) 80%) repeat scroll 0 0 rgba(0, 0, 0, 0);background:-moz-radial-gradient(ellipse at 50% -50% , #e0dede 0px, rgba(255, 255, 255, 0) 80%) repeat scroll 0 0 rgba(0, 0, 0, 0);background:-o-radial-gradient(ellipse at 50% -50% , #e0dede 0px, rgba(255, 255, 255, 0) 80%) repeat scroll 0 0 rgba(0, 0, 0, 0);margin-left: auto;margin-right: auto;margin-top:20px;margin-bottom:20px;\"><\/div>\n<p><a href=\"http:\/\/www.amgmedical.com\/site\/pdfs\/770-625-770-626Toilet_%20LSf.pdf\" target=\"_blank\">Si\u00e8ges de toilette sur\u00e9lev\u00e9s 770-625 et 770-626, feuillet informatif (fichier pdf de 1500 k)<\/a><\/p>\n<p><a href=\"http:\/\/www.amgmedical.com\/site\/parts\/770-625R1f.pdf\" target=\"_blank\">Diagrammes d&rsquo;assemblage et listes de localisations des pi\u00e8ces (fichier pdf)<\/a><\/p>\n<div class=\"fusion-sep-clear\"><\/div><div class=\"fusion-separator fusion-full-width-sep sep-shadow\" style=\"background:radial-gradient(ellipse at 50% -50% , #e0dede 0px, rgba(255, 255, 255, 0) 80%) repeat scroll 0 0 rgba(0, 0, 0, 0);background:-webkit-radial-gradient(ellipse at 50% -50% , #e0dede 0px, rgba(255, 255, 255, 0) 80%) repeat scroll 0 0 rgba(0, 0, 0, 0);background:-moz-radial-gradient(ellipse at 50% -50% , #e0dede 0px, rgba(255, 255, 255, 0) 80%) repeat scroll 0 0 rgba(0, 0, 0, 0);background:-o-radial-gradient(ellipse at 50% -50% , #e0dede 0px, rgba(255, 255, 255, 0) 80%) repeat scroll 0 0 rgba(0, 0, 0, 0);margin-left: auto;margin-right: auto;margin-top:20px;margin-bottom:20px;\"><\/div>\n<h3>Garantie<\/h3>\n<p>Garantie limit\u00e9e \u00e0 vie<\/p>\n<div class=\"fusion-sep-clear\"><\/div><div class=\"fusion-separator fusion-full-width-sep sep-shadow\" style=\"background:radial-gradient(ellipse at 50% -50% , #e0dede 0px, rgba(255, 255, 255, 0) 80%) repeat scroll 0 0 rgba(0, 0, 0, 0);background:-webkit-radial-gradient(ellipse at 50% -50% , #e0dede 0px, rgba(255, 255, 255, 0) 80%) repeat scroll 0 0 rgba(0, 0, 0, 0);background:-moz-radial-gradient(ellipse at 50% -50% , #e0dede 0px, rgba(255, 255, 255, 0) 80%) repeat scroll 0 0 rgba(0, 0, 0, 0);background:-o-radial-gradient(ellipse at 50% -50% , #e0dede 0px, rgba(255, 255, 255, 0) 80%) repeat scroll 0 0 rgba(0, 0, 0, 0);margin-left: auto;margin-right: auto;margin-top:20px;margin-bottom:20px;\"><\/div>\n<h3>Informations sur le produit<\/h3>\n<p><strong>Si\u00e8ges de toilette sur\u00e9lev\u00e9s avec couvercle, par AquaSense\u00ae<\/strong><br \/>\nCon\u00e7us pour les personnes qui ont du mal \u00e0 s&rsquo;asseoir ou se lever de la toilette afin qu&rsquo;elles puissent le faire facilement<\/p>\n<p><strong>Article no : 770-625<\/strong><br \/>\nAjoute 5 cm (2 po) de plus en hauteur qu\u2019un si\u00e8ge de toilette r\u00e9gulier<\/p>\n<p><strong>Article no : 770-626<\/strong><br \/>\nAjoute 10 cm (4 po) de plus en hauteur qu\u2019un si\u00e8ge de toilette r\u00e9gulier<\/p>\n<div class=\"fusion-sep-clear\"><\/div><div class=\"fusion-separator fusion-full-width-sep sep-shadow\" style=\"background:radial-gradient(ellipse at 50% -50% , #e0dede 0px, rgba(255, 255, 255, 0) 80%) repeat scroll 0 0 rgba(0, 0, 0, 0);background:-webkit-radial-gradient(ellipse at 50% -50% , #e0dede 0px, rgba(255, 255, 255, 0) 80%) repeat scroll 0 0 rgba(0, 0, 0, 0);background:-moz-radial-gradient(ellipse at 50% -50% , #e0dede 0px, rgba(255, 255, 255, 0) 80%) repeat scroll 0 0 rgba(0, 0, 0, 0);background:-o-radial-gradient(ellipse at 50% -50% , #e0dede 0px, rgba(255, 255, 255, 0) 80%) repeat scroll 0 0 rgba(0, 0, 0, 0);margin-left: auto;margin-right: auto;margin-top:20px;margin-bottom:20px;\"><\/div>\n&nbsp;<\/p>\n<div id=\"attachment_525\" style=\"width: 690px\" class=\"wp-caption alignnone\"><a href=\"http:\/\/www.myaquasense.com\/en\/wp-content\/uploads\/2013\/07\/770-625_Raised-Toilet-Seat-with-Lid.jpg\"><img loading=\"lazy\" decoding=\"async\" aria-describedby=\"caption-attachment-525\" src=\"http:\/\/www.myaquasense.com\/en\/wp-content\/uploads\/2013\/07\/770-625_Raised-Toilet-Seat-with-Lid.jpg\" alt=\"Si\u00e8ges de toilette sur\u00e9lev\u00e9s avec couvercle, par AquaSense\u00ae\" width=\"680\" height=\"372\" class=\"size-full wp-image-525\" \/><\/a><p id=\"caption-attachment-525\" class=\"wp-caption-text\"><\/p>\n<div align=\"center\" style=\"line-height:normal;\">Si\u00e8ges de toilette sur\u00e9lev\u00e9s avec couvercle, par AquaSense\u00ae<\/div>\n<p><\/p><\/div>\n","protected":false},"excerpt":{"rendered":"<p>Con\u00e7us pour les personnes qui ont du mal \u00e0 s&#039;asseoir ou se lever de la toilette afin qu&#039;elles puissent le faire facilement.<\/p>\n<p>Le si\u00e8ge de toilette sur\u00e9lev\u00e9 avec couvercle AquaSense\u00ae vous permet de vous asseoir et vous lever plus facilement de la toilette. Le si\u00e8ge sera plus \u00e9lev\u00e9 de 5 cm ( 2&Prime;) (770-625) ou 10 cm (4\u201d) (770-626).<\/p>\n","protected":false},"featured_media":568,"comment_status":"open","ping_status":"closed","template":"","meta":[],"product_cat":[75],"product_tag":[],"class_list":{"0":"post-567","1":"product","2":"type-product","3":"status-publish","4":"has-post-thumbnail","6":"product_cat-toilette","8":"first","9":"instock","10":"shipping-taxable","11":"product-type-simple"},"_links":{"self":[{"href":"http:\/\/www.myaquasense.com\/fr\/wp-json\/wp\/v2\/product\/567"}],"collection":[{"href":"http:\/\/www.myaquasense.com\/fr\/wp-json\/wp\/v2\/product"}],"about":[{"href":"http:\/\/www.myaquasense.com\/fr\/wp-json\/wp\/v2\/types\/product"}],"replies":[{"embeddable":true,"href":"http:\/\/www.myaquasense.com\/fr\/wp-json\/wp\/v2\/comments?post=567"}],"wp:featuredmedia":[{"embeddable":true,"href":"http:\/\/www.myaquasense.com\/fr\/wp-json\/wp\/v2\/media\/568"}],"wp:attachment":[{"href":"http:\/\/www.myaquasense.com\/fr\/wp-json\/wp\/v2\/media?parent=567"}],"wp:term":[{"taxonomy":"product_cat","embeddable":true,"href":"http:\/\/www.myaquasense.com\/fr\/wp-json\/wp\/v2\/product_cat?post=567"},{"taxonomy":"product_tag","embeddable":true,"href":"http:\/\/www.myaquasense.com\/fr\/wp-json\/wp\/v2\/product_tag?post=567"}],"curies":[{"name":"wp","href":"https:\/\/api.w.org\/{rel}","templated":true}]}}