{"id":167,"date":"2013-07-29T14:59:01","date_gmt":"2013-07-29T18:59:01","guid":{"rendered":"http:\/\/www.myaquasense.com\/es\/?page_id=167"},"modified":"2015-03-02T10:17:55","modified_gmt":"2015-03-02T15:17:55","slug":"la-seguridad-en-el-bano","status":"publish","type":"page","link":"https:\/\/www.myaquasense.com\/es\/la-seguridad-en-el-bano\/","title":{"rendered":"La seguridad en el ba\u00f1o"},"content":{"rendered":"<h3>\u00bfPor qu\u00e9  es necesaria la seguridad en el cuarto de ba\u00f1o?<\/h3>\n<p>A pesar de que, debido a un nivel m\u00e1s elevado de servicios m\u00e9dicos y a  disponer de m\u00e1s informaci\u00f3n, gozamos de mejor salud y  estamos en mejores condiciones f\u00edsicas, accidentes seguir\u00e1n ocurriendo y el riesgo de ca\u00eddas seguir\u00e1 aumentando con la edad.<\/p>\n<div id=\"attachment_547\" style=\"width: 310px\" class=\"wp-caption alignright\"><a href=\"http:\/\/www.myaquasense.com\/en\/wp-content\/uploads\/2013\/07\/AquaSense_Bathroom.jpg\"><img loading=\"lazy\" decoding=\"async\" aria-describedby=\"caption-attachment-547\" src=\"http:\/\/www.myaquasense.com\/en\/wp-content\/uploads\/2013\/07\/AquaSense_Bathroom-300x127.jpg\" altLa seguridad en el ba\u00f1o\" width=\"300\" height=\"127\" class=\"size-medium wp-image-547\" \/><\/a><p id=\"caption-attachment-547\" class=\"wp-caption-text\"><\/p>\n<div align=\"center\" style=\"line-height:normal; position:relative; top:0px;\"><em>La seguridad en el ba\u00f1o<\/em><\/div>\n<p><\/p><\/div>\n<p>Debido a los materiales usados, a su espacio limitado y a la presencia de agua y de electricidad,  el cuarto de ba\u00f1o es un entorno que presenta una serie de riesgos de lesi\u00f3n. Las probabilidades de lesionarse aumentan exponencialmente con la adici\u00f3n de  factores de riesgo.  Los accidentes m\u00e1s comunes son las ca\u00eddas, los resbalones y las quemaduras de agua caliente.<\/p>\n<p>Una falta de atenci\u00f3n o debilidad  moment\u00e1nea, una p\u00e9rdida de equilibrio  o una disminuci\u00f3n de flexibilidad  pueden poner en peligro su seguridad.<\/p>\n<div style=\"position:relative; float:right; width:260px; padding:20px; background-color:#007BC5; color:#FFF; margin-right:10px; margin-left:10px; margin-bottom:10px;\">\n<ul>\n<li>El 48% de todas las lesiones ocurre en &ldquo;la casa&rdquo;<\/li>\n<li>2 de cada 5 accidentes ocurren en el cuarto de ba\u00f1o<\/li>\n<li>33% de toda la gente de m\u00e1s de 65 a\u00f1os sufrir\u00e1 por lo menos una ca\u00edda este a\u00f1o<\/li>\n<li>50% de toda la gente de m\u00e1s de 65 a\u00f1os sufrir\u00e1 una ca\u00edda m\u00e1s de una vez<\/li>\n<li>Aproximadamente 75% de las ca\u00eddas ocasionar\u00e1 lesiones<\/li>\n<\/ul>\n<\/div>\n<p>Las ca\u00eddas son la causa principal del 74% de las lesiones que sufren las personas de edad avanzada y del  27% para todas las edades. Son tambi\u00e9n causa  de la hospitalizaci\u00f3n de aproximadamente 80% de  los  canadienses de edad avanzada. M\u00e1s del 50 % de todas las ca\u00eddas resultar\u00e1 en lesiones leves; hasta un 25% en heridas entre moderadas a serias, y un 20% de las ca\u00eddas podr\u00e1n ser mortales. Muchas de las ca\u00eddas  menos graves resultar\u00e1n en incapacidad o da\u00f1os permanentes. Se estima que un 20 % de las personas mayores que son hospitalizadas por una lesi\u00f3n   necesitar\u00e1n  ser internadas en un establecimiento de cuido prolongado despu\u00e9s del incidente.<\/p>\n<p>Adem\u00e1s, a medida que se reduce el tiempo de hospitalizaci\u00f3n, los pacientes son dados de alta tan pronto como es posible y enviados a su casa para convalecer  por su cuenta.<\/p>\n<p>Los productos de cuarto de ba\u00f1o seguros dan m\u00e1s confianza al usuario, ayudan a prevenir   accidentes, facilitan el restablecimiento y reducen la tensi\u00f3n. <\/p>\n<h4>Referencias:<\/h4>\n<ul>\n<li><em>Seniors and Aging \u2013 Preventing falls in and around your home<\/em> (Sant\u00e9 Canada, H13-7\/10-2006E, 2006)<\/li>\n<li><em>Am\u00e9liorer la s\u00e9curit\u00e9 des ain\u00e9s au Canada<\/em> (Agence de sant\u00e9 publique du Canada, 2005)<\/li>\n<li><em>Rapport sur les chutes des ain\u00e9s au Canada<\/em> (Agence de sant\u00e9 publique du Canada, HP25-1\/2005F, 2005) <\/li>\n<li><em>Pr\u00e9dicateurs de d\u00e9c\u00e8s<\/em> (Statistiques Canada, 82-003-XWE, 2002)<\/li>\n<li><em>Workshop on Healthy Aging <\/em>(Agence de  sant\u00e9 publique du Canada, 28-30 nov., 2001)<\/li>\n<li><em>Banque de donn\u00e9es CHIRPP \u2013 Donn\u00e9es sommaires<\/em> (Sant\u00e9 Canada, 1999)<\/li>\n<\/ul>\n","protected":false},"excerpt":{"rendered":"<p> [&hellip;]<\/p>\n","protected":false},"author":2,"featured_media":0,"parent":0,"menu_order":0,"comment_status":"open","ping_status":"open","template":"","meta":{"footnotes":""},"class_list":["post-167","page","type-page","status-publish","hentry"],"_links":{"self":[{"href":"https:\/\/www.myaquasense.com\/es\/wp-json\/wp\/v2\/pages\/167"}],"collection":[{"href":"https:\/\/www.myaquasense.com\/es\/wp-json\/wp\/v2\/pages"}],"about":[{"href":"https:\/\/www.myaquasense.com\/es\/wp-json\/wp\/v2\/types\/page"}],"author":[{"embeddable":true,"href":"https:\/\/www.myaquasense.com\/es\/wp-json\/wp\/v2\/users\/2"}],"replies":[{"embeddable":true,"href":"https:\/\/www.myaquasense.com\/es\/wp-json\/wp\/v2\/comments?post=167"}],"version-history":[{"count":0,"href":"https:\/\/www.myaquasense.com\/es\/wp-json\/wp\/v2\/pages\/167\/revisions"}],"wp:attachment":[{"href":"https:\/\/www.myaquasense.com\/es\/wp-json\/wp\/v2\/media?parent=167"}],"curies":[{"name":"wp","href":"https:\/\/api.w.org\/{rel}","templated":true}]}}