{"id":33,"date":"2012-11-29T21:16:41","date_gmt":"2012-11-29T21:16:41","guid":{"rendered":"http:\/\/www.myaquasense.com\/es\/?page_id=33"},"modified":"2017-03-06T06:53:16","modified_gmt":"2017-03-06T11:53:16","slug":"informacion-del-distribuidor","status":"publish","type":"page","link":"https:\/\/www.myaquasense.com\/es\/informacion-del-distribuidor\/","title":{"rendered":"Informaci\u00f3n del distribuidor"},"content":{"rendered":"<h1>Informaci\u00f3n para distribuidores<\/h1>\n<p>Los programas especiales de fijaci\u00f3n de precios est\u00e1n disponibles para los distribuidores de Cuidado de Salud que ofrecen productos AquaSense. Por favor, p\u00f3ngase en contacto con los clientes AquaSense n\u00famero gratuito de atenci\u00f3n al <strong>(866) 694-5085.<\/strong><\/p>\n","protected":false},"excerpt":{"rendered":"<p> [&hellip;]<\/p>\n","protected":false},"author":2,"featured_media":0,"parent":0,"menu_order":2,"comment_status":"open","ping_status":"open","template":"","meta":{"footnotes":""},"class_list":["post-33","page","type-page","status-publish","hentry"],"_links":{"self":[{"href":"https:\/\/www.myaquasense.com\/es\/wp-json\/wp\/v2\/pages\/33"}],"collection":[{"href":"https:\/\/www.myaquasense.com\/es\/wp-json\/wp\/v2\/pages"}],"about":[{"href":"https:\/\/www.myaquasense.com\/es\/wp-json\/wp\/v2\/types\/page"}],"author":[{"embeddable":true,"href":"https:\/\/www.myaquasense.com\/es\/wp-json\/wp\/v2\/users\/2"}],"replies":[{"embeddable":true,"href":"https:\/\/www.myaquasense.com\/es\/wp-json\/wp\/v2\/comments?post=33"}],"version-history":[{"count":2,"href":"https:\/\/www.myaquasense.com\/es\/wp-json\/wp\/v2\/pages\/33\/revisions"}],"predecessor-version":[{"id":318,"href":"https:\/\/www.myaquasense.com\/es\/wp-json\/wp\/v2\/pages\/33\/revisions\/318"}],"wp:attachment":[{"href":"https:\/\/www.myaquasense.com\/es\/wp-json\/wp\/v2\/media?parent=33"}],"curies":[{"name":"wp","href":"https:\/\/api.w.org\/{rel}","templated":true}]}}