{"id":229,"date":"2015-03-04T11:56:36","date_gmt":"2015-03-04T16:56:36","guid":{"rendered":"http:\/\/www.myaquasense.com\/es\/?post_type=product&#038;p=229"},"modified":"2015-03-04T11:56:36","modified_gmt":"2015-03-04T16:56:36","slug":"asidero-de-cromo-estriado-con-pestana-giratoria","status":"publish","type":"product","link":"https:\/\/www.myaquasense.com\/es\/productos\/asidero-de-cromo-estriado-con-pestana-giratoria\/","title":{"rendered":"Asidero de Cromo Estriado con Pesta\u00f1a Giratoria"},"content":{"rendered":"<div id=\"attachment_450\" style=\"width: 160px\" class=\"wp-caption alignright\"><a href=\"http:\/\/www.myaquasense.com\/en\/wp-content\/uploads\/2013\/06\/785-130-box.jpg\"><img loading=\"lazy\" decoding=\"async\" aria-describedby=\"caption-attachment-450\" src=\"http:\/\/www.myaquasense.com\/en\/wp-content\/uploads\/2013\/06\/785-130-box-150x300.jpg\" alt=\"Asidero de Cromo Estriado con Pesta\u00f1a Giratoria, AquaSense\u00ae\" width=\"150\" height=\"300\" class=\"size-medium wp-image-450\" \/><\/a><p id=\"caption-attachment-450\" class=\"wp-caption-text\"><\/p>\n<div align=\"center\" style=\"line-height:normal;\">Asidero de Cromo Estriado con Pesta\u00f1a Giratoria, AquaSense\u00ae<\/div>\n<p><\/p><\/div>\n<h4>Superficie de cromo estriado antirresbaladizo con pesta\u00f1a giratoria para facilitar su instalaci\u00f3n.<\/h4>\n<p>Las barras de sujeci\u00f3n se usan en los cuartos de ba\u00f1o para ayudar a prevenir accidentes tales como ca\u00eddas y resbalones. Pueden instalarse en  la pared cercana a la ba\u00f1era  o a la ducha. Se instalan tambi\u00e9n en cualquier sitio donde se necesite sujeci\u00f3n, como cerca del lavabo o de la taza del retrete.<\/p>\n<p>La mayor\u00eda de las barras de sujeci\u00f3n pueden montarse verticalmente, horizontalmente o diagonalmente, sea cerca de la ba\u00f1era o de la taza del retrete.<\/p>\n<p>Superficie de cromo estriado antirresbaladizo con pesta\u00f1a giratoria para facilitar su instalaci\u00f3n. Resistente a la corrosi\u00f3n. Completa con tornillos e instrucciones. <\/p>\n<p>Distancia de la pared: 2\u00bd\u00bb (6,3 cm.) <\/p>\n<ul>\n<li>Barra estriada para m\u00e1s seguridad<\/li>\n<li>Acabado de cromo inoxidable<\/li>\n<li>Con ferreter\u00eda de acero inoxidable incluida<\/li>\n<li>Disponible en diferentes tama\u00f1os: 30,5 cm (12&#8243;), <\/ br><br \/>\n40,6 cm (16&#8243;), 45,7 cm (18&#8243;), 60,9 cm (24&#8243;), 81,3 cm (32&#8243;)<\/li>\n<\/ul>\n<div class=\"fusion-sep-clear\"><\/div><div class=\"fusion-separator fusion-full-width-sep sep-shadow\" style=\"background:radial-gradient(ellipse at 50% -50% , #e0dede 0px, rgba(255, 255, 255, 0) 80%) repeat scroll 0 0 rgba(0, 0, 0, 0);background:-webkit-radial-gradient(ellipse at 50% -50% , #e0dede 0px, rgba(255, 255, 255, 0) 80%) repeat scroll 0 0 rgba(0, 0, 0, 0);background:-moz-radial-gradient(ellipse at 50% -50% , #e0dede 0px, rgba(255, 255, 255, 0) 80%) repeat scroll 0 0 rgba(0, 0, 0, 0);background:-o-radial-gradient(ellipse at 50% -50% , #e0dede 0px, rgba(255, 255, 255, 0) 80%) repeat scroll 0 0 rgba(0, 0, 0, 0);margin-left: auto;margin-right: auto;margin-top:20px;margin-bottom:20px;\"><\/div>\n<h3>Garantia<\/h3>\n<p>Garant\u00eda limitada de 2 a\u00f1os<\/p>\n<div class=\"fusion-sep-clear\"><\/div><div class=\"fusion-separator fusion-full-width-sep sep-shadow\" style=\"background:radial-gradient(ellipse at 50% -50% , #e0dede 0px, rgba(255, 255, 255, 0) 80%) repeat scroll 0 0 rgba(0, 0, 0, 0);background:-webkit-radial-gradient(ellipse at 50% -50% , #e0dede 0px, rgba(255, 255, 255, 0) 80%) repeat scroll 0 0 rgba(0, 0, 0, 0);background:-moz-radial-gradient(ellipse at 50% -50% , #e0dede 0px, rgba(255, 255, 255, 0) 80%) repeat scroll 0 0 rgba(0, 0, 0, 0);background:-o-radial-gradient(ellipse at 50% -50% , #e0dede 0px, rgba(255, 255, 255, 0) 80%) repeat scroll 0 0 rgba(0, 0, 0, 0);margin-left: auto;margin-right: auto;margin-top:20px;margin-bottom:20px;\"><\/div>\n<h3>Datos del producto<\/h3>\n<p><strong>Asidero de Cromo Estriado con Pesta\u00f1a Giratoria, AquaSense\u00ae<\/strong><\/p>\n<p>Superficie de cromo estriado antirresbaladizo con pesta\u00f1a giratoria para facilitar su instalaci\u00f3n<\/p>\n<div class=\"espaceapres\"> <\/div>\n<p><strong>No. del art\u00edculo: 785-130, longitud: 30,5 cm (12&#8243;)<\/strong><br \/>\n<strong>No. del art\u00edculo: 785-132, longitud: 40,6 cm (16&#8243;)<\/strong><br \/>\n<strong>No. del art\u00edculo: 785-134, longitud: 45,7 cm (18&#8243;)<\/strong><br \/>\n<strong>No. del art\u00edculo: 785-136, longitud: 60,9 cm (24&#8243;)<\/strong><br \/>\n<strong>No. del art\u00edculo: 785-138, longitud: 81,3 cm (32&#8243;)<\/strong><\/p>\n<div class=\"fusion-sep-clear\"><\/div><div class=\"fusion-separator fusion-full-width-sep sep-shadow\" style=\"background:radial-gradient(ellipse at 50% -50% , #e0dede 0px, rgba(255, 255, 255, 0) 80%) repeat scroll 0 0 rgba(0, 0, 0, 0);background:-webkit-radial-gradient(ellipse at 50% -50% , #e0dede 0px, rgba(255, 255, 255, 0) 80%) repeat scroll 0 0 rgba(0, 0, 0, 0);background:-moz-radial-gradient(ellipse at 50% -50% , #e0dede 0px, rgba(255, 255, 255, 0) 80%) repeat scroll 0 0 rgba(0, 0, 0, 0);background:-o-radial-gradient(ellipse at 50% -50% , #e0dede 0px, rgba(255, 255, 255, 0) 80%) repeat scroll 0 0 rgba(0, 0, 0, 0);margin-left: auto;margin-right: auto;margin-top:20px;margin-bottom:20px;\"><\/div>\n<div id=\"attachment_453\" style=\"width: 690px\" class=\"wp-caption alignnone\"><a href=\"http:\/\/www.myaquasense.com\/en\/wp-content\/uploads\/2013\/06\/785-13x-Rotating-Flange-Grab-Bar-in-bath.jpg\"><img loading=\"lazy\" decoding=\"async\" aria-describedby=\"caption-attachment-453\" src=\"http:\/\/www.myaquasense.com\/en\/wp-content\/uploads\/2013\/06\/785-13x-Rotating-Flange-Grab-Bar-in-bath.jpg\" alt=\"Asidero de Cromo Estriado con Pesta\u00f1a Giratoria, AquaSense\u00ae\" width=\"680\" height=\"329\" class=\"size-full wp-image-453\" \/><\/a><p id=\"caption-attachment-453\" class=\"wp-caption-text\"><\/p>\n<div align=\"center\" style=\"line-height:normal;\">Asidero de Cromo Estriado con Pesta\u00f1a Giratoria, AquaSense\u00ae<\/div>\n<p><\/p><\/div>\n","protected":false},"excerpt":{"rendered":"<p>Superficie de cromo estriado antirresbaladizo con pesta\u00f1a giratoria para facilitar su instalaci\u00f3n.<\/p>\n","protected":false},"featured_media":230,"comment_status":"open","ping_status":"closed","template":"","meta":[],"product_cat":[23],"product_tag":[],"class_list":{"0":"post-229","1":"product","2":"type-product","3":"status-publish","4":"has-post-thumbnail","6":"product_cat-agarraderas","8":"first","9":"instock","10":"shipping-taxable","11":"product-type-simple"},"_links":{"self":[{"href":"https:\/\/www.myaquasense.com\/es\/wp-json\/wp\/v2\/product\/229"}],"collection":[{"href":"https:\/\/www.myaquasense.com\/es\/wp-json\/wp\/v2\/product"}],"about":[{"href":"https:\/\/www.myaquasense.com\/es\/wp-json\/wp\/v2\/types\/product"}],"replies":[{"embeddable":true,"href":"https:\/\/www.myaquasense.com\/es\/wp-json\/wp\/v2\/comments?post=229"}],"wp:featuredmedia":[{"embeddable":true,"href":"https:\/\/www.myaquasense.com\/es\/wp-json\/wp\/v2\/media\/230"}],"wp:attachment":[{"href":"https:\/\/www.myaquasense.com\/es\/wp-json\/wp\/v2\/media?parent=229"}],"wp:term":[{"taxonomy":"product_cat","embeddable":true,"href":"https:\/\/www.myaquasense.com\/es\/wp-json\/wp\/v2\/product_cat?post=229"},{"taxonomy":"product_tag","embeddable":true,"href":"https:\/\/www.myaquasense.com\/es\/wp-json\/wp\/v2\/product_tag?post=229"}],"curies":[{"name":"wp","href":"https:\/\/api.w.org\/{rel}","templated":true}]}}