{"id":240,"date":"2015-03-04T12:16:01","date_gmt":"2015-03-04T17:16:01","guid":{"rendered":"http:\/\/www.myaquasense.com\/es\/?post_type=product&#038;p=240"},"modified":"2015-03-04T12:16:01","modified_gmt":"2015-03-04T17:16:01","slug":"asidero-de-seguridad-de-acero-aquasense-para-bano","status":"publish","type":"product","link":"https:\/\/www.myaquasense.com\/es\/productos\/asidero-de-seguridad-de-acero-aquasense-para-bano\/","title":{"rendered":"Asidero de Seguridad de Acero, AquaSense, para Ba\u00f1o"},"content":{"rendered":"<div id=\"attachment_354\" style=\"width: 138px\" class=\"wp-caption alignright\"><a href=\"\/en\/wp-content\/uploads\/2013\/05\/785-350-Box.jpg\"><img loading=\"lazy\" decoding=\"async\" aria-describedby=\"caption-attachment-354\" src=\"\/en\/wp-content\/uploads\/2013\/05\/785-350-Box-128x300.jpg\" alt=\"Asidero de Seguridad de Acero, AquaSense, para Ba\u00f1o\" width=\"128\" height=\"300\" class=\"size-medium wp-image-354\" \/><\/a><p id=\"caption-attachment-354\" class=\"wp-caption-text\"><\/p>\n<div align=\"center\" style=\"line-height:normal;\">Asidero de Seguridad de Acero, AquaSense, para Ba\u00f1o<\/div>\n<p><\/p><\/div>\n<h4>Muy fuerte apoyo adicional para la entrada de acero y salida del ba\u00f1o<\/h4>\n<p>Los asideros de seguridad para ba\u00f1o se sujetan  firmemente a la ba\u00f1era procurando una superficie segura donde agarrarse mientras se entra o sale del ba\u00f1o.<\/p>\n<ul>\n<li>Construcci\u00f3n robusta  en acero soldado a prueba de corrosi\u00f3n <\/li>\n<li>Cojines de goma para no da\u00f1ar las superficies. <\/li>\n<li>Bot\u00f3n grande de ajuste <\/li>\n<li>Instalaci\u00f3n sin herramientas <\/li>\n<li>Superficie recubierta de vinilo blanco, f\u00e1cil de limpiar. <\/li>\n<li>Se ajusta a paredes de ba\u00f1o de 3&quot; a 7&quot; (7,6 a 17,8 cm.) de de ancho <\/li>\n<\/ul>\n<div class=\"fusion-sep-clear\"><\/div><div class=\"fusion-separator fusion-full-width-sep sep-shadow\" style=\"background:radial-gradient(ellipse at 50% -50% , #e0dede 0px, rgba(255, 255, 255, 0) 80%) repeat scroll 0 0 rgba(0, 0, 0, 0);background:-webkit-radial-gradient(ellipse at 50% -50% , #e0dede 0px, rgba(255, 255, 255, 0) 80%) repeat scroll 0 0 rgba(0, 0, 0, 0);background:-moz-radial-gradient(ellipse at 50% -50% , #e0dede 0px, rgba(255, 255, 255, 0) 80%) repeat scroll 0 0 rgba(0, 0, 0, 0);background:-o-radial-gradient(ellipse at 50% -50% , #e0dede 0px, rgba(255, 255, 255, 0) 80%) repeat scroll 0 0 rgba(0, 0, 0, 0);margin-left: auto;margin-right: auto;margin-top:20px;margin-bottom:20px;\"><\/div>\n<h3>Informaci\u00f3n del producto<\/h3>\n<p><strong>Asidero de Seguridad de Acero, AquaSense, para Ba\u00f1o<\/strong><\/p>\n<p>Muy fuerte apoyo adicional para la entrada de acero y salida del ba\u00f1o<\/p>\n<p><strong>No. del art\u00edculo: 785-350<\/strong><\/p>\n<div class=\"fusion-sep-clear\"><\/div><div class=\"fusion-separator fusion-full-width-sep sep-shadow\" style=\"background:radial-gradient(ellipse at 50% -50% , #e0dede 0px, rgba(255, 255, 255, 0) 80%) repeat scroll 0 0 rgba(0, 0, 0, 0);background:-webkit-radial-gradient(ellipse at 50% -50% , #e0dede 0px, rgba(255, 255, 255, 0) 80%) repeat scroll 0 0 rgba(0, 0, 0, 0);background:-moz-radial-gradient(ellipse at 50% -50% , #e0dede 0px, rgba(255, 255, 255, 0) 80%) repeat scroll 0 0 rgba(0, 0, 0, 0);background:-o-radial-gradient(ellipse at 50% -50% , #e0dede 0px, rgba(255, 255, 255, 0) 80%) repeat scroll 0 0 rgba(0, 0, 0, 0);margin-left: auto;margin-right: auto;margin-top:20px;margin-bottom:20px;\"><\/div>\n<div id=\"attachment_356\" style=\"width: 690px\" class=\"wp-caption aligncenter\"><a href=\"\/en\/wp-content\/uploads\/2013\/05\/785-350_on-bath-rev2-blue-680.jpg\"><img loading=\"lazy\" decoding=\"async\" aria-describedby=\"caption-attachment-356\" src=\"\/en\/wp-content\/uploads\/2013\/05\/785-350_on-bath-rev2-blue-680.jpg\" alt=\"Asidero de Seguridad de Acero, AquaSense, para Ba\u00f1o\" width=\"680\" height=\"329\" class=\"size-full wp-image-356\" \/><\/a><p id=\"caption-attachment-356\" class=\"wp-caption-text\"><\/p>\n<div align=\"center\" style=\"line-height:normal;\">Asidero de Seguridad de Acero, AquaSense, para Ba\u00f1o<\/div>\n<p><\/p><\/div>\n","protected":false},"excerpt":{"rendered":"<p>Muy fuerte apoyo adicional para la entrada de acero y salida del ba\u00f1o<\/p>\n","protected":false},"featured_media":241,"comment_status":"open","ping_status":"closed","template":"","meta":[],"product_cat":[24],"product_tag":[],"class_list":{"0":"post-240","1":"product","2":"type-product","3":"status-publish","4":"has-post-thumbnail","6":"product_cat-asideros","8":"first","9":"instock","10":"shipping-taxable","11":"product-type-simple"},"_links":{"self":[{"href":"https:\/\/www.myaquasense.com\/es\/wp-json\/wp\/v2\/product\/240"}],"collection":[{"href":"https:\/\/www.myaquasense.com\/es\/wp-json\/wp\/v2\/product"}],"about":[{"href":"https:\/\/www.myaquasense.com\/es\/wp-json\/wp\/v2\/types\/product"}],"replies":[{"embeddable":true,"href":"https:\/\/www.myaquasense.com\/es\/wp-json\/wp\/v2\/comments?post=240"}],"wp:featuredmedia":[{"embeddable":true,"href":"https:\/\/www.myaquasense.com\/es\/wp-json\/wp\/v2\/media\/241"}],"wp:attachment":[{"href":"https:\/\/www.myaquasense.com\/es\/wp-json\/wp\/v2\/media?parent=240"}],"wp:term":[{"taxonomy":"product_cat","embeddable":true,"href":"https:\/\/www.myaquasense.com\/es\/wp-json\/wp\/v2\/product_cat?post=240"},{"taxonomy":"product_tag","embeddable":true,"href":"https:\/\/www.myaquasense.com\/es\/wp-json\/wp\/v2\/product_tag?post=240"}],"curies":[{"name":"wp","href":"https:\/\/api.w.org\/{rel}","templated":true}]}}