{"id":243,"date":"2015-03-04T12:20:35","date_gmt":"2015-03-04T17:20:35","guid":{"rendered":"http:\/\/www.myaquasense.com\/es\/?post_type=product&#038;p=243"},"modified":"2015-03-04T12:20:35","modified_gmt":"2015-03-04T17:20:35","slug":"asidero-de-seguridad-de-perfil-alto-aquasense-para-bano","status":"publish","type":"product","link":"https:\/\/www.myaquasense.com\/es\/productos\/asidero-de-seguridad-de-perfil-alto-aquasense-para-bano\/","title":{"rendered":"Asidero de Seguridad de Perfil Alto, AquaSense\u00ae, para Ba\u00f1o"},"content":{"rendered":"<div id=\"attachment_345\" style=\"width: 187px\" class=\"wp-caption alignright\"><a href=\"\/en\/wp-content\/uploads\/2013\/05\/785-370-box.jpg\"><img loading=\"lazy\" decoding=\"async\" aria-describedby=\"caption-attachment-345\" src=\"\/en\/wp-content\/uploads\/2013\/05\/785-370-box-177x300.jpg\" alt=\"Asidero de Seguridad de Perfil Alto, AquaSense\u00ae, para Ba\u00f1o\" width=\"177\" height=\"300\" class=\"size-medium wp-image-345\" \/><\/a><p id=\"caption-attachment-345\" class=\"wp-caption-text\"><\/p>\n<div align=\"center\" style=\"line-height:normal;\">Asidero de Seguridad de Perfil Alto, AquaSense\u00ae, para Ba\u00f1o<\/div>\n<p><\/p><\/div>\n<h4>Procurando una superficie segura donde agarrarse mientras se entra o sale del ba\u00f1o<\/h4>\n<p>Este mango AquaSense\u00ae apoyo ofrece estabilidad y comodidad a la entrada y salida de la ba\u00f1era. Construido de polietileno de calibre grueso, es f\u00e1cil de limpiar y se instala de forma r\u00e1pida y segura sin necesidad de herramientas.<\/p>\n<ul>\n<li>Perfil Alto  <\/li>\n<li>Un bot\u00f3n de ajuste retr\u00e1ctil facilita la instalaci\u00f3n sin herramientas.  <\/li>\n<li>Su construcci\u00f3n robusta en polietileno le da un soporte s\u00f3lido  <\/li>\n<li>Superficie f\u00e1cil de limpiar, resistente al moho.  <\/li>\n<li>Se ajusta a paredes de ba\u00f1o de 3&quot; a 6&quot; (7,6 a 15 cm.) de ancho. <\/li>\n<\/ul>\n<div class=\"fusion-sep-clear\"><\/div><div class=\"fusion-separator fusion-full-width-sep sep-shadow\" style=\"background:radial-gradient(ellipse at 50% -50% , #e0dede 0px, rgba(255, 255, 255, 0) 80%) repeat scroll 0 0 rgba(0, 0, 0, 0);background:-webkit-radial-gradient(ellipse at 50% -50% , #e0dede 0px, rgba(255, 255, 255, 0) 80%) repeat scroll 0 0 rgba(0, 0, 0, 0);background:-moz-radial-gradient(ellipse at 50% -50% , #e0dede 0px, rgba(255, 255, 255, 0) 80%) repeat scroll 0 0 rgba(0, 0, 0, 0);background:-o-radial-gradient(ellipse at 50% -50% , #e0dede 0px, rgba(255, 255, 255, 0) 80%) repeat scroll 0 0 rgba(0, 0, 0, 0);margin-left: auto;margin-right: auto;margin-top:20px;margin-bottom:20px;\"><\/div>\n<h3>Informaci\u00f3n del producto<\/h3>\n<p><strong>Asidero de Seguridad de Perfil Alto, AquaSense\u00ae, para Ba\u00f1o<\/strong><\/p>\n<p>Procurando una superficie segura donde agarrarse mientras se entra o sale del ba\u00f1o<\/p>\n<p><strong>No. del art\u00edculo: 785-370<\/strong><\/p>\n<div class=\"fusion-sep-clear\"><\/div><div class=\"fusion-separator fusion-full-width-sep sep-shadow\" style=\"background:radial-gradient(ellipse at 50% -50% , #e0dede 0px, rgba(255, 255, 255, 0) 80%) repeat scroll 0 0 rgba(0, 0, 0, 0);background:-webkit-radial-gradient(ellipse at 50% -50% , #e0dede 0px, rgba(255, 255, 255, 0) 80%) repeat scroll 0 0 rgba(0, 0, 0, 0);background:-moz-radial-gradient(ellipse at 50% -50% , #e0dede 0px, rgba(255, 255, 255, 0) 80%) repeat scroll 0 0 rgba(0, 0, 0, 0);background:-o-radial-gradient(ellipse at 50% -50% , #e0dede 0px, rgba(255, 255, 255, 0) 80%) repeat scroll 0 0 rgba(0, 0, 0, 0);margin-left: auto;margin-right: auto;margin-top:20px;margin-bottom:20px;\"><\/div>\n<div id=\"attachment_350\" style=\"width: 690px\" class=\"wp-caption alignnone\"><a href=\"ht\/en\/wp-content\/uploads\/2013\/05\/785-370_HiProfile_LifeStyle.jpg\"><img loading=\"lazy\" decoding=\"async\" aria-describedby=\"caption-attachment-350\" src=\"\/en\/wp-content\/uploads\/2013\/05\/785-370_HiProfile_LifeStyle.jpg\" alt=\"Asidero de Seguridad de Perfil Alto, AquaSense\u00ae, para Ba\u00f1o\" width=\"680\" height=\"329\" class=\"size-full wp-image-350\" \/><\/a><p id=\"caption-attachment-350\" class=\"wp-caption-text\"><\/p>\n<div align=\"center\" style=\"line-height:normal;\">Asidero de Seguridad de Perfil Alto, AquaSense\u00ae, para Ba\u00f1o<\/div>\n<p><\/p><\/div>\n","protected":false},"excerpt":{"rendered":"<p>Procurando una superficie segura donde agarrarse mientras se entra o sale del ba\u00f1o.<\/p>\n","protected":false},"featured_media":244,"comment_status":"open","ping_status":"closed","template":"","meta":[],"product_cat":[24],"product_tag":[],"class_list":{"0":"post-243","1":"product","2":"type-product","3":"status-publish","4":"has-post-thumbnail","6":"product_cat-asideros","8":"first","9":"instock","10":"shipping-taxable","11":"product-type-simple"},"_links":{"self":[{"href":"https:\/\/www.myaquasense.com\/es\/wp-json\/wp\/v2\/product\/243"}],"collection":[{"href":"https:\/\/www.myaquasense.com\/es\/wp-json\/wp\/v2\/product"}],"about":[{"href":"https:\/\/www.myaquasense.com\/es\/wp-json\/wp\/v2\/types\/product"}],"replies":[{"embeddable":true,"href":"https:\/\/www.myaquasense.com\/es\/wp-json\/wp\/v2\/comments?post=243"}],"wp:featuredmedia":[{"embeddable":true,"href":"https:\/\/www.myaquasense.com\/es\/wp-json\/wp\/v2\/media\/244"}],"wp:attachment":[{"href":"https:\/\/www.myaquasense.com\/es\/wp-json\/wp\/v2\/media?parent=243"}],"wp:term":[{"taxonomy":"product_cat","embeddable":true,"href":"https:\/\/www.myaquasense.com\/es\/wp-json\/wp\/v2\/product_cat?post=243"},{"taxonomy":"product_tag","embeddable":true,"href":"https:\/\/www.myaquasense.com\/es\/wp-json\/wp\/v2\/product_tag?post=243"}],"curies":[{"name":"wp","href":"https:\/\/api.w.org\/{rel}","templated":true}]}}