{"id":248,"date":"2015-03-04T12:26:03","date_gmt":"2015-03-04T17:26:03","guid":{"rendered":"http:\/\/www.myaquasense.com\/es\/?post_type=product&#038;p=248"},"modified":"2015-03-04T12:27:57","modified_gmt":"2015-03-04T17:27:57","slug":"silla-de-bano-plegable","status":"publish","type":"product","link":"https:\/\/www.myaquasense.com\/es\/productos\/silla-de-bano-plegable\/","title":{"rendered":"Silla de Ba\u00f1o Plegable, AquaSense\u00ae"},"content":{"rendered":"<div id=\"attachment_437\" style=\"width: 232px\" class=\"wp-caption alignright\"><a href=\"\/en\/wp-content\/uploads\/2013\/06\/770-525-Folding-Bath-Seat-Retail-Box.jpg\"><img loading=\"lazy\" decoding=\"async\" aria-describedby=\"caption-attachment-437\" src=\"\/en\/wp-content\/uploads\/2013\/06\/770-525-Folding-Bath-Seat-Retail-Box-222x300.jpg\" alt=\"Silla de Ba\u00f1o Plegable, AquaSense\u00ae\" width=\"222\" height=\"300\" class=\"size-medium wp-image-437\" \/><\/a><p id=\"caption-attachment-437\" class=\"wp-caption-text\"><\/p>\n<div align=\"center\" style=\"line-height:normal;\">Silla de Ba\u00f1o Plegable, AquaSense\u00ae<\/div>\n<p><\/p><\/div>\n<h4>Ocupa poco espacio, f\u00e1cil de almacenar<\/h4>\n<p>Este asiento plegable de ba\u00f1o,  de dise\u00f1o ergon\u00f3mico, se adapta a casi todo tipo de ba\u00f1eras.<\/p>\n<ul>\n<li>Ajustable <\/li>\n<li>Antibacteriano <\/li>\n<li>Sin necesidad de  herramientas <\/li>\n<li>Sin l\u00e1tex <\/li>\n<li>Con capacidad de 113 kg &#8211; 250 libras<\/li>\n<li>Se adapta a casi todos los tapetes de ba\u00f1o.<\/li>\n<li>Agujeros de drenaje <\/li>\n<li>Agarraderas dobles incorporadas. <\/li>\n<\/ul>\n<div class=\"fusion-sep-clear\"><\/div><div class=\"fusion-separator fusion-full-width-sep sep-shadow\" style=\"background:radial-gradient(ellipse at 50% -50% , #e0dede 0px, rgba(255, 255, 255, 0) 80%) repeat scroll 0 0 rgba(0, 0, 0, 0);background:-webkit-radial-gradient(ellipse at 50% -50% , #e0dede 0px, rgba(255, 255, 255, 0) 80%) repeat scroll 0 0 rgba(0, 0, 0, 0);background:-moz-radial-gradient(ellipse at 50% -50% , #e0dede 0px, rgba(255, 255, 255, 0) 80%) repeat scroll 0 0 rgba(0, 0, 0, 0);background:-o-radial-gradient(ellipse at 50% -50% , #e0dede 0px, rgba(255, 255, 255, 0) 80%) repeat scroll 0 0 rgba(0, 0, 0, 0);margin-left: auto;margin-right: auto;margin-top:20px;margin-bottom:20px;\"><\/div>\n<h3>Garant\u00eda<\/h3>\n<p>Garant\u00eda limitada de 5 a\u00f1os<\/p>\n<div id=\"attachment_129\" style=\"width: 690px\" class=\"wp-caption alignnone\"><a href=\"\/es\/wp-content\/uploads\/2013\/06\/Products770-525-2S-b.jpg\"><img loading=\"lazy\" decoding=\"async\" aria-describedby=\"caption-attachment-129\" src=\"\/es\/wp-content\/uploads\/2013\/06\/Products770-525-2S-b.jpg\" alt=\"Silla de Ba\u00f1o Plegable, AquaSense\u00ae, especificaciones\" width=\"680\" height=\"442\" class=\"size-full wp-image-129\" srcset=\"https:\/\/www.myaquasense.com\/es\/wp-content\/uploads\/2013\/06\/Products770-525-2S-b-300x195.jpg 300w, https:\/\/www.myaquasense.com\/es\/wp-content\/uploads\/2013\/06\/Products770-525-2S-b-600x390.jpg 600w, https:\/\/www.myaquasense.com\/es\/wp-content\/uploads\/2013\/06\/Products770-525-2S-b.jpg 680w\" sizes=\"(max-width: 680px) 100vw, 680px\" \/><\/a><p id=\"caption-attachment-129\" class=\"wp-caption-text\"><\/p>\n<div align=\"center\" style=\"line-height:normal;\">Silla de Ba\u00f1o Plegable, AquaSense\u00ae, especificaciones<\/div>\n<p><\/p><\/div>\n<div class=\"fusion-sep-clear\"><\/div><div class=\"fusion-separator fusion-full-width-sep sep-shadow\" style=\"background:radial-gradient(ellipse at 50% -50% , #e0dede 0px, rgba(255, 255, 255, 0) 80%) repeat scroll 0 0 rgba(0, 0, 0, 0);background:-webkit-radial-gradient(ellipse at 50% -50% , #e0dede 0px, rgba(255, 255, 255, 0) 80%) repeat scroll 0 0 rgba(0, 0, 0, 0);background:-moz-radial-gradient(ellipse at 50% -50% , #e0dede 0px, rgba(255, 255, 255, 0) 80%) repeat scroll 0 0 rgba(0, 0, 0, 0);background:-o-radial-gradient(ellipse at 50% -50% , #e0dede 0px, rgba(255, 255, 255, 0) 80%) repeat scroll 0 0 rgba(0, 0, 0, 0);margin-left: auto;margin-right: auto;margin-top:20px;margin-bottom:20px;\"><\/div>\n<h3>Datos del producto<\/h3>\n<p><strong>Silla de Ba\u00f1o Plegable, AquaSense\u00ae<\/strong><\/p>\n<p>Ocupa poco espacio, f\u00e1cil de almacenar<\/p>\n<p>Color: blanco<br \/>\n<strong>No. del art\u00edculo: 770-525<\/strong><\/p>\n<div class=\"fusion-sep-clear\"><\/div><div class=\"fusion-separator fusion-full-width-sep sep-shadow\" style=\"background:radial-gradient(ellipse at 50% -50% , #e0dede 0px, rgba(255, 255, 255, 0) 80%) repeat scroll 0 0 rgba(0, 0, 0, 0);background:-webkit-radial-gradient(ellipse at 50% -50% , #e0dede 0px, rgba(255, 255, 255, 0) 80%) repeat scroll 0 0 rgba(0, 0, 0, 0);background:-moz-radial-gradient(ellipse at 50% -50% , #e0dede 0px, rgba(255, 255, 255, 0) 80%) repeat scroll 0 0 rgba(0, 0, 0, 0);background:-o-radial-gradient(ellipse at 50% -50% , #e0dede 0px, rgba(255, 255, 255, 0) 80%) repeat scroll 0 0 rgba(0, 0, 0, 0);margin-left: auto;margin-right: auto;margin-top:20px;margin-bottom:20px;\"><\/div>\n<div id=\"attachment_440\" style=\"width: 690px\" class=\"wp-caption alignnone\"><a href=\"en\/wp-content\/uploads\/2013\/06\/770-525-leg-shaving.jpg\"><img loading=\"lazy\" decoding=\"async\" aria-describedby=\"caption-attachment-440\" src=\"\/en\/wp-content\/uploads\/2013\/06\/770-525-leg-shaving.jpg\" alt=\"Uno puede usar el ba\u00f1o de asiento plegable, AquaSense \u00ae para ayudar a afeitarse las piernas\" width=\"680\" height=\"499\" class=\"size-full wp-image-440\" \/><\/a><p id=\"caption-attachment-440\" class=\"wp-caption-text\"><\/p>\n<div align=\"center\" style=\"line-height:normal;\">Silla de Ba\u00f1o Plegable, AquaSense\u00ae<\/div>\n<p><\/p><\/div>\n","protected":false},"excerpt":{"rendered":"<p>Ocupa poco espacio, f\u00e1cil de almacenar.<\/p>\n<p>Este asiento plegable de ba\u00f1o,  de dise\u00f1o ergon\u00f3mico, se adapta a casi todo tipo de ba\u00f1eras.<\/p>\n","protected":false},"featured_media":249,"comment_status":"open","ping_status":"closed","template":"","meta":[],"product_cat":[25],"product_tag":[],"class_list":{"0":"post-248","1":"product","2":"type-product","3":"status-publish","4":"has-post-thumbnail","6":"product_cat-asientos-de-bano","8":"first","9":"instock","10":"shipping-taxable","11":"product-type-simple"},"_links":{"self":[{"href":"https:\/\/www.myaquasense.com\/es\/wp-json\/wp\/v2\/product\/248"}],"collection":[{"href":"https:\/\/www.myaquasense.com\/es\/wp-json\/wp\/v2\/product"}],"about":[{"href":"https:\/\/www.myaquasense.com\/es\/wp-json\/wp\/v2\/types\/product"}],"replies":[{"embeddable":true,"href":"https:\/\/www.myaquasense.com\/es\/wp-json\/wp\/v2\/comments?post=248"}],"wp:featuredmedia":[{"embeddable":true,"href":"https:\/\/www.myaquasense.com\/es\/wp-json\/wp\/v2\/media\/249"}],"wp:attachment":[{"href":"https:\/\/www.myaquasense.com\/es\/wp-json\/wp\/v2\/media?parent=248"}],"wp:term":[{"taxonomy":"product_cat","embeddable":true,"href":"https:\/\/www.myaquasense.com\/es\/wp-json\/wp\/v2\/product_cat?post=248"},{"taxonomy":"product_tag","embeddable":true,"href":"https:\/\/www.myaquasense.com\/es\/wp-json\/wp\/v2\/product_tag?post=248"}],"curies":[{"name":"wp","href":"https:\/\/api.w.org\/{rel}","templated":true}]}}