{"id":253,"date":"2015-03-04T14:02:31","date_gmt":"2015-03-04T19:02:31","guid":{"rendered":"http:\/\/www.myaquasense.com\/es\/?post_type=product&#038;p=253"},"modified":"2015-03-04T14:02:31","modified_gmt":"2015-03-04T19:02:31","slug":"banco-ajustable-de-desplazamiento-para-banera-aquasense","status":"publish","type":"product","link":"https:\/\/www.myaquasense.com\/es\/productos\/banco-ajustable-de-desplazamiento-para-banera-aquasense\/","title":{"rendered":"Banco ajustable de desplazamiento para ba\u00f1era, AquaSense\u00ae"},"content":{"rendered":"<div id=\"attachment_406\" style=\"width: 310px\" class=\"wp-caption alignright\"><a href=\"\/en\/wp-content\/uploads\/2013\/05\/770-406-box.jpg\"><img loading=\"lazy\" decoding=\"async\" aria-describedby=\"caption-attachment-406\" src=\"\/en\/wp-content\/uploads\/2013\/05\/770-406-box-300x296.jpg\" alt=\" Banco ajustable de desplazamiento para ba\u00f1era, de AquaSense\u00ae\" width=\"300\" height=\"296\" class=\"size-medium wp-image-406\" \/><\/a><p id=\"caption-attachment-406\" class=\"wp-caption-text\"><\/p>\n<div align=\"center\" style=\"line-height:normal;\">Banco ajustable de desplazamiento para ba\u00f1era, de AquaSense\u00ae<\/div>\n<p><\/p><\/div>\n<h4>Desl\u00edcese  sin esfuerzo sobre el borde de la ba\u00f1era con su banco de desplazamiento AquaSense\u00ae<\/h4>\n<p>El banco ajustable de desplazamiento para  ba\u00f1era , de AquaSense \u00ae,est\u00e1 desensamblado y ha sido moldeado por soplado. Est\u00e1 construido con un marco de peso ligero, anodizado,  resistente al \u00f3xido. Las patas del banco tienen nueve (9)  ajustes en incrementos de 0,47 pulgadas, para acomodar las diferentes alturas de  ba\u00f1era.<\/p>\n<p>Un apoyabrazo, extra\u00edble mediante un pulsador, ayuda a entrar o salir de la ba\u00f1era. El  asiento y respaldo est\u00e1n moldeados y tienen una  textura que evita el deslizamiento y proporciona un mejor drenaje del agua. El asiento y respaldo son reversible para acomodar transferencias sea por la izquierda o la derecha. Las conteras antideslizantes  aumentan la tracci\u00f3n y aseguran la adherencia del banco al suelo. Montaje f\u00e1cil por botones de presi\u00f3n, sin herramientas. No contiene l\u00e1tex.<\/p>\n<div id=\"attachment_408\" style=\"width: 199px\" class=\"wp-caption alignright\"><a href=\"\/en\/wp-content\/uploads\/2013\/05\/770-406-lifestyle.jpg\"><img loading=\"lazy\" decoding=\"async\" aria-describedby=\"caption-attachment-408\" src=\"\/en\/wp-content\/uploads\/2013\/05\/770-406-lifestyle-189x300.jpg\" alt=\"Banco ajustable de desplazamiento para ba\u00f1era, de AquaSense\u00ae\" width=\"189\" height=\"300\" class=\"size-medium wp-image-408\" \/><\/a><p id=\"caption-attachment-408\" class=\"wp-caption-text\"><\/p>\n<div align=\"center\" style=\"line-height:normal;\">Banco ajustable de desplazamiento para ba\u00f1era, de AquaSense\u00ae<\/div>\n<p><\/p><\/div>\n<ul>\n<li>Ajustable <\/li>\n<li>Montaje sin herramientas <\/li>\n<li>F\u00e1cil de limpiar <\/li>\n<li>Asiento moldeado duradero <\/li>\n<li>Agujeros de drenaje <\/li>\n<li>Superficie de textura antideslizante  <\/li>\n<li>Capacidad de peso: 250 libras (113 Kg.)  <\/li>\n<li>Espacio bajo el asiento: 15 pulgadas a 18 3\/4 pulgadas (38,1 cm a 47,6 cm) <\/li>\n<li>Altura del asiento al suelo: 18 pulgadas a 22 pulgadas (45,5 a 55,7 cm) <\/li>\n<li>Altura total: 30 pulgadas a 34 pulgadas (76,5 a 86,7 cm) <\/li>\n<li>Ancho: 29 pulgadas (74 cm) <\/li>\n<li>Profundidad total: 17 pulgadas (43,5 cm) <\/li>\n<li>Ajuste de la altura: 4 pulgadas en incrementos de 0,47 (10,2 cm en incrementos de 1,2 cm) <\/li>\n<li>Tama\u00f1o de la caja ultra compacto: 17 1\/2 &quot;x 19 1\/4&quot; x 10 1\/4 &quot;(44.5 cm x 48.9 cm x 26 cm) <\/li>\n<\/ul>\n<div class=\"fusion-sep-clear\"><\/div><div class=\"fusion-separator fusion-full-width-sep sep-shadow\" style=\"background:radial-gradient(ellipse at 50% -50% , #e0dede 0px, rgba(255, 255, 255, 0) 80%) repeat scroll 0 0 rgba(0, 0, 0, 0);background:-webkit-radial-gradient(ellipse at 50% -50% , #e0dede 0px, rgba(255, 255, 255, 0) 80%) repeat scroll 0 0 rgba(0, 0, 0, 0);background:-moz-radial-gradient(ellipse at 50% -50% , #e0dede 0px, rgba(255, 255, 255, 0) 80%) repeat scroll 0 0 rgba(0, 0, 0, 0);background:-o-radial-gradient(ellipse at 50% -50% , #e0dede 0px, rgba(255, 255, 255, 0) 80%) repeat scroll 0 0 rgba(0, 0, 0, 0);margin-left: auto;margin-right: auto;margin-top:20px;margin-bottom:20px;\"><\/div>\n<h3>Garant\u00eda<\/h3>\n<p>Garant\u00eda de por vida limitada.<\/p>\n<div class=\"fusion-sep-clear\"><\/div><div class=\"fusion-separator fusion-full-width-sep sep-shadow\" style=\"background:radial-gradient(ellipse at 50% -50% , #e0dede 0px, rgba(255, 255, 255, 0) 80%) repeat scroll 0 0 rgba(0, 0, 0, 0);background:-webkit-radial-gradient(ellipse at 50% -50% , #e0dede 0px, rgba(255, 255, 255, 0) 80%) repeat scroll 0 0 rgba(0, 0, 0, 0);background:-moz-radial-gradient(ellipse at 50% -50% , #e0dede 0px, rgba(255, 255, 255, 0) 80%) repeat scroll 0 0 rgba(0, 0, 0, 0);background:-o-radial-gradient(ellipse at 50% -50% , #e0dede 0px, rgba(255, 255, 255, 0) 80%) repeat scroll 0 0 rgba(0, 0, 0, 0);margin-left: auto;margin-right: auto;margin-top:20px;margin-bottom:20px;\"><\/div>\n<h3>Datos del producto<\/h3>\n<p><strong>Banco ajustable de desplazamiento para ba\u00f1era, AquaSense\u00ae<\/strong><\/p>\n<p>Desl\u00edcese  sin esfuerzo sobre el borde de la ba\u00f1era con su banco de desplazamiento AquaSense\u00ae <\/p>\n<p><strong>No. del art\u00edculo: 770-406<\/strong><\/p>\n<div class=\"fusion-sep-clear\"><\/div><div class=\"fusion-separator fusion-full-width-sep sep-shadow\" style=\"background:radial-gradient(ellipse at 50% -50% , #e0dede 0px, rgba(255, 255, 255, 0) 80%) repeat scroll 0 0 rgba(0, 0, 0, 0);background:-webkit-radial-gradient(ellipse at 50% -50% , #e0dede 0px, rgba(255, 255, 255, 0) 80%) repeat scroll 0 0 rgba(0, 0, 0, 0);background:-moz-radial-gradient(ellipse at 50% -50% , #e0dede 0px, rgba(255, 255, 255, 0) 80%) repeat scroll 0 0 rgba(0, 0, 0, 0);background:-o-radial-gradient(ellipse at 50% -50% , #e0dede 0px, rgba(255, 255, 255, 0) 80%) repeat scroll 0 0 rgba(0, 0, 0, 0);margin-left: auto;margin-right: auto;margin-top:20px;margin-bottom:20px;\"><\/div>\n<div id=\"attachment_407\" style=\"width: 690px\" class=\"wp-caption alignnone\"><a href=\"\/en\/wp-content\/uploads\/2013\/05\/770-406-over-the-bath.jpg\"><img loading=\"lazy\" decoding=\"async\" aria-describedby=\"caption-attachment-407\" src=\"\/en\/wp-content\/uploads\/2013\/05\/770-406-over-the-bath.jpg\" alt=\" Banco ajustable de desplazamiento para ba\u00f1era, de AquaSense\u00ae\" width=\"680\" height=\"478\" class=\"size-full wp-image-407\" \/><\/a><p id=\"caption-attachment-407\" class=\"wp-caption-text\"><\/p>\n<div align=\"center\" style=\"line-height:normal;\"> Banco ajustable de desplazamiento para ba\u00f1era, de AquaSense\u00ae<\/div>\n<p><\/p><\/div>\n","protected":false},"excerpt":{"rendered":"<p>Desl\u00edcese  sin esfuerzo sobre el borde de la ba\u00f1era con su banco de desplazamiento AquaSense\u00ae.<\/p>\n","protected":false},"featured_media":254,"comment_status":"open","ping_status":"closed","template":"","meta":[],"product_cat":[25],"product_tag":[],"class_list":{"0":"post-253","1":"product","2":"type-product","3":"status-publish","4":"has-post-thumbnail","6":"product_cat-asientos-de-bano","8":"first","9":"instock","10":"shipping-taxable","11":"product-type-simple"},"_links":{"self":[{"href":"https:\/\/www.myaquasense.com\/es\/wp-json\/wp\/v2\/product\/253"}],"collection":[{"href":"https:\/\/www.myaquasense.com\/es\/wp-json\/wp\/v2\/product"}],"about":[{"href":"https:\/\/www.myaquasense.com\/es\/wp-json\/wp\/v2\/types\/product"}],"replies":[{"embeddable":true,"href":"https:\/\/www.myaquasense.com\/es\/wp-json\/wp\/v2\/comments?post=253"}],"wp:featuredmedia":[{"embeddable":true,"href":"https:\/\/www.myaquasense.com\/es\/wp-json\/wp\/v2\/media\/254"}],"wp:attachment":[{"href":"https:\/\/www.myaquasense.com\/es\/wp-json\/wp\/v2\/media?parent=253"}],"wp:term":[{"taxonomy":"product_cat","embeddable":true,"href":"https:\/\/www.myaquasense.com\/es\/wp-json\/wp\/v2\/product_cat?post=253"},{"taxonomy":"product_tag","embeddable":true,"href":"https:\/\/www.myaquasense.com\/es\/wp-json\/wp\/v2\/product_tag?post=253"}],"curies":[{"name":"wp","href":"https:\/\/api.w.org\/{rel}","templated":true}]}}