{"id":260,"date":"2015-03-04T14:13:43","date_gmt":"2015-03-04T19:13:43","guid":{"rendered":"http:\/\/www.myaquasense.com\/es\/?post_type=product&#038;p=260"},"modified":"2015-03-04T14:14:35","modified_gmt":"2015-03-04T19:14:35","slug":"asientos-para-bano-ajustables-sin-respaldo","status":"publish","type":"product","link":"https:\/\/www.myaquasense.com\/es\/productos\/asientos-para-bano-ajustables-sin-respaldo\/","title":{"rendered":"Asientos para ba\u00f1o ajustables, sin  respaldo"},"content":{"rendered":"<div id=\"attachment_434\" style=\"width: 181px\" class=\"wp-caption alignright\"><a href=\"\/en\/wp-content\/uploads\/2013\/06\/770-500-box.jpg\"><img loading=\"lazy\" decoding=\"async\" aria-describedby=\"caption-attachment-434\" src=\"\/en\/wp-content\/uploads\/2013\/06\/770-500-box-171x300.jpg\" alt=\"Asiento para ba\u00f1o ajustable, sin respaldo, blanco, por AquaSense \u00ae en caja individual\" width=\"171\" height=\"300\" class=\"size-medium wp-image-434\" \/><\/a><p id=\"caption-attachment-434\" class=\"wp-caption-text\"><\/p>\n<div align=\"center\" style=\"line-height:normal;\">Asiento para ba\u00f1o ajustable, sin respaldo, blanco, por AquaSense \u00ae en caja individual<\/div>\n<p><\/p><\/div>\n<h4>Dise\u00f1ado para ofrecer mayor soporte y comodidad, mientras se ducha o se ba\u00f1a.<\/h4>\n<p>Este asiento de ba\u00f1o ajustable, sin respaldo, por AquaSense\u00ae est\u00e1 hecho de aluminio ligero, con asiento de pl\u00e1stico moldeado por soplado. Este asiento de ba\u00f1o tambi\u00e9n se puede utilizar en la ducha. Cuenta con una superficie con textura, agujeros de drenaje, asiento con asidero y conteras de  seguridad de goma antideslizante. Las patas ajustables permiten  subir o bajar la altura del asiento.<\/p>\n<ul>\n<li>Altura ajustable para m\u00e1s comodidad: 8 niveles de 14 &quot;a 21&quot; (36 cm a 53 cm) <\/li>\n<li>Tama\u00f1o de asiento: 20 &quot;x 12&quot; (51 cm x 30,5 cm) <\/li>\n<li>Superficie texturizada antideslizante <\/li>\n<li>Bastidor de aluminio resistente a la corrosi\u00f3n <\/li>\n<li>Conteras de goma resistentes &#8211; Sin l\u00e1tex <\/li>\n<li>Montaje f\u00e1cil sin herramientas: 5 botones azules <\/li>\n<li>Capacidad de peso: 300 libras (136 kg). <\/li>\n<\/ul\n\n[separator style_type=\"shadow\" top_margin=\"20\" bottom_margin=\"20\"  sep_color=\"\" icon=\"\" width=\"\" class=\"\" id=\"\"]\n\n\n\n<h3>Garant\u00eda<\/h3>\n<p>Garant\u00eda de por vida limitada.<\/p>\n<div class=\"fusion-sep-clear\"><\/div><div class=\"fusion-separator fusion-full-width-sep sep-shadow\" style=\"background:radial-gradient(ellipse at 50% -50% , #e0dede 0px, rgba(255, 255, 255, 0) 80%) repeat scroll 0 0 rgba(0, 0, 0, 0);background:-webkit-radial-gradient(ellipse at 50% -50% , #e0dede 0px, rgba(255, 255, 255, 0) 80%) repeat scroll 0 0 rgba(0, 0, 0, 0);background:-moz-radial-gradient(ellipse at 50% -50% , #e0dede 0px, rgba(255, 255, 255, 0) 80%) repeat scroll 0 0 rgba(0, 0, 0, 0);background:-o-radial-gradient(ellipse at 50% -50% , #e0dede 0px, rgba(255, 255, 255, 0) 80%) repeat scroll 0 0 rgba(0, 0, 0, 0);margin-left: auto;margin-right: auto;margin-top:20px;margin-bottom:20px;\"><\/div>\n<h3>Datos del producto<\/h3>\n<p><strong>Asientos para ba\u00f1o ajustables sin respaldo, por AquaSense\u00ae<\/strong><\/p>\n<p>Dise\u00f1ado para ofrecer mayor soporte y comodidad, mientras se ducha o se ba\u00f1a<\/p>\n<div class=\"fusion-one-half fusion-layout-column fusion-spacing-yes\" style=\"margin-top:0px;margin-bottom:20px;\"><div class=\"fusion-column-wrapper\">\n<div class=\"espaceapres\" style=\"margin-bottom:26px;\"> <\/div>\n<p><img loading=\"lazy\" decoding=\"async\" src=\"\/en\/wp-content\/uploads\/2013\/05\/770-500-s.jpg\" alt=\"Asientos para ba\u00f1o ajustables sin respaldo, por AquaSense\u00ae, Blanco\" title=\"Asientos para ba\u00f1o ajustables sin respaldo, por AquaSense\u00ae, Blanco\" width=\"100\" height=\"100\" class=\"imagesgauche\"><\/p>\n<p>Color: Blanco<br \/>\n<strong>No. del art\u00edculo:<br \/>\n770-500<\/strong><\/p>\n<div class=\"espaceapres\" style=\"margin-bottom:78px;\"> <\/div>\n<p><img loading=\"lazy\" decoding=\"async\" src=\"\/en\/wp-content\/uploads\/2013\/05\/770-506-s.jpg\" alt=\"Asientos para ba\u00f1o ajustables sin respaldo, por AquaSense\u00ae, Azul\" title=\"Asientos para ba\u00f1o ajustables sin respaldo, por AquaSense\u00ae, Azul\" width=\"100\" height=\"100\" class=\"imagesgauche\"><\/p>\n<p>Color: Azul<br \/>\n<strong>No. del art\u00edculo:<br \/>\n770-506<\/strong><br \/>\n<div class=\"fusion-clearfix\"><\/div><\/div><\/div>\n<div class=\"fusion-one-half fusion-layout-column fusion-column-last fusion-spacing-yes\" style=\"margin-top:0px;margin-bottom:20px;\"><div class=\"fusion-column-wrapper\">\n<p><img loading=\"lazy\" decoding=\"async\" src=\"\/en\/wp-content\/uploads\/2013\/05\/770-507-s.jpg\" alt=\"Asientos para ba\u00f1o ajustables sin respaldo, por AquaSense\u00ae, Amarillo\" title=\"Asientos para ba\u00f1o ajustables sin respaldo, por AquaSense\u00ae, Amarillo\" width=\"100\" height=\"100\" class=\"imagesgauche\"><\/p>\n<p>Color: Amarillo<br \/>\n<strong>No. del art\u00edculo:<br \/>\n770-507<\/strong><\/p>\n<div class=\"espaceapres\" style=\"margin-bottom:78px;\"> <\/div>\n<p><img loading=\"lazy\" decoding=\"async\" src=\"\/en\/wp-content\/uploads\/2013\/05\/770-508-s.jpg\" alt=\"Asientos para ba\u00f1o ajustables sin respaldo, por AquaSense\u00ae, Pardo\" title=\"Asientos para ba\u00f1o ajustables sin respaldo, por AquaSense\u00ae, Pardo\" width=\"100\" height=\"100\" class=\"imagesgauche\"><\/p>\n<p>Color: Pardo<br \/>\n<strong>No. del art\u00edculo:<br \/>\n770-508<\/strong><br \/>\n<div class=\"fusion-clearfix\"><\/div><\/div><\/div><div class=\"fusion-clearfix\"><\/div>\n<div class=\"fusion-sep-clear\"><\/div><div class=\"fusion-separator fusion-full-width-sep sep-shadow\" style=\"background:radial-gradient(ellipse at 50% -50% , #e0dede 0px, rgba(255, 255, 255, 0) 80%) repeat scroll 0 0 rgba(0, 0, 0, 0);background:-webkit-radial-gradient(ellipse at 50% -50% , #e0dede 0px, rgba(255, 255, 255, 0) 80%) repeat scroll 0 0 rgba(0, 0, 0, 0);background:-moz-radial-gradient(ellipse at 50% -50% , #e0dede 0px, rgba(255, 255, 255, 0) 80%) repeat scroll 0 0 rgba(0, 0, 0, 0);background:-o-radial-gradient(ellipse at 50% -50% , #e0dede 0px, rgba(255, 255, 255, 0) 80%) repeat scroll 0 0 rgba(0, 0, 0, 0);margin-left: auto;margin-right: auto;margin-top:20px;margin-bottom:20px;\"><\/div>\n<div id=\"attachment_427\" style=\"width: 690px\" class=\"wp-caption alignnone\"><a href=\"\/en\/wp-content\/uploads\/2013\/05\/770-500-with-colors.jpg\"><img loading=\"lazy\" decoding=\"async\" aria-describedby=\"caption-attachment-427\" src=\"\/en\/wp-content\/uploads\/2013\/05\/770-500-with-colors.jpg\" alt=\"Asientos ajustables para ba\u00f1o sin respaldo, por AquaSense \u00ae\" width=\"680\" height=\"329\" class=\"size-full wp-image-329\" \/><\/a><p id=\"caption-attachment-427\" class=\"wp-caption-text\"><\/p>\n<div align=\"center\" style=\"line-height:normal;\">Asientos ajustables para ba\u00f1o sin respaldo, por AquaSense \u00ae<\/div>\n<p><\/p><\/div>\n","protected":false},"excerpt":{"rendered":"<p>Dise\u00f1ado para ofrecer mayor soporte y comodidad, mientras se ducha o se ba\u00f1a.<\/p>\n<p>Este asiento de ba\u00f1o ajustable, sin respaldo, por AquaSense\u00ae est\u00e1 hecho de aluminio ligero, con asiento de pl\u00e1stico moldeado por soplado. Este asiento de ba\u00f1o tambi\u00e9n se puede utilizar en la ducha. Cuenta con una superficie con textura, agujeros de drenaje, asiento con asidero y conteras de  seguridad de goma antideslizante. Las patas ajustables permiten  subir o bajar la altura del asiento.<\/p>\n","protected":false},"featured_media":261,"comment_status":"open","ping_status":"closed","template":"","meta":[],"product_cat":[25],"product_tag":[],"class_list":{"0":"post-260","1":"product","2":"type-product","3":"status-publish","4":"has-post-thumbnail","6":"product_cat-asientos-de-bano","8":"first","9":"instock","10":"shipping-taxable","11":"product-type-simple"},"_links":{"self":[{"href":"https:\/\/www.myaquasense.com\/es\/wp-json\/wp\/v2\/product\/260"}],"collection":[{"href":"https:\/\/www.myaquasense.com\/es\/wp-json\/wp\/v2\/product"}],"about":[{"href":"https:\/\/www.myaquasense.com\/es\/wp-json\/wp\/v2\/types\/product"}],"replies":[{"embeddable":true,"href":"https:\/\/www.myaquasense.com\/es\/wp-json\/wp\/v2\/comments?post=260"}],"wp:featuredmedia":[{"embeddable":true,"href":"https:\/\/www.myaquasense.com\/es\/wp-json\/wp\/v2\/media\/261"}],"wp:attachment":[{"href":"https:\/\/www.myaquasense.com\/es\/wp-json\/wp\/v2\/media?parent=260"}],"wp:term":[{"taxonomy":"product_cat","embeddable":true,"href":"https:\/\/www.myaquasense.com\/es\/wp-json\/wp\/v2\/product_cat?post=260"},{"taxonomy":"product_tag","embeddable":true,"href":"https:\/\/www.myaquasense.com\/es\/wp-json\/wp\/v2\/product_tag?post=260"}],"curies":[{"name":"wp","href":"https:\/\/api.w.org\/{rel}","templated":true}]}}