{"id":267,"date":"2015-03-04T14:22:55","date_gmt":"2015-03-04T19:22:55","guid":{"rendered":"http:\/\/www.myaquasense.com\/es\/?post_type=product&#038;p=267"},"modified":"2015-03-04T14:25:22","modified_gmt":"2015-03-04T19:25:22","slug":"asientos-de-banera-sin-respaldo-de-forma-ergonomica","status":"publish","type":"product","link":"https:\/\/www.myaquasense.com\/es\/productos\/asientos-de-banera-sin-respaldo-de-forma-ergonomica\/","title":{"rendered":"Asientos de ba\u00f1era sin respaldo, de forma ergon\u00f3mica"},"content":{"rendered":"<div id=\"attachment_422\" style=\"width: 238px\" class=\"wp-caption alignright\"><a href=\"\/en\/wp-content\/uploads\/2013\/05\/770-535-box.jpg\"><img loading=\"lazy\" decoding=\"async\" aria-describedby=\"caption-attachment-422\" src=\"\/en\/wp-content\/uploads\/2013\/05\/770-535-box-228x300.jpg\" alt=\"Asiento de ba\u00f1o blanco sin respaldo, de forma ergon\u00f3mica, por AquaSense\u00ae en caja individual\" width=\"228\" height=\"300\" class=\"size-medium wp-image-422\" \/><\/a><p id=\"caption-attachment-422\" class=\"wp-caption-text\"><\/p>\n<div align=\"center\" style=\"line-height:normal;\">Asiento de ba\u00f1o blanco sin respaldo, de forma ergon\u00f3mica, por AquaSense \u00ae en caja individual<\/div>\n<p><\/p><\/div>\n<h4>\u00a1Disfrute de su ba\u00f1o o su ducha sentado en su silla de ba\u00f1o ajustable y ergon\u00f3mica AquaSense \u00ae, con asiento c\u00f3modo asiento y ergon\u00f3mico!<\/h4>\n<p>Estos asientos contorneados de ba\u00f1o, sin respaldo, son ajustables y se distinguen por tener una superficie tejida, agujeros de drenaje, agarraderas en el asiento y conteras  de seguridad de goma antideslizantes. Las patas ajustables permiten subir o bajar la altura del asiento.<\/p>\n<ul>\n<li>Elecci\u00f3n de 4 colores: Blanco, Cascada, Luz del sol, y Guijarro <\/li>\n<li>Forma ergon\u00f3mica <\/li>\n<li>Mayor Confort <\/li>\n<li>Superficies de textura antideslizante  <\/li>\n<li>Chasis resistente a la corrosi\u00f3n <\/li>\n<li>Altura del asiento ajustable de 15 &quot;a 22&quot; (38 a 56 cm) <\/li>\n<li>Se adapta a la mayor\u00eda de las ba\u00f1eras <\/li>\n<li>Conteras de caucho de seguridad <\/li>\n<li>Instalaci\u00f3n sin herramientas <\/li>\n<li>Patente: ZL 201130315525.1 <\/li>\n<li>Peso ligero: s\u00f3lo 7 lb. (3.2 kg) <\/li>\n<li>Tama\u00f1o de asiento: 20 &quot;x 12&quot; (51 cm x 31 cm) <\/li>\n<li>\u00c1rea de base (L x W): Min 17 &quot;x 17&quot; (43 cm x 43 cm), Max 20 &quot;x 17&quot; (51 cm x 43 cm) <\/li>\n<li>Peso m\u00e1ximo de 300 libras (136 kg) <\/li>\n<\/ul>\n<div class=\"fusion-sep-clear\"><\/div><div class=\"fusion-separator fusion-full-width-sep sep-shadow\" style=\"background:radial-gradient(ellipse at 50% -50% , #e0dede 0px, rgba(255, 255, 255, 0) 80%) repeat scroll 0 0 rgba(0, 0, 0, 0);background:-webkit-radial-gradient(ellipse at 50% -50% , #e0dede 0px, rgba(255, 255, 255, 0) 80%) repeat scroll 0 0 rgba(0, 0, 0, 0);background:-moz-radial-gradient(ellipse at 50% -50% , #e0dede 0px, rgba(255, 255, 255, 0) 80%) repeat scroll 0 0 rgba(0, 0, 0, 0);background:-o-radial-gradient(ellipse at 50% -50% , #e0dede 0px, rgba(255, 255, 255, 0) 80%) repeat scroll 0 0 rgba(0, 0, 0, 0);margin-left: auto;margin-right: auto;margin-top:20px;margin-bottom:20px;\"><\/div>\n<h3>Garant\u00eda<\/h3>\n<p>Garant\u00eda de por vida limitada.<\/p>\n<div class=\"fusion-sep-clear\"><\/div><div class=\"fusion-separator fusion-full-width-sep sep-shadow\" style=\"background:radial-gradient(ellipse at 50% -50% , #e0dede 0px, rgba(255, 255, 255, 0) 80%) repeat scroll 0 0 rgba(0, 0, 0, 0);background:-webkit-radial-gradient(ellipse at 50% -50% , #e0dede 0px, rgba(255, 255, 255, 0) 80%) repeat scroll 0 0 rgba(0, 0, 0, 0);background:-moz-radial-gradient(ellipse at 50% -50% , #e0dede 0px, rgba(255, 255, 255, 0) 80%) repeat scroll 0 0 rgba(0, 0, 0, 0);background:-o-radial-gradient(ellipse at 50% -50% , #e0dede 0px, rgba(255, 255, 255, 0) 80%) repeat scroll 0 0 rgba(0, 0, 0, 0);margin-left: auto;margin-right: auto;margin-top:20px;margin-bottom:20px;\"><\/div>\n<h3>Datos del producto<\/h3>\n<p><strong>Asientos para ba\u00f1o sin respaldo, de forma ergon\u00f3mica, por AquaSense\u00ae<\/strong><\/p>\n<p>Disfrute de su ba\u00f1o o su ducha sentado en su silla de ba\u00f1o ajustable ergon\u00f3mica, de AquaSense \u00ae,\u00a1 una silla de ba\u00f1era con un asiento contorneado y c\u00f3modo!<\/p>\n<div class=\"fusion-one-half fusion-layout-column fusion-spacing-yes\" style=\"margin-top:0px;margin-bottom:20px;\"><div class=\"fusion-column-wrapper\">\n<div class=\"espaceapres\" style=\"margin-bottom:26px;\"> <\/div>\n<p><img loading=\"lazy\" decoding=\"async\" src=\"\/en\/wp-content\/uploads\/2013\/05\/770-535-s.jpg\" alt=\"Asiento de ba\u00f1o blanco sin respaldo, de forma ergon\u00f3mica, por AquaSense\u00ae\" title=\"Asiento de ba\u00f1o blanco sin respaldo, de forma ergon\u00f3mica, por AquaSense\u00ae\" width=\"100\" height=\"100\" class=\"imagesgauche\"><\/p>\n<p>Color: Blanco<br \/>\n<strong>No. del art\u00edculo:<br \/>\n770-535<\/strong><\/p>\n<div class=\"espaceapres\" style=\"margin-bottom:78px;\"> <\/div>\n<p><img loading=\"lazy\" decoding=\"async\" src=\"\/en\/wp-content\/uploads\/2013\/05\/770-533-s.jpg\" alt=\"Asiento de ba\u00f1o Cascada sin respaldo, de forma ergon\u00f3mica, por AquaSense\u00ae\" title=\"Asiento de ba\u00f1o Cascada sin respaldo, de forma ergon\u00f3mica, por AquaSense\u00ae\" width=\"100\" height=\"100\" class=\"imagesgauche\"><\/p>\n<p>Color: Cascada<br \/>\n<strong>No. del art\u00edculo:<br \/>\n770-533<\/strong><br \/>\n<div class=\"fusion-clearfix\"><\/div><\/div><\/div>\n<div class=\"fusion-one-half fusion-layout-column fusion-column-last fusion-spacing-yes\" style=\"margin-top:0px;margin-bottom:20px;\"><div class=\"fusion-column-wrapper\">\n<p><img loading=\"lazy\" decoding=\"async\" src=\"\/en\/wp-content\/uploads\/2013\/05\/770-534-s.jpg\" alt=\"Asiento de ba\u00f1o, La luz del sol, sin respaldo, de forma ergon\u00f3mica, por AquaSense\u00ae\" title=\"Asiento de ba\u00f1o, La luz del sol, sin respaldo, de forma ergon\u00f3mica, por AquaSense\u00ae\" width=\"100\" height=\"100\" class=\"imagesgauche\"><\/p>\n<p>Color: La luz del sol<br \/>\n<strong>No. del art\u00edculo:<br \/>\n770-534<\/strong><\/p>\n<div class=\"espaceapres\" style=\"margin-bottom:78px;\"> <\/div>\n<p><img loading=\"lazy\" decoding=\"async\" src=\"\/en\/wp-content\/uploads\/2013\/05\/770-536-s.jpg\" alt=\"Asiento de ba\u00f1o, Guijarro, sin respaldo, de forma ergon\u00f3mica, por AquaSense\u00ae\" title=\"Asiento de ba\u00f1o, Guijarro, sin respaldo, de forma ergon\u00f3mica, por AquaSense\u00ae\" width=\"100\" height=\"100\" class=\"imagesgauche\"><\/p>\n<p>Color: Guijarro<br \/>\n<strong>No. del art\u00edculo:<br \/>\n770-536<\/strong><br \/>\n<div class=\"fusion-clearfix\"><\/div><\/div><\/div><div class=\"fusion-clearfix\"><\/div>\n<div class=\"fusion-sep-clear\"><\/div><div class=\"fusion-separator fusion-full-width-sep sep-shadow\" style=\"background:radial-gradient(ellipse at 50% -50% , #e0dede 0px, rgba(255, 255, 255, 0) 80%) repeat scroll 0 0 rgba(0, 0, 0, 0);background:-webkit-radial-gradient(ellipse at 50% -50% , #e0dede 0px, rgba(255, 255, 255, 0) 80%) repeat scroll 0 0 rgba(0, 0, 0, 0);background:-moz-radial-gradient(ellipse at 50% -50% , #e0dede 0px, rgba(255, 255, 255, 0) 80%) repeat scroll 0 0 rgba(0, 0, 0, 0);background:-o-radial-gradient(ellipse at 50% -50% , #e0dede 0px, rgba(255, 255, 255, 0) 80%) repeat scroll 0 0 rgba(0, 0, 0, 0);margin-left: auto;margin-right: auto;margin-top:20px;margin-bottom:20px;\"><\/div>\n<div id=\"attachment_423\" style=\"width: 690px\" class=\"wp-caption alignnone\"><a href=\"\/en\/wp-content\/uploads\/2013\/05\/770-535-with-colors.jpg\"><img loading=\"lazy\" decoding=\"async\" aria-describedby=\"caption-attachment-423\" src=\"\/en\/wp-content\/uploads\/2013\/05\/770-535-with-colors.jpg\" alt=\"Asientos para ba\u00f1o sin respaldo, de forma ergon\u00f3mica, por AquaSense\u00ae\" width=\"680\" height=\"329\" class=\"size-full wp-image-423\" \/><\/a><p id=\"caption-attachment-423\" class=\"wp-caption-text\"><\/p>\n<div align=\"center\" style=\"line-height:normal;\">Asientos para ba\u00f1o sin respaldo, de forma ergon\u00f3mica, por AquaSense\u00ae<\/div>\n<p><\/p><\/div>\n","protected":false},"excerpt":{"rendered":"<p>\u00a1Disfrute de su ba\u00f1o o su ducha sentado en su silla de ba\u00f1o ajustable y ergon\u00f3mica AquaSense \u00ae, con asiento c\u00f3modo asiento y ergon\u00f3mico!<\/p>\n<p>Estos asientos contorneados de ba\u00f1o, sin respaldo, son ajustables y se distinguen por tener una superficie tejida, agujeros de drenaje, agarraderas en el asiento y conteras  de seguridad de goma antideslizantes. Las patas ajustables permiten subir o bajar la altura del asiento.<\/p>\n","protected":false},"featured_media":268,"comment_status":"open","ping_status":"closed","template":"","meta":[],"product_cat":[25],"product_tag":[],"class_list":{"0":"post-267","1":"product","2":"type-product","3":"status-publish","4":"has-post-thumbnail","6":"product_cat-asientos-de-bano","8":"first","9":"instock","10":"shipping-taxable","11":"product-type-simple"},"_links":{"self":[{"href":"https:\/\/www.myaquasense.com\/es\/wp-json\/wp\/v2\/product\/267"}],"collection":[{"href":"https:\/\/www.myaquasense.com\/es\/wp-json\/wp\/v2\/product"}],"about":[{"href":"https:\/\/www.myaquasense.com\/es\/wp-json\/wp\/v2\/types\/product"}],"replies":[{"embeddable":true,"href":"https:\/\/www.myaquasense.com\/es\/wp-json\/wp\/v2\/comments?post=267"}],"wp:featuredmedia":[{"embeddable":true,"href":"https:\/\/www.myaquasense.com\/es\/wp-json\/wp\/v2\/media\/268"}],"wp:attachment":[{"href":"https:\/\/www.myaquasense.com\/es\/wp-json\/wp\/v2\/media?parent=267"}],"wp:term":[{"taxonomy":"product_cat","embeddable":true,"href":"https:\/\/www.myaquasense.com\/es\/wp-json\/wp\/v2\/product_cat?post=267"},{"taxonomy":"product_tag","embeddable":true,"href":"https:\/\/www.myaquasense.com\/es\/wp-json\/wp\/v2\/product_tag?post=267"}],"curies":[{"name":"wp","href":"https:\/\/api.w.org\/{rel}","templated":true}]}}