{"id":271,"date":"2015-03-04T14:28:01","date_gmt":"2015-03-04T19:28:01","guid":{"rendered":"http:\/\/www.myaquasense.com\/es\/?post_type=product&#038;p=271"},"modified":"2015-03-04T14:29:19","modified_gmt":"2015-03-04T19:29:19","slug":"tabla-de-bano","status":"publish","type":"product","link":"https:\/\/www.myaquasense.com\/es\/productos\/tabla-de-bano\/","title":{"rendered":"Tabla de ba\u00f1o"},"content":{"rendered":"<div id=\"attachment_379\" style=\"width: 310px\" class=\"wp-caption alignright\"><a href=\"\/en\/wp-content\/uploads\/2013\/05\/770-420-box.jpg\"><img loading=\"lazy\" decoding=\"async\" aria-describedby=\"caption-attachment-379\" src=\"\/en\/wp-content\/uploads\/2013\/05\/770-420-box-300x164.jpg\" alt=\"Tabla de ba\u00f1o, AquaSense\u00ae\" width=\"300\" height=\"164\" class=\"size-medium wp-image-379\" \/><\/a><p id=\"caption-attachment-379\" class=\"wp-caption-text\"><\/p>\n<div align=\"center\" style=\"line-height:normal;\">Tabla de ba\u00f1o, AquaSense\u00ae<\/div>\n<p><\/p><\/div>\n<h4>Proporciona un fuerte apoyo para que podamos entrar en el cuarto de ba\u00f1o con mayor facilidad<\/h4>\n<p>Esta tabla de ba\u00f1o, de dise\u00f1o ergon\u00f3mico,  se adapta r\u00e1pida y f\u00e1cilmente a casi todo tipo de  ba\u00f1era sin necesitar herramienta alguna.<\/p>\n<p>Adem\u00e1s, proporciona un soporte firme hasta 150kg (330 las) e incluye un asa para m\u00e1s seguridad.<\/p>\n<ul>\n<li>Instalaci\u00f3n r\u00e1pida y f\u00e1cil sin herramientas <\/li>\n<li>Se adapta a ba\u00f1eras de un ancho interior de 16&quot; a 26\u00be&quot; (40,6 cm a 68 cm) <\/li>\n<li>Instalaci\u00f3n r\u00e1pida y f\u00e1cil sin necesidad de herramientas<\/li>\n<li>Soporta hasta 150 kg (330 lb)<\/li>\n<\/ul>\n<div class=\"fusion-sep-clear\"><\/div><div class=\"fusion-separator fusion-full-width-sep sep-shadow\" style=\"background:radial-gradient(ellipse at 50% -50% , #e0dede 0px, rgba(255, 255, 255, 0) 80%) repeat scroll 0 0 rgba(0, 0, 0, 0);background:-webkit-radial-gradient(ellipse at 50% -50% , #e0dede 0px, rgba(255, 255, 255, 0) 80%) repeat scroll 0 0 rgba(0, 0, 0, 0);background:-moz-radial-gradient(ellipse at 50% -50% , #e0dede 0px, rgba(255, 255, 255, 0) 80%) repeat scroll 0 0 rgba(0, 0, 0, 0);background:-o-radial-gradient(ellipse at 50% -50% , #e0dede 0px, rgba(255, 255, 255, 0) 80%) repeat scroll 0 0 rgba(0, 0, 0, 0);margin-left: auto;margin-right: auto;margin-top:20px;margin-bottom:20px;\"><\/div>\n<h3>Informaci\u00f3n del producto<\/h3>\n<p><strong>Tabla de ba\u00f1o, AquaSense\u00ae<\/strong><\/p>\n<p>Proporciona un fuerte apoyo para que podamos entrar en el cuarto de ba\u00f1o con mayor facilidad<\/p>\n<p><strong>No. del art\u00edculo: 770-420<\/strong><\/p>\n<div class=\"fusion-sep-clear\"><\/div><div class=\"fusion-separator fusion-full-width-sep sep-shadow\" style=\"background:radial-gradient(ellipse at 50% -50% , #e0dede 0px, rgba(255, 255, 255, 0) 80%) repeat scroll 0 0 rgba(0, 0, 0, 0);background:-webkit-radial-gradient(ellipse at 50% -50% , #e0dede 0px, rgba(255, 255, 255, 0) 80%) repeat scroll 0 0 rgba(0, 0, 0, 0);background:-moz-radial-gradient(ellipse at 50% -50% , #e0dede 0px, rgba(255, 255, 255, 0) 80%) repeat scroll 0 0 rgba(0, 0, 0, 0);background:-o-radial-gradient(ellipse at 50% -50% , #e0dede 0px, rgba(255, 255, 255, 0) 80%) repeat scroll 0 0 rgba(0, 0, 0, 0);margin-left: auto;margin-right: auto;margin-top:20px;margin-bottom:20px;\"><\/div>\n<div id=\"attachment_380\" style=\"width: 690px\" class=\"wp-caption alignnone\"><a href=\"\/en\/wp-content\/uploads\/2013\/05\/770-420-Bath-Board.jpg\"><img loading=\"lazy\" decoding=\"async\" aria-describedby=\"caption-attachment-380\" src=\"\/en\/wp-content\/uploads\/2013\/05\/770-420-Bath-Board.jpg\" alt=\"Tabla de ba\u00f1o, AquaSense\u00ae\" width=\"680\" height=\"356\" class=\"size-full wp-image-380\" \/><\/a><p id=\"caption-attachment-380\" class=\"wp-caption-text\"><\/p>\n<div align=\"center\" style=\"line-height:normal;\">Tabla de ba\u00f1o, AquaSense\u00ae<\/div>\n<p><\/p><\/div>\n","protected":false},"excerpt":{"rendered":"<p>Proporciona un fuerte apoyo para que podamos entrar en el cuarto de ba\u00f1o con mayor facilidad<\/p>\n<p>Esta tabla de ba\u00f1o, de dise\u00f1o ergon\u00f3mico,  se adapta r\u00e1pida y f\u00e1cilmente a casi todo tipo de  ba\u00f1era sin necesitar herramienta alguna.<\/p>\n<p>Adem\u00e1s, proporciona un soporte firme hasta 150kg (330 las) e incluye un asa para m\u00e1s seguridad.<\/p>\n","protected":false},"featured_media":272,"comment_status":"open","ping_status":"closed","template":"","meta":[],"product_cat":[25],"product_tag":[],"class_list":{"0":"post-271","1":"product","2":"type-product","3":"status-publish","4":"has-post-thumbnail","6":"product_cat-asientos-de-bano","8":"first","9":"instock","10":"shipping-taxable","11":"product-type-simple"},"_links":{"self":[{"href":"https:\/\/www.myaquasense.com\/es\/wp-json\/wp\/v2\/product\/271"}],"collection":[{"href":"https:\/\/www.myaquasense.com\/es\/wp-json\/wp\/v2\/product"}],"about":[{"href":"https:\/\/www.myaquasense.com\/es\/wp-json\/wp\/v2\/types\/product"}],"replies":[{"embeddable":true,"href":"https:\/\/www.myaquasense.com\/es\/wp-json\/wp\/v2\/comments?post=271"}],"wp:featuredmedia":[{"embeddable":true,"href":"https:\/\/www.myaquasense.com\/es\/wp-json\/wp\/v2\/media\/272"}],"wp:attachment":[{"href":"https:\/\/www.myaquasense.com\/es\/wp-json\/wp\/v2\/media?parent=271"}],"wp:term":[{"taxonomy":"product_cat","embeddable":true,"href":"https:\/\/www.myaquasense.com\/es\/wp-json\/wp\/v2\/product_cat?post=271"},{"taxonomy":"product_tag","embeddable":true,"href":"https:\/\/www.myaquasense.com\/es\/wp-json\/wp\/v2\/product_tag?post=271"}],"curies":[{"name":"wp","href":"https:\/\/api.w.org\/{rel}","templated":true}]}}