{"id":274,"date":"2015-03-04T14:31:52","date_gmt":"2015-03-04T19:31:52","guid":{"rendered":"http:\/\/www.myaquasense.com\/es\/?post_type=product&#038;p=274"},"modified":"2015-03-04T14:32:41","modified_gmt":"2015-03-04T19:32:41","slug":"banco-de-ducha","status":"publish","type":"product","link":"https:\/\/www.myaquasense.com\/es\/productos\/banco-de-ducha\/","title":{"rendered":"Banco de ducha"},"content":{"rendered":"<div id=\"attachment_412\" style=\"width: 310px\" class=\"wp-caption alignright\"><a href=\"\/en\/wp-content\/uploads\/2013\/05\/770-514-shower-stool-box.jpg\"><img loading=\"lazy\" decoding=\"async\" aria-describedby=\"caption-attachment-412\" src=\"\/en\/wp-content\/uploads\/2013\/05\/770-514-shower-stool-box-300x278.jpg\" alt=\"Banco de ducha, AquaSense\u00ae\" width=\"300\" height=\"278\" class=\"size-medium wp-image-412\" \/><\/a><p id=\"caption-attachment-412\" class=\"wp-caption-text\"><\/p>\n<div align=\"center\" style=\"line-height:normal;\">Banco de ducha, AquaSense\u00ae<\/div>\n<p><\/p><\/div>\n<h4>Al estar de pie en la ba\u00f1era o la ducha se convierte en dif\u00edcil, un taburete de ducha puede ofrecer seguridad y confort en la ducha y en la ba\u00f1era<\/h4>\n<p>Este banco de ducha, de altura regulable,es ideal para cabinas de ducha y ba\u00f1eras estrechas, y est\u00e1 hecho de tubos de aluminio ligero y de pl\u00e1stico moldeado por soplado, y cuenta con una superficie de textura antideslizante y conteras de seguridad de goma resistente. <\/p>\n<ul>\n<li>Se adapta a pr\u00e1cticamente a cualquier recinto!   Planta de 18&quot;x 18&quot;  <\/li>\n<li>5 niveles de ajuste <\/li>\n<li>Espacio libre en disco 15&quot;-20&quot; <\/li>\n<li>Marco de aluminio resistente a la corrosi\u00f3n <\/li>\n<li>La superficie del banco tiene una textura antideslizante <\/li>\n<li>Capacidad de carga: 250 lbs (113 kg)<\/li>\n<\/ul>\n<div class=\"fusion-sep-clear\"><\/div><div class=\"fusion-separator fusion-full-width-sep sep-shadow\" style=\"background:radial-gradient(ellipse at 50% -50% , #e0dede 0px, rgba(255, 255, 255, 0) 80%) repeat scroll 0 0 rgba(0, 0, 0, 0);background:-webkit-radial-gradient(ellipse at 50% -50% , #e0dede 0px, rgba(255, 255, 255, 0) 80%) repeat scroll 0 0 rgba(0, 0, 0, 0);background:-moz-radial-gradient(ellipse at 50% -50% , #e0dede 0px, rgba(255, 255, 255, 0) 80%) repeat scroll 0 0 rgba(0, 0, 0, 0);background:-o-radial-gradient(ellipse at 50% -50% , #e0dede 0px, rgba(255, 255, 255, 0) 80%) repeat scroll 0 0 rgba(0, 0, 0, 0);margin-left: auto;margin-right: auto;margin-top:20px;margin-bottom:20px;\"><\/div>\n<h3>Informaci\u00f3n del producto<\/h3>\n<p><strong>Banco de ducha, AquaSense\u00ae<\/strong><\/p>\n<p>Al estar de pie en la ba\u00f1era o la ducha se convierte en dif\u00edcil, un taburete de ducha puede ofrecer seguridad y confort en la ducha y en la ba\u00f1era<\/p>\n<p><strong>No. del art\u00edculo: 770-514<\/strong><\/p>\n<div class=\"fusion-sep-clear\"><\/div><div class=\"fusion-separator fusion-full-width-sep sep-shadow\" style=\"background:radial-gradient(ellipse at 50% -50% , #e0dede 0px, rgba(255, 255, 255, 0) 80%) repeat scroll 0 0 rgba(0, 0, 0, 0);background:-webkit-radial-gradient(ellipse at 50% -50% , #e0dede 0px, rgba(255, 255, 255, 0) 80%) repeat scroll 0 0 rgba(0, 0, 0, 0);background:-moz-radial-gradient(ellipse at 50% -50% , #e0dede 0px, rgba(255, 255, 255, 0) 80%) repeat scroll 0 0 rgba(0, 0, 0, 0);background:-o-radial-gradient(ellipse at 50% -50% , #e0dede 0px, rgba(255, 255, 255, 0) 80%) repeat scroll 0 0 rgba(0, 0, 0, 0);margin-left: auto;margin-right: auto;margin-top:20px;margin-bottom:20px;\"><\/div>\n<div id=\"attachment_414\" style=\"width: 690px\" class=\"wp-caption alignnone\"><a href=\"\/en\/wp-content\/uploads\/2013\/05\/770-514-in-shower.jpg\"><img loading=\"lazy\" decoding=\"async\" aria-describedby=\"caption-attachment-414\" src=\"\/en\/wp-content\/uploads\/2013\/05\/770-514-in-shower.jpg\" alt=\"Banco de ducha, AquaSense\u00ae\" width=\"680\" height=\"425\" class=\"size-full wp-image-414\" \/><\/a><p id=\"caption-attachment-414\" class=\"wp-caption-text\"><\/p>\n<div align=\"center\" style=\"line-height:normal;\">Banco de ducha, AquaSense\u00ae<\/div>\n<p><\/p><\/div>\n","protected":false},"excerpt":{"rendered":"<p>Al estar de pie en la ba\u00f1era o la ducha se convierte en dif\u00edcil, un taburete de ducha puede ofrecer seguridad y confort en la ducha y en la ba\u00f1era.<\/p>\n","protected":false},"featured_media":275,"comment_status":"open","ping_status":"closed","template":"","meta":[],"product_cat":[25],"product_tag":[],"class_list":{"0":"post-274","1":"product","2":"type-product","3":"status-publish","4":"has-post-thumbnail","6":"product_cat-asientos-de-bano","8":"first","9":"instock","10":"shipping-taxable","11":"product-type-simple"},"_links":{"self":[{"href":"https:\/\/www.myaquasense.com\/es\/wp-json\/wp\/v2\/product\/274"}],"collection":[{"href":"https:\/\/www.myaquasense.com\/es\/wp-json\/wp\/v2\/product"}],"about":[{"href":"https:\/\/www.myaquasense.com\/es\/wp-json\/wp\/v2\/types\/product"}],"replies":[{"embeddable":true,"href":"https:\/\/www.myaquasense.com\/es\/wp-json\/wp\/v2\/comments?post=274"}],"wp:featuredmedia":[{"embeddable":true,"href":"https:\/\/www.myaquasense.com\/es\/wp-json\/wp\/v2\/media\/275"}],"wp:attachment":[{"href":"https:\/\/www.myaquasense.com\/es\/wp-json\/wp\/v2\/media?parent=274"}],"wp:term":[{"taxonomy":"product_cat","embeddable":true,"href":"https:\/\/www.myaquasense.com\/es\/wp-json\/wp\/v2\/product_cat?post=274"},{"taxonomy":"product_tag","embeddable":true,"href":"https:\/\/www.myaquasense.com\/es\/wp-json\/wp\/v2\/product_tag?post=274"}],"curies":[{"name":"wp","href":"https:\/\/api.w.org\/{rel}","templated":true}]}}