{"id":282,"date":"2015-03-04T16:17:09","date_gmt":"2015-03-04T21:17:09","guid":{"rendered":"http:\/\/www.myaquasense.com\/es\/?post_type=product&#038;p=282"},"modified":"2015-03-04T16:18:24","modified_gmt":"2015-03-04T21:18:24","slug":"asientos-de-retrete-elevados-con-tapa-aquasense","status":"publish","type":"product","link":"https:\/\/www.myaquasense.com\/es\/productos\/asientos-de-retrete-elevados-con-tapa-aquasense\/","title":{"rendered":"Asientos de Retrete Elevados con Tapa, AquaSense\u00ae"},"content":{"rendered":"<div id=\"attachment_524\" style=\"width: 273px\" class=\"wp-caption alignright\"><a href=\"http:\/\/www.myaquasense.com\/en\/wp-content\/uploads\/2013\/07\/770-625-box.jpg\"><img loading=\"lazy\" decoding=\"async\" aria-describedby=\"caption-attachment-524\" src=\"http:\/\/www.myaquasense.com\/en\/wp-content\/uploads\/2013\/07\/770-625-box-263x300.jpg\" alt=\"Asientos de Retrete Elevados con Tapa, AquaSense\u00ae\" width=\"263\" height=\"300\" class=\"size-medium wp-image-524\" \/><\/a><p id=\"caption-attachment-524\" class=\"wp-caption-text\"><\/p>\n<div align=\"center\" style=\"line-height:normal;\">Asientos de Retrete Elevados con Tapa, AquaSense\u00ae<\/div>\n<p><\/p><\/div>\n<h4>Facilita sentarse y levantarse de la taza de retrete<\/h4>\n<p>Los Asientos de Retrete Elevados  (2 o 4 pulgadas) con Tapa, facilitan sentarse o levantarse de la taza del retrete. El asiento es de 5 cm (2&#8243;) (770-625) o 10 cm (4\u201d) (770-626) de alto.<\/p>\n<p>Ideal para las personas con problemas de movilidad, el asiento del inodoro, f\u00e1cil de limpiar y se instala r\u00e1pida y f\u00e1cilmente sin necesidad de herramientas.<\/p>\n<ul>\n<li>Con tapa para m\u00e1s discreci\u00f3n<\/li>\n<li>A\u00f1ade 2 o 4 pulgadas a la altura de la taza<\/li>\n<li>Superficie f\u00e1cil de limpiar <\/li>\n<li>Se sujeta firmemente a la mayor\u00eda de las tazas de retrete<\/li>\n<li>Asidero seguro y ajustable<\/li>\n<li>Asiento ergon\u00f3mico contorneado<\/li>\n<li>Hecho de pl\u00e1stico robusto moldeado por soplado<\/li>\n<li>Instalaci\u00f3n f\u00e1cil  sin herramientas<\/li>\n<li>Soporta hasta 300 libras (136 Kg)<\/li>\n<\/ul>\n<div class=\"fusion-sep-clear\"><\/div><div class=\"fusion-separator fusion-full-width-sep sep-shadow\" style=\"background:radial-gradient(ellipse at 50% -50% , #e0dede 0px, rgba(255, 255, 255, 0) 80%) repeat scroll 0 0 rgba(0, 0, 0, 0);background:-webkit-radial-gradient(ellipse at 50% -50% , #e0dede 0px, rgba(255, 255, 255, 0) 80%) repeat scroll 0 0 rgba(0, 0, 0, 0);background:-moz-radial-gradient(ellipse at 50% -50% , #e0dede 0px, rgba(255, 255, 255, 0) 80%) repeat scroll 0 0 rgba(0, 0, 0, 0);background:-o-radial-gradient(ellipse at 50% -50% , #e0dede 0px, rgba(255, 255, 255, 0) 80%) repeat scroll 0 0 rgba(0, 0, 0, 0);margin-left: auto;margin-right: auto;margin-top:20px;margin-bottom:20px;\"><\/div>\n<h3>Garant\u00eda<\/h3>\n<p>Garant\u00eda de por vida limitada.<\/p>\n<div class=\"fusion-sep-clear\"><\/div><div class=\"fusion-separator fusion-full-width-sep sep-shadow\" style=\"background:radial-gradient(ellipse at 50% -50% , #e0dede 0px, rgba(255, 255, 255, 0) 80%) repeat scroll 0 0 rgba(0, 0, 0, 0);background:-webkit-radial-gradient(ellipse at 50% -50% , #e0dede 0px, rgba(255, 255, 255, 0) 80%) repeat scroll 0 0 rgba(0, 0, 0, 0);background:-moz-radial-gradient(ellipse at 50% -50% , #e0dede 0px, rgba(255, 255, 255, 0) 80%) repeat scroll 0 0 rgba(0, 0, 0, 0);background:-o-radial-gradient(ellipse at 50% -50% , #e0dede 0px, rgba(255, 255, 255, 0) 80%) repeat scroll 0 0 rgba(0, 0, 0, 0);margin-left: auto;margin-right: auto;margin-top:20px;margin-bottom:20px;\"><\/div>\n<h3>Datos del producto<\/h3>\n<p><strong>Asientos de Retrete Elevados con Tapa, AquaSense\u00ae<\/strong><br \/>\nFacilita sentarse y levantarse de la taza de retrete<\/p>\n<p><strong>No. del art\u00edculo: 770-625<\/strong><br \/>\nEleva el asiento de 5 cm (2&#8243;)<\/p>\n<p><strong>No. del art\u00edculo: 770-626<\/strong><br \/>\nEleva el asiento de 10 cm (4&#8243;)<\/p>\n<div class=\"fusion-sep-clear\"><\/div><div class=\"fusion-separator fusion-full-width-sep sep-shadow\" style=\"background:radial-gradient(ellipse at 50% -50% , #e0dede 0px, rgba(255, 255, 255, 0) 80%) repeat scroll 0 0 rgba(0, 0, 0, 0);background:-webkit-radial-gradient(ellipse at 50% -50% , #e0dede 0px, rgba(255, 255, 255, 0) 80%) repeat scroll 0 0 rgba(0, 0, 0, 0);background:-moz-radial-gradient(ellipse at 50% -50% , #e0dede 0px, rgba(255, 255, 255, 0) 80%) repeat scroll 0 0 rgba(0, 0, 0, 0);background:-o-radial-gradient(ellipse at 50% -50% , #e0dede 0px, rgba(255, 255, 255, 0) 80%) repeat scroll 0 0 rgba(0, 0, 0, 0);margin-left: auto;margin-right: auto;margin-top:20px;margin-bottom:20px;\"><\/div>\n<div id=\"attachment_525\" style=\"width: 690px\" class=\"wp-caption alignnone\"><a href=\"http:\/\/www.myaquasense.com\/en\/wp-content\/uploads\/2013\/07\/770-625_Raised-Toilet-Seat-with-Lid.jpg\"><img loading=\"lazy\" decoding=\"async\" aria-describedby=\"caption-attachment-525\" src=\"http:\/\/www.myaquasense.com\/en\/wp-content\/uploads\/2013\/07\/770-625_Raised-Toilet-Seat-with-Lid.jpg\" alt=\"Asientos de Retrete Elevados con Tapa, AquaSense\u00ae\" width=\"680\" height=\"372\" class=\"size-full wp-image-525\" \/><\/a><p id=\"caption-attachment-525\" class=\"wp-caption-text\"><\/p>\n<div align=\"center\" style=\"line-height:normal;\">Asientos de Retrete Elevados con Tapa, AquaSense\u00ae<\/div>\n<p><\/p><\/div>\n","protected":false},"excerpt":{"rendered":"<p>Facilita sentarse y levantarse de la taza de retrete<\/p>\n<p>Los Asientos de Retrete Elevados  (2 o 4 pulgadas) con Tapa, facilitan sentarse o levantarse de la taza del retrete. El asiento es de 5 cm (2&#8243;) (770-625) o 10 cm (4\u201d) (770-626) de alto.<\/p>\n<p>Ideal para las personas con problemas de movilidad, el asiento del inodoro, f\u00e1cil de limpiar y se instala r\u00e1pida y f\u00e1cilmente sin necesidad de herramientas.<\/p>\n","protected":false},"featured_media":283,"comment_status":"open","ping_status":"closed","template":"","meta":[],"product_cat":[26],"product_tag":[],"class_list":{"0":"post-282","1":"product","2":"type-product","3":"status-publish","4":"has-post-thumbnail","6":"product_cat-asiento-de-retrete","8":"first","9":"instock","10":"shipping-taxable","11":"product-type-simple"},"_links":{"self":[{"href":"https:\/\/www.myaquasense.com\/es\/wp-json\/wp\/v2\/product\/282"}],"collection":[{"href":"https:\/\/www.myaquasense.com\/es\/wp-json\/wp\/v2\/product"}],"about":[{"href":"https:\/\/www.myaquasense.com\/es\/wp-json\/wp\/v2\/types\/product"}],"replies":[{"embeddable":true,"href":"https:\/\/www.myaquasense.com\/es\/wp-json\/wp\/v2\/comments?post=282"}],"wp:featuredmedia":[{"embeddable":true,"href":"https:\/\/www.myaquasense.com\/es\/wp-json\/wp\/v2\/media\/283"}],"wp:attachment":[{"href":"https:\/\/www.myaquasense.com\/es\/wp-json\/wp\/v2\/media?parent=282"}],"wp:term":[{"taxonomy":"product_cat","embeddable":true,"href":"https:\/\/www.myaquasense.com\/es\/wp-json\/wp\/v2\/product_cat?post=282"},{"taxonomy":"product_tag","embeddable":true,"href":"https:\/\/www.myaquasense.com\/es\/wp-json\/wp\/v2\/product_tag?post=282"}],"curies":[{"name":"wp","href":"https:\/\/api.w.org\/{rel}","templated":true}]}}