{"id":288,"date":"2015-03-04T16:25:43","date_gmt":"2015-03-04T21:25:43","guid":{"rendered":"http:\/\/www.myaquasense.com\/es\/?post_type=product&#038;p=288"},"modified":"2015-03-04T16:26:18","modified_gmt":"2015-03-04T21:26:18","slug":"elevador-de-asiento-de-retrete-con-bisagras","status":"publish","type":"product","link":"https:\/\/www.myaquasense.com\/es\/productos\/elevador-de-asiento-de-retrete-con-bisagras\/","title":{"rendered":"Elevador de asiento de retrete con bisagras"},"content":{"rendered":"<div id=\"attachment_511\" style=\"width: 310px\" class=\"wp-caption alignright\"><a href=\"http:\/\/www.myaquasense.com\/en\/wp-content\/uploads\/2013\/06\/770-630-Box.jpg\"><img loading=\"lazy\" decoding=\"async\" aria-describedby=\"caption-attachment-511\" src=\"http:\/\/www.myaquasense.com\/en\/wp-content\/uploads\/2013\/06\/770-630-Box-300x284.jpg\" alt=\"Elevador de asiento de retrete con bisagras, AquaSense\u00ae\" width=\"300\" height=\"284\" class=\"size-medium wp-image-511\" \/><\/a><p id=\"caption-attachment-511\" class=\"wp-caption-text\"><\/p>\n<div align=\"center\" style=\"line-height:normal;\">Elevador de asiento de retrete con bisagras, AquaSense\u00ae<\/div>\n<p><\/p><\/div>\n<h4>Los elevadores de asiento con bisagras son una opci\u00f3n que se integra f\u00e1cilmente con la decoraci\u00f3n del cuarto de ba\u00f1o<\/h4>\n<p>Se adapta a la mayor\u00eda de tazas est\u00e1ndar (770-630) o&nbsp;alargadas (770-631). <\/p>\n<ul>\n<li>Se utiliza con el asiento existente &#8211; se integra f\u00e1cilmente con la decora-ci\u00f3n del cuarto de ba\u00f1o  <\/li>\n<li>Bisagra para facilitar la limpieza y la facilidad de uso (secci\u00f3n m\u00f3vil: puede ser desmontada; levantado) <\/li>\n<li>Agrega 3 \u00bd &quot;(8,9 cm) a la altura del asiento  <\/li>\n<li>Hecho de pl\u00e1stico robusto, moldeado por soplado<\/li>\n<li>Posici\u00f3n fija <\/li>\n<li>Ferreter\u00eda incluida: 6-pernos de 15 cm <\/li>\n<li>F\u00e1cil de instalar  <\/li>\n<li>F\u00e1cil de limpiar  <\/li>\n<li>Capacidad de peso: 300 libras<\/li>\n<\/ul>\n<div class=\"fusion-sep-clear\"><\/div><div class=\"fusion-separator fusion-full-width-sep sep-shadow\" style=\"background:radial-gradient(ellipse at 50% -50% , #e0dede 0px, rgba(255, 255, 255, 0) 80%) repeat scroll 0 0 rgba(0, 0, 0, 0);background:-webkit-radial-gradient(ellipse at 50% -50% , #e0dede 0px, rgba(255, 255, 255, 0) 80%) repeat scroll 0 0 rgba(0, 0, 0, 0);background:-moz-radial-gradient(ellipse at 50% -50% , #e0dede 0px, rgba(255, 255, 255, 0) 80%) repeat scroll 0 0 rgba(0, 0, 0, 0);background:-o-radial-gradient(ellipse at 50% -50% , #e0dede 0px, rgba(255, 255, 255, 0) 80%) repeat scroll 0 0 rgba(0, 0, 0, 0);margin-left: auto;margin-right: auto;margin-top:20px;margin-bottom:20px;\"><\/div>\n<h3>Garant\u00eda<\/h3>\n<p>Garant\u00eda de por vida limitada.<\/p>\n<div class=\"fusion-sep-clear\"><\/div><div class=\"fusion-separator fusion-full-width-sep sep-shadow\" style=\"background:radial-gradient(ellipse at 50% -50% , #e0dede 0px, rgba(255, 255, 255, 0) 80%) repeat scroll 0 0 rgba(0, 0, 0, 0);background:-webkit-radial-gradient(ellipse at 50% -50% , #e0dede 0px, rgba(255, 255, 255, 0) 80%) repeat scroll 0 0 rgba(0, 0, 0, 0);background:-moz-radial-gradient(ellipse at 50% -50% , #e0dede 0px, rgba(255, 255, 255, 0) 80%) repeat scroll 0 0 rgba(0, 0, 0, 0);background:-o-radial-gradient(ellipse at 50% -50% , #e0dede 0px, rgba(255, 255, 255, 0) 80%) repeat scroll 0 0 rgba(0, 0, 0, 0);margin-left: auto;margin-right: auto;margin-top:20px;margin-bottom:20px;\"><\/div>\n<h3>Datos del producto<\/h3>\n<p><strong>Elevador de asiento de retrete con bisagras, AquaSense\u00ae<\/strong><\/p>\n<p><strong>No. del art\u00edculo: 770-630<\/strong><br \/>\nSe adapta a la mayor\u00eda de tazas est\u00e1ndar<\/p>\n<p><strong>No. del art\u00edculo: 770-631<\/strong><br \/>\nSe adapta a la mayor\u00eda de tazas alargadas<\/p>\n<div class=\"fusion-sep-clear\"><\/div><div class=\"fusion-separator fusion-full-width-sep sep-shadow\" style=\"background:radial-gradient(ellipse at 50% -50% , #e0dede 0px, rgba(255, 255, 255, 0) 80%) repeat scroll 0 0 rgba(0, 0, 0, 0);background:-webkit-radial-gradient(ellipse at 50% -50% , #e0dede 0px, rgba(255, 255, 255, 0) 80%) repeat scroll 0 0 rgba(0, 0, 0, 0);background:-moz-radial-gradient(ellipse at 50% -50% , #e0dede 0px, rgba(255, 255, 255, 0) 80%) repeat scroll 0 0 rgba(0, 0, 0, 0);background:-o-radial-gradient(ellipse at 50% -50% , #e0dede 0px, rgba(255, 255, 255, 0) 80%) repeat scroll 0 0 rgba(0, 0, 0, 0);margin-left: auto;margin-right: auto;margin-top:20px;margin-bottom:20px;\"><\/div>\n<div id=\"attachment_512\" style=\"width: 690px\" class=\"wp-caption alignnone\"><a href=\"http:\/\/www.myaquasense.com\/en\/wp-content\/uploads\/2013\/06\/770-630-631-on-toilet.jpg\"><img loading=\"lazy\" decoding=\"async\" aria-describedby=\"caption-attachment-512\" src=\"http:\/\/www.myaquasense.com\/en\/wp-content\/uploads\/2013\/06\/770-630-631-on-toilet.jpg\" alt=\"Elevador de asiento de retrete con bisagras, AquaSense\u00ae\" width=\"680\" height=\"431\" class=\"size-full wp-image-512\" \/><\/a><p id=\"caption-attachment-512\" class=\"wp-caption-text\"><\/p>\n<div align=\"center\" style=\"line-height:normal;\">Elevador de asiento de retrete con bisagras, AquaSense\u00ae<\/div>\n<p><\/p><\/div>\n","protected":false},"excerpt":{"rendered":"<p>Los elevadores de asiento con bisagras son una opci\u00f3n que se integra f\u00e1cilmente con la decoraci\u00f3n del cuarto de ba\u00f1o<\/p>\n<p>Se adapta a la mayor\u00eda de tazas est\u00e1ndar (770-630) o&nbsp;alargadas (770-631). <\/p>\n","protected":false},"featured_media":289,"comment_status":"open","ping_status":"closed","template":"","meta":[],"product_cat":[26],"product_tag":[],"class_list":{"0":"post-288","1":"product","2":"type-product","3":"status-publish","4":"has-post-thumbnail","6":"product_cat-asiento-de-retrete","8":"first","9":"instock","10":"shipping-taxable","11":"product-type-simple"},"_links":{"self":[{"href":"https:\/\/www.myaquasense.com\/es\/wp-json\/wp\/v2\/product\/288"}],"collection":[{"href":"https:\/\/www.myaquasense.com\/es\/wp-json\/wp\/v2\/product"}],"about":[{"href":"https:\/\/www.myaquasense.com\/es\/wp-json\/wp\/v2\/types\/product"}],"replies":[{"embeddable":true,"href":"https:\/\/www.myaquasense.com\/es\/wp-json\/wp\/v2\/comments?post=288"}],"wp:featuredmedia":[{"embeddable":true,"href":"https:\/\/www.myaquasense.com\/es\/wp-json\/wp\/v2\/media\/289"}],"wp:attachment":[{"href":"https:\/\/www.myaquasense.com\/es\/wp-json\/wp\/v2\/media?parent=288"}],"wp:term":[{"taxonomy":"product_cat","embeddable":true,"href":"https:\/\/www.myaquasense.com\/es\/wp-json\/wp\/v2\/product_cat?post=288"},{"taxonomy":"product_tag","embeddable":true,"href":"https:\/\/www.myaquasense.com\/es\/wp-json\/wp\/v2\/product_tag?post=288"}],"curies":[{"name":"wp","href":"https:\/\/api.w.org\/{rel}","templated":true}]}}