{"id":291,"date":"2015-03-04T16:28:40","date_gmt":"2015-03-04T21:28:40","guid":{"rendered":"http:\/\/www.myaquasense.com\/es\/?post_type=product&#038;p=291"},"modified":"2015-03-04T16:41:37","modified_gmt":"2015-03-04T21:41:37","slug":"elevador-de-asiento-de-retrete","status":"publish","type":"product","link":"https:\/\/www.myaquasense.com\/es\/productos\/elevador-de-asiento-de-retrete\/","title":{"rendered":"Elevador de asiento de retrete"},"content":{"rendered":"<div id=\"attachment_501\" style=\"width: 289px\" class=\"wp-caption alignright\"><a href=\"http:\/\/www.myaquasense.com\/en\/wp-content\/uploads\/2013\/06\/770-601-Box.jpg\"><img loading=\"lazy\" decoding=\"async\" aria-describedby=\"caption-attachment-501\" src=\"http:\/\/www.myaquasense.com\/en\/wp-content\/uploads\/2013\/06\/770-601-Box-279x300.jpg\" alt=\"Elevador de asiento de retrete, AquaSense\u00ae\" width=\"279\" height=\"300\" class=\"size-medium wp-image-501\" \/><\/a><p id=\"caption-attachment-501\" class=\"wp-caption-text\"><\/p>\n<div align=\"center\" style=\"line-height:normal;\">Elevador de asiento de retrete, AquaSense\u00ae<\/div>\n<p><\/p><\/div>\n<h4>Los elevadores de asiento son una opci\u00f3n que se integra f\u00e1cilmente con la decoraci\u00f3n del cuarto de ba\u00f1o<\/h4>\n<p>Se adapta a la mayor\u00eda de tazas est\u00e1ndar (770-601) o&nbsp;alargadas (770-602). <\/p>\n<ul>\n<li>Se utiliza con el asiento existente &#8211; se integra f\u00e1cilmente con la decora-ci\u00f3n del cuarto de ba\u00f1o  <\/li>\n<li>Agrega 3 \u00bd &quot;(8,9 cm) a la altura del asiento  <\/li>\n<li>Hecho de pl\u00e1stico robusto, moldeado por soplado<\/li>\n<li>Posici\u00f3n fija <\/li>\n<li>Ferreter\u00eda incluida: 6-pernos de 15 cm <\/li>\n<li>F\u00e1cil de instalar  <\/li>\n<li>F\u00e1cil de limpiar  <\/li>\n<li>Capacidad de peso: 300 libras<\/li>\n<\/ul>\n<div class=\"fusion-sep-clear\"><\/div><div class=\"fusion-separator fusion-full-width-sep sep-shadow\" style=\"background:radial-gradient(ellipse at 50% -50% , #e0dede 0px, rgba(255, 255, 255, 0) 80%) repeat scroll 0 0 rgba(0, 0, 0, 0);background:-webkit-radial-gradient(ellipse at 50% -50% , #e0dede 0px, rgba(255, 255, 255, 0) 80%) repeat scroll 0 0 rgba(0, 0, 0, 0);background:-moz-radial-gradient(ellipse at 50% -50% , #e0dede 0px, rgba(255, 255, 255, 0) 80%) repeat scroll 0 0 rgba(0, 0, 0, 0);background:-o-radial-gradient(ellipse at 50% -50% , #e0dede 0px, rgba(255, 255, 255, 0) 80%) repeat scroll 0 0 rgba(0, 0, 0, 0);margin-left: auto;margin-right: auto;margin-top:20px;margin-bottom:20px;\"><\/div>\n<h3>Garant\u00eda<\/h3>\n<p>Garant\u00eda de por vida limitada.<\/p>\n<div class=\"fusion-sep-clear\"><\/div><div class=\"fusion-separator fusion-full-width-sep sep-shadow\" style=\"background:radial-gradient(ellipse at 50% -50% , #e0dede 0px, rgba(255, 255, 255, 0) 80%) repeat scroll 0 0 rgba(0, 0, 0, 0);background:-webkit-radial-gradient(ellipse at 50% -50% , #e0dede 0px, rgba(255, 255, 255, 0) 80%) repeat scroll 0 0 rgba(0, 0, 0, 0);background:-moz-radial-gradient(ellipse at 50% -50% , #e0dede 0px, rgba(255, 255, 255, 0) 80%) repeat scroll 0 0 rgba(0, 0, 0, 0);background:-o-radial-gradient(ellipse at 50% -50% , #e0dede 0px, rgba(255, 255, 255, 0) 80%) repeat scroll 0 0 rgba(0, 0, 0, 0);margin-left: auto;margin-right: auto;margin-top:20px;margin-bottom:20px;\"><\/div>\n<h3>Datos del producto<\/h3>\n<p><strong>Elevador de asiento de retrete, AquaSense\u00ae<\/strong><\/p>\n<p><strong>No. del art\u00edculo: 770-601<\/strong><br \/>\nSe adapta a la mayor\u00eda de tazas est\u00e1ndar<\/p>\n<p><strong>No. del art\u00edculo: 770-602<\/strong><br \/>\nSe adapta a la mayor\u00eda de tazas alargadas<\/p>\n<div class=\"fusion-sep-clear\"><\/div><div class=\"fusion-separator fusion-full-width-sep sep-shadow\" style=\"background:radial-gradient(ellipse at 50% -50% , #e0dede 0px, rgba(255, 255, 255, 0) 80%) repeat scroll 0 0 rgba(0, 0, 0, 0);background:-webkit-radial-gradient(ellipse at 50% -50% , #e0dede 0px, rgba(255, 255, 255, 0) 80%) repeat scroll 0 0 rgba(0, 0, 0, 0);background:-moz-radial-gradient(ellipse at 50% -50% , #e0dede 0px, rgba(255, 255, 255, 0) 80%) repeat scroll 0 0 rgba(0, 0, 0, 0);background:-o-radial-gradient(ellipse at 50% -50% , #e0dede 0px, rgba(255, 255, 255, 0) 80%) repeat scroll 0 0 rgba(0, 0, 0, 0);margin-left: auto;margin-right: auto;margin-top:20px;margin-bottom:20px;\"><\/div>\n<div id=\"attachment_500\" style=\"width: 690px\" class=\"wp-caption alignnone\"><a href=\"http:\/\/www.myaquasense.com\/en\/wp-content\/uploads\/2013\/06\/770-601-in-bathroom.jpg\"><img loading=\"lazy\" decoding=\"async\" aria-describedby=\"caption-attachment-500\" src=\"http:\/\/www.myaquasense.com\/en\/wp-content\/uploads\/2013\/06\/770-601-in-bathroom.jpg\" alt=\"Elevador de asiento de retrete, AquaSense\u00ae\" width=\"680\" height=\"329\" class=\"size-full wp-image-500\" \/><\/a><p id=\"caption-attachment-500\" class=\"wp-caption-text\"><\/p>\n<div align=\"center\" style=\"line-height:normal;\">Elevador de asiento de retrete, AquaSense\u00ae<\/div>\n<p><\/p><\/div>\n","protected":false},"excerpt":{"rendered":"<p>Los elevadores de asiento son una opci\u00f3n que se integra f\u00e1cilmente con la decoraci\u00f3n del cuarto de ba\u00f1o<\/p>\n<p>Se adapta a la mayor\u00eda de tazas est\u00e1ndar (770-601) o&nbsp;alargadas (770-602). <\/p>\n","protected":false},"featured_media":292,"comment_status":"open","ping_status":"closed","template":"","meta":[],"product_cat":[26],"product_tag":[],"class_list":{"0":"post-291","1":"product","2":"type-product","3":"status-publish","4":"has-post-thumbnail","6":"product_cat-asiento-de-retrete","8":"first","9":"instock","10":"shipping-taxable","11":"product-type-simple"},"_links":{"self":[{"href":"https:\/\/www.myaquasense.com\/es\/wp-json\/wp\/v2\/product\/291"}],"collection":[{"href":"https:\/\/www.myaquasense.com\/es\/wp-json\/wp\/v2\/product"}],"about":[{"href":"https:\/\/www.myaquasense.com\/es\/wp-json\/wp\/v2\/types\/product"}],"replies":[{"embeddable":true,"href":"https:\/\/www.myaquasense.com\/es\/wp-json\/wp\/v2\/comments?post=291"}],"wp:featuredmedia":[{"embeddable":true,"href":"https:\/\/www.myaquasense.com\/es\/wp-json\/wp\/v2\/media\/292"}],"wp:attachment":[{"href":"https:\/\/www.myaquasense.com\/es\/wp-json\/wp\/v2\/media?parent=291"}],"wp:term":[{"taxonomy":"product_cat","embeddable":true,"href":"https:\/\/www.myaquasense.com\/es\/wp-json\/wp\/v2\/product_cat?post=291"},{"taxonomy":"product_tag","embeddable":true,"href":"https:\/\/www.myaquasense.com\/es\/wp-json\/wp\/v2\/product_tag?post=291"}],"curies":[{"name":"wp","href":"https:\/\/api.w.org\/{rel}","templated":true}]}}