{"id":294,"date":"2015-03-04T16:32:32","date_gmt":"2015-03-04T21:32:32","guid":{"rendered":"http:\/\/www.myaquasense.com\/es\/?post_type=product&#038;p=294"},"modified":"2015-03-04T16:32:59","modified_gmt":"2015-03-04T21:32:59","slug":"economico-asiento-elevado-de-retrete","status":"publish","type":"product","link":"https:\/\/www.myaquasense.com\/es\/productos\/economico-asiento-elevado-de-retrete\/","title":{"rendered":"Economico Asiento elevado de retrete"},"content":{"rendered":"<div id=\"attachment_485\" style=\"width: 310px\" class=\"wp-caption alignright\"><a href=\"http:\/\/www.myaquasense.com\/en\/wp-content\/uploads\/2013\/06\/770-610-Box.jpg\"><img loading=\"lazy\" decoding=\"async\" aria-describedby=\"caption-attachment-485\" src=\"http:\/\/www.myaquasense.com\/en\/wp-content\/uploads\/2013\/06\/770-610-Box-300x285.jpg\" alt=\"Economico Asiento elevado de retrete, AquaSense\u00ae\" width=\"300\" height=\"285\" class=\"size-medium wp-image-485\" \/><\/a><p id=\"caption-attachment-485\" class=\"wp-caption-text\"><\/p>\n<div align=\"center\" style=\"line-height:normal;\">Economico Asiento elevado de retrete, AquaSense\u00ae<\/div>\n<p><\/p><\/div>\n<h4>Facilita sentarse y levantarse de la taza de retrete<\/h4>\n<p>Criado asientos de inodoro, por AquaSense \u00ae, est\u00e1n dise\u00f1ados espec\u00edficamente para permitir al usuario utilizar de forma segura y con confianza de ir al ba\u00f1o sin ayuda o sin dolor.<\/p>\n<ul>\n<li>Se utiliza con el asiento existente &#8211; se integra f\u00e1cilmente con la decora-ci\u00f3n del cuarto de ba\u00f1o<\/li>\n<li>Eleva el asiento de 10,2 cm (4&#8243;)<\/li>\n<li>La construcci\u00f3n de polietileno<\/li>\n<li>F\u00e1cil de limpiar<\/li>\n<li>Hecho de plastico robusto moldeado por soplado<\/li>\n<li>Apertura grande<\/li>\n<li>No necesita herramientas<\/li>\n<li>Capacidad de peso: 181,4 Kg (400 libras)<\/li>\n<\/ul>\n<div class=\"fusion-sep-clear\"><\/div><div class=\"fusion-separator fusion-full-width-sep sep-shadow\" style=\"background:radial-gradient(ellipse at 50% -50% , #e0dede 0px, rgba(255, 255, 255, 0) 80%) repeat scroll 0 0 rgba(0, 0, 0, 0);background:-webkit-radial-gradient(ellipse at 50% -50% , #e0dede 0px, rgba(255, 255, 255, 0) 80%) repeat scroll 0 0 rgba(0, 0, 0, 0);background:-moz-radial-gradient(ellipse at 50% -50% , #e0dede 0px, rgba(255, 255, 255, 0) 80%) repeat scroll 0 0 rgba(0, 0, 0, 0);background:-o-radial-gradient(ellipse at 50% -50% , #e0dede 0px, rgba(255, 255, 255, 0) 80%) repeat scroll 0 0 rgba(0, 0, 0, 0);margin-left: auto;margin-right: auto;margin-top:20px;margin-bottom:20px;\"><\/div>\n<h3>Garant\u00eda<\/h3>\n<p>Garant\u00eda de por vida limitada.<\/p>\n<div class=\"fusion-sep-clear\"><\/div><div class=\"fusion-separator fusion-full-width-sep sep-shadow\" style=\"background:radial-gradient(ellipse at 50% -50% , #e0dede 0px, rgba(255, 255, 255, 0) 80%) repeat scroll 0 0 rgba(0, 0, 0, 0);background:-webkit-radial-gradient(ellipse at 50% -50% , #e0dede 0px, rgba(255, 255, 255, 0) 80%) repeat scroll 0 0 rgba(0, 0, 0, 0);background:-moz-radial-gradient(ellipse at 50% -50% , #e0dede 0px, rgba(255, 255, 255, 0) 80%) repeat scroll 0 0 rgba(0, 0, 0, 0);background:-o-radial-gradient(ellipse at 50% -50% , #e0dede 0px, rgba(255, 255, 255, 0) 80%) repeat scroll 0 0 rgba(0, 0, 0, 0);margin-left: auto;margin-right: auto;margin-top:20px;margin-bottom:20px;\"><\/div>\n<h3>Datos del producto<\/h3>\n<p><strong>Economico Asiento elevado de retrete, AquaSense\u00ae<\/strong><\/p>\n<p>Facilita sentarse y levantarse de la taza de retrete<\/p>\n<p><strong>No. del art\u00edculo: 770-610<\/strong><\/p>\n<div class=\"fusion-sep-clear\"><\/div><div class=\"fusion-separator fusion-full-width-sep sep-shadow\" style=\"background:radial-gradient(ellipse at 50% -50% , #e0dede 0px, rgba(255, 255, 255, 0) 80%) repeat scroll 0 0 rgba(0, 0, 0, 0);background:-webkit-radial-gradient(ellipse at 50% -50% , #e0dede 0px, rgba(255, 255, 255, 0) 80%) repeat scroll 0 0 rgba(0, 0, 0, 0);background:-moz-radial-gradient(ellipse at 50% -50% , #e0dede 0px, rgba(255, 255, 255, 0) 80%) repeat scroll 0 0 rgba(0, 0, 0, 0);background:-o-radial-gradient(ellipse at 50% -50% , #e0dede 0px, rgba(255, 255, 255, 0) 80%) repeat scroll 0 0 rgba(0, 0, 0, 0);margin-left: auto;margin-right: auto;margin-top:20px;margin-bottom:20px;\"><\/div>\n<div id=\"attachment_481\" style=\"width: 690px\" class=\"wp-caption alignnone\"><a href=\"http:\/\/www.myaquasense.com\/en\/wp-content\/uploads\/2013\/06\/760-610-raised-toilet-seat.jpg\"><img loading=\"lazy\" decoding=\"async\" aria-describedby=\"caption-attachment-481\" src=\"http:\/\/www.myaquasense.com\/en\/wp-content\/uploads\/2013\/06\/760-610-raised-toilet-seat.jpg\" alt=\"Economico Asiento elevado de retrete, AquaSense\u00ae\" width=\"680\" height=\"732\" class=\"size-full wp-image-481\" \/><\/a><p id=\"caption-attachment-481\" class=\"wp-caption-text\"><\/p>\n<div align=\"center\" style=\"line-height:normal;\">Economico Asiento elevado de retrete, AquaSense\u00ae<\/div>\n<p><\/p><\/div>\n","protected":false},"excerpt":{"rendered":"<p>Facilita sentarse y levantarse de la taza de retrete.<\/p>\n<p>Criado asientos de inodoro, por AquaSense \u00ae, est\u00e1n dise\u00f1ados espec\u00edficamente para permitir al usuario utilizar de forma segura y con confianza de ir al ba\u00f1o sin ayuda o sin dolor.<\/p>\n","protected":false},"featured_media":295,"comment_status":"open","ping_status":"closed","template":"","meta":[],"product_cat":[26],"product_tag":[],"class_list":{"0":"post-294","1":"product","2":"type-product","3":"status-publish","4":"has-post-thumbnail","6":"product_cat-asiento-de-retrete","8":"first","9":"instock","10":"shipping-taxable","11":"product-type-simple"},"_links":{"self":[{"href":"https:\/\/www.myaquasense.com\/es\/wp-json\/wp\/v2\/product\/294"}],"collection":[{"href":"https:\/\/www.myaquasense.com\/es\/wp-json\/wp\/v2\/product"}],"about":[{"href":"https:\/\/www.myaquasense.com\/es\/wp-json\/wp\/v2\/types\/product"}],"replies":[{"embeddable":true,"href":"https:\/\/www.myaquasense.com\/es\/wp-json\/wp\/v2\/comments?post=294"}],"wp:featuredmedia":[{"embeddable":true,"href":"https:\/\/www.myaquasense.com\/es\/wp-json\/wp\/v2\/media\/295"}],"wp:attachment":[{"href":"https:\/\/www.myaquasense.com\/es\/wp-json\/wp\/v2\/media?parent=294"}],"wp:term":[{"taxonomy":"product_cat","embeddable":true,"href":"https:\/\/www.myaquasense.com\/es\/wp-json\/wp\/v2\/product_cat?post=294"},{"taxonomy":"product_tag","embeddable":true,"href":"https:\/\/www.myaquasense.com\/es\/wp-json\/wp\/v2\/product_tag?post=294"}],"curies":[{"name":"wp","href":"https:\/\/api.w.org\/{rel}","templated":true}]}}